{"id":37157,"date":"2025-12-12T18:57:32","date_gmt":"2025-12-12T17:57:32","guid":{"rendered":"https:\/\/test.ecbeaute.com\/?post_type=product&#038;p=37157"},"modified":"2025-12-12T18:57:35","modified_gmt":"2025-12-12T17:57:35","slug":"roge-cavailles-soin-lavant-intime-fraicheur-500-ml-2","status":"publish","type":"product","link":"https:\/\/paracherkaoui.ma\/index.php\/produit\/roge-cavailles-soin-lavant-intime-fraicheur-500-ml-2\/","title":{"rendered":"ROGE CAVAILLES SOIN LAVANT INTIME FRAICHEUR 500 ML"},"content":{"rendered":"<p>D\u00e9velopp\u00e9 avec des gyn\u00e9cologues, ce soin lavant intime procure jusqu&rsquo;\u00e0 12 heures d\u2019efficacit\u00e9*. Avec ses actifs encapsul\u00e9s, qui lib\u00e8rent en continu des extraits de menthe rafra\u00eechissante, il vous apporte fra\u00eecheur, bien-\u00eatre et confort toute la journ\u00e9e.<br \/>\nUltra-douce, sa formule respecte l\u2019\u00e9quilibre de vos muqueuses sensibles.<\/p>\n<p>*Etude d&rsquo;autovaluation, r\u00e9alis\u00e9e sur 40 femmes, d\u00e9clarant une efficacit\u00e9 jusqu&rsquo;\u00e0 12 heures apr\u00e8s application<\/p>\n<p>Conseil d\u2019utilisation<br \/>\nIl s\u2019utilise comme un savon liquide, en usage externe. Il est recommand\u00e9 de l\u2019utiliser au quotidien, une \u00e0 deux fois par jour, pour les peaux m\u00eame sensibles. Appliquez une noix de lavant puis rincez soigneusement \u00e0 l\u2019eau ti\u00e8de.<\/p>\n","protected":false},"excerpt":{"rendered":"<p>D\u00e9velopp\u00e9 avec des gyn\u00e9cologues, ce soin lavant intime procure jusqu&rsquo;\u00e0 12 heures d\u2019efficacit\u00e9*. Avec ses actifs encapsul\u00e9s, qui lib\u00e8rent en<\/p>\n","protected":false},"featured_media":36700,"comment_status":"open","ping_status":"closed","template":"","meta":[],"product_brand":[411],"product_cat":[656],"product_tag":[],"class_list":{"0":"post-37157","1":"product","2":"type-product","3":"status-publish","4":"has-post-thumbnail","6":"product_brand-roge-cavailles","7":"product_cat-toilette-intime","9":"first","10":"instock","11":"sale","12":"shipping-taxable","13":"purchasable","14":"product-type-simple"},"yoast_head":"<!-- This site is optimized with the Yoast SEO plugin v26.6 - https:\/\/yoast.com\/wordpress\/plugins\/seo\/ -->\r\n<title>ROGE CAVAILLES SOIN LAVANT INTIME FRAICHEUR 500 ML - Paracherkaoui.ma<\/title>\r\n<meta name=\"robots\" content=\"index, follow, max-snippet:-1, max-image-preview:large, max-video-preview:-1\" \/>\r\n<link rel=\"canonical\" href=\"https:\/\/paracherkaoui.ma\/index.php\/produit\/roge-cavailles-soin-lavant-intime-fraicheur-500-ml-2\/\" \/>\r\n<meta property=\"og:locale\" content=\"fr_FR\" \/>\r\n<meta property=\"og:type\" content=\"article\" \/>\r\n<meta property=\"og:title\" content=\"ROGE CAVAILLES SOIN LAVANT INTIME FRAICHEUR 500 ML - Paracherkaoui.ma\" \/>\r\n<meta property=\"og:description\" content=\"D\u00e9velopp\u00e9 avec des gyn\u00e9cologues, ce soin lavant intime procure jusqu&rsquo;\u00e0 12 heures d\u2019efficacit\u00e9*. Avec ses actifs encapsul\u00e9s, qui lib\u00e8rent en\" \/>\r\n<meta property=\"og:url\" content=\"https:\/\/paracherkaoui.ma\/index.php\/produit\/roge-cavailles-soin-lavant-intime-fraicheur-500-ml-2\/\" \/>\r\n<meta property=\"og:site_name\" content=\"Paracherkaoui.ma\" \/>\r\n<meta property=\"article:modified_time\" content=\"2025-12-12T17:57:35+00:00\" \/>\r\n<meta property=\"og:image\" content=\"https:\/\/paracherkaoui.ma\/wp-content\/uploads\/2025\/12\/roge-cavailles-roge-cavailles-soin-lavant-intime-fraicheur-500-ml-protections-hygieniques-et-toilette-intime.jpg\" \/>\r\n\t<meta property=\"og:image:width\" content=\"700\" \/>\r\n\t<meta property=\"og:image:height\" content=\"700\" \/>\r\n\t<meta property=\"og:image:type\" content=\"image\/jpeg\" \/>\r\n<meta name=\"twitter:card\" content=\"summary_large_image\" \/>\r\n<meta name=\"twitter:label1\" content=\"Dur\u00e9e de lecture estim\u00e9e\" \/>\n\t<meta name=\"twitter:data1\" content=\"1 minute\" \/>\r\n<script type=\"application\/ld+json\" class=\"yoast-schema-graph\">{\"@context\":\"https:\/\/schema.org\",\"@graph\":[{\"@type\":\"WebPage\",\"@id\":\"https:\/\/paracherkaoui.ma\/index.php\/produit\/roge-cavailles-soin-lavant-intime-fraicheur-500-ml-2\/\",\"url\":\"https:\/\/paracherkaoui.ma\/index.php\/produit\/roge-cavailles-soin-lavant-intime-fraicheur-500-ml-2\/\",\"name\":\"ROGE CAVAILLES SOIN LAVANT INTIME FRAICHEUR 500 ML - Paracherkaoui.ma\",\"isPartOf\":{\"@id\":\"https:\/\/paracherkaoui.ma\/#website\"},\"primaryImageOfPage\":{\"@id\":\"https:\/\/paracherkaoui.ma\/index.php\/produit\/roge-cavailles-soin-lavant-intime-fraicheur-500-ml-2\/#primaryimage\"},\"image\":{\"@id\":\"https:\/\/paracherkaoui.ma\/index.php\/produit\/roge-cavailles-soin-lavant-intime-fraicheur-500-ml-2\/#primaryimage\"},\"thumbnailUrl\":\"https:\/\/paracherkaoui.ma\/wp-content\/uploads\/2025\/12\/roge-cavailles-roge-cavailles-soin-lavant-intime-fraicheur-500-ml-protections-hygieniques-et-toilette-intime.jpg\",\"datePublished\":\"2025-12-12T17:57:32+00:00\",\"dateModified\":\"2025-12-12T17:57:35+00:00\",\"breadcrumb\":{\"@id\":\"https:\/\/paracherkaoui.ma\/index.php\/produit\/roge-cavailles-soin-lavant-intime-fraicheur-500-ml-2\/#breadcrumb\"},\"inLanguage\":\"fr-FR\",\"potentialAction\":[{\"@type\":\"ReadAction\",\"target\":[\"https:\/\/paracherkaoui.ma\/index.php\/produit\/roge-cavailles-soin-lavant-intime-fraicheur-500-ml-2\/\"]}]},{\"@type\":\"ImageObject\",\"inLanguage\":\"fr-FR\",\"@id\":\"https:\/\/paracherkaoui.ma\/index.php\/produit\/roge-cavailles-soin-lavant-intime-fraicheur-500-ml-2\/#primaryimage\",\"url\":\"https:\/\/paracherkaoui.ma\/wp-content\/uploads\/2025\/12\/roge-cavailles-roge-cavailles-soin-lavant-intime-fraicheur-500-ml-protections-hygieniques-et-toilette-intime.jpg\",\"contentUrl\":\"https:\/\/paracherkaoui.ma\/wp-content\/uploads\/2025\/12\/roge-cavailles-roge-cavailles-soin-lavant-intime-fraicheur-500-ml-protections-hygieniques-et-toilette-intime.jpg\",\"width\":700,\"height\":700},{\"@type\":\"BreadcrumbList\",\"@id\":\"https:\/\/paracherkaoui.ma\/index.php\/produit\/roge-cavailles-soin-lavant-intime-fraicheur-500-ml-2\/#breadcrumb\",\"itemListElement\":[{\"@type\":\"ListItem\",\"position\":1,\"name\":\"Accueil\",\"item\":\"https:\/\/paracherkaoui.ma\/\"},{\"@type\":\"ListItem\",\"position\":2,\"name\":\"Boutique\",\"item\":\"https:\/\/paracherkaoui.ma\/index.php\/boutique\/\"},{\"@type\":\"ListItem\",\"position\":3,\"name\":\"ROGE CAVAILLES SOIN LAVANT INTIME FRAICHEUR 500 ML\"}]},{\"@type\":\"WebSite\",\"@id\":\"https:\/\/paracherkaoui.ma\/#website\",\"url\":\"https:\/\/paracherkaoui.ma\/\",\"name\":\"Paracherkaoui.ma\",\"description\":\"Achetez en ligne sur Paracherkaoui.ma\",\"potentialAction\":[{\"@type\":\"SearchAction\",\"target\":{\"@type\":\"EntryPoint\",\"urlTemplate\":\"https:\/\/paracherkaoui.ma\/?s={search_term_string}\"},\"query-input\":{\"@type\":\"PropertyValueSpecification\",\"valueRequired\":true,\"valueName\":\"search_term_string\"}}],\"inLanguage\":\"fr-FR\"}]}<\/script>\r\n<!-- \/ Yoast SEO plugin. -->","yoast_head_json":{"title":"ROGE CAVAILLES SOIN LAVANT INTIME FRAICHEUR 500 ML - Paracherkaoui.ma","robots":{"index":"index","follow":"follow","max-snippet":"max-snippet:-1","max-image-preview":"max-image-preview:large","max-video-preview":"max-video-preview:-1"},"canonical":"https:\/\/paracherkaoui.ma\/index.php\/produit\/roge-cavailles-soin-lavant-intime-fraicheur-500-ml-2\/","og_locale":"fr_FR","og_type":"article","og_title":"ROGE CAVAILLES SOIN LAVANT INTIME FRAICHEUR 500 ML - Paracherkaoui.ma","og_description":"D\u00e9velopp\u00e9 avec des gyn\u00e9cologues, ce soin lavant intime procure jusqu&rsquo;\u00e0 12 heures d\u2019efficacit\u00e9*. Avec ses actifs encapsul\u00e9s, qui lib\u00e8rent en","og_url":"https:\/\/paracherkaoui.ma\/index.php\/produit\/roge-cavailles-soin-lavant-intime-fraicheur-500-ml-2\/","og_site_name":"Paracherkaoui.ma","article_modified_time":"2025-12-12T17:57:35+00:00","og_image":[{"width":700,"height":700,"url":"https:\/\/paracherkaoui.ma\/wp-content\/uploads\/2025\/12\/roge-cavailles-roge-cavailles-soin-lavant-intime-fraicheur-500-ml-protections-hygieniques-et-toilette-intime.jpg","type":"image\/jpeg"}],"twitter_card":"summary_large_image","twitter_misc":{"Dur\u00e9e de lecture estim\u00e9e":"1 minute"},"schema":{"@context":"https:\/\/schema.org","@graph":[{"@type":"WebPage","@id":"https:\/\/paracherkaoui.ma\/index.php\/produit\/roge-cavailles-soin-lavant-intime-fraicheur-500-ml-2\/","url":"https:\/\/paracherkaoui.ma\/index.php\/produit\/roge-cavailles-soin-lavant-intime-fraicheur-500-ml-2\/","name":"ROGE CAVAILLES SOIN LAVANT INTIME FRAICHEUR 500 ML - Paracherkaoui.ma","isPartOf":{"@id":"https:\/\/paracherkaoui.ma\/#website"},"primaryImageOfPage":{"@id":"https:\/\/paracherkaoui.ma\/index.php\/produit\/roge-cavailles-soin-lavant-intime-fraicheur-500-ml-2\/#primaryimage"},"image":{"@id":"https:\/\/paracherkaoui.ma\/index.php\/produit\/roge-cavailles-soin-lavant-intime-fraicheur-500-ml-2\/#primaryimage"},"thumbnailUrl":"https:\/\/paracherkaoui.ma\/wp-content\/uploads\/2025\/12\/roge-cavailles-roge-cavailles-soin-lavant-intime-fraicheur-500-ml-protections-hygieniques-et-toilette-intime.jpg","datePublished":"2025-12-12T17:57:32+00:00","dateModified":"2025-12-12T17:57:35+00:00","breadcrumb":{"@id":"https:\/\/paracherkaoui.ma\/index.php\/produit\/roge-cavailles-soin-lavant-intime-fraicheur-500-ml-2\/#breadcrumb"},"inLanguage":"fr-FR","potentialAction":[{"@type":"ReadAction","target":["https:\/\/paracherkaoui.ma\/index.php\/produit\/roge-cavailles-soin-lavant-intime-fraicheur-500-ml-2\/"]}]},{"@type":"ImageObject","inLanguage":"fr-FR","@id":"https:\/\/paracherkaoui.ma\/index.php\/produit\/roge-cavailles-soin-lavant-intime-fraicheur-500-ml-2\/#primaryimage","url":"https:\/\/paracherkaoui.ma\/wp-content\/uploads\/2025\/12\/roge-cavailles-roge-cavailles-soin-lavant-intime-fraicheur-500-ml-protections-hygieniques-et-toilette-intime.jpg","contentUrl":"https:\/\/paracherkaoui.ma\/wp-content\/uploads\/2025\/12\/roge-cavailles-roge-cavailles-soin-lavant-intime-fraicheur-500-ml-protections-hygieniques-et-toilette-intime.jpg","width":700,"height":700},{"@type":"BreadcrumbList","@id":"https:\/\/paracherkaoui.ma\/index.php\/produit\/roge-cavailles-soin-lavant-intime-fraicheur-500-ml-2\/#breadcrumb","itemListElement":[{"@type":"ListItem","position":1,"name":"Accueil","item":"https:\/\/paracherkaoui.ma\/"},{"@type":"ListItem","position":2,"name":"Boutique","item":"https:\/\/paracherkaoui.ma\/index.php\/boutique\/"},{"@type":"ListItem","position":3,"name":"ROGE CAVAILLES SOIN LAVANT INTIME FRAICHEUR 500 ML"}]},{"@type":"WebSite","@id":"https:\/\/paracherkaoui.ma\/#website","url":"https:\/\/paracherkaoui.ma\/","name":"Paracherkaoui.ma","description":"Achetez en ligne sur Paracherkaoui.ma","potentialAction":[{"@type":"SearchAction","target":{"@type":"EntryPoint","urlTemplate":"https:\/\/paracherkaoui.ma\/?s={search_term_string}"},"query-input":{"@type":"PropertyValueSpecification","valueRequired":true,"valueName":"search_term_string"}}],"inLanguage":"fr-FR"}]}},"_links":{"self":[{"href":"https:\/\/paracherkaoui.ma\/index.php\/wp-json\/wp\/v2\/product\/37157","targetHints":{"allow":["GET"]}}],"collection":[{"href":"https:\/\/paracherkaoui.ma\/index.php\/wp-json\/wp\/v2\/product"}],"about":[{"href":"https:\/\/paracherkaoui.ma\/index.php\/wp-json\/wp\/v2\/types\/product"}],"replies":[{"embeddable":true,"href":"https:\/\/paracherkaoui.ma\/index.php\/wp-json\/wp\/v2\/comments?post=37157"}],"version-history":[{"count":1,"href":"https:\/\/paracherkaoui.ma\/index.php\/wp-json\/wp\/v2\/product\/37157\/revisions"}],"predecessor-version":[{"id":37187,"href":"https:\/\/paracherkaoui.ma\/index.php\/wp-json\/wp\/v2\/product\/37157\/revisions\/37187"}],"wp:featuredmedia":[{"embeddable":true,"href":"https:\/\/paracherkaoui.ma\/index.php\/wp-json\/wp\/v2\/media\/36700"}],"wp:attachment":[{"href":"https:\/\/paracherkaoui.ma\/index.php\/wp-json\/wp\/v2\/media?parent=37157"}],"wp:term":[{"taxonomy":"product_brand","embeddable":true,"href":"https:\/\/paracherkaoui.ma\/index.php\/wp-json\/wp\/v2\/product_brand?post=37157"},{"taxonomy":"product_cat","embeddable":true,"href":"https:\/\/paracherkaoui.ma\/index.php\/wp-json\/wp\/v2\/product_cat?post=37157"},{"taxonomy":"product_tag","embeddable":true,"href":"https:\/\/paracherkaoui.ma\/index.php\/wp-json\/wp\/v2\/product_tag?post=37157"}],"curies":[{"name":"wp","href":"https:\/\/api.w.org\/{rel}","templated":true}]}}