{"id":37146,"date":"2025-12-12T18:57:32","date_gmt":"2025-12-12T17:57:32","guid":{"rendered":"https:\/\/test.ecbeaute.com\/?post_type=product&#038;p=37146"},"modified":"2025-12-12T18:57:34","modified_gmt":"2025-12-12T17:57:34","slug":"dermalift-phyt-int-gel-intime-200-ml-2","status":"publish","type":"product","link":"https:\/\/paracherkaoui.ma\/index.php\/produit\/dermalift-phyt-int-gel-intime-200-ml-2\/","title":{"rendered":"DERMALIFT PHYT INT GEL INTIME 200 ML"},"content":{"rendered":"<p>Le gel Intime Phy+ Sp\u00e9cialement formul\u00e9 pour les peaux sensibles ou irrit\u00e9es, riche en extraits d\u2019hammamelis, d\u2019aloe vera\u00a0 et de bardane nettoie en douceur, prot\u00e8ge et apaise la zone intime. Son Ph adapt\u00e9 \u00a0garantit une efficacit\u00e9 anti-irritations et maintient l\u2019\u00e9quilibre de la flore intime. \u00a0Grace \u00e0 ses actifs, ce\u00a0nettoyant intime est\u00a0particuli\u00e8rement adapt\u00e9 \u00e0 un usage quotidien ou en cas d\u2019irritations, respectant l\u2019\u00e9quilibre naturel de la zone intime.<\/p>\n","protected":false},"excerpt":{"rendered":"<p>Le gel Intime Phy+ Sp\u00e9cialement formul\u00e9 pour les peaux sensibles ou irrit\u00e9es, riche en extraits d\u2019hammamelis, d\u2019aloe vera\u00a0 et de<\/p>\n","protected":false},"featured_media":36651,"comment_status":"open","ping_status":"closed","template":"","meta":[],"product_brand":[301],"product_cat":[656],"product_tag":[],"class_list":{"0":"post-37146","1":"product","2":"type-product","3":"status-publish","4":"has-post-thumbnail","6":"product_brand-dermalift","7":"product_cat-toilette-intime","9":"first","10":"instock","11":"sale","12":"shipping-taxable","13":"purchasable","14":"product-type-simple"},"yoast_head":"<!-- This site is optimized with the Yoast SEO plugin v26.6 - https:\/\/yoast.com\/wordpress\/plugins\/seo\/ -->\r\n<title>DERMALIFT PHYT INT GEL INTIME 200 ML - Paracherkaoui.ma<\/title>\r\n<meta name=\"robots\" content=\"index, follow, max-snippet:-1, max-image-preview:large, max-video-preview:-1\" \/>\r\n<link rel=\"canonical\" href=\"https:\/\/paracherkaoui.ma\/index.php\/produit\/dermalift-phyt-int-gel-intime-200-ml-2\/\" \/>\r\n<meta property=\"og:locale\" content=\"fr_FR\" \/>\r\n<meta property=\"og:type\" content=\"article\" \/>\r\n<meta property=\"og:title\" content=\"DERMALIFT PHYT INT GEL INTIME 200 ML - Paracherkaoui.ma\" \/>\r\n<meta property=\"og:description\" content=\"Le gel Intime Phy+ Sp\u00e9cialement formul\u00e9 pour les peaux sensibles ou irrit\u00e9es, riche en extraits d\u2019hammamelis, d\u2019aloe vera\u00a0 et de\" \/>\r\n<meta property=\"og:url\" content=\"https:\/\/paracherkaoui.ma\/index.php\/produit\/dermalift-phyt-int-gel-intime-200-ml-2\/\" \/>\r\n<meta property=\"og:site_name\" content=\"Paracherkaoui.ma\" \/>\r\n<meta property=\"article:modified_time\" content=\"2025-12-12T17:57:34+00:00\" \/>\r\n<meta property=\"og:image\" content=\"https:\/\/paracherkaoui.ma\/wp-content\/uploads\/2025\/12\/dermalift-phyt-int-gel-intime-200-ml.jpg\" \/>\r\n\t<meta property=\"og:image:width\" content=\"700\" \/>\r\n\t<meta property=\"og:image:height\" content=\"700\" \/>\r\n\t<meta property=\"og:image:type\" content=\"image\/jpeg\" \/>\r\n<meta name=\"twitter:card\" content=\"summary_large_image\" \/>\r\n<script type=\"application\/ld+json\" class=\"yoast-schema-graph\">{\"@context\":\"https:\/\/schema.org\",\"@graph\":[{\"@type\":\"WebPage\",\"@id\":\"https:\/\/paracherkaoui.ma\/index.php\/produit\/dermalift-phyt-int-gel-intime-200-ml-2\/\",\"url\":\"https:\/\/paracherkaoui.ma\/index.php\/produit\/dermalift-phyt-int-gel-intime-200-ml-2\/\",\"name\":\"DERMALIFT PHYT INT GEL INTIME 200 ML - Paracherkaoui.ma\",\"isPartOf\":{\"@id\":\"https:\/\/paracherkaoui.ma\/#website\"},\"primaryImageOfPage\":{\"@id\":\"https:\/\/paracherkaoui.ma\/index.php\/produit\/dermalift-phyt-int-gel-intime-200-ml-2\/#primaryimage\"},\"image\":{\"@id\":\"https:\/\/paracherkaoui.ma\/index.php\/produit\/dermalift-phyt-int-gel-intime-200-ml-2\/#primaryimage\"},\"thumbnailUrl\":\"https:\/\/paracherkaoui.ma\/wp-content\/uploads\/2025\/12\/dermalift-phyt-int-gel-intime-200-ml.jpg\",\"datePublished\":\"2025-12-12T17:57:32+00:00\",\"dateModified\":\"2025-12-12T17:57:34+00:00\",\"breadcrumb\":{\"@id\":\"https:\/\/paracherkaoui.ma\/index.php\/produit\/dermalift-phyt-int-gel-intime-200-ml-2\/#breadcrumb\"},\"inLanguage\":\"fr-FR\",\"potentialAction\":[{\"@type\":\"ReadAction\",\"target\":[\"https:\/\/paracherkaoui.ma\/index.php\/produit\/dermalift-phyt-int-gel-intime-200-ml-2\/\"]}]},{\"@type\":\"ImageObject\",\"inLanguage\":\"fr-FR\",\"@id\":\"https:\/\/paracherkaoui.ma\/index.php\/produit\/dermalift-phyt-int-gel-intime-200-ml-2\/#primaryimage\",\"url\":\"https:\/\/paracherkaoui.ma\/wp-content\/uploads\/2025\/12\/dermalift-phyt-int-gel-intime-200-ml.jpg\",\"contentUrl\":\"https:\/\/paracherkaoui.ma\/wp-content\/uploads\/2025\/12\/dermalift-phyt-int-gel-intime-200-ml.jpg\",\"width\":700,\"height\":700},{\"@type\":\"BreadcrumbList\",\"@id\":\"https:\/\/paracherkaoui.ma\/index.php\/produit\/dermalift-phyt-int-gel-intime-200-ml-2\/#breadcrumb\",\"itemListElement\":[{\"@type\":\"ListItem\",\"position\":1,\"name\":\"Accueil\",\"item\":\"https:\/\/paracherkaoui.ma\/\"},{\"@type\":\"ListItem\",\"position\":2,\"name\":\"Boutique\",\"item\":\"https:\/\/paracherkaoui.ma\/index.php\/boutique\/\"},{\"@type\":\"ListItem\",\"position\":3,\"name\":\"DERMALIFT PHYT INT GEL INTIME 200 ML\"}]},{\"@type\":\"WebSite\",\"@id\":\"https:\/\/paracherkaoui.ma\/#website\",\"url\":\"https:\/\/paracherkaoui.ma\/\",\"name\":\"Paracherkaoui.ma\",\"description\":\"Achetez en ligne sur Paracherkaoui.ma\",\"potentialAction\":[{\"@type\":\"SearchAction\",\"target\":{\"@type\":\"EntryPoint\",\"urlTemplate\":\"https:\/\/paracherkaoui.ma\/?s={search_term_string}\"},\"query-input\":{\"@type\":\"PropertyValueSpecification\",\"valueRequired\":true,\"valueName\":\"search_term_string\"}}],\"inLanguage\":\"fr-FR\"}]}<\/script>\r\n<!-- \/ Yoast SEO plugin. -->","yoast_head_json":{"title":"DERMALIFT PHYT INT GEL INTIME 200 ML - Paracherkaoui.ma","robots":{"index":"index","follow":"follow","max-snippet":"max-snippet:-1","max-image-preview":"max-image-preview:large","max-video-preview":"max-video-preview:-1"},"canonical":"https:\/\/paracherkaoui.ma\/index.php\/produit\/dermalift-phyt-int-gel-intime-200-ml-2\/","og_locale":"fr_FR","og_type":"article","og_title":"DERMALIFT PHYT INT GEL INTIME 200 ML - Paracherkaoui.ma","og_description":"Le gel Intime Phy+ Sp\u00e9cialement formul\u00e9 pour les peaux sensibles ou irrit\u00e9es, riche en extraits d\u2019hammamelis, d\u2019aloe vera\u00a0 et de","og_url":"https:\/\/paracherkaoui.ma\/index.php\/produit\/dermalift-phyt-int-gel-intime-200-ml-2\/","og_site_name":"Paracherkaoui.ma","article_modified_time":"2025-12-12T17:57:34+00:00","og_image":[{"width":700,"height":700,"url":"https:\/\/paracherkaoui.ma\/wp-content\/uploads\/2025\/12\/dermalift-phyt-int-gel-intime-200-ml.jpg","type":"image\/jpeg"}],"twitter_card":"summary_large_image","schema":{"@context":"https:\/\/schema.org","@graph":[{"@type":"WebPage","@id":"https:\/\/paracherkaoui.ma\/index.php\/produit\/dermalift-phyt-int-gel-intime-200-ml-2\/","url":"https:\/\/paracherkaoui.ma\/index.php\/produit\/dermalift-phyt-int-gel-intime-200-ml-2\/","name":"DERMALIFT PHYT INT GEL INTIME 200 ML - Paracherkaoui.ma","isPartOf":{"@id":"https:\/\/paracherkaoui.ma\/#website"},"primaryImageOfPage":{"@id":"https:\/\/paracherkaoui.ma\/index.php\/produit\/dermalift-phyt-int-gel-intime-200-ml-2\/#primaryimage"},"image":{"@id":"https:\/\/paracherkaoui.ma\/index.php\/produit\/dermalift-phyt-int-gel-intime-200-ml-2\/#primaryimage"},"thumbnailUrl":"https:\/\/paracherkaoui.ma\/wp-content\/uploads\/2025\/12\/dermalift-phyt-int-gel-intime-200-ml.jpg","datePublished":"2025-12-12T17:57:32+00:00","dateModified":"2025-12-12T17:57:34+00:00","breadcrumb":{"@id":"https:\/\/paracherkaoui.ma\/index.php\/produit\/dermalift-phyt-int-gel-intime-200-ml-2\/#breadcrumb"},"inLanguage":"fr-FR","potentialAction":[{"@type":"ReadAction","target":["https:\/\/paracherkaoui.ma\/index.php\/produit\/dermalift-phyt-int-gel-intime-200-ml-2\/"]}]},{"@type":"ImageObject","inLanguage":"fr-FR","@id":"https:\/\/paracherkaoui.ma\/index.php\/produit\/dermalift-phyt-int-gel-intime-200-ml-2\/#primaryimage","url":"https:\/\/paracherkaoui.ma\/wp-content\/uploads\/2025\/12\/dermalift-phyt-int-gel-intime-200-ml.jpg","contentUrl":"https:\/\/paracherkaoui.ma\/wp-content\/uploads\/2025\/12\/dermalift-phyt-int-gel-intime-200-ml.jpg","width":700,"height":700},{"@type":"BreadcrumbList","@id":"https:\/\/paracherkaoui.ma\/index.php\/produit\/dermalift-phyt-int-gel-intime-200-ml-2\/#breadcrumb","itemListElement":[{"@type":"ListItem","position":1,"name":"Accueil","item":"https:\/\/paracherkaoui.ma\/"},{"@type":"ListItem","position":2,"name":"Boutique","item":"https:\/\/paracherkaoui.ma\/index.php\/boutique\/"},{"@type":"ListItem","position":3,"name":"DERMALIFT PHYT INT GEL INTIME 200 ML"}]},{"@type":"WebSite","@id":"https:\/\/paracherkaoui.ma\/#website","url":"https:\/\/paracherkaoui.ma\/","name":"Paracherkaoui.ma","description":"Achetez en ligne sur Paracherkaoui.ma","potentialAction":[{"@type":"SearchAction","target":{"@type":"EntryPoint","urlTemplate":"https:\/\/paracherkaoui.ma\/?s={search_term_string}"},"query-input":{"@type":"PropertyValueSpecification","valueRequired":true,"valueName":"search_term_string"}}],"inLanguage":"fr-FR"}]}},"_links":{"self":[{"href":"https:\/\/paracherkaoui.ma\/index.php\/wp-json\/wp\/v2\/product\/37146","targetHints":{"allow":["GET"]}}],"collection":[{"href":"https:\/\/paracherkaoui.ma\/index.php\/wp-json\/wp\/v2\/product"}],"about":[{"href":"https:\/\/paracherkaoui.ma\/index.php\/wp-json\/wp\/v2\/types\/product"}],"replies":[{"embeddable":true,"href":"https:\/\/paracherkaoui.ma\/index.php\/wp-json\/wp\/v2\/comments?post=37146"}],"version-history":[{"count":1,"href":"https:\/\/paracherkaoui.ma\/index.php\/wp-json\/wp\/v2\/product\/37146\/revisions"}],"predecessor-version":[{"id":37176,"href":"https:\/\/paracherkaoui.ma\/index.php\/wp-json\/wp\/v2\/product\/37146\/revisions\/37176"}],"wp:featuredmedia":[{"embeddable":true,"href":"https:\/\/paracherkaoui.ma\/index.php\/wp-json\/wp\/v2\/media\/36651"}],"wp:attachment":[{"href":"https:\/\/paracherkaoui.ma\/index.php\/wp-json\/wp\/v2\/media?parent=37146"}],"wp:term":[{"taxonomy":"product_brand","embeddable":true,"href":"https:\/\/paracherkaoui.ma\/index.php\/wp-json\/wp\/v2\/product_brand?post=37146"},{"taxonomy":"product_cat","embeddable":true,"href":"https:\/\/paracherkaoui.ma\/index.php\/wp-json\/wp\/v2\/product_cat?post=37146"},{"taxonomy":"product_tag","embeddable":true,"href":"https:\/\/paracherkaoui.ma\/index.php\/wp-json\/wp\/v2\/product_tag?post=37146"}],"curies":[{"name":"wp","href":"https:\/\/api.w.org\/{rel}","templated":true}]}}