{"id":37132,"date":"2025-12-12T18:57:31","date_gmt":"2025-12-12T17:57:31","guid":{"rendered":"https:\/\/test.ecbeaute.com\/?post_type=product&#038;p=37132"},"modified":"2025-12-12T18:57:33","modified_gmt":"2025-12-12T17:57:33","slug":"puressentiel-hygiene-intime-mousse-lavante-douceur-150-ml-2","status":"publish","type":"product","link":"https:\/\/paracherkaoui.ma\/index.php\/produit\/puressentiel-hygiene-intime-mousse-lavante-douceur-150-ml-2\/","title":{"rendered":"PURESSENTIEL HYGIENE INTIME MOUSSE LAVANTE DOUCEUR 150 ML"},"content":{"rendered":"<p>Puressentiel Hygi\u00e8ne Intime Mousse Lavante Douceur Bio 150 ml est une mousse indiqu\u00e9e pour les muqueuses irrit\u00e9es. Elle nettoie en douceur en limitant les frottements gr\u00e2ce \u00e0 sa texture onctueuse. Elle apaise imm\u00e9diatement et durablement, limite et pr\u00e9vient les irritations et les d\u00e9mangeaisons intimes. Elle convient pour les femmes et les petites filles d\u00e8s 3 ans.<br \/>\nPH Physiologique. Sans savon. Sans parfum de synth\u00e8se.<br \/>\nTest\u00e9e sous contr\u00f4le gyn\u00e9cologique, dermatologique et p\u00e9diatrique.<br \/>\n99,5% du total des ingr\u00e9dients est d&rsquo;origine naturelle.<br \/>\n16,4% du total des ingr\u00e9dients sont issus de l&rsquo;agriculture Biologique.<br \/>\nCosmos Organic certifi\u00e9 par Ecocert Greenlife selon le r\u00e9f\u00e9rentiel Cosmos.<br \/>\nAppliquer sur peau humide. Rincer soigneusement \u00e0 l&rsquo;eau.<br \/>\nEviter le contact avec les yeux. En cas de contact, rincer abondamment \u00e0 l&rsquo;eau.<br \/>\nD\u00e9conseill\u00e9e aux personnes allergiques \u00e0 l&rsquo;un des constituants.<br \/>\nIndication : Hygi\u00e8ne intime f\u00e9minine (d\u00e8s 3 ans). Usage quotidien.<\/p>\n","protected":false},"excerpt":{"rendered":"<p>Puressentiel Hygi\u00e8ne Intime Mousse Lavante Douceur Bio 150 ml est une mousse indiqu\u00e9e pour les muqueuses irrit\u00e9es. Elle nettoie en<\/p>\n","protected":false},"featured_media":36576,"comment_status":"open","ping_status":"closed","template":"","meta":[],"product_brand":[204],"product_cat":[656],"product_tag":[],"class_list":{"0":"post-37132","1":"product","2":"type-product","3":"status-publish","4":"has-post-thumbnail","6":"product_brand-puressentiel","7":"product_cat-toilette-intime","9":"first","10":"instock","11":"sale","12":"shipping-taxable","13":"purchasable","14":"product-type-simple"},"yoast_head":"<!-- This site is optimized with the Yoast SEO plugin v26.6 - https:\/\/yoast.com\/wordpress\/plugins\/seo\/ -->\r\n<title>PURESSENTIEL HYGIENE INTIME MOUSSE LAVANTE DOUCEUR 150 ML - Paracherkaoui.ma<\/title>\r\n<meta name=\"robots\" content=\"index, follow, max-snippet:-1, max-image-preview:large, max-video-preview:-1\" \/>\r\n<link rel=\"canonical\" href=\"https:\/\/paracherkaoui.ma\/index.php\/produit\/puressentiel-hygiene-intime-mousse-lavante-douceur-150-ml-2\/\" \/>\r\n<meta property=\"og:locale\" content=\"fr_FR\" \/>\r\n<meta property=\"og:type\" content=\"article\" \/>\r\n<meta property=\"og:title\" content=\"PURESSENTIEL HYGIENE INTIME MOUSSE LAVANTE DOUCEUR 150 ML - Paracherkaoui.ma\" \/>\r\n<meta property=\"og:description\" content=\"Puressentiel Hygi\u00e8ne Intime Mousse Lavante Douceur Bio 150 ml est une mousse indiqu\u00e9e pour les muqueuses irrit\u00e9es. Elle nettoie en\" \/>\r\n<meta property=\"og:url\" content=\"https:\/\/paracherkaoui.ma\/index.php\/produit\/puressentiel-hygiene-intime-mousse-lavante-douceur-150-ml-2\/\" \/>\r\n<meta property=\"og:site_name\" content=\"Paracherkaoui.ma\" \/>\r\n<meta property=\"article:modified_time\" content=\"2025-12-12T17:57:33+00:00\" \/>\r\n<meta property=\"og:image\" content=\"https:\/\/paracherkaoui.ma\/wp-content\/uploads\/2025\/12\/puressentiel-hygiene-intime-mousse-lavante-douceur-150-ml.jpg\" \/>\r\n\t<meta property=\"og:image:width\" content=\"700\" \/>\r\n\t<meta property=\"og:image:height\" content=\"700\" \/>\r\n\t<meta property=\"og:image:type\" content=\"image\/jpeg\" \/>\r\n<meta name=\"twitter:card\" content=\"summary_large_image\" \/>\r\n<meta name=\"twitter:label1\" content=\"Dur\u00e9e de lecture estim\u00e9e\" \/>\n\t<meta name=\"twitter:data1\" content=\"1 minute\" \/>\r\n<script type=\"application\/ld+json\" class=\"yoast-schema-graph\">{\"@context\":\"https:\/\/schema.org\",\"@graph\":[{\"@type\":\"WebPage\",\"@id\":\"https:\/\/paracherkaoui.ma\/index.php\/produit\/puressentiel-hygiene-intime-mousse-lavante-douceur-150-ml-2\/\",\"url\":\"https:\/\/paracherkaoui.ma\/index.php\/produit\/puressentiel-hygiene-intime-mousse-lavante-douceur-150-ml-2\/\",\"name\":\"PURESSENTIEL HYGIENE INTIME MOUSSE LAVANTE DOUCEUR 150 ML - Paracherkaoui.ma\",\"isPartOf\":{\"@id\":\"https:\/\/paracherkaoui.ma\/#website\"},\"primaryImageOfPage\":{\"@id\":\"https:\/\/paracherkaoui.ma\/index.php\/produit\/puressentiel-hygiene-intime-mousse-lavante-douceur-150-ml-2\/#primaryimage\"},\"image\":{\"@id\":\"https:\/\/paracherkaoui.ma\/index.php\/produit\/puressentiel-hygiene-intime-mousse-lavante-douceur-150-ml-2\/#primaryimage\"},\"thumbnailUrl\":\"https:\/\/paracherkaoui.ma\/wp-content\/uploads\/2025\/12\/puressentiel-hygiene-intime-mousse-lavante-douceur-150-ml.jpg\",\"datePublished\":\"2025-12-12T17:57:31+00:00\",\"dateModified\":\"2025-12-12T17:57:33+00:00\",\"breadcrumb\":{\"@id\":\"https:\/\/paracherkaoui.ma\/index.php\/produit\/puressentiel-hygiene-intime-mousse-lavante-douceur-150-ml-2\/#breadcrumb\"},\"inLanguage\":\"fr-FR\",\"potentialAction\":[{\"@type\":\"ReadAction\",\"target\":[\"https:\/\/paracherkaoui.ma\/index.php\/produit\/puressentiel-hygiene-intime-mousse-lavante-douceur-150-ml-2\/\"]}]},{\"@type\":\"ImageObject\",\"inLanguage\":\"fr-FR\",\"@id\":\"https:\/\/paracherkaoui.ma\/index.php\/produit\/puressentiel-hygiene-intime-mousse-lavante-douceur-150-ml-2\/#primaryimage\",\"url\":\"https:\/\/paracherkaoui.ma\/wp-content\/uploads\/2025\/12\/puressentiel-hygiene-intime-mousse-lavante-douceur-150-ml.jpg\",\"contentUrl\":\"https:\/\/paracherkaoui.ma\/wp-content\/uploads\/2025\/12\/puressentiel-hygiene-intime-mousse-lavante-douceur-150-ml.jpg\",\"width\":700,\"height\":700},{\"@type\":\"BreadcrumbList\",\"@id\":\"https:\/\/paracherkaoui.ma\/index.php\/produit\/puressentiel-hygiene-intime-mousse-lavante-douceur-150-ml-2\/#breadcrumb\",\"itemListElement\":[{\"@type\":\"ListItem\",\"position\":1,\"name\":\"Accueil\",\"item\":\"https:\/\/paracherkaoui.ma\/\"},{\"@type\":\"ListItem\",\"position\":2,\"name\":\"Boutique\",\"item\":\"https:\/\/paracherkaoui.ma\/index.php\/boutique\/\"},{\"@type\":\"ListItem\",\"position\":3,\"name\":\"PURESSENTIEL HYGIENE INTIME MOUSSE LAVANTE DOUCEUR 150 ML\"}]},{\"@type\":\"WebSite\",\"@id\":\"https:\/\/paracherkaoui.ma\/#website\",\"url\":\"https:\/\/paracherkaoui.ma\/\",\"name\":\"Paracherkaoui.ma\",\"description\":\"Achetez en ligne sur Paracherkaoui.ma\",\"potentialAction\":[{\"@type\":\"SearchAction\",\"target\":{\"@type\":\"EntryPoint\",\"urlTemplate\":\"https:\/\/paracherkaoui.ma\/?s={search_term_string}\"},\"query-input\":{\"@type\":\"PropertyValueSpecification\",\"valueRequired\":true,\"valueName\":\"search_term_string\"}}],\"inLanguage\":\"fr-FR\"}]}<\/script>\r\n<!-- \/ Yoast SEO plugin. -->","yoast_head_json":{"title":"PURESSENTIEL HYGIENE INTIME MOUSSE LAVANTE DOUCEUR 150 ML - Paracherkaoui.ma","robots":{"index":"index","follow":"follow","max-snippet":"max-snippet:-1","max-image-preview":"max-image-preview:large","max-video-preview":"max-video-preview:-1"},"canonical":"https:\/\/paracherkaoui.ma\/index.php\/produit\/puressentiel-hygiene-intime-mousse-lavante-douceur-150-ml-2\/","og_locale":"fr_FR","og_type":"article","og_title":"PURESSENTIEL HYGIENE INTIME MOUSSE LAVANTE DOUCEUR 150 ML - Paracherkaoui.ma","og_description":"Puressentiel Hygi\u00e8ne Intime Mousse Lavante Douceur Bio 150 ml est une mousse indiqu\u00e9e pour les muqueuses irrit\u00e9es. Elle nettoie en","og_url":"https:\/\/paracherkaoui.ma\/index.php\/produit\/puressentiel-hygiene-intime-mousse-lavante-douceur-150-ml-2\/","og_site_name":"Paracherkaoui.ma","article_modified_time":"2025-12-12T17:57:33+00:00","og_image":[{"width":700,"height":700,"url":"https:\/\/paracherkaoui.ma\/wp-content\/uploads\/2025\/12\/puressentiel-hygiene-intime-mousse-lavante-douceur-150-ml.jpg","type":"image\/jpeg"}],"twitter_card":"summary_large_image","twitter_misc":{"Dur\u00e9e de lecture estim\u00e9e":"1 minute"},"schema":{"@context":"https:\/\/schema.org","@graph":[{"@type":"WebPage","@id":"https:\/\/paracherkaoui.ma\/index.php\/produit\/puressentiel-hygiene-intime-mousse-lavante-douceur-150-ml-2\/","url":"https:\/\/paracherkaoui.ma\/index.php\/produit\/puressentiel-hygiene-intime-mousse-lavante-douceur-150-ml-2\/","name":"PURESSENTIEL HYGIENE INTIME MOUSSE LAVANTE DOUCEUR 150 ML - Paracherkaoui.ma","isPartOf":{"@id":"https:\/\/paracherkaoui.ma\/#website"},"primaryImageOfPage":{"@id":"https:\/\/paracherkaoui.ma\/index.php\/produit\/puressentiel-hygiene-intime-mousse-lavante-douceur-150-ml-2\/#primaryimage"},"image":{"@id":"https:\/\/paracherkaoui.ma\/index.php\/produit\/puressentiel-hygiene-intime-mousse-lavante-douceur-150-ml-2\/#primaryimage"},"thumbnailUrl":"https:\/\/paracherkaoui.ma\/wp-content\/uploads\/2025\/12\/puressentiel-hygiene-intime-mousse-lavante-douceur-150-ml.jpg","datePublished":"2025-12-12T17:57:31+00:00","dateModified":"2025-12-12T17:57:33+00:00","breadcrumb":{"@id":"https:\/\/paracherkaoui.ma\/index.php\/produit\/puressentiel-hygiene-intime-mousse-lavante-douceur-150-ml-2\/#breadcrumb"},"inLanguage":"fr-FR","potentialAction":[{"@type":"ReadAction","target":["https:\/\/paracherkaoui.ma\/index.php\/produit\/puressentiel-hygiene-intime-mousse-lavante-douceur-150-ml-2\/"]}]},{"@type":"ImageObject","inLanguage":"fr-FR","@id":"https:\/\/paracherkaoui.ma\/index.php\/produit\/puressentiel-hygiene-intime-mousse-lavante-douceur-150-ml-2\/#primaryimage","url":"https:\/\/paracherkaoui.ma\/wp-content\/uploads\/2025\/12\/puressentiel-hygiene-intime-mousse-lavante-douceur-150-ml.jpg","contentUrl":"https:\/\/paracherkaoui.ma\/wp-content\/uploads\/2025\/12\/puressentiel-hygiene-intime-mousse-lavante-douceur-150-ml.jpg","width":700,"height":700},{"@type":"BreadcrumbList","@id":"https:\/\/paracherkaoui.ma\/index.php\/produit\/puressentiel-hygiene-intime-mousse-lavante-douceur-150-ml-2\/#breadcrumb","itemListElement":[{"@type":"ListItem","position":1,"name":"Accueil","item":"https:\/\/paracherkaoui.ma\/"},{"@type":"ListItem","position":2,"name":"Boutique","item":"https:\/\/paracherkaoui.ma\/index.php\/boutique\/"},{"@type":"ListItem","position":3,"name":"PURESSENTIEL HYGIENE INTIME MOUSSE LAVANTE DOUCEUR 150 ML"}]},{"@type":"WebSite","@id":"https:\/\/paracherkaoui.ma\/#website","url":"https:\/\/paracherkaoui.ma\/","name":"Paracherkaoui.ma","description":"Achetez en ligne sur Paracherkaoui.ma","potentialAction":[{"@type":"SearchAction","target":{"@type":"EntryPoint","urlTemplate":"https:\/\/paracherkaoui.ma\/?s={search_term_string}"},"query-input":{"@type":"PropertyValueSpecification","valueRequired":true,"valueName":"search_term_string"}}],"inLanguage":"fr-FR"}]}},"_links":{"self":[{"href":"https:\/\/paracherkaoui.ma\/index.php\/wp-json\/wp\/v2\/product\/37132","targetHints":{"allow":["GET"]}}],"collection":[{"href":"https:\/\/paracherkaoui.ma\/index.php\/wp-json\/wp\/v2\/product"}],"about":[{"href":"https:\/\/paracherkaoui.ma\/index.php\/wp-json\/wp\/v2\/types\/product"}],"replies":[{"embeddable":true,"href":"https:\/\/paracherkaoui.ma\/index.php\/wp-json\/wp\/v2\/comments?post=37132"}],"version-history":[{"count":1,"href":"https:\/\/paracherkaoui.ma\/index.php\/wp-json\/wp\/v2\/product\/37132\/revisions"}],"predecessor-version":[{"id":37162,"href":"https:\/\/paracherkaoui.ma\/index.php\/wp-json\/wp\/v2\/product\/37132\/revisions\/37162"}],"wp:featuredmedia":[{"embeddable":true,"href":"https:\/\/paracherkaoui.ma\/index.php\/wp-json\/wp\/v2\/media\/36576"}],"wp:attachment":[{"href":"https:\/\/paracherkaoui.ma\/index.php\/wp-json\/wp\/v2\/media?parent=37132"}],"wp:term":[{"taxonomy":"product_brand","embeddable":true,"href":"https:\/\/paracherkaoui.ma\/index.php\/wp-json\/wp\/v2\/product_brand?post=37132"},{"taxonomy":"product_cat","embeddable":true,"href":"https:\/\/paracherkaoui.ma\/index.php\/wp-json\/wp\/v2\/product_cat?post=37132"},{"taxonomy":"product_tag","embeddable":true,"href":"https:\/\/paracherkaoui.ma\/index.php\/wp-json\/wp\/v2\/product_tag?post=37132"}],"curies":[{"name":"wp","href":"https:\/\/api.w.org\/{rel}","templated":true}]}}