{"id":37092,"date":"2025-12-12T18:57:26","date_gmt":"2025-12-12T17:57:26","guid":{"rendered":"https:\/\/test.ecbeaute.com\/?post_type=product&#038;p=37092"},"modified":"2025-12-12T18:57:30","modified_gmt":"2025-12-12T17:57:30","slug":"neutraderm-intime-soin-lavant-douceur-500-ml","status":"publish","type":"product","link":"https:\/\/paracherkaoui.ma\/index.php\/produit\/neutraderm-intime-soin-lavant-douceur-500-ml\/","title":{"rendered":"NEUTRADERM INTIME SOIN LAVANT DOUCEUR 500 ML"},"content":{"rendered":"<p>Le Soin Lavant Douceur Intime est un nettoyant doux\u00a0pour la zone intime. Ce nettoyant est adapt\u00e9 \u00e0 toutes les peaux m\u00eame les plus sensibles. Il nettoie efficacement\u00a0tout en pr\u00e9servant l\u2019\u00e9quilibre de la flore intime.<br \/>\nLe nettoyant Intime Neutraderm apaise les d\u00e9mangeaisons\u00a0li\u00e9es aux d\u00e9sagr\u00e9ments intimes, prot\u00e8ge\u00a0la peau au quotidien et respecte l\u2019\u00e9quilibre naturel\u00a0de la zone intime.<br \/>\nCompos\u00e9e d\u2019actifs et ingr\u00e9dients qui respectueux du microbiome cutan\u00e9 :<br \/>\nLe Complexe Active Oligo Skin qui apaise, hydrate et prot\u00e8ge la peau<br \/>\nLe Panthenol qui agit comme un agent cicatrisant<br \/>\nConseils d&rsquo;utilisation:<br \/>\nAppliquer sur la peau humide, faire mousser et rincer.<\/p>\n","protected":false},"excerpt":{"rendered":"<p>Le Soin Lavant Douceur Intime est un nettoyant doux\u00a0pour la zone intime. Ce nettoyant est adapt\u00e9 \u00e0 toutes les peaux<\/p>\n","protected":false},"featured_media":37124,"comment_status":"open","ping_status":"closed","template":"","meta":[],"product_brand":[325],"product_cat":[656],"product_tag":[],"class_list":{"0":"post-37092","1":"product","2":"type-product","3":"status-publish","4":"has-post-thumbnail","6":"product_brand-neutraderm","7":"product_cat-toilette-intime","9":"first","10":"instock","11":"sale","12":"shipping-taxable","13":"purchasable","14":"product-type-simple"},"yoast_head":"<!-- This site is optimized with the Yoast SEO plugin v26.6 - https:\/\/yoast.com\/wordpress\/plugins\/seo\/ -->\r\n<title>NEUTRADERM INTIME SOIN LAVANT DOUCEUR 500 ML - Paracherkaoui.ma<\/title>\r\n<meta name=\"robots\" content=\"index, follow, max-snippet:-1, max-image-preview:large, max-video-preview:-1\" \/>\r\n<link rel=\"canonical\" href=\"https:\/\/paracherkaoui.ma\/index.php\/produit\/neutraderm-intime-soin-lavant-douceur-500-ml\/\" \/>\r\n<meta property=\"og:locale\" content=\"fr_FR\" \/>\r\n<meta property=\"og:type\" content=\"article\" \/>\r\n<meta property=\"og:title\" content=\"NEUTRADERM INTIME SOIN LAVANT DOUCEUR 500 ML - Paracherkaoui.ma\" \/>\r\n<meta property=\"og:description\" content=\"Le Soin Lavant Douceur Intime est un nettoyant doux\u00a0pour la zone intime. Ce nettoyant est adapt\u00e9 \u00e0 toutes les peaux\" \/>\r\n<meta property=\"og:url\" content=\"https:\/\/paracherkaoui.ma\/index.php\/produit\/neutraderm-intime-soin-lavant-douceur-500-ml\/\" \/>\r\n<meta property=\"og:site_name\" content=\"Paracherkaoui.ma\" \/>\r\n<meta property=\"article:modified_time\" content=\"2025-12-12T17:57:30+00:00\" \/>\r\n<meta property=\"og:image\" content=\"https:\/\/paracherkaoui.ma\/wp-content\/uploads\/2025\/12\/neutraderm-neutraderm-intime-soin-lavant-douceur-500-ml-toilette-intime.jpg\" \/>\r\n\t<meta property=\"og:image:width\" content=\"700\" \/>\r\n\t<meta property=\"og:image:height\" content=\"700\" \/>\r\n\t<meta property=\"og:image:type\" content=\"image\/jpeg\" \/>\r\n<meta name=\"twitter:card\" content=\"summary_large_image\" \/>\r\n<meta name=\"twitter:label1\" content=\"Dur\u00e9e de lecture estim\u00e9e\" \/>\n\t<meta name=\"twitter:data1\" content=\"1 minute\" \/>\r\n<script type=\"application\/ld+json\" class=\"yoast-schema-graph\">{\"@context\":\"https:\/\/schema.org\",\"@graph\":[{\"@type\":\"WebPage\",\"@id\":\"https:\/\/paracherkaoui.ma\/index.php\/produit\/neutraderm-intime-soin-lavant-douceur-500-ml\/\",\"url\":\"https:\/\/paracherkaoui.ma\/index.php\/produit\/neutraderm-intime-soin-lavant-douceur-500-ml\/\",\"name\":\"NEUTRADERM INTIME SOIN LAVANT DOUCEUR 500 ML - Paracherkaoui.ma\",\"isPartOf\":{\"@id\":\"https:\/\/paracherkaoui.ma\/#website\"},\"primaryImageOfPage\":{\"@id\":\"https:\/\/paracherkaoui.ma\/index.php\/produit\/neutraderm-intime-soin-lavant-douceur-500-ml\/#primaryimage\"},\"image\":{\"@id\":\"https:\/\/paracherkaoui.ma\/index.php\/produit\/neutraderm-intime-soin-lavant-douceur-500-ml\/#primaryimage\"},\"thumbnailUrl\":\"https:\/\/paracherkaoui.ma\/wp-content\/uploads\/2025\/12\/neutraderm-neutraderm-intime-soin-lavant-douceur-500-ml-toilette-intime.jpg\",\"datePublished\":\"2025-12-12T17:57:26+00:00\",\"dateModified\":\"2025-12-12T17:57:30+00:00\",\"breadcrumb\":{\"@id\":\"https:\/\/paracherkaoui.ma\/index.php\/produit\/neutraderm-intime-soin-lavant-douceur-500-ml\/#breadcrumb\"},\"inLanguage\":\"fr-FR\",\"potentialAction\":[{\"@type\":\"ReadAction\",\"target\":[\"https:\/\/paracherkaoui.ma\/index.php\/produit\/neutraderm-intime-soin-lavant-douceur-500-ml\/\"]}]},{\"@type\":\"ImageObject\",\"inLanguage\":\"fr-FR\",\"@id\":\"https:\/\/paracherkaoui.ma\/index.php\/produit\/neutraderm-intime-soin-lavant-douceur-500-ml\/#primaryimage\",\"url\":\"https:\/\/paracherkaoui.ma\/wp-content\/uploads\/2025\/12\/neutraderm-neutraderm-intime-soin-lavant-douceur-500-ml-toilette-intime.jpg\",\"contentUrl\":\"https:\/\/paracherkaoui.ma\/wp-content\/uploads\/2025\/12\/neutraderm-neutraderm-intime-soin-lavant-douceur-500-ml-toilette-intime.jpg\",\"width\":700,\"height\":700},{\"@type\":\"BreadcrumbList\",\"@id\":\"https:\/\/paracherkaoui.ma\/index.php\/produit\/neutraderm-intime-soin-lavant-douceur-500-ml\/#breadcrumb\",\"itemListElement\":[{\"@type\":\"ListItem\",\"position\":1,\"name\":\"Accueil\",\"item\":\"https:\/\/paracherkaoui.ma\/\"},{\"@type\":\"ListItem\",\"position\":2,\"name\":\"Boutique\",\"item\":\"https:\/\/paracherkaoui.ma\/index.php\/boutique\/\"},{\"@type\":\"ListItem\",\"position\":3,\"name\":\"NEUTRADERM INTIME SOIN LAVANT DOUCEUR 500 ML\"}]},{\"@type\":\"WebSite\",\"@id\":\"https:\/\/paracherkaoui.ma\/#website\",\"url\":\"https:\/\/paracherkaoui.ma\/\",\"name\":\"Paracherkaoui.ma\",\"description\":\"Achetez en ligne sur Paracherkaoui.ma\",\"potentialAction\":[{\"@type\":\"SearchAction\",\"target\":{\"@type\":\"EntryPoint\",\"urlTemplate\":\"https:\/\/paracherkaoui.ma\/?s={search_term_string}\"},\"query-input\":{\"@type\":\"PropertyValueSpecification\",\"valueRequired\":true,\"valueName\":\"search_term_string\"}}],\"inLanguage\":\"fr-FR\"}]}<\/script>\r\n<!-- \/ Yoast SEO plugin. -->","yoast_head_json":{"title":"NEUTRADERM INTIME SOIN LAVANT DOUCEUR 500 ML - Paracherkaoui.ma","robots":{"index":"index","follow":"follow","max-snippet":"max-snippet:-1","max-image-preview":"max-image-preview:large","max-video-preview":"max-video-preview:-1"},"canonical":"https:\/\/paracherkaoui.ma\/index.php\/produit\/neutraderm-intime-soin-lavant-douceur-500-ml\/","og_locale":"fr_FR","og_type":"article","og_title":"NEUTRADERM INTIME SOIN LAVANT DOUCEUR 500 ML - Paracherkaoui.ma","og_description":"Le Soin Lavant Douceur Intime est un nettoyant doux\u00a0pour la zone intime. Ce nettoyant est adapt\u00e9 \u00e0 toutes les peaux","og_url":"https:\/\/paracherkaoui.ma\/index.php\/produit\/neutraderm-intime-soin-lavant-douceur-500-ml\/","og_site_name":"Paracherkaoui.ma","article_modified_time":"2025-12-12T17:57:30+00:00","og_image":[{"width":700,"height":700,"url":"https:\/\/paracherkaoui.ma\/wp-content\/uploads\/2025\/12\/neutraderm-neutraderm-intime-soin-lavant-douceur-500-ml-toilette-intime.jpg","type":"image\/jpeg"}],"twitter_card":"summary_large_image","twitter_misc":{"Dur\u00e9e de lecture estim\u00e9e":"1 minute"},"schema":{"@context":"https:\/\/schema.org","@graph":[{"@type":"WebPage","@id":"https:\/\/paracherkaoui.ma\/index.php\/produit\/neutraderm-intime-soin-lavant-douceur-500-ml\/","url":"https:\/\/paracherkaoui.ma\/index.php\/produit\/neutraderm-intime-soin-lavant-douceur-500-ml\/","name":"NEUTRADERM INTIME SOIN LAVANT DOUCEUR 500 ML - Paracherkaoui.ma","isPartOf":{"@id":"https:\/\/paracherkaoui.ma\/#website"},"primaryImageOfPage":{"@id":"https:\/\/paracherkaoui.ma\/index.php\/produit\/neutraderm-intime-soin-lavant-douceur-500-ml\/#primaryimage"},"image":{"@id":"https:\/\/paracherkaoui.ma\/index.php\/produit\/neutraderm-intime-soin-lavant-douceur-500-ml\/#primaryimage"},"thumbnailUrl":"https:\/\/paracherkaoui.ma\/wp-content\/uploads\/2025\/12\/neutraderm-neutraderm-intime-soin-lavant-douceur-500-ml-toilette-intime.jpg","datePublished":"2025-12-12T17:57:26+00:00","dateModified":"2025-12-12T17:57:30+00:00","breadcrumb":{"@id":"https:\/\/paracherkaoui.ma\/index.php\/produit\/neutraderm-intime-soin-lavant-douceur-500-ml\/#breadcrumb"},"inLanguage":"fr-FR","potentialAction":[{"@type":"ReadAction","target":["https:\/\/paracherkaoui.ma\/index.php\/produit\/neutraderm-intime-soin-lavant-douceur-500-ml\/"]}]},{"@type":"ImageObject","inLanguage":"fr-FR","@id":"https:\/\/paracherkaoui.ma\/index.php\/produit\/neutraderm-intime-soin-lavant-douceur-500-ml\/#primaryimage","url":"https:\/\/paracherkaoui.ma\/wp-content\/uploads\/2025\/12\/neutraderm-neutraderm-intime-soin-lavant-douceur-500-ml-toilette-intime.jpg","contentUrl":"https:\/\/paracherkaoui.ma\/wp-content\/uploads\/2025\/12\/neutraderm-neutraderm-intime-soin-lavant-douceur-500-ml-toilette-intime.jpg","width":700,"height":700},{"@type":"BreadcrumbList","@id":"https:\/\/paracherkaoui.ma\/index.php\/produit\/neutraderm-intime-soin-lavant-douceur-500-ml\/#breadcrumb","itemListElement":[{"@type":"ListItem","position":1,"name":"Accueil","item":"https:\/\/paracherkaoui.ma\/"},{"@type":"ListItem","position":2,"name":"Boutique","item":"https:\/\/paracherkaoui.ma\/index.php\/boutique\/"},{"@type":"ListItem","position":3,"name":"NEUTRADERM INTIME SOIN LAVANT DOUCEUR 500 ML"}]},{"@type":"WebSite","@id":"https:\/\/paracherkaoui.ma\/#website","url":"https:\/\/paracherkaoui.ma\/","name":"Paracherkaoui.ma","description":"Achetez en ligne sur Paracherkaoui.ma","potentialAction":[{"@type":"SearchAction","target":{"@type":"EntryPoint","urlTemplate":"https:\/\/paracherkaoui.ma\/?s={search_term_string}"},"query-input":{"@type":"PropertyValueSpecification","valueRequired":true,"valueName":"search_term_string"}}],"inLanguage":"fr-FR"}]}},"_links":{"self":[{"href":"https:\/\/paracherkaoui.ma\/index.php\/wp-json\/wp\/v2\/product\/37092","targetHints":{"allow":["GET"]}}],"collection":[{"href":"https:\/\/paracherkaoui.ma\/index.php\/wp-json\/wp\/v2\/product"}],"about":[{"href":"https:\/\/paracherkaoui.ma\/index.php\/wp-json\/wp\/v2\/types\/product"}],"replies":[{"embeddable":true,"href":"https:\/\/paracherkaoui.ma\/index.php\/wp-json\/wp\/v2\/comments?post=37092"}],"version-history":[{"count":1,"href":"https:\/\/paracherkaoui.ma\/index.php\/wp-json\/wp\/v2\/product\/37092\/revisions"}],"predecessor-version":[{"id":37125,"href":"https:\/\/paracherkaoui.ma\/index.php\/wp-json\/wp\/v2\/product\/37092\/revisions\/37125"}],"wp:featuredmedia":[{"embeddable":true,"href":"https:\/\/paracherkaoui.ma\/index.php\/wp-json\/wp\/v2\/media\/37124"}],"wp:attachment":[{"href":"https:\/\/paracherkaoui.ma\/index.php\/wp-json\/wp\/v2\/media?parent=37092"}],"wp:term":[{"taxonomy":"product_brand","embeddable":true,"href":"https:\/\/paracherkaoui.ma\/index.php\/wp-json\/wp\/v2\/product_brand?post=37092"},{"taxonomy":"product_cat","embeddable":true,"href":"https:\/\/paracherkaoui.ma\/index.php\/wp-json\/wp\/v2\/product_cat?post=37092"},{"taxonomy":"product_tag","embeddable":true,"href":"https:\/\/paracherkaoui.ma\/index.php\/wp-json\/wp\/v2\/product_tag?post=37092"}],"curies":[{"name":"wp","href":"https:\/\/api.w.org\/{rel}","templated":true}]}}