{"id":37090,"date":"2025-12-12T18:57:26","date_gmt":"2025-12-12T17:57:26","guid":{"rendered":"https:\/\/test.ecbeaute.com\/?post_type=product&#038;p=37090"},"modified":"2025-12-12T18:57:29","modified_gmt":"2025-12-12T17:57:29","slug":"so-bio-gel-intime-haute-tolerance-optimale-200-ml-3","status":"publish","type":"product","link":"https:\/\/paracherkaoui.ma\/index.php\/produit\/so-bio-gel-intime-haute-tolerance-optimale-200-ml-3\/","title":{"rendered":"SO BIO GEL INTIME HAUTE TOLERANCE OPTIMALE 200 ML"},"content":{"rendered":"<p>Le gel intime haute tol\u00e9rance optimale \u00e0 la fleur de mauve biologique SO BIO \u00e9tic nettoie et apaise les muqueuses sensibles, m\u00eame les plus r\u00e9actives, gr\u00e2ce \u00e0 sa formule innovante sans sulfates**.<br \/>\nUltra-doux, au Ph physiologique et sans parfum, il assure au quotidien douceur et \u00e9quilibre la zone intime,<\/p>\n","protected":false},"excerpt":{"rendered":"<p>Le gel intime haute tol\u00e9rance optimale \u00e0 la fleur de mauve biologique SO BIO \u00e9tic nettoie et apaise les muqueuses<\/p>\n","protected":false},"featured_media":35053,"comment_status":"open","ping_status":"closed","template":"","meta":[],"product_brand":[212],"product_cat":[656],"product_tag":[],"class_list":{"0":"post-37090","1":"product","2":"type-product","3":"status-publish","4":"has-post-thumbnail","6":"product_brand-so-bio","7":"product_cat-toilette-intime","9":"first","10":"instock","11":"shipping-taxable","12":"purchasable","13":"product-type-simple"},"yoast_head":"<!-- This site is optimized with the Yoast SEO plugin v26.6 - https:\/\/yoast.com\/wordpress\/plugins\/seo\/ -->\r\n<title>SO BIO GEL INTIME HAUTE TOLERANCE OPTIMALE 200 ML - Paracherkaoui.ma<\/title>\r\n<meta name=\"robots\" content=\"index, follow, max-snippet:-1, max-image-preview:large, max-video-preview:-1\" \/>\r\n<link rel=\"canonical\" href=\"https:\/\/paracherkaoui.ma\/index.php\/produit\/so-bio-gel-intime-haute-tolerance-optimale-200-ml-3\/\" \/>\r\n<meta property=\"og:locale\" content=\"fr_FR\" \/>\r\n<meta property=\"og:type\" content=\"article\" \/>\r\n<meta property=\"og:title\" content=\"SO BIO GEL INTIME HAUTE TOLERANCE OPTIMALE 200 ML - Paracherkaoui.ma\" \/>\r\n<meta property=\"og:description\" content=\"Le gel intime haute tol\u00e9rance optimale \u00e0 la fleur de mauve biologique SO BIO \u00e9tic nettoie et apaise les muqueuses\" \/>\r\n<meta property=\"og:url\" content=\"https:\/\/paracherkaoui.ma\/index.php\/produit\/so-bio-gel-intime-haute-tolerance-optimale-200-ml-3\/\" \/>\r\n<meta property=\"og:site_name\" content=\"Paracherkaoui.ma\" \/>\r\n<meta property=\"article:modified_time\" content=\"2025-12-12T17:57:29+00:00\" \/>\r\n<meta property=\"og:image\" content=\"https:\/\/paracherkaoui.ma\/wp-content\/uploads\/2025\/12\/so-bio-so-bio-gel-intime-haute-tolerance-optimale-200-ml-toilette-intime.jpg\" \/>\r\n\t<meta property=\"og:image:width\" content=\"700\" \/>\r\n\t<meta property=\"og:image:height\" content=\"700\" \/>\r\n\t<meta property=\"og:image:type\" content=\"image\/jpeg\" \/>\r\n<meta name=\"twitter:card\" content=\"summary_large_image\" \/>\r\n<script type=\"application\/ld+json\" class=\"yoast-schema-graph\">{\"@context\":\"https:\/\/schema.org\",\"@graph\":[{\"@type\":\"WebPage\",\"@id\":\"https:\/\/paracherkaoui.ma\/index.php\/produit\/so-bio-gel-intime-haute-tolerance-optimale-200-ml-3\/\",\"url\":\"https:\/\/paracherkaoui.ma\/index.php\/produit\/so-bio-gel-intime-haute-tolerance-optimale-200-ml-3\/\",\"name\":\"SO BIO GEL INTIME HAUTE TOLERANCE OPTIMALE 200 ML - Paracherkaoui.ma\",\"isPartOf\":{\"@id\":\"https:\/\/paracherkaoui.ma\/#website\"},\"primaryImageOfPage\":{\"@id\":\"https:\/\/paracherkaoui.ma\/index.php\/produit\/so-bio-gel-intime-haute-tolerance-optimale-200-ml-3\/#primaryimage\"},\"image\":{\"@id\":\"https:\/\/paracherkaoui.ma\/index.php\/produit\/so-bio-gel-intime-haute-tolerance-optimale-200-ml-3\/#primaryimage\"},\"thumbnailUrl\":\"https:\/\/paracherkaoui.ma\/wp-content\/uploads\/2025\/12\/so-bio-so-bio-gel-intime-haute-tolerance-optimale-200-ml-toilette-intime.jpg\",\"datePublished\":\"2025-12-12T17:57:26+00:00\",\"dateModified\":\"2025-12-12T17:57:29+00:00\",\"breadcrumb\":{\"@id\":\"https:\/\/paracherkaoui.ma\/index.php\/produit\/so-bio-gel-intime-haute-tolerance-optimale-200-ml-3\/#breadcrumb\"},\"inLanguage\":\"fr-FR\",\"potentialAction\":[{\"@type\":\"ReadAction\",\"target\":[\"https:\/\/paracherkaoui.ma\/index.php\/produit\/so-bio-gel-intime-haute-tolerance-optimale-200-ml-3\/\"]}]},{\"@type\":\"ImageObject\",\"inLanguage\":\"fr-FR\",\"@id\":\"https:\/\/paracherkaoui.ma\/index.php\/produit\/so-bio-gel-intime-haute-tolerance-optimale-200-ml-3\/#primaryimage\",\"url\":\"https:\/\/paracherkaoui.ma\/wp-content\/uploads\/2025\/12\/so-bio-so-bio-gel-intime-haute-tolerance-optimale-200-ml-toilette-intime.jpg\",\"contentUrl\":\"https:\/\/paracherkaoui.ma\/wp-content\/uploads\/2025\/12\/so-bio-so-bio-gel-intime-haute-tolerance-optimale-200-ml-toilette-intime.jpg\",\"width\":700,\"height\":700},{\"@type\":\"BreadcrumbList\",\"@id\":\"https:\/\/paracherkaoui.ma\/index.php\/produit\/so-bio-gel-intime-haute-tolerance-optimale-200-ml-3\/#breadcrumb\",\"itemListElement\":[{\"@type\":\"ListItem\",\"position\":1,\"name\":\"Accueil\",\"item\":\"https:\/\/paracherkaoui.ma\/\"},{\"@type\":\"ListItem\",\"position\":2,\"name\":\"Boutique\",\"item\":\"https:\/\/paracherkaoui.ma\/index.php\/boutique\/\"},{\"@type\":\"ListItem\",\"position\":3,\"name\":\"SO BIO GEL INTIME HAUTE TOLERANCE OPTIMALE 200 ML\"}]},{\"@type\":\"WebSite\",\"@id\":\"https:\/\/paracherkaoui.ma\/#website\",\"url\":\"https:\/\/paracherkaoui.ma\/\",\"name\":\"Paracherkaoui.ma\",\"description\":\"Achetez en ligne sur Paracherkaoui.ma\",\"potentialAction\":[{\"@type\":\"SearchAction\",\"target\":{\"@type\":\"EntryPoint\",\"urlTemplate\":\"https:\/\/paracherkaoui.ma\/?s={search_term_string}\"},\"query-input\":{\"@type\":\"PropertyValueSpecification\",\"valueRequired\":true,\"valueName\":\"search_term_string\"}}],\"inLanguage\":\"fr-FR\"}]}<\/script>\r\n<!-- \/ Yoast SEO plugin. -->","yoast_head_json":{"title":"SO BIO GEL INTIME HAUTE TOLERANCE OPTIMALE 200 ML - Paracherkaoui.ma","robots":{"index":"index","follow":"follow","max-snippet":"max-snippet:-1","max-image-preview":"max-image-preview:large","max-video-preview":"max-video-preview:-1"},"canonical":"https:\/\/paracherkaoui.ma\/index.php\/produit\/so-bio-gel-intime-haute-tolerance-optimale-200-ml-3\/","og_locale":"fr_FR","og_type":"article","og_title":"SO BIO GEL INTIME HAUTE TOLERANCE OPTIMALE 200 ML - Paracherkaoui.ma","og_description":"Le gel intime haute tol\u00e9rance optimale \u00e0 la fleur de mauve biologique SO BIO \u00e9tic nettoie et apaise les muqueuses","og_url":"https:\/\/paracherkaoui.ma\/index.php\/produit\/so-bio-gel-intime-haute-tolerance-optimale-200-ml-3\/","og_site_name":"Paracherkaoui.ma","article_modified_time":"2025-12-12T17:57:29+00:00","og_image":[{"width":700,"height":700,"url":"https:\/\/paracherkaoui.ma\/wp-content\/uploads\/2025\/12\/so-bio-so-bio-gel-intime-haute-tolerance-optimale-200-ml-toilette-intime.jpg","type":"image\/jpeg"}],"twitter_card":"summary_large_image","schema":{"@context":"https:\/\/schema.org","@graph":[{"@type":"WebPage","@id":"https:\/\/paracherkaoui.ma\/index.php\/produit\/so-bio-gel-intime-haute-tolerance-optimale-200-ml-3\/","url":"https:\/\/paracherkaoui.ma\/index.php\/produit\/so-bio-gel-intime-haute-tolerance-optimale-200-ml-3\/","name":"SO BIO GEL INTIME HAUTE TOLERANCE OPTIMALE 200 ML - Paracherkaoui.ma","isPartOf":{"@id":"https:\/\/paracherkaoui.ma\/#website"},"primaryImageOfPage":{"@id":"https:\/\/paracherkaoui.ma\/index.php\/produit\/so-bio-gel-intime-haute-tolerance-optimale-200-ml-3\/#primaryimage"},"image":{"@id":"https:\/\/paracherkaoui.ma\/index.php\/produit\/so-bio-gel-intime-haute-tolerance-optimale-200-ml-3\/#primaryimage"},"thumbnailUrl":"https:\/\/paracherkaoui.ma\/wp-content\/uploads\/2025\/12\/so-bio-so-bio-gel-intime-haute-tolerance-optimale-200-ml-toilette-intime.jpg","datePublished":"2025-12-12T17:57:26+00:00","dateModified":"2025-12-12T17:57:29+00:00","breadcrumb":{"@id":"https:\/\/paracherkaoui.ma\/index.php\/produit\/so-bio-gel-intime-haute-tolerance-optimale-200-ml-3\/#breadcrumb"},"inLanguage":"fr-FR","potentialAction":[{"@type":"ReadAction","target":["https:\/\/paracherkaoui.ma\/index.php\/produit\/so-bio-gel-intime-haute-tolerance-optimale-200-ml-3\/"]}]},{"@type":"ImageObject","inLanguage":"fr-FR","@id":"https:\/\/paracherkaoui.ma\/index.php\/produit\/so-bio-gel-intime-haute-tolerance-optimale-200-ml-3\/#primaryimage","url":"https:\/\/paracherkaoui.ma\/wp-content\/uploads\/2025\/12\/so-bio-so-bio-gel-intime-haute-tolerance-optimale-200-ml-toilette-intime.jpg","contentUrl":"https:\/\/paracherkaoui.ma\/wp-content\/uploads\/2025\/12\/so-bio-so-bio-gel-intime-haute-tolerance-optimale-200-ml-toilette-intime.jpg","width":700,"height":700},{"@type":"BreadcrumbList","@id":"https:\/\/paracherkaoui.ma\/index.php\/produit\/so-bio-gel-intime-haute-tolerance-optimale-200-ml-3\/#breadcrumb","itemListElement":[{"@type":"ListItem","position":1,"name":"Accueil","item":"https:\/\/paracherkaoui.ma\/"},{"@type":"ListItem","position":2,"name":"Boutique","item":"https:\/\/paracherkaoui.ma\/index.php\/boutique\/"},{"@type":"ListItem","position":3,"name":"SO BIO GEL INTIME HAUTE TOLERANCE OPTIMALE 200 ML"}]},{"@type":"WebSite","@id":"https:\/\/paracherkaoui.ma\/#website","url":"https:\/\/paracherkaoui.ma\/","name":"Paracherkaoui.ma","description":"Achetez en ligne sur Paracherkaoui.ma","potentialAction":[{"@type":"SearchAction","target":{"@type":"EntryPoint","urlTemplate":"https:\/\/paracherkaoui.ma\/?s={search_term_string}"},"query-input":{"@type":"PropertyValueSpecification","valueRequired":true,"valueName":"search_term_string"}}],"inLanguage":"fr-FR"}]}},"_links":{"self":[{"href":"https:\/\/paracherkaoui.ma\/index.php\/wp-json\/wp\/v2\/product\/37090","targetHints":{"allow":["GET"]}}],"collection":[{"href":"https:\/\/paracherkaoui.ma\/index.php\/wp-json\/wp\/v2\/product"}],"about":[{"href":"https:\/\/paracherkaoui.ma\/index.php\/wp-json\/wp\/v2\/types\/product"}],"replies":[{"embeddable":true,"href":"https:\/\/paracherkaoui.ma\/index.php\/wp-json\/wp\/v2\/comments?post=37090"}],"version-history":[{"count":1,"href":"https:\/\/paracherkaoui.ma\/index.php\/wp-json\/wp\/v2\/product\/37090\/revisions"}],"predecessor-version":[{"id":37122,"href":"https:\/\/paracherkaoui.ma\/index.php\/wp-json\/wp\/v2\/product\/37090\/revisions\/37122"}],"wp:featuredmedia":[{"embeddable":true,"href":"https:\/\/paracherkaoui.ma\/index.php\/wp-json\/wp\/v2\/media\/35053"}],"wp:attachment":[{"href":"https:\/\/paracherkaoui.ma\/index.php\/wp-json\/wp\/v2\/media?parent=37090"}],"wp:term":[{"taxonomy":"product_brand","embeddable":true,"href":"https:\/\/paracherkaoui.ma\/index.php\/wp-json\/wp\/v2\/product_brand?post=37090"},{"taxonomy":"product_cat","embeddable":true,"href":"https:\/\/paracherkaoui.ma\/index.php\/wp-json\/wp\/v2\/product_cat?post=37090"},{"taxonomy":"product_tag","embeddable":true,"href":"https:\/\/paracherkaoui.ma\/index.php\/wp-json\/wp\/v2\/product_tag?post=37090"}],"curies":[{"name":"wp","href":"https:\/\/api.w.org\/{rel}","templated":true}]}}