{"id":37073,"date":"2025-12-12T18:57:25","date_gmt":"2025-12-12T17:57:25","guid":{"rendered":"https:\/\/test.ecbeaute.com\/?post_type=product&#038;p=37073"},"modified":"2025-12-12T18:57:28","modified_gmt":"2025-12-12T17:57:28","slug":"sedasteril-creme-lavante-anti-bacterien-250-ml","status":"publish","type":"product","link":"https:\/\/paracherkaoui.ma\/index.php\/produit\/sedasteril-creme-lavante-anti-bacterien-250-ml\/","title":{"rendered":"SEDASTERIL + CREME LAVANTE ANTI BACTERIEN 250 ML"},"content":{"rendered":"<p>Cette cr\u00e8me lavante peut \u00eatre int\u00e9gr\u00e9e dans la toilette intime quotidienne et est \u00e9galement un excellent adjuvant aux traitements anti-h\u00e9morro\u00efdaires et pour les fissures anales. Con\u00e7ue pour une utilisation sur les peaux irrit\u00e9es, acn\u00e9iques et intol\u00e9rantes aux savons, elle offre un soin complet et apaisant. Elle est \u00e9galement recommand\u00e9e pour l&rsquo;hygi\u00e8ne et le soin des peaux sujettes aux affections fongiques et bact\u00e9riennes, apportant un confort imm\u00e9diat tout en aidant \u00e0 r\u00e9tablir l\u2019\u00e9quilibre cutan\u00e9.<br \/>\nConseils d&rsquo;utilisation<br \/>\nPour une efficacit\u00e9 optimale, appliquez la cr\u00e8me lavante antibact\u00e9rienne SEDASTERIL sur une peau humide. Massez d\u00e9licatement pour faire mousser, puis rincez abondamment \u00e0 l&rsquo;eau ti\u00e8de. Utiliser quotidiennement sur les zones concern\u00e9es, en \u00e9vitant les muqueuses internes. En cas d&rsquo;affections sp\u00e9cifiques, suivre les recommandations de votre professionnel de sant\u00e9.<\/p>\n","protected":false},"excerpt":{"rendered":"<p>Cette cr\u00e8me lavante peut \u00eatre int\u00e9gr\u00e9e dans la toilette intime quotidienne et est \u00e9galement un excellent adjuvant aux traitements anti-h\u00e9morro\u00efdaires<\/p>\n","protected":false},"featured_media":37104,"comment_status":"open","ping_status":"closed","template":"","meta":[],"product_brand":[636],"product_cat":[656],"product_tag":[],"class_list":{"0":"post-37073","1":"product","2":"type-product","3":"status-publish","4":"has-post-thumbnail","6":"product_brand-sedasteril","7":"product_cat-toilette-intime","9":"first","10":"instock","11":"sale","12":"shipping-taxable","13":"purchasable","14":"product-type-simple"},"yoast_head":"<!-- This site is optimized with the Yoast SEO plugin v26.6 - https:\/\/yoast.com\/wordpress\/plugins\/seo\/ -->\r\n<title>SEDASTERIL + CREME LAVANTE ANTI BACTERIEN 250 ML - Paracherkaoui.ma<\/title>\r\n<meta name=\"robots\" content=\"index, follow, max-snippet:-1, max-image-preview:large, max-video-preview:-1\" \/>\r\n<link rel=\"canonical\" href=\"https:\/\/paracherkaoui.ma\/index.php\/produit\/sedasteril-creme-lavante-anti-bacterien-250-ml\/\" \/>\r\n<meta property=\"og:locale\" content=\"fr_FR\" \/>\r\n<meta property=\"og:type\" content=\"article\" \/>\r\n<meta property=\"og:title\" content=\"SEDASTERIL + CREME LAVANTE ANTI BACTERIEN 250 ML - Paracherkaoui.ma\" \/>\r\n<meta property=\"og:description\" content=\"Cette cr\u00e8me lavante peut \u00eatre int\u00e9gr\u00e9e dans la toilette intime quotidienne et est \u00e9galement un excellent adjuvant aux traitements anti-h\u00e9morro\u00efdaires\" \/>\r\n<meta property=\"og:url\" content=\"https:\/\/paracherkaoui.ma\/index.php\/produit\/sedasteril-creme-lavante-anti-bacterien-250-ml\/\" \/>\r\n<meta property=\"og:site_name\" content=\"Paracherkaoui.ma\" \/>\r\n<meta property=\"article:modified_time\" content=\"2025-12-12T17:57:28+00:00\" \/>\r\n<meta property=\"og:image\" content=\"https:\/\/paracherkaoui.ma\/wp-content\/uploads\/2025\/12\/sedasteril-creme-lavante-anti-bacterien-250-ml.jpg\" \/>\r\n\t<meta property=\"og:image:width\" content=\"700\" \/>\r\n\t<meta property=\"og:image:height\" content=\"700\" \/>\r\n\t<meta property=\"og:image:type\" content=\"image\/jpeg\" \/>\r\n<meta name=\"twitter:card\" content=\"summary_large_image\" \/>\r\n<meta name=\"twitter:label1\" content=\"Dur\u00e9e de lecture estim\u00e9e\" \/>\n\t<meta name=\"twitter:data1\" content=\"1 minute\" \/>\r\n<script type=\"application\/ld+json\" class=\"yoast-schema-graph\">{\"@context\":\"https:\/\/schema.org\",\"@graph\":[{\"@type\":\"WebPage\",\"@id\":\"https:\/\/paracherkaoui.ma\/index.php\/produit\/sedasteril-creme-lavante-anti-bacterien-250-ml\/\",\"url\":\"https:\/\/paracherkaoui.ma\/index.php\/produit\/sedasteril-creme-lavante-anti-bacterien-250-ml\/\",\"name\":\"SEDASTERIL + CREME LAVANTE ANTI BACTERIEN 250 ML - Paracherkaoui.ma\",\"isPartOf\":{\"@id\":\"https:\/\/paracherkaoui.ma\/#website\"},\"primaryImageOfPage\":{\"@id\":\"https:\/\/paracherkaoui.ma\/index.php\/produit\/sedasteril-creme-lavante-anti-bacterien-250-ml\/#primaryimage\"},\"image\":{\"@id\":\"https:\/\/paracherkaoui.ma\/index.php\/produit\/sedasteril-creme-lavante-anti-bacterien-250-ml\/#primaryimage\"},\"thumbnailUrl\":\"https:\/\/paracherkaoui.ma\/wp-content\/uploads\/2025\/12\/sedasteril-creme-lavante-anti-bacterien-250-ml.jpg\",\"datePublished\":\"2025-12-12T17:57:25+00:00\",\"dateModified\":\"2025-12-12T17:57:28+00:00\",\"breadcrumb\":{\"@id\":\"https:\/\/paracherkaoui.ma\/index.php\/produit\/sedasteril-creme-lavante-anti-bacterien-250-ml\/#breadcrumb\"},\"inLanguage\":\"fr-FR\",\"potentialAction\":[{\"@type\":\"ReadAction\",\"target\":[\"https:\/\/paracherkaoui.ma\/index.php\/produit\/sedasteril-creme-lavante-anti-bacterien-250-ml\/\"]}]},{\"@type\":\"ImageObject\",\"inLanguage\":\"fr-FR\",\"@id\":\"https:\/\/paracherkaoui.ma\/index.php\/produit\/sedasteril-creme-lavante-anti-bacterien-250-ml\/#primaryimage\",\"url\":\"https:\/\/paracherkaoui.ma\/wp-content\/uploads\/2025\/12\/sedasteril-creme-lavante-anti-bacterien-250-ml.jpg\",\"contentUrl\":\"https:\/\/paracherkaoui.ma\/wp-content\/uploads\/2025\/12\/sedasteril-creme-lavante-anti-bacterien-250-ml.jpg\",\"width\":700,\"height\":700},{\"@type\":\"BreadcrumbList\",\"@id\":\"https:\/\/paracherkaoui.ma\/index.php\/produit\/sedasteril-creme-lavante-anti-bacterien-250-ml\/#breadcrumb\",\"itemListElement\":[{\"@type\":\"ListItem\",\"position\":1,\"name\":\"Accueil\",\"item\":\"https:\/\/paracherkaoui.ma\/\"},{\"@type\":\"ListItem\",\"position\":2,\"name\":\"Boutique\",\"item\":\"https:\/\/paracherkaoui.ma\/index.php\/boutique\/\"},{\"@type\":\"ListItem\",\"position\":3,\"name\":\"SEDASTERIL + CREME LAVANTE ANTI BACTERIEN 250 ML\"}]},{\"@type\":\"WebSite\",\"@id\":\"https:\/\/paracherkaoui.ma\/#website\",\"url\":\"https:\/\/paracherkaoui.ma\/\",\"name\":\"Paracherkaoui.ma\",\"description\":\"Achetez en ligne sur Paracherkaoui.ma\",\"potentialAction\":[{\"@type\":\"SearchAction\",\"target\":{\"@type\":\"EntryPoint\",\"urlTemplate\":\"https:\/\/paracherkaoui.ma\/?s={search_term_string}\"},\"query-input\":{\"@type\":\"PropertyValueSpecification\",\"valueRequired\":true,\"valueName\":\"search_term_string\"}}],\"inLanguage\":\"fr-FR\"}]}<\/script>\r\n<!-- \/ Yoast SEO plugin. -->","yoast_head_json":{"title":"SEDASTERIL + CREME LAVANTE ANTI BACTERIEN 250 ML - Paracherkaoui.ma","robots":{"index":"index","follow":"follow","max-snippet":"max-snippet:-1","max-image-preview":"max-image-preview:large","max-video-preview":"max-video-preview:-1"},"canonical":"https:\/\/paracherkaoui.ma\/index.php\/produit\/sedasteril-creme-lavante-anti-bacterien-250-ml\/","og_locale":"fr_FR","og_type":"article","og_title":"SEDASTERIL + CREME LAVANTE ANTI BACTERIEN 250 ML - Paracherkaoui.ma","og_description":"Cette cr\u00e8me lavante peut \u00eatre int\u00e9gr\u00e9e dans la toilette intime quotidienne et est \u00e9galement un excellent adjuvant aux traitements anti-h\u00e9morro\u00efdaires","og_url":"https:\/\/paracherkaoui.ma\/index.php\/produit\/sedasteril-creme-lavante-anti-bacterien-250-ml\/","og_site_name":"Paracherkaoui.ma","article_modified_time":"2025-12-12T17:57:28+00:00","og_image":[{"width":700,"height":700,"url":"https:\/\/paracherkaoui.ma\/wp-content\/uploads\/2025\/12\/sedasteril-creme-lavante-anti-bacterien-250-ml.jpg","type":"image\/jpeg"}],"twitter_card":"summary_large_image","twitter_misc":{"Dur\u00e9e de lecture estim\u00e9e":"1 minute"},"schema":{"@context":"https:\/\/schema.org","@graph":[{"@type":"WebPage","@id":"https:\/\/paracherkaoui.ma\/index.php\/produit\/sedasteril-creme-lavante-anti-bacterien-250-ml\/","url":"https:\/\/paracherkaoui.ma\/index.php\/produit\/sedasteril-creme-lavante-anti-bacterien-250-ml\/","name":"SEDASTERIL + CREME LAVANTE ANTI BACTERIEN 250 ML - Paracherkaoui.ma","isPartOf":{"@id":"https:\/\/paracherkaoui.ma\/#website"},"primaryImageOfPage":{"@id":"https:\/\/paracherkaoui.ma\/index.php\/produit\/sedasteril-creme-lavante-anti-bacterien-250-ml\/#primaryimage"},"image":{"@id":"https:\/\/paracherkaoui.ma\/index.php\/produit\/sedasteril-creme-lavante-anti-bacterien-250-ml\/#primaryimage"},"thumbnailUrl":"https:\/\/paracherkaoui.ma\/wp-content\/uploads\/2025\/12\/sedasteril-creme-lavante-anti-bacterien-250-ml.jpg","datePublished":"2025-12-12T17:57:25+00:00","dateModified":"2025-12-12T17:57:28+00:00","breadcrumb":{"@id":"https:\/\/paracherkaoui.ma\/index.php\/produit\/sedasteril-creme-lavante-anti-bacterien-250-ml\/#breadcrumb"},"inLanguage":"fr-FR","potentialAction":[{"@type":"ReadAction","target":["https:\/\/paracherkaoui.ma\/index.php\/produit\/sedasteril-creme-lavante-anti-bacterien-250-ml\/"]}]},{"@type":"ImageObject","inLanguage":"fr-FR","@id":"https:\/\/paracherkaoui.ma\/index.php\/produit\/sedasteril-creme-lavante-anti-bacterien-250-ml\/#primaryimage","url":"https:\/\/paracherkaoui.ma\/wp-content\/uploads\/2025\/12\/sedasteril-creme-lavante-anti-bacterien-250-ml.jpg","contentUrl":"https:\/\/paracherkaoui.ma\/wp-content\/uploads\/2025\/12\/sedasteril-creme-lavante-anti-bacterien-250-ml.jpg","width":700,"height":700},{"@type":"BreadcrumbList","@id":"https:\/\/paracherkaoui.ma\/index.php\/produit\/sedasteril-creme-lavante-anti-bacterien-250-ml\/#breadcrumb","itemListElement":[{"@type":"ListItem","position":1,"name":"Accueil","item":"https:\/\/paracherkaoui.ma\/"},{"@type":"ListItem","position":2,"name":"Boutique","item":"https:\/\/paracherkaoui.ma\/index.php\/boutique\/"},{"@type":"ListItem","position":3,"name":"SEDASTERIL + CREME LAVANTE ANTI BACTERIEN 250 ML"}]},{"@type":"WebSite","@id":"https:\/\/paracherkaoui.ma\/#website","url":"https:\/\/paracherkaoui.ma\/","name":"Paracherkaoui.ma","description":"Achetez en ligne sur Paracherkaoui.ma","potentialAction":[{"@type":"SearchAction","target":{"@type":"EntryPoint","urlTemplate":"https:\/\/paracherkaoui.ma\/?s={search_term_string}"},"query-input":{"@type":"PropertyValueSpecification","valueRequired":true,"valueName":"search_term_string"}}],"inLanguage":"fr-FR"}]}},"_links":{"self":[{"href":"https:\/\/paracherkaoui.ma\/index.php\/wp-json\/wp\/v2\/product\/37073","targetHints":{"allow":["GET"]}}],"collection":[{"href":"https:\/\/paracherkaoui.ma\/index.php\/wp-json\/wp\/v2\/product"}],"about":[{"href":"https:\/\/paracherkaoui.ma\/index.php\/wp-json\/wp\/v2\/types\/product"}],"replies":[{"embeddable":true,"href":"https:\/\/paracherkaoui.ma\/index.php\/wp-json\/wp\/v2\/comments?post=37073"}],"version-history":[{"count":1,"href":"https:\/\/paracherkaoui.ma\/index.php\/wp-json\/wp\/v2\/product\/37073\/revisions"}],"predecessor-version":[{"id":37105,"href":"https:\/\/paracherkaoui.ma\/index.php\/wp-json\/wp\/v2\/product\/37073\/revisions\/37105"}],"wp:featuredmedia":[{"embeddable":true,"href":"https:\/\/paracherkaoui.ma\/index.php\/wp-json\/wp\/v2\/media\/37104"}],"wp:attachment":[{"href":"https:\/\/paracherkaoui.ma\/index.php\/wp-json\/wp\/v2\/media?parent=37073"}],"wp:term":[{"taxonomy":"product_brand","embeddable":true,"href":"https:\/\/paracherkaoui.ma\/index.php\/wp-json\/wp\/v2\/product_brand?post=37073"},{"taxonomy":"product_cat","embeddable":true,"href":"https:\/\/paracherkaoui.ma\/index.php\/wp-json\/wp\/v2\/product_cat?post=37073"},{"taxonomy":"product_tag","embeddable":true,"href":"https:\/\/paracherkaoui.ma\/index.php\/wp-json\/wp\/v2\/product_tag?post=37073"}],"curies":[{"name":"wp","href":"https:\/\/api.w.org\/{rel}","templated":true}]}}