{"id":37068,"date":"2025-12-12T18:57:25","date_gmt":"2025-12-12T17:57:25","guid":{"rendered":"https:\/\/test.ecbeaute.com\/?post_type=product&#038;p=37068"},"modified":"2025-12-12T18:57:27","modified_gmt":"2025-12-12T17:57:27","slug":"roge-cavailles-soin-lavant-lintime-petite-fille-250-ml-2","status":"publish","type":"product","link":"https:\/\/paracherkaoui.ma\/index.php\/produit\/roge-cavailles-soin-lavant-lintime-petite-fille-250-ml-2\/","title":{"rendered":"ROGE CAVAILLES SOIN LAVANT L&rsquo;INTIME PETITE FILLE 250 ML"},"content":{"rendered":"<p>\u2022 Une zone INTIME respect\u00e9e et prot\u00e9g\u00e9e : enrichie en pr\u00e9biotiques, notre formule sans savon \u00e0 97% d\u2019ingr\u00e9dients d\u2019origine naturelle nettoie en douceur et aide \u00e0 prot\u00e9ger l\u2019\u00e9quilibre intime des petites filles.<br \/>\n\u2022 Un moment de BIEN-\u00caTRE gr\u00e2ce au surgras v\u00e9g\u00e9tal pro-r\u00e9g\u00e9n\u00e9rant\u00ae et aux extraits deguimauve adoucissante pour un confort optimal.<br \/>\n\u2022 Un geste pour la PLAN\u00c8TE avec son flacon 100% en plastique recycl\u00e9 et recyclable*.<br \/>\n\u2022 Adapt\u00e9 \u00e0 TOUTES les muqueuses d\u00e8s 2 ans avec son pH physiologique.<br \/>\nTest\u00e9 gyn\u00e9cologiquement et p\u00e9diatriquement. Corps &#038; zone intime. Usage externe.<br \/>\nConseils d&rsquo;utilisation:<br \/>\nCe Gel Intime pour Petite Fille d\u00e8s 2 ans s\u2019utilise comme un savon liquide sur le corps et les muqueuses intimes, m\u00eame les plus sensibles. Une \u00e0 deux fois par jour et au quotidien, usage externe uniquement. Pensez \u00e0 rincer soigneusement !<\/p>\n","protected":false},"excerpt":{"rendered":"<p>\u2022 Une zone INTIME respect\u00e9e et prot\u00e9g\u00e9e : enrichie en pr\u00e9biotiques, notre formule sans savon \u00e0 97% d\u2019ingr\u00e9dients d\u2019origine naturelle<\/p>\n","protected":false},"featured_media":36406,"comment_status":"open","ping_status":"closed","template":"","meta":[],"product_brand":[411],"product_cat":[656],"product_tag":[],"class_list":{"0":"post-37068","1":"product","2":"type-product","3":"status-publish","4":"has-post-thumbnail","6":"product_brand-roge-cavailles","7":"product_cat-toilette-intime","9":"first","10":"instock","11":"sale","12":"shipping-taxable","13":"purchasable","14":"product-type-simple"},"yoast_head":"<!-- This site is optimized with the Yoast SEO plugin v26.6 - https:\/\/yoast.com\/wordpress\/plugins\/seo\/ -->\r\n<title>ROGE CAVAILLES SOIN LAVANT L&#039;INTIME PETITE FILLE 250 ML - Paracherkaoui.ma<\/title>\r\n<meta name=\"robots\" content=\"index, follow, max-snippet:-1, max-image-preview:large, max-video-preview:-1\" \/>\r\n<link rel=\"canonical\" href=\"https:\/\/paracherkaoui.ma\/index.php\/produit\/roge-cavailles-soin-lavant-lintime-petite-fille-250-ml-2\/\" \/>\r\n<meta property=\"og:locale\" content=\"fr_FR\" \/>\r\n<meta property=\"og:type\" content=\"article\" \/>\r\n<meta property=\"og:title\" content=\"ROGE CAVAILLES SOIN LAVANT L&#039;INTIME PETITE FILLE 250 ML - Paracherkaoui.ma\" \/>\r\n<meta property=\"og:description\" content=\"\u2022 Une zone INTIME respect\u00e9e et prot\u00e9g\u00e9e : enrichie en pr\u00e9biotiques, notre formule sans savon \u00e0 97% d\u2019ingr\u00e9dients d\u2019origine naturelle\" \/>\r\n<meta property=\"og:url\" content=\"https:\/\/paracherkaoui.ma\/index.php\/produit\/roge-cavailles-soin-lavant-lintime-petite-fille-250-ml-2\/\" \/>\r\n<meta property=\"og:site_name\" content=\"Paracherkaoui.ma\" \/>\r\n<meta property=\"article:modified_time\" content=\"2025-12-12T17:57:27+00:00\" \/>\r\n<meta property=\"og:image\" content=\"https:\/\/paracherkaoui.ma\/wp-content\/uploads\/2025\/12\/roge-cavailles-roge-cavailles-soin-lavant-lintime-petite-fille-250-ml-toilette-intime.jpg\" \/>\r\n\t<meta property=\"og:image:width\" content=\"700\" \/>\r\n\t<meta property=\"og:image:height\" content=\"700\" \/>\r\n\t<meta property=\"og:image:type\" content=\"image\/jpeg\" \/>\r\n<meta name=\"twitter:card\" content=\"summary_large_image\" \/>\r\n<meta name=\"twitter:label1\" content=\"Dur\u00e9e de lecture estim\u00e9e\" \/>\n\t<meta name=\"twitter:data1\" content=\"1 minute\" \/>\r\n<script type=\"application\/ld+json\" class=\"yoast-schema-graph\">{\"@context\":\"https:\/\/schema.org\",\"@graph\":[{\"@type\":\"WebPage\",\"@id\":\"https:\/\/paracherkaoui.ma\/index.php\/produit\/roge-cavailles-soin-lavant-lintime-petite-fille-250-ml-2\/\",\"url\":\"https:\/\/paracherkaoui.ma\/index.php\/produit\/roge-cavailles-soin-lavant-lintime-petite-fille-250-ml-2\/\",\"name\":\"ROGE CAVAILLES SOIN LAVANT L'INTIME PETITE FILLE 250 ML - Paracherkaoui.ma\",\"isPartOf\":{\"@id\":\"https:\/\/paracherkaoui.ma\/#website\"},\"primaryImageOfPage\":{\"@id\":\"https:\/\/paracherkaoui.ma\/index.php\/produit\/roge-cavailles-soin-lavant-lintime-petite-fille-250-ml-2\/#primaryimage\"},\"image\":{\"@id\":\"https:\/\/paracherkaoui.ma\/index.php\/produit\/roge-cavailles-soin-lavant-lintime-petite-fille-250-ml-2\/#primaryimage\"},\"thumbnailUrl\":\"https:\/\/paracherkaoui.ma\/wp-content\/uploads\/2025\/12\/roge-cavailles-roge-cavailles-soin-lavant-lintime-petite-fille-250-ml-toilette-intime.jpg\",\"datePublished\":\"2025-12-12T17:57:25+00:00\",\"dateModified\":\"2025-12-12T17:57:27+00:00\",\"breadcrumb\":{\"@id\":\"https:\/\/paracherkaoui.ma\/index.php\/produit\/roge-cavailles-soin-lavant-lintime-petite-fille-250-ml-2\/#breadcrumb\"},\"inLanguage\":\"fr-FR\",\"potentialAction\":[{\"@type\":\"ReadAction\",\"target\":[\"https:\/\/paracherkaoui.ma\/index.php\/produit\/roge-cavailles-soin-lavant-lintime-petite-fille-250-ml-2\/\"]}]},{\"@type\":\"ImageObject\",\"inLanguage\":\"fr-FR\",\"@id\":\"https:\/\/paracherkaoui.ma\/index.php\/produit\/roge-cavailles-soin-lavant-lintime-petite-fille-250-ml-2\/#primaryimage\",\"url\":\"https:\/\/paracherkaoui.ma\/wp-content\/uploads\/2025\/12\/roge-cavailles-roge-cavailles-soin-lavant-lintime-petite-fille-250-ml-toilette-intime.jpg\",\"contentUrl\":\"https:\/\/paracherkaoui.ma\/wp-content\/uploads\/2025\/12\/roge-cavailles-roge-cavailles-soin-lavant-lintime-petite-fille-250-ml-toilette-intime.jpg\",\"width\":700,\"height\":700},{\"@type\":\"BreadcrumbList\",\"@id\":\"https:\/\/paracherkaoui.ma\/index.php\/produit\/roge-cavailles-soin-lavant-lintime-petite-fille-250-ml-2\/#breadcrumb\",\"itemListElement\":[{\"@type\":\"ListItem\",\"position\":1,\"name\":\"Accueil\",\"item\":\"https:\/\/paracherkaoui.ma\/\"},{\"@type\":\"ListItem\",\"position\":2,\"name\":\"Boutique\",\"item\":\"https:\/\/paracherkaoui.ma\/index.php\/boutique\/\"},{\"@type\":\"ListItem\",\"position\":3,\"name\":\"ROGE CAVAILLES SOIN LAVANT L&rsquo;INTIME PETITE FILLE 250 ML\"}]},{\"@type\":\"WebSite\",\"@id\":\"https:\/\/paracherkaoui.ma\/#website\",\"url\":\"https:\/\/paracherkaoui.ma\/\",\"name\":\"Paracherkaoui.ma\",\"description\":\"Achetez en ligne sur Paracherkaoui.ma\",\"potentialAction\":[{\"@type\":\"SearchAction\",\"target\":{\"@type\":\"EntryPoint\",\"urlTemplate\":\"https:\/\/paracherkaoui.ma\/?s={search_term_string}\"},\"query-input\":{\"@type\":\"PropertyValueSpecification\",\"valueRequired\":true,\"valueName\":\"search_term_string\"}}],\"inLanguage\":\"fr-FR\"}]}<\/script>\r\n<!-- \/ Yoast SEO plugin. -->","yoast_head_json":{"title":"ROGE CAVAILLES SOIN LAVANT L'INTIME PETITE FILLE 250 ML - Paracherkaoui.ma","robots":{"index":"index","follow":"follow","max-snippet":"max-snippet:-1","max-image-preview":"max-image-preview:large","max-video-preview":"max-video-preview:-1"},"canonical":"https:\/\/paracherkaoui.ma\/index.php\/produit\/roge-cavailles-soin-lavant-lintime-petite-fille-250-ml-2\/","og_locale":"fr_FR","og_type":"article","og_title":"ROGE CAVAILLES SOIN LAVANT L'INTIME PETITE FILLE 250 ML - Paracherkaoui.ma","og_description":"\u2022 Une zone INTIME respect\u00e9e et prot\u00e9g\u00e9e : enrichie en pr\u00e9biotiques, notre formule sans savon \u00e0 97% d\u2019ingr\u00e9dients d\u2019origine naturelle","og_url":"https:\/\/paracherkaoui.ma\/index.php\/produit\/roge-cavailles-soin-lavant-lintime-petite-fille-250-ml-2\/","og_site_name":"Paracherkaoui.ma","article_modified_time":"2025-12-12T17:57:27+00:00","og_image":[{"width":700,"height":700,"url":"https:\/\/paracherkaoui.ma\/wp-content\/uploads\/2025\/12\/roge-cavailles-roge-cavailles-soin-lavant-lintime-petite-fille-250-ml-toilette-intime.jpg","type":"image\/jpeg"}],"twitter_card":"summary_large_image","twitter_misc":{"Dur\u00e9e de lecture estim\u00e9e":"1 minute"},"schema":{"@context":"https:\/\/schema.org","@graph":[{"@type":"WebPage","@id":"https:\/\/paracherkaoui.ma\/index.php\/produit\/roge-cavailles-soin-lavant-lintime-petite-fille-250-ml-2\/","url":"https:\/\/paracherkaoui.ma\/index.php\/produit\/roge-cavailles-soin-lavant-lintime-petite-fille-250-ml-2\/","name":"ROGE CAVAILLES SOIN LAVANT L'INTIME PETITE FILLE 250 ML - Paracherkaoui.ma","isPartOf":{"@id":"https:\/\/paracherkaoui.ma\/#website"},"primaryImageOfPage":{"@id":"https:\/\/paracherkaoui.ma\/index.php\/produit\/roge-cavailles-soin-lavant-lintime-petite-fille-250-ml-2\/#primaryimage"},"image":{"@id":"https:\/\/paracherkaoui.ma\/index.php\/produit\/roge-cavailles-soin-lavant-lintime-petite-fille-250-ml-2\/#primaryimage"},"thumbnailUrl":"https:\/\/paracherkaoui.ma\/wp-content\/uploads\/2025\/12\/roge-cavailles-roge-cavailles-soin-lavant-lintime-petite-fille-250-ml-toilette-intime.jpg","datePublished":"2025-12-12T17:57:25+00:00","dateModified":"2025-12-12T17:57:27+00:00","breadcrumb":{"@id":"https:\/\/paracherkaoui.ma\/index.php\/produit\/roge-cavailles-soin-lavant-lintime-petite-fille-250-ml-2\/#breadcrumb"},"inLanguage":"fr-FR","potentialAction":[{"@type":"ReadAction","target":["https:\/\/paracherkaoui.ma\/index.php\/produit\/roge-cavailles-soin-lavant-lintime-petite-fille-250-ml-2\/"]}]},{"@type":"ImageObject","inLanguage":"fr-FR","@id":"https:\/\/paracherkaoui.ma\/index.php\/produit\/roge-cavailles-soin-lavant-lintime-petite-fille-250-ml-2\/#primaryimage","url":"https:\/\/paracherkaoui.ma\/wp-content\/uploads\/2025\/12\/roge-cavailles-roge-cavailles-soin-lavant-lintime-petite-fille-250-ml-toilette-intime.jpg","contentUrl":"https:\/\/paracherkaoui.ma\/wp-content\/uploads\/2025\/12\/roge-cavailles-roge-cavailles-soin-lavant-lintime-petite-fille-250-ml-toilette-intime.jpg","width":700,"height":700},{"@type":"BreadcrumbList","@id":"https:\/\/paracherkaoui.ma\/index.php\/produit\/roge-cavailles-soin-lavant-lintime-petite-fille-250-ml-2\/#breadcrumb","itemListElement":[{"@type":"ListItem","position":1,"name":"Accueil","item":"https:\/\/paracherkaoui.ma\/"},{"@type":"ListItem","position":2,"name":"Boutique","item":"https:\/\/paracherkaoui.ma\/index.php\/boutique\/"},{"@type":"ListItem","position":3,"name":"ROGE CAVAILLES SOIN LAVANT L&rsquo;INTIME PETITE FILLE 250 ML"}]},{"@type":"WebSite","@id":"https:\/\/paracherkaoui.ma\/#website","url":"https:\/\/paracherkaoui.ma\/","name":"Paracherkaoui.ma","description":"Achetez en ligne sur Paracherkaoui.ma","potentialAction":[{"@type":"SearchAction","target":{"@type":"EntryPoint","urlTemplate":"https:\/\/paracherkaoui.ma\/?s={search_term_string}"},"query-input":{"@type":"PropertyValueSpecification","valueRequired":true,"valueName":"search_term_string"}}],"inLanguage":"fr-FR"}]}},"_links":{"self":[{"href":"https:\/\/paracherkaoui.ma\/index.php\/wp-json\/wp\/v2\/product\/37068","targetHints":{"allow":["GET"]}}],"collection":[{"href":"https:\/\/paracherkaoui.ma\/index.php\/wp-json\/wp\/v2\/product"}],"about":[{"href":"https:\/\/paracherkaoui.ma\/index.php\/wp-json\/wp\/v2\/types\/product"}],"replies":[{"embeddable":true,"href":"https:\/\/paracherkaoui.ma\/index.php\/wp-json\/wp\/v2\/comments?post=37068"}],"version-history":[{"count":1,"href":"https:\/\/paracherkaoui.ma\/index.php\/wp-json\/wp\/v2\/product\/37068\/revisions"}],"predecessor-version":[{"id":37099,"href":"https:\/\/paracherkaoui.ma\/index.php\/wp-json\/wp\/v2\/product\/37068\/revisions\/37099"}],"wp:featuredmedia":[{"embeddable":true,"href":"https:\/\/paracherkaoui.ma\/index.php\/wp-json\/wp\/v2\/media\/36406"}],"wp:attachment":[{"href":"https:\/\/paracherkaoui.ma\/index.php\/wp-json\/wp\/v2\/media?parent=37068"}],"wp:term":[{"taxonomy":"product_brand","embeddable":true,"href":"https:\/\/paracherkaoui.ma\/index.php\/wp-json\/wp\/v2\/product_brand?post=37068"},{"taxonomy":"product_cat","embeddable":true,"href":"https:\/\/paracherkaoui.ma\/index.php\/wp-json\/wp\/v2\/product_cat?post=37068"},{"taxonomy":"product_tag","embeddable":true,"href":"https:\/\/paracherkaoui.ma\/index.php\/wp-json\/wp\/v2\/product_tag?post=37068"}],"curies":[{"name":"wp","href":"https:\/\/api.w.org\/{rel}","templated":true}]}}