{"id":37067,"date":"2025-12-12T18:57:25","date_gmt":"2025-12-12T17:57:25","guid":{"rendered":"https:\/\/test.ecbeaute.com\/?post_type=product&#038;p=37067"},"modified":"2025-12-12T18:57:27","modified_gmt":"2025-12-12T17:57:27","slug":"sedasteril-creme-lavante-anti-bacterien-125-ml","status":"publish","type":"product","link":"https:\/\/paracherkaoui.ma\/index.php\/produit\/sedasteril-creme-lavante-anti-bacterien-125-ml\/","title":{"rendered":"SEDASTERIL + CREME LAVANTE ANTI BACTERIEN 125 ML"},"content":{"rendered":"<p>Ce soin nettoyant va au-del\u00e0 de l&rsquo;hygi\u00e8ne intime en r\u00e9pondant aux besoins des peaux acn\u00e9iques, irrit\u00e9es et intol\u00e9rantes aux savons. Il agit comme un adjuvant des traitements pour les affections anales telles que les h\u00e9morro\u00efdes et les fissures, procurant une sensation de fra\u00eecheur et de confort apr\u00e8s chaque utilisation. Gr\u00e2ce \u00e0 sa texture cr\u00e9meuse, elle est facile \u00e0 appliquer et procure un nettoyage en profondeur tout en respectant l&rsquo;\u00e9quilibre naturel de la peau.<br \/>\nLa SEDASTERIL Cr\u00e8me Lavante est \u00e9galement id\u00e9ale en soin compl\u00e9mentaire pour les dermites du si\u00e8ge chez le b\u00e9b\u00e9 ou pour les affections cutan\u00e9es fongiques, offrant ainsi une action apaisante et une protection durable. En usage quotidien, elle aide \u00e0 pr\u00e9server la douceur et la sant\u00e9 de la peau, m\u00eame dans les zones les plus sensibles. Que ce soit pour l&rsquo;hygi\u00e8ne intime ou pour le soin des peaux \u00e0 probl\u00e8mes, cette cr\u00e8me lavante se positionne comme une alli\u00e9e polyvalente pour toute la famille.<br \/>\nConseils d&rsquo;utilisation<br \/>\nAppliquez une petite quantit\u00e9 de cr\u00e8me sur la zone concern\u00e9e.<br \/>\nMassez d\u00e9licatement pour une r\u00e9partition uniforme.<br \/>\nRincez abondamment \u00e0 l\u2019eau ti\u00e8de.<br \/>\nPour une hygi\u00e8ne quotidienne, utilisez chaque jour.<br \/>\nEn cas de soins sp\u00e9cifiques (affections vulvaires, fissures anales, dermites), suivez les conseils de votre professionnel de sant\u00e9.<br \/>\nPour les affections bact\u00e9riennes ou fongiques, appliquez r\u00e9guli\u00e8rement selon les indications.<\/p>\n","protected":false},"excerpt":{"rendered":"<p>Ce soin nettoyant va au-del\u00e0 de l&rsquo;hygi\u00e8ne intime en r\u00e9pondant aux besoins des peaux acn\u00e9iques, irrit\u00e9es et intol\u00e9rantes aux savons.<\/p>\n","protected":false},"featured_media":37097,"comment_status":"open","ping_status":"closed","template":"","meta":[],"product_brand":[636],"product_cat":[656],"product_tag":[],"class_list":{"0":"post-37067","1":"product","2":"type-product","3":"status-publish","4":"has-post-thumbnail","6":"product_brand-sedasteril","7":"product_cat-toilette-intime","9":"first","10":"instock","11":"sale","12":"shipping-taxable","13":"purchasable","14":"product-type-simple"},"yoast_head":"<!-- This site is optimized with the Yoast SEO plugin v26.6 - https:\/\/yoast.com\/wordpress\/plugins\/seo\/ -->\r\n<title>SEDASTERIL + CREME LAVANTE ANTI BACTERIEN 125 ML - Paracherkaoui.ma<\/title>\r\n<meta name=\"robots\" content=\"index, follow, max-snippet:-1, max-image-preview:large, max-video-preview:-1\" \/>\r\n<link rel=\"canonical\" href=\"https:\/\/paracherkaoui.ma\/index.php\/produit\/sedasteril-creme-lavante-anti-bacterien-125-ml\/\" \/>\r\n<meta property=\"og:locale\" content=\"fr_FR\" \/>\r\n<meta property=\"og:type\" content=\"article\" \/>\r\n<meta property=\"og:title\" content=\"SEDASTERIL + CREME LAVANTE ANTI BACTERIEN 125 ML - Paracherkaoui.ma\" \/>\r\n<meta property=\"og:description\" content=\"Ce soin nettoyant va au-del\u00e0 de l&rsquo;hygi\u00e8ne intime en r\u00e9pondant aux besoins des peaux acn\u00e9iques, irrit\u00e9es et intol\u00e9rantes aux savons.\" \/>\r\n<meta property=\"og:url\" content=\"https:\/\/paracherkaoui.ma\/index.php\/produit\/sedasteril-creme-lavante-anti-bacterien-125-ml\/\" \/>\r\n<meta property=\"og:site_name\" content=\"Paracherkaoui.ma\" \/>\r\n<meta property=\"article:modified_time\" content=\"2025-12-12T17:57:27+00:00\" \/>\r\n<meta property=\"og:image\" content=\"https:\/\/paracherkaoui.ma\/wp-content\/uploads\/2025\/12\/sedasteril-sedasteril-creme-lavante-anti-bacterien-125-ml-toilette-intime.jpg\" \/>\r\n\t<meta property=\"og:image:width\" content=\"700\" \/>\r\n\t<meta property=\"og:image:height\" content=\"700\" \/>\r\n\t<meta property=\"og:image:type\" content=\"image\/jpeg\" \/>\r\n<meta name=\"twitter:card\" content=\"summary_large_image\" \/>\r\n<meta name=\"twitter:label1\" content=\"Dur\u00e9e de lecture estim\u00e9e\" \/>\n\t<meta name=\"twitter:data1\" content=\"1 minute\" \/>\r\n<script type=\"application\/ld+json\" class=\"yoast-schema-graph\">{\"@context\":\"https:\/\/schema.org\",\"@graph\":[{\"@type\":\"WebPage\",\"@id\":\"https:\/\/paracherkaoui.ma\/index.php\/produit\/sedasteril-creme-lavante-anti-bacterien-125-ml\/\",\"url\":\"https:\/\/paracherkaoui.ma\/index.php\/produit\/sedasteril-creme-lavante-anti-bacterien-125-ml\/\",\"name\":\"SEDASTERIL + CREME LAVANTE ANTI BACTERIEN 125 ML - Paracherkaoui.ma\",\"isPartOf\":{\"@id\":\"https:\/\/paracherkaoui.ma\/#website\"},\"primaryImageOfPage\":{\"@id\":\"https:\/\/paracherkaoui.ma\/index.php\/produit\/sedasteril-creme-lavante-anti-bacterien-125-ml\/#primaryimage\"},\"image\":{\"@id\":\"https:\/\/paracherkaoui.ma\/index.php\/produit\/sedasteril-creme-lavante-anti-bacterien-125-ml\/#primaryimage\"},\"thumbnailUrl\":\"https:\/\/paracherkaoui.ma\/wp-content\/uploads\/2025\/12\/sedasteril-sedasteril-creme-lavante-anti-bacterien-125-ml-toilette-intime.jpg\",\"datePublished\":\"2025-12-12T17:57:25+00:00\",\"dateModified\":\"2025-12-12T17:57:27+00:00\",\"breadcrumb\":{\"@id\":\"https:\/\/paracherkaoui.ma\/index.php\/produit\/sedasteril-creme-lavante-anti-bacterien-125-ml\/#breadcrumb\"},\"inLanguage\":\"fr-FR\",\"potentialAction\":[{\"@type\":\"ReadAction\",\"target\":[\"https:\/\/paracherkaoui.ma\/index.php\/produit\/sedasteril-creme-lavante-anti-bacterien-125-ml\/\"]}]},{\"@type\":\"ImageObject\",\"inLanguage\":\"fr-FR\",\"@id\":\"https:\/\/paracherkaoui.ma\/index.php\/produit\/sedasteril-creme-lavante-anti-bacterien-125-ml\/#primaryimage\",\"url\":\"https:\/\/paracherkaoui.ma\/wp-content\/uploads\/2025\/12\/sedasteril-sedasteril-creme-lavante-anti-bacterien-125-ml-toilette-intime.jpg\",\"contentUrl\":\"https:\/\/paracherkaoui.ma\/wp-content\/uploads\/2025\/12\/sedasteril-sedasteril-creme-lavante-anti-bacterien-125-ml-toilette-intime.jpg\",\"width\":700,\"height\":700},{\"@type\":\"BreadcrumbList\",\"@id\":\"https:\/\/paracherkaoui.ma\/index.php\/produit\/sedasteril-creme-lavante-anti-bacterien-125-ml\/#breadcrumb\",\"itemListElement\":[{\"@type\":\"ListItem\",\"position\":1,\"name\":\"Accueil\",\"item\":\"https:\/\/paracherkaoui.ma\/\"},{\"@type\":\"ListItem\",\"position\":2,\"name\":\"Boutique\",\"item\":\"https:\/\/paracherkaoui.ma\/index.php\/boutique\/\"},{\"@type\":\"ListItem\",\"position\":3,\"name\":\"SEDASTERIL + CREME LAVANTE ANTI BACTERIEN 125 ML\"}]},{\"@type\":\"WebSite\",\"@id\":\"https:\/\/paracherkaoui.ma\/#website\",\"url\":\"https:\/\/paracherkaoui.ma\/\",\"name\":\"Paracherkaoui.ma\",\"description\":\"Achetez en ligne sur Paracherkaoui.ma\",\"potentialAction\":[{\"@type\":\"SearchAction\",\"target\":{\"@type\":\"EntryPoint\",\"urlTemplate\":\"https:\/\/paracherkaoui.ma\/?s={search_term_string}\"},\"query-input\":{\"@type\":\"PropertyValueSpecification\",\"valueRequired\":true,\"valueName\":\"search_term_string\"}}],\"inLanguage\":\"fr-FR\"}]}<\/script>\r\n<!-- \/ Yoast SEO plugin. -->","yoast_head_json":{"title":"SEDASTERIL + CREME LAVANTE ANTI BACTERIEN 125 ML - Paracherkaoui.ma","robots":{"index":"index","follow":"follow","max-snippet":"max-snippet:-1","max-image-preview":"max-image-preview:large","max-video-preview":"max-video-preview:-1"},"canonical":"https:\/\/paracherkaoui.ma\/index.php\/produit\/sedasteril-creme-lavante-anti-bacterien-125-ml\/","og_locale":"fr_FR","og_type":"article","og_title":"SEDASTERIL + CREME LAVANTE ANTI BACTERIEN 125 ML - Paracherkaoui.ma","og_description":"Ce soin nettoyant va au-del\u00e0 de l&rsquo;hygi\u00e8ne intime en r\u00e9pondant aux besoins des peaux acn\u00e9iques, irrit\u00e9es et intol\u00e9rantes aux savons.","og_url":"https:\/\/paracherkaoui.ma\/index.php\/produit\/sedasteril-creme-lavante-anti-bacterien-125-ml\/","og_site_name":"Paracherkaoui.ma","article_modified_time":"2025-12-12T17:57:27+00:00","og_image":[{"width":700,"height":700,"url":"https:\/\/paracherkaoui.ma\/wp-content\/uploads\/2025\/12\/sedasteril-sedasteril-creme-lavante-anti-bacterien-125-ml-toilette-intime.jpg","type":"image\/jpeg"}],"twitter_card":"summary_large_image","twitter_misc":{"Dur\u00e9e de lecture estim\u00e9e":"1 minute"},"schema":{"@context":"https:\/\/schema.org","@graph":[{"@type":"WebPage","@id":"https:\/\/paracherkaoui.ma\/index.php\/produit\/sedasteril-creme-lavante-anti-bacterien-125-ml\/","url":"https:\/\/paracherkaoui.ma\/index.php\/produit\/sedasteril-creme-lavante-anti-bacterien-125-ml\/","name":"SEDASTERIL + CREME LAVANTE ANTI BACTERIEN 125 ML - Paracherkaoui.ma","isPartOf":{"@id":"https:\/\/paracherkaoui.ma\/#website"},"primaryImageOfPage":{"@id":"https:\/\/paracherkaoui.ma\/index.php\/produit\/sedasteril-creme-lavante-anti-bacterien-125-ml\/#primaryimage"},"image":{"@id":"https:\/\/paracherkaoui.ma\/index.php\/produit\/sedasteril-creme-lavante-anti-bacterien-125-ml\/#primaryimage"},"thumbnailUrl":"https:\/\/paracherkaoui.ma\/wp-content\/uploads\/2025\/12\/sedasteril-sedasteril-creme-lavante-anti-bacterien-125-ml-toilette-intime.jpg","datePublished":"2025-12-12T17:57:25+00:00","dateModified":"2025-12-12T17:57:27+00:00","breadcrumb":{"@id":"https:\/\/paracherkaoui.ma\/index.php\/produit\/sedasteril-creme-lavante-anti-bacterien-125-ml\/#breadcrumb"},"inLanguage":"fr-FR","potentialAction":[{"@type":"ReadAction","target":["https:\/\/paracherkaoui.ma\/index.php\/produit\/sedasteril-creme-lavante-anti-bacterien-125-ml\/"]}]},{"@type":"ImageObject","inLanguage":"fr-FR","@id":"https:\/\/paracherkaoui.ma\/index.php\/produit\/sedasteril-creme-lavante-anti-bacterien-125-ml\/#primaryimage","url":"https:\/\/paracherkaoui.ma\/wp-content\/uploads\/2025\/12\/sedasteril-sedasteril-creme-lavante-anti-bacterien-125-ml-toilette-intime.jpg","contentUrl":"https:\/\/paracherkaoui.ma\/wp-content\/uploads\/2025\/12\/sedasteril-sedasteril-creme-lavante-anti-bacterien-125-ml-toilette-intime.jpg","width":700,"height":700},{"@type":"BreadcrumbList","@id":"https:\/\/paracherkaoui.ma\/index.php\/produit\/sedasteril-creme-lavante-anti-bacterien-125-ml\/#breadcrumb","itemListElement":[{"@type":"ListItem","position":1,"name":"Accueil","item":"https:\/\/paracherkaoui.ma\/"},{"@type":"ListItem","position":2,"name":"Boutique","item":"https:\/\/paracherkaoui.ma\/index.php\/boutique\/"},{"@type":"ListItem","position":3,"name":"SEDASTERIL + CREME LAVANTE ANTI BACTERIEN 125 ML"}]},{"@type":"WebSite","@id":"https:\/\/paracherkaoui.ma\/#website","url":"https:\/\/paracherkaoui.ma\/","name":"Paracherkaoui.ma","description":"Achetez en ligne sur Paracherkaoui.ma","potentialAction":[{"@type":"SearchAction","target":{"@type":"EntryPoint","urlTemplate":"https:\/\/paracherkaoui.ma\/?s={search_term_string}"},"query-input":{"@type":"PropertyValueSpecification","valueRequired":true,"valueName":"search_term_string"}}],"inLanguage":"fr-FR"}]}},"_links":{"self":[{"href":"https:\/\/paracherkaoui.ma\/index.php\/wp-json\/wp\/v2\/product\/37067","targetHints":{"allow":["GET"]}}],"collection":[{"href":"https:\/\/paracherkaoui.ma\/index.php\/wp-json\/wp\/v2\/product"}],"about":[{"href":"https:\/\/paracherkaoui.ma\/index.php\/wp-json\/wp\/v2\/types\/product"}],"replies":[{"embeddable":true,"href":"https:\/\/paracherkaoui.ma\/index.php\/wp-json\/wp\/v2\/comments?post=37067"}],"version-history":[{"count":1,"href":"https:\/\/paracherkaoui.ma\/index.php\/wp-json\/wp\/v2\/product\/37067\/revisions"}],"predecessor-version":[{"id":37098,"href":"https:\/\/paracherkaoui.ma\/index.php\/wp-json\/wp\/v2\/product\/37067\/revisions\/37098"}],"wp:featuredmedia":[{"embeddable":true,"href":"https:\/\/paracherkaoui.ma\/index.php\/wp-json\/wp\/v2\/media\/37097"}],"wp:attachment":[{"href":"https:\/\/paracherkaoui.ma\/index.php\/wp-json\/wp\/v2\/media?parent=37067"}],"wp:term":[{"taxonomy":"product_brand","embeddable":true,"href":"https:\/\/paracherkaoui.ma\/index.php\/wp-json\/wp\/v2\/product_brand?post=37067"},{"taxonomy":"product_cat","embeddable":true,"href":"https:\/\/paracherkaoui.ma\/index.php\/wp-json\/wp\/v2\/product_cat?post=37067"},{"taxonomy":"product_tag","embeddable":true,"href":"https:\/\/paracherkaoui.ma\/index.php\/wp-json\/wp\/v2\/product_tag?post=37067"}],"curies":[{"name":"wp","href":"https:\/\/api.w.org\/{rel}","templated":true}]}}