{"id":37020,"date":"2025-12-12T18:57:19","date_gmt":"2025-12-12T17:57:19","guid":{"rendered":"https:\/\/test.ecbeaute.com\/?post_type=product&#038;p=37020"},"modified":"2025-12-12T18:57:24","modified_gmt":"2025-12-12T17:57:24","slug":"puressentiel-hygiene-intime-lingettes-intimes-25-unites-2","status":"publish","type":"product","link":"https:\/\/paracherkaoui.ma\/index.php\/produit\/puressentiel-hygiene-intime-lingettes-intimes-25-unites-2\/","title":{"rendered":"PURESSENTIEL HYGIENE INTIME LINGETTES INTIMES 25 UNITES"},"content":{"rendered":"<p>Les lingettes intimes vous permettront de nettoyer en douceur et de rafraichir efficacement les muqueuses et les peaux sensibles. Gr\u00e2ce \u00e0 leur format pratique, compacte et nomade, qui vous permet de les emporter partout (d\u00e9placements, sport, rendez-vous m\u00e9dical, rapport sexuel, &#8230;), assurez votre confort intime o\u00f9 que vous soyez. Ces lingettes intimes ont \u00e9t\u00e9 con\u00e7ues pour r\u00e9pondre autant aux besoins des femmes que des hommes.<br \/>\nLeur formule aux extraits d&rsquo;Alo\u00e9 Vera, de Calendula et d&rsquo;huile v\u00e9g\u00e9tale d&rsquo;Amande douce, reconnus pour leurs effets apaisants, est enrichie de 3 hydrolats naturellement rafra\u00eechissants. Elle calme les sensations d&rsquo;inconfort et apporte une hydratation longue dur\u00e9e. Elles vous aideront \u00e0 limiter les odeurs intimes d\u00e9sagr\u00e9ables tout en pr\u00e9servant et respectant l&rsquo;\u00e9quilibre de la flore de la zone intime gr\u00e2ce \u00e0 leur pH physiologique. Ce produit convient aux enfants \u00e0 partir de 3 ans.<\/p>\n<p>Contient 25 lingettes &#8211; Coton BIO &#8211; 100% compostable &#8211; Sans alcool ni savon &#8211; Test\u00e9es sous contr\u00f4le gyn\u00e9cologique.<\/p>\n","protected":false},"excerpt":{"rendered":"<p>Les lingettes intimes vous permettront de nettoyer en douceur et de rafraichir efficacement les muqueuses et les peaux sensibles. Gr\u00e2ce<\/p>\n","protected":false},"featured_media":36696,"comment_status":"open","ping_status":"closed","template":"","meta":[],"product_brand":[204],"product_cat":[655],"product_tag":[],"class_list":{"0":"post-37020","1":"product","2":"type-product","3":"status-publish","4":"has-post-thumbnail","6":"product_brand-puressentiel","7":"product_cat-lingettes","9":"first","10":"instock","11":"sale","12":"shipping-taxable","13":"purchasable","14":"product-type-simple"},"yoast_head":"<!-- This site is optimized with the Yoast SEO plugin v26.6 - https:\/\/yoast.com\/wordpress\/plugins\/seo\/ -->\r\n<title>PURESSENTIEL HYGIENE INTIME LINGETTES INTIMES 25 UNITES - Paracherkaoui.ma<\/title>\r\n<meta name=\"robots\" content=\"index, follow, max-snippet:-1, max-image-preview:large, max-video-preview:-1\" \/>\r\n<link rel=\"canonical\" href=\"https:\/\/paracherkaoui.ma\/index.php\/produit\/puressentiel-hygiene-intime-lingettes-intimes-25-unites-2\/\" \/>\r\n<meta property=\"og:locale\" content=\"fr_FR\" \/>\r\n<meta property=\"og:type\" content=\"article\" \/>\r\n<meta property=\"og:title\" content=\"PURESSENTIEL HYGIENE INTIME LINGETTES INTIMES 25 UNITES - Paracherkaoui.ma\" \/>\r\n<meta property=\"og:description\" content=\"Les lingettes intimes vous permettront de nettoyer en douceur et de rafraichir efficacement les muqueuses et les peaux sensibles. Gr\u00e2ce\" \/>\r\n<meta property=\"og:url\" content=\"https:\/\/paracherkaoui.ma\/index.php\/produit\/puressentiel-hygiene-intime-lingettes-intimes-25-unites-2\/\" \/>\r\n<meta property=\"og:site_name\" content=\"Paracherkaoui.ma\" \/>\r\n<meta property=\"article:modified_time\" content=\"2025-12-12T17:57:24+00:00\" \/>\r\n<meta property=\"og:image\" content=\"https:\/\/paracherkaoui.ma\/wp-content\/uploads\/2025\/12\/puressentiel-puressentiel-hygiene-intime-lingettes-intimes-25-unites-lingettes.jpg\" \/>\r\n\t<meta property=\"og:image:width\" content=\"700\" \/>\r\n\t<meta property=\"og:image:height\" content=\"700\" \/>\r\n\t<meta property=\"og:image:type\" content=\"image\/jpeg\" \/>\r\n<meta name=\"twitter:card\" content=\"summary_large_image\" \/>\r\n<meta name=\"twitter:label1\" content=\"Dur\u00e9e de lecture estim\u00e9e\" \/>\n\t<meta name=\"twitter:data1\" content=\"1 minute\" \/>\r\n<script type=\"application\/ld+json\" class=\"yoast-schema-graph\">{\"@context\":\"https:\/\/schema.org\",\"@graph\":[{\"@type\":\"WebPage\",\"@id\":\"https:\/\/paracherkaoui.ma\/index.php\/produit\/puressentiel-hygiene-intime-lingettes-intimes-25-unites-2\/\",\"url\":\"https:\/\/paracherkaoui.ma\/index.php\/produit\/puressentiel-hygiene-intime-lingettes-intimes-25-unites-2\/\",\"name\":\"PURESSENTIEL HYGIENE INTIME LINGETTES INTIMES 25 UNITES - Paracherkaoui.ma\",\"isPartOf\":{\"@id\":\"https:\/\/paracherkaoui.ma\/#website\"},\"primaryImageOfPage\":{\"@id\":\"https:\/\/paracherkaoui.ma\/index.php\/produit\/puressentiel-hygiene-intime-lingettes-intimes-25-unites-2\/#primaryimage\"},\"image\":{\"@id\":\"https:\/\/paracherkaoui.ma\/index.php\/produit\/puressentiel-hygiene-intime-lingettes-intimes-25-unites-2\/#primaryimage\"},\"thumbnailUrl\":\"https:\/\/paracherkaoui.ma\/wp-content\/uploads\/2025\/12\/puressentiel-puressentiel-hygiene-intime-lingettes-intimes-25-unites-lingettes.jpg\",\"datePublished\":\"2025-12-12T17:57:19+00:00\",\"dateModified\":\"2025-12-12T17:57:24+00:00\",\"breadcrumb\":{\"@id\":\"https:\/\/paracherkaoui.ma\/index.php\/produit\/puressentiel-hygiene-intime-lingettes-intimes-25-unites-2\/#breadcrumb\"},\"inLanguage\":\"fr-FR\",\"potentialAction\":[{\"@type\":\"ReadAction\",\"target\":[\"https:\/\/paracherkaoui.ma\/index.php\/produit\/puressentiel-hygiene-intime-lingettes-intimes-25-unites-2\/\"]}]},{\"@type\":\"ImageObject\",\"inLanguage\":\"fr-FR\",\"@id\":\"https:\/\/paracherkaoui.ma\/index.php\/produit\/puressentiel-hygiene-intime-lingettes-intimes-25-unites-2\/#primaryimage\",\"url\":\"https:\/\/paracherkaoui.ma\/wp-content\/uploads\/2025\/12\/puressentiel-puressentiel-hygiene-intime-lingettes-intimes-25-unites-lingettes.jpg\",\"contentUrl\":\"https:\/\/paracherkaoui.ma\/wp-content\/uploads\/2025\/12\/puressentiel-puressentiel-hygiene-intime-lingettes-intimes-25-unites-lingettes.jpg\",\"width\":700,\"height\":700},{\"@type\":\"BreadcrumbList\",\"@id\":\"https:\/\/paracherkaoui.ma\/index.php\/produit\/puressentiel-hygiene-intime-lingettes-intimes-25-unites-2\/#breadcrumb\",\"itemListElement\":[{\"@type\":\"ListItem\",\"position\":1,\"name\":\"Accueil\",\"item\":\"https:\/\/paracherkaoui.ma\/\"},{\"@type\":\"ListItem\",\"position\":2,\"name\":\"Boutique\",\"item\":\"https:\/\/paracherkaoui.ma\/index.php\/boutique\/\"},{\"@type\":\"ListItem\",\"position\":3,\"name\":\"PURESSENTIEL HYGIENE INTIME LINGETTES INTIMES 25 UNITES\"}]},{\"@type\":\"WebSite\",\"@id\":\"https:\/\/paracherkaoui.ma\/#website\",\"url\":\"https:\/\/paracherkaoui.ma\/\",\"name\":\"Paracherkaoui.ma\",\"description\":\"Achetez en ligne sur Paracherkaoui.ma\",\"potentialAction\":[{\"@type\":\"SearchAction\",\"target\":{\"@type\":\"EntryPoint\",\"urlTemplate\":\"https:\/\/paracherkaoui.ma\/?s={search_term_string}\"},\"query-input\":{\"@type\":\"PropertyValueSpecification\",\"valueRequired\":true,\"valueName\":\"search_term_string\"}}],\"inLanguage\":\"fr-FR\"}]}<\/script>\r\n<!-- \/ Yoast SEO plugin. -->","yoast_head_json":{"title":"PURESSENTIEL HYGIENE INTIME LINGETTES INTIMES 25 UNITES - Paracherkaoui.ma","robots":{"index":"index","follow":"follow","max-snippet":"max-snippet:-1","max-image-preview":"max-image-preview:large","max-video-preview":"max-video-preview:-1"},"canonical":"https:\/\/paracherkaoui.ma\/index.php\/produit\/puressentiel-hygiene-intime-lingettes-intimes-25-unites-2\/","og_locale":"fr_FR","og_type":"article","og_title":"PURESSENTIEL HYGIENE INTIME LINGETTES INTIMES 25 UNITES - Paracherkaoui.ma","og_description":"Les lingettes intimes vous permettront de nettoyer en douceur et de rafraichir efficacement les muqueuses et les peaux sensibles. Gr\u00e2ce","og_url":"https:\/\/paracherkaoui.ma\/index.php\/produit\/puressentiel-hygiene-intime-lingettes-intimes-25-unites-2\/","og_site_name":"Paracherkaoui.ma","article_modified_time":"2025-12-12T17:57:24+00:00","og_image":[{"width":700,"height":700,"url":"https:\/\/paracherkaoui.ma\/wp-content\/uploads\/2025\/12\/puressentiel-puressentiel-hygiene-intime-lingettes-intimes-25-unites-lingettes.jpg","type":"image\/jpeg"}],"twitter_card":"summary_large_image","twitter_misc":{"Dur\u00e9e de lecture estim\u00e9e":"1 minute"},"schema":{"@context":"https:\/\/schema.org","@graph":[{"@type":"WebPage","@id":"https:\/\/paracherkaoui.ma\/index.php\/produit\/puressentiel-hygiene-intime-lingettes-intimes-25-unites-2\/","url":"https:\/\/paracherkaoui.ma\/index.php\/produit\/puressentiel-hygiene-intime-lingettes-intimes-25-unites-2\/","name":"PURESSENTIEL HYGIENE INTIME LINGETTES INTIMES 25 UNITES - Paracherkaoui.ma","isPartOf":{"@id":"https:\/\/paracherkaoui.ma\/#website"},"primaryImageOfPage":{"@id":"https:\/\/paracherkaoui.ma\/index.php\/produit\/puressentiel-hygiene-intime-lingettes-intimes-25-unites-2\/#primaryimage"},"image":{"@id":"https:\/\/paracherkaoui.ma\/index.php\/produit\/puressentiel-hygiene-intime-lingettes-intimes-25-unites-2\/#primaryimage"},"thumbnailUrl":"https:\/\/paracherkaoui.ma\/wp-content\/uploads\/2025\/12\/puressentiel-puressentiel-hygiene-intime-lingettes-intimes-25-unites-lingettes.jpg","datePublished":"2025-12-12T17:57:19+00:00","dateModified":"2025-12-12T17:57:24+00:00","breadcrumb":{"@id":"https:\/\/paracherkaoui.ma\/index.php\/produit\/puressentiel-hygiene-intime-lingettes-intimes-25-unites-2\/#breadcrumb"},"inLanguage":"fr-FR","potentialAction":[{"@type":"ReadAction","target":["https:\/\/paracherkaoui.ma\/index.php\/produit\/puressentiel-hygiene-intime-lingettes-intimes-25-unites-2\/"]}]},{"@type":"ImageObject","inLanguage":"fr-FR","@id":"https:\/\/paracherkaoui.ma\/index.php\/produit\/puressentiel-hygiene-intime-lingettes-intimes-25-unites-2\/#primaryimage","url":"https:\/\/paracherkaoui.ma\/wp-content\/uploads\/2025\/12\/puressentiel-puressentiel-hygiene-intime-lingettes-intimes-25-unites-lingettes.jpg","contentUrl":"https:\/\/paracherkaoui.ma\/wp-content\/uploads\/2025\/12\/puressentiel-puressentiel-hygiene-intime-lingettes-intimes-25-unites-lingettes.jpg","width":700,"height":700},{"@type":"BreadcrumbList","@id":"https:\/\/paracherkaoui.ma\/index.php\/produit\/puressentiel-hygiene-intime-lingettes-intimes-25-unites-2\/#breadcrumb","itemListElement":[{"@type":"ListItem","position":1,"name":"Accueil","item":"https:\/\/paracherkaoui.ma\/"},{"@type":"ListItem","position":2,"name":"Boutique","item":"https:\/\/paracherkaoui.ma\/index.php\/boutique\/"},{"@type":"ListItem","position":3,"name":"PURESSENTIEL HYGIENE INTIME LINGETTES INTIMES 25 UNITES"}]},{"@type":"WebSite","@id":"https:\/\/paracherkaoui.ma\/#website","url":"https:\/\/paracherkaoui.ma\/","name":"Paracherkaoui.ma","description":"Achetez en ligne sur Paracherkaoui.ma","potentialAction":[{"@type":"SearchAction","target":{"@type":"EntryPoint","urlTemplate":"https:\/\/paracherkaoui.ma\/?s={search_term_string}"},"query-input":{"@type":"PropertyValueSpecification","valueRequired":true,"valueName":"search_term_string"}}],"inLanguage":"fr-FR"}]}},"_links":{"self":[{"href":"https:\/\/paracherkaoui.ma\/index.php\/wp-json\/wp\/v2\/product\/37020","targetHints":{"allow":["GET"]}}],"collection":[{"href":"https:\/\/paracherkaoui.ma\/index.php\/wp-json\/wp\/v2\/product"}],"about":[{"href":"https:\/\/paracherkaoui.ma\/index.php\/wp-json\/wp\/v2\/types\/product"}],"replies":[{"embeddable":true,"href":"https:\/\/paracherkaoui.ma\/index.php\/wp-json\/wp\/v2\/comments?post=37020"}],"version-history":[{"count":1,"href":"https:\/\/paracherkaoui.ma\/index.php\/wp-json\/wp\/v2\/product\/37020\/revisions"}],"predecessor-version":[{"id":37059,"href":"https:\/\/paracherkaoui.ma\/index.php\/wp-json\/wp\/v2\/product\/37020\/revisions\/37059"}],"wp:featuredmedia":[{"embeddable":true,"href":"https:\/\/paracherkaoui.ma\/index.php\/wp-json\/wp\/v2\/media\/36696"}],"wp:attachment":[{"href":"https:\/\/paracherkaoui.ma\/index.php\/wp-json\/wp\/v2\/media?parent=37020"}],"wp:term":[{"taxonomy":"product_brand","embeddable":true,"href":"https:\/\/paracherkaoui.ma\/index.php\/wp-json\/wp\/v2\/product_brand?post=37020"},{"taxonomy":"product_cat","embeddable":true,"href":"https:\/\/paracherkaoui.ma\/index.php\/wp-json\/wp\/v2\/product_cat?post=37020"},{"taxonomy":"product_tag","embeddable":true,"href":"https:\/\/paracherkaoui.ma\/index.php\/wp-json\/wp\/v2\/product_tag?post=37020"}],"curies":[{"name":"wp","href":"https:\/\/api.w.org\/{rel}","templated":true}]}}