{"id":37008,"date":"2025-12-12T18:57:18","date_gmt":"2025-12-12T17:57:18","guid":{"rendered":"https:\/\/test.ecbeaute.com\/?post_type=product&#038;p=37008"},"modified":"2025-12-12T18:57:22","modified_gmt":"2025-12-12T17:57:22","slug":"hartmann-molicare-premium-change-adulte-elastic-7g-nuit-2","status":"publish","type":"product","link":"https:\/\/paracherkaoui.ma\/index.php\/produit\/hartmann-molicare-premium-change-adulte-elastic-7g-nuit-2\/","title":{"rendered":"HARTMANN MOLICARE PREMIUM CHANGE ADULTE ELASTIC 7G NUIT"},"content":{"rendered":"<p>MoliCare Premium Elastic HARTMANN est un change complet avec ailes \u00e9lastiqu\u00e9es.<br \/>\nIl est constitu\u00e9 d\u2019un triple coussin absorbant \u00ab Dry Plus \u00bb qui assure une diffusion tr\u00e8s rapide de l\u2019urine, pour un effet garde au sec imm\u00e9diat et une neutralisation des odeurs.<br \/>\nIl poss\u00e8de des barri\u00e8res f\u00e9cales anti-fuites hydrophobes et int\u00e9grales. La forme anatomique du coussin absorbant extra large et les 2 attaches multi-repositionnables extra larges facilitent la pose du produit. Le voile externe en nontiss\u00e9 intraversable, ultra doux et souple au toucher textile procure davantage de confort.<br \/>\nUn indicateur d\u2019humidit\u00e9 indique le degr\u00e9 de saturation du change<br \/>\nAvantages du produit :<br \/>\nConfortable \u00a0gr\u00e2ce \u00e0 son effet gainant.<br \/>\nFacile \u00e0 utiliser gr\u00e2ce \u00e0 ses 2 ailes \u00e9lastiqu\u00e9es et ses 2 adh\u00e9sifs.<br \/>\nRapide \u00e0 poser\u00a0avec 2 fois moins de gestes pour l\u2019aidant.<br \/>\nComposition :<br \/>\nUn nontiss\u00e9 externe hydrophile recouvre la zone absorbante.<br \/>\nUn nontiss\u00e9 hydrophobe, dans lequel sont ins\u00e9r\u00e9s les \u00e9lastiques faisant office de barri\u00e8res f\u00e9cales anti-fuites, incurv\u00e9es et int\u00e9grales.<br \/>\nUn coussin absorbant constitu\u00e9 de cellulose d\u00e9fibr\u00e9e, de superabsorbant et d\u2019un coussin diffuseur garantissant une diffusion rapide des urines et un effet garde au sec.<br \/>\nUn voile externe intraversable en nontiss\u00e9 au toucher textile.<\/p>\n","protected":false},"excerpt":{"rendered":"<p>MoliCare Premium Elastic HARTMANN est un change complet avec ailes \u00e9lastiqu\u00e9es. Il est constitu\u00e9 d\u2019un triple coussin absorbant \u00ab Dry<\/p>\n","protected":false},"featured_media":36591,"comment_status":"open","ping_status":"closed","template":"","meta":[],"product_brand":[645],"product_cat":[654],"product_tag":[],"class_list":{"0":"post-37008","1":"product","2":"type-product","3":"status-publish","4":"has-post-thumbnail","6":"product_brand-hartmann","7":"product_cat-couches-adultes","9":"first","10":"instock","11":"sale","12":"shipping-taxable","13":"purchasable","14":"product-type-simple"},"yoast_head":"<!-- This site is optimized with the Yoast SEO plugin v26.6 - https:\/\/yoast.com\/wordpress\/plugins\/seo\/ -->\r\n<title>HARTMANN MOLICARE PREMIUM CHANGE ADULTE ELASTIC 7G NUIT - Paracherkaoui.ma<\/title>\r\n<meta name=\"robots\" content=\"index, follow, max-snippet:-1, max-image-preview:large, max-video-preview:-1\" \/>\r\n<link rel=\"canonical\" href=\"https:\/\/paracherkaoui.ma\/index.php\/produit\/hartmann-molicare-premium-change-adulte-elastic-7g-nuit-2\/\" \/>\r\n<meta property=\"og:locale\" content=\"fr_FR\" \/>\r\n<meta property=\"og:type\" content=\"article\" \/>\r\n<meta property=\"og:title\" content=\"HARTMANN MOLICARE PREMIUM CHANGE ADULTE ELASTIC 7G NUIT - Paracherkaoui.ma\" \/>\r\n<meta property=\"og:description\" content=\"MoliCare Premium Elastic HARTMANN est un change complet avec ailes \u00e9lastiqu\u00e9es. Il est constitu\u00e9 d\u2019un triple coussin absorbant \u00ab Dry\" \/>\r\n<meta property=\"og:url\" content=\"https:\/\/paracherkaoui.ma\/index.php\/produit\/hartmann-molicare-premium-change-adulte-elastic-7g-nuit-2\/\" \/>\r\n<meta property=\"og:site_name\" content=\"Paracherkaoui.ma\" \/>\r\n<meta property=\"article:modified_time\" content=\"2025-12-12T17:57:22+00:00\" \/>\r\n<meta property=\"og:image\" content=\"https:\/\/paracherkaoui.ma\/wp-content\/uploads\/2025\/12\/hartmann-hartmann-molicare-premium-change-adulte-elastic-7g-nuit-couches-adultes.jpg\" \/>\r\n\t<meta property=\"og:image:width\" content=\"700\" \/>\r\n\t<meta property=\"og:image:height\" content=\"700\" \/>\r\n\t<meta property=\"og:image:type\" content=\"image\/jpeg\" \/>\r\n<meta name=\"twitter:card\" content=\"summary_large_image\" \/>\r\n<meta name=\"twitter:label1\" content=\"Dur\u00e9e de lecture estim\u00e9e\" \/>\n\t<meta name=\"twitter:data1\" content=\"1 minute\" \/>\r\n<script type=\"application\/ld+json\" class=\"yoast-schema-graph\">{\"@context\":\"https:\/\/schema.org\",\"@graph\":[{\"@type\":\"WebPage\",\"@id\":\"https:\/\/paracherkaoui.ma\/index.php\/produit\/hartmann-molicare-premium-change-adulte-elastic-7g-nuit-2\/\",\"url\":\"https:\/\/paracherkaoui.ma\/index.php\/produit\/hartmann-molicare-premium-change-adulte-elastic-7g-nuit-2\/\",\"name\":\"HARTMANN MOLICARE PREMIUM CHANGE ADULTE ELASTIC 7G NUIT - Paracherkaoui.ma\",\"isPartOf\":{\"@id\":\"https:\/\/paracherkaoui.ma\/#website\"},\"primaryImageOfPage\":{\"@id\":\"https:\/\/paracherkaoui.ma\/index.php\/produit\/hartmann-molicare-premium-change-adulte-elastic-7g-nuit-2\/#primaryimage\"},\"image\":{\"@id\":\"https:\/\/paracherkaoui.ma\/index.php\/produit\/hartmann-molicare-premium-change-adulte-elastic-7g-nuit-2\/#primaryimage\"},\"thumbnailUrl\":\"https:\/\/paracherkaoui.ma\/wp-content\/uploads\/2025\/12\/hartmann-hartmann-molicare-premium-change-adulte-elastic-7g-nuit-couches-adultes.jpg\",\"datePublished\":\"2025-12-12T17:57:18+00:00\",\"dateModified\":\"2025-12-12T17:57:22+00:00\",\"breadcrumb\":{\"@id\":\"https:\/\/paracherkaoui.ma\/index.php\/produit\/hartmann-molicare-premium-change-adulte-elastic-7g-nuit-2\/#breadcrumb\"},\"inLanguage\":\"fr-FR\",\"potentialAction\":[{\"@type\":\"ReadAction\",\"target\":[\"https:\/\/paracherkaoui.ma\/index.php\/produit\/hartmann-molicare-premium-change-adulte-elastic-7g-nuit-2\/\"]}]},{\"@type\":\"ImageObject\",\"inLanguage\":\"fr-FR\",\"@id\":\"https:\/\/paracherkaoui.ma\/index.php\/produit\/hartmann-molicare-premium-change-adulte-elastic-7g-nuit-2\/#primaryimage\",\"url\":\"https:\/\/paracherkaoui.ma\/wp-content\/uploads\/2025\/12\/hartmann-hartmann-molicare-premium-change-adulte-elastic-7g-nuit-couches-adultes.jpg\",\"contentUrl\":\"https:\/\/paracherkaoui.ma\/wp-content\/uploads\/2025\/12\/hartmann-hartmann-molicare-premium-change-adulte-elastic-7g-nuit-couches-adultes.jpg\",\"width\":700,\"height\":700},{\"@type\":\"BreadcrumbList\",\"@id\":\"https:\/\/paracherkaoui.ma\/index.php\/produit\/hartmann-molicare-premium-change-adulte-elastic-7g-nuit-2\/#breadcrumb\",\"itemListElement\":[{\"@type\":\"ListItem\",\"position\":1,\"name\":\"Accueil\",\"item\":\"https:\/\/paracherkaoui.ma\/\"},{\"@type\":\"ListItem\",\"position\":2,\"name\":\"Boutique\",\"item\":\"https:\/\/paracherkaoui.ma\/index.php\/boutique\/\"},{\"@type\":\"ListItem\",\"position\":3,\"name\":\"HARTMANN MOLICARE PREMIUM CHANGE ADULTE ELASTIC 7G NUIT\"}]},{\"@type\":\"WebSite\",\"@id\":\"https:\/\/paracherkaoui.ma\/#website\",\"url\":\"https:\/\/paracherkaoui.ma\/\",\"name\":\"Paracherkaoui.ma\",\"description\":\"Achetez en ligne sur Paracherkaoui.ma\",\"potentialAction\":[{\"@type\":\"SearchAction\",\"target\":{\"@type\":\"EntryPoint\",\"urlTemplate\":\"https:\/\/paracherkaoui.ma\/?s={search_term_string}\"},\"query-input\":{\"@type\":\"PropertyValueSpecification\",\"valueRequired\":true,\"valueName\":\"search_term_string\"}}],\"inLanguage\":\"fr-FR\"}]}<\/script>\r\n<!-- \/ Yoast SEO plugin. -->","yoast_head_json":{"title":"HARTMANN MOLICARE PREMIUM CHANGE ADULTE ELASTIC 7G NUIT - Paracherkaoui.ma","robots":{"index":"index","follow":"follow","max-snippet":"max-snippet:-1","max-image-preview":"max-image-preview:large","max-video-preview":"max-video-preview:-1"},"canonical":"https:\/\/paracherkaoui.ma\/index.php\/produit\/hartmann-molicare-premium-change-adulte-elastic-7g-nuit-2\/","og_locale":"fr_FR","og_type":"article","og_title":"HARTMANN MOLICARE PREMIUM CHANGE ADULTE ELASTIC 7G NUIT - Paracherkaoui.ma","og_description":"MoliCare Premium Elastic HARTMANN est un change complet avec ailes \u00e9lastiqu\u00e9es. Il est constitu\u00e9 d\u2019un triple coussin absorbant \u00ab Dry","og_url":"https:\/\/paracherkaoui.ma\/index.php\/produit\/hartmann-molicare-premium-change-adulte-elastic-7g-nuit-2\/","og_site_name":"Paracherkaoui.ma","article_modified_time":"2025-12-12T17:57:22+00:00","og_image":[{"width":700,"height":700,"url":"https:\/\/paracherkaoui.ma\/wp-content\/uploads\/2025\/12\/hartmann-hartmann-molicare-premium-change-adulte-elastic-7g-nuit-couches-adultes.jpg","type":"image\/jpeg"}],"twitter_card":"summary_large_image","twitter_misc":{"Dur\u00e9e de lecture estim\u00e9e":"1 minute"},"schema":{"@context":"https:\/\/schema.org","@graph":[{"@type":"WebPage","@id":"https:\/\/paracherkaoui.ma\/index.php\/produit\/hartmann-molicare-premium-change-adulte-elastic-7g-nuit-2\/","url":"https:\/\/paracherkaoui.ma\/index.php\/produit\/hartmann-molicare-premium-change-adulte-elastic-7g-nuit-2\/","name":"HARTMANN MOLICARE PREMIUM CHANGE ADULTE ELASTIC 7G NUIT - Paracherkaoui.ma","isPartOf":{"@id":"https:\/\/paracherkaoui.ma\/#website"},"primaryImageOfPage":{"@id":"https:\/\/paracherkaoui.ma\/index.php\/produit\/hartmann-molicare-premium-change-adulte-elastic-7g-nuit-2\/#primaryimage"},"image":{"@id":"https:\/\/paracherkaoui.ma\/index.php\/produit\/hartmann-molicare-premium-change-adulte-elastic-7g-nuit-2\/#primaryimage"},"thumbnailUrl":"https:\/\/paracherkaoui.ma\/wp-content\/uploads\/2025\/12\/hartmann-hartmann-molicare-premium-change-adulte-elastic-7g-nuit-couches-adultes.jpg","datePublished":"2025-12-12T17:57:18+00:00","dateModified":"2025-12-12T17:57:22+00:00","breadcrumb":{"@id":"https:\/\/paracherkaoui.ma\/index.php\/produit\/hartmann-molicare-premium-change-adulte-elastic-7g-nuit-2\/#breadcrumb"},"inLanguage":"fr-FR","potentialAction":[{"@type":"ReadAction","target":["https:\/\/paracherkaoui.ma\/index.php\/produit\/hartmann-molicare-premium-change-adulte-elastic-7g-nuit-2\/"]}]},{"@type":"ImageObject","inLanguage":"fr-FR","@id":"https:\/\/paracherkaoui.ma\/index.php\/produit\/hartmann-molicare-premium-change-adulte-elastic-7g-nuit-2\/#primaryimage","url":"https:\/\/paracherkaoui.ma\/wp-content\/uploads\/2025\/12\/hartmann-hartmann-molicare-premium-change-adulte-elastic-7g-nuit-couches-adultes.jpg","contentUrl":"https:\/\/paracherkaoui.ma\/wp-content\/uploads\/2025\/12\/hartmann-hartmann-molicare-premium-change-adulte-elastic-7g-nuit-couches-adultes.jpg","width":700,"height":700},{"@type":"BreadcrumbList","@id":"https:\/\/paracherkaoui.ma\/index.php\/produit\/hartmann-molicare-premium-change-adulte-elastic-7g-nuit-2\/#breadcrumb","itemListElement":[{"@type":"ListItem","position":1,"name":"Accueil","item":"https:\/\/paracherkaoui.ma\/"},{"@type":"ListItem","position":2,"name":"Boutique","item":"https:\/\/paracherkaoui.ma\/index.php\/boutique\/"},{"@type":"ListItem","position":3,"name":"HARTMANN MOLICARE PREMIUM CHANGE ADULTE ELASTIC 7G NUIT"}]},{"@type":"WebSite","@id":"https:\/\/paracherkaoui.ma\/#website","url":"https:\/\/paracherkaoui.ma\/","name":"Paracherkaoui.ma","description":"Achetez en ligne sur Paracherkaoui.ma","potentialAction":[{"@type":"SearchAction","target":{"@type":"EntryPoint","urlTemplate":"https:\/\/paracherkaoui.ma\/?s={search_term_string}"},"query-input":{"@type":"PropertyValueSpecification","valueRequired":true,"valueName":"search_term_string"}}],"inLanguage":"fr-FR"}]}},"_links":{"self":[{"href":"https:\/\/paracherkaoui.ma\/index.php\/wp-json\/wp\/v2\/product\/37008","targetHints":{"allow":["GET"]}}],"collection":[{"href":"https:\/\/paracherkaoui.ma\/index.php\/wp-json\/wp\/v2\/product"}],"about":[{"href":"https:\/\/paracherkaoui.ma\/index.php\/wp-json\/wp\/v2\/types\/product"}],"replies":[{"embeddable":true,"href":"https:\/\/paracherkaoui.ma\/index.php\/wp-json\/wp\/v2\/comments?post=37008"}],"version-history":[{"count":1,"href":"https:\/\/paracherkaoui.ma\/index.php\/wp-json\/wp\/v2\/product\/37008\/revisions"}],"predecessor-version":[{"id":37044,"href":"https:\/\/paracherkaoui.ma\/index.php\/wp-json\/wp\/v2\/product\/37008\/revisions\/37044"}],"wp:featuredmedia":[{"embeddable":true,"href":"https:\/\/paracherkaoui.ma\/index.php\/wp-json\/wp\/v2\/media\/36591"}],"wp:attachment":[{"href":"https:\/\/paracherkaoui.ma\/index.php\/wp-json\/wp\/v2\/media?parent=37008"}],"wp:term":[{"taxonomy":"product_brand","embeddable":true,"href":"https:\/\/paracherkaoui.ma\/index.php\/wp-json\/wp\/v2\/product_brand?post=37008"},{"taxonomy":"product_cat","embeddable":true,"href":"https:\/\/paracherkaoui.ma\/index.php\/wp-json\/wp\/v2\/product_cat?post=37008"},{"taxonomy":"product_tag","embeddable":true,"href":"https:\/\/paracherkaoui.ma\/index.php\/wp-json\/wp\/v2\/product_tag?post=37008"}],"curies":[{"name":"wp","href":"https:\/\/api.w.org\/{rel}","templated":true}]}}