{"id":36998,"date":"2025-12-12T18:57:18","date_gmt":"2025-12-12T17:57:18","guid":{"rendered":"https:\/\/test.ecbeaute.com\/?post_type=product&#038;p=36998"},"modified":"2025-12-12T18:57:20","modified_gmt":"2025-12-12T17:57:20","slug":"beter-coffee-o-clock-eponge-faciale-de-konjac-ref-22046","status":"publish","type":"product","link":"https:\/\/paracherkaoui.ma\/index.php\/produit\/beter-coffee-o-clock-eponge-faciale-de-konjac-ref-22046\/","title":{"rendered":"BETER COFFEE O CLOCK EPONGE FACIALE DE KONJAC REF 22046"},"content":{"rendered":"<p>Fabriqu\u00e9 avec 100 % de fibres v\u00e9g\u00e9tales de konjac infus\u00e9es de caf\u00e9. Texture surprenante qui nettoie le corps en profondeur et \u00e9limine en douceur les cellules mortes. Pour tous les types de peaux, particuli\u00e8rement sensibles (d\u00e9licates, atopiques, \u00e0 tendance acn\u00e9ique) : respecte l&rsquo;\u00e9quilibre naturel du pH de la peau. Trait\u00e9 \u00e0 l&rsquo;eau purifi\u00e9e, sans colorants et biod\u00e9gradable. Gommage niveau 1.<\/p>\n","protected":false},"excerpt":{"rendered":"<p>Fabriqu\u00e9 avec 100 % de fibres v\u00e9g\u00e9tales de konjac infus\u00e9es de caf\u00e9. Texture surprenante qui nettoie le corps en profondeur<\/p>\n","protected":false},"featured_media":37029,"comment_status":"open","ping_status":"closed","template":"","meta":[],"product_brand":[400],"product_cat":[653],"product_tag":[],"class_list":{"0":"post-36998","1":"product","2":"type-product","3":"status-publish","4":"has-post-thumbnail","6":"product_brand-beter","7":"product_cat-accessoires","9":"first","10":"instock","11":"sale","12":"shipping-taxable","13":"purchasable","14":"product-type-simple"},"yoast_head":"<!-- This site is optimized with the Yoast SEO plugin v26.6 - https:\/\/yoast.com\/wordpress\/plugins\/seo\/ -->\r\n<title>BETER COFFEE O CLOCK EPONGE FACIALE DE KONJAC REF 22046 - Paracherkaoui.ma<\/title>\r\n<meta name=\"robots\" content=\"index, follow, max-snippet:-1, max-image-preview:large, max-video-preview:-1\" \/>\r\n<link rel=\"canonical\" href=\"https:\/\/paracherkaoui.ma\/index.php\/produit\/beter-coffee-o-clock-eponge-faciale-de-konjac-ref-22046\/\" \/>\r\n<meta property=\"og:locale\" content=\"fr_FR\" \/>\r\n<meta property=\"og:type\" content=\"article\" \/>\r\n<meta property=\"og:title\" content=\"BETER COFFEE O CLOCK EPONGE FACIALE DE KONJAC REF 22046 - Paracherkaoui.ma\" \/>\r\n<meta property=\"og:description\" content=\"Fabriqu\u00e9 avec 100 % de fibres v\u00e9g\u00e9tales de konjac infus\u00e9es de caf\u00e9. Texture surprenante qui nettoie le corps en profondeur\" \/>\r\n<meta property=\"og:url\" content=\"https:\/\/paracherkaoui.ma\/index.php\/produit\/beter-coffee-o-clock-eponge-faciale-de-konjac-ref-22046\/\" \/>\r\n<meta property=\"og:site_name\" content=\"Paracherkaoui.ma\" \/>\r\n<meta property=\"article:modified_time\" content=\"2025-12-12T17:57:20+00:00\" \/>\r\n<meta property=\"og:image\" content=\"https:\/\/paracherkaoui.ma\/wp-content\/uploads\/2025\/12\/beter-beter-coffee-o-clock-eponge-faciale-de-konjac-ref-22046-accessoires.jpg\" \/>\r\n\t<meta property=\"og:image:width\" content=\"700\" \/>\r\n\t<meta property=\"og:image:height\" content=\"700\" \/>\r\n\t<meta property=\"og:image:type\" content=\"image\/jpeg\" \/>\r\n<meta name=\"twitter:card\" content=\"summary_large_image\" \/>\r\n<script type=\"application\/ld+json\" class=\"yoast-schema-graph\">{\"@context\":\"https:\/\/schema.org\",\"@graph\":[{\"@type\":\"WebPage\",\"@id\":\"https:\/\/paracherkaoui.ma\/index.php\/produit\/beter-coffee-o-clock-eponge-faciale-de-konjac-ref-22046\/\",\"url\":\"https:\/\/paracherkaoui.ma\/index.php\/produit\/beter-coffee-o-clock-eponge-faciale-de-konjac-ref-22046\/\",\"name\":\"BETER COFFEE O CLOCK EPONGE FACIALE DE KONJAC REF 22046 - Paracherkaoui.ma\",\"isPartOf\":{\"@id\":\"https:\/\/paracherkaoui.ma\/#website\"},\"primaryImageOfPage\":{\"@id\":\"https:\/\/paracherkaoui.ma\/index.php\/produit\/beter-coffee-o-clock-eponge-faciale-de-konjac-ref-22046\/#primaryimage\"},\"image\":{\"@id\":\"https:\/\/paracherkaoui.ma\/index.php\/produit\/beter-coffee-o-clock-eponge-faciale-de-konjac-ref-22046\/#primaryimage\"},\"thumbnailUrl\":\"https:\/\/paracherkaoui.ma\/wp-content\/uploads\/2025\/12\/beter-beter-coffee-o-clock-eponge-faciale-de-konjac-ref-22046-accessoires.jpg\",\"datePublished\":\"2025-12-12T17:57:18+00:00\",\"dateModified\":\"2025-12-12T17:57:20+00:00\",\"breadcrumb\":{\"@id\":\"https:\/\/paracherkaoui.ma\/index.php\/produit\/beter-coffee-o-clock-eponge-faciale-de-konjac-ref-22046\/#breadcrumb\"},\"inLanguage\":\"fr-FR\",\"potentialAction\":[{\"@type\":\"ReadAction\",\"target\":[\"https:\/\/paracherkaoui.ma\/index.php\/produit\/beter-coffee-o-clock-eponge-faciale-de-konjac-ref-22046\/\"]}]},{\"@type\":\"ImageObject\",\"inLanguage\":\"fr-FR\",\"@id\":\"https:\/\/paracherkaoui.ma\/index.php\/produit\/beter-coffee-o-clock-eponge-faciale-de-konjac-ref-22046\/#primaryimage\",\"url\":\"https:\/\/paracherkaoui.ma\/wp-content\/uploads\/2025\/12\/beter-beter-coffee-o-clock-eponge-faciale-de-konjac-ref-22046-accessoires.jpg\",\"contentUrl\":\"https:\/\/paracherkaoui.ma\/wp-content\/uploads\/2025\/12\/beter-beter-coffee-o-clock-eponge-faciale-de-konjac-ref-22046-accessoires.jpg\",\"width\":700,\"height\":700},{\"@type\":\"BreadcrumbList\",\"@id\":\"https:\/\/paracherkaoui.ma\/index.php\/produit\/beter-coffee-o-clock-eponge-faciale-de-konjac-ref-22046\/#breadcrumb\",\"itemListElement\":[{\"@type\":\"ListItem\",\"position\":1,\"name\":\"Accueil\",\"item\":\"https:\/\/paracherkaoui.ma\/\"},{\"@type\":\"ListItem\",\"position\":2,\"name\":\"Boutique\",\"item\":\"https:\/\/paracherkaoui.ma\/index.php\/boutique\/\"},{\"@type\":\"ListItem\",\"position\":3,\"name\":\"BETER COFFEE O CLOCK EPONGE FACIALE DE KONJAC REF 22046\"}]},{\"@type\":\"WebSite\",\"@id\":\"https:\/\/paracherkaoui.ma\/#website\",\"url\":\"https:\/\/paracherkaoui.ma\/\",\"name\":\"Paracherkaoui.ma\",\"description\":\"Achetez en ligne sur Paracherkaoui.ma\",\"potentialAction\":[{\"@type\":\"SearchAction\",\"target\":{\"@type\":\"EntryPoint\",\"urlTemplate\":\"https:\/\/paracherkaoui.ma\/?s={search_term_string}\"},\"query-input\":{\"@type\":\"PropertyValueSpecification\",\"valueRequired\":true,\"valueName\":\"search_term_string\"}}],\"inLanguage\":\"fr-FR\"}]}<\/script>\r\n<!-- \/ Yoast SEO plugin. -->","yoast_head_json":{"title":"BETER COFFEE O CLOCK EPONGE FACIALE DE KONJAC REF 22046 - Paracherkaoui.ma","robots":{"index":"index","follow":"follow","max-snippet":"max-snippet:-1","max-image-preview":"max-image-preview:large","max-video-preview":"max-video-preview:-1"},"canonical":"https:\/\/paracherkaoui.ma\/index.php\/produit\/beter-coffee-o-clock-eponge-faciale-de-konjac-ref-22046\/","og_locale":"fr_FR","og_type":"article","og_title":"BETER COFFEE O CLOCK EPONGE FACIALE DE KONJAC REF 22046 - Paracherkaoui.ma","og_description":"Fabriqu\u00e9 avec 100 % de fibres v\u00e9g\u00e9tales de konjac infus\u00e9es de caf\u00e9. Texture surprenante qui nettoie le corps en profondeur","og_url":"https:\/\/paracherkaoui.ma\/index.php\/produit\/beter-coffee-o-clock-eponge-faciale-de-konjac-ref-22046\/","og_site_name":"Paracherkaoui.ma","article_modified_time":"2025-12-12T17:57:20+00:00","og_image":[{"width":700,"height":700,"url":"https:\/\/paracherkaoui.ma\/wp-content\/uploads\/2025\/12\/beter-beter-coffee-o-clock-eponge-faciale-de-konjac-ref-22046-accessoires.jpg","type":"image\/jpeg"}],"twitter_card":"summary_large_image","schema":{"@context":"https:\/\/schema.org","@graph":[{"@type":"WebPage","@id":"https:\/\/paracherkaoui.ma\/index.php\/produit\/beter-coffee-o-clock-eponge-faciale-de-konjac-ref-22046\/","url":"https:\/\/paracherkaoui.ma\/index.php\/produit\/beter-coffee-o-clock-eponge-faciale-de-konjac-ref-22046\/","name":"BETER COFFEE O CLOCK EPONGE FACIALE DE KONJAC REF 22046 - Paracherkaoui.ma","isPartOf":{"@id":"https:\/\/paracherkaoui.ma\/#website"},"primaryImageOfPage":{"@id":"https:\/\/paracherkaoui.ma\/index.php\/produit\/beter-coffee-o-clock-eponge-faciale-de-konjac-ref-22046\/#primaryimage"},"image":{"@id":"https:\/\/paracherkaoui.ma\/index.php\/produit\/beter-coffee-o-clock-eponge-faciale-de-konjac-ref-22046\/#primaryimage"},"thumbnailUrl":"https:\/\/paracherkaoui.ma\/wp-content\/uploads\/2025\/12\/beter-beter-coffee-o-clock-eponge-faciale-de-konjac-ref-22046-accessoires.jpg","datePublished":"2025-12-12T17:57:18+00:00","dateModified":"2025-12-12T17:57:20+00:00","breadcrumb":{"@id":"https:\/\/paracherkaoui.ma\/index.php\/produit\/beter-coffee-o-clock-eponge-faciale-de-konjac-ref-22046\/#breadcrumb"},"inLanguage":"fr-FR","potentialAction":[{"@type":"ReadAction","target":["https:\/\/paracherkaoui.ma\/index.php\/produit\/beter-coffee-o-clock-eponge-faciale-de-konjac-ref-22046\/"]}]},{"@type":"ImageObject","inLanguage":"fr-FR","@id":"https:\/\/paracherkaoui.ma\/index.php\/produit\/beter-coffee-o-clock-eponge-faciale-de-konjac-ref-22046\/#primaryimage","url":"https:\/\/paracherkaoui.ma\/wp-content\/uploads\/2025\/12\/beter-beter-coffee-o-clock-eponge-faciale-de-konjac-ref-22046-accessoires.jpg","contentUrl":"https:\/\/paracherkaoui.ma\/wp-content\/uploads\/2025\/12\/beter-beter-coffee-o-clock-eponge-faciale-de-konjac-ref-22046-accessoires.jpg","width":700,"height":700},{"@type":"BreadcrumbList","@id":"https:\/\/paracherkaoui.ma\/index.php\/produit\/beter-coffee-o-clock-eponge-faciale-de-konjac-ref-22046\/#breadcrumb","itemListElement":[{"@type":"ListItem","position":1,"name":"Accueil","item":"https:\/\/paracherkaoui.ma\/"},{"@type":"ListItem","position":2,"name":"Boutique","item":"https:\/\/paracherkaoui.ma\/index.php\/boutique\/"},{"@type":"ListItem","position":3,"name":"BETER COFFEE O CLOCK EPONGE FACIALE DE KONJAC REF 22046"}]},{"@type":"WebSite","@id":"https:\/\/paracherkaoui.ma\/#website","url":"https:\/\/paracherkaoui.ma\/","name":"Paracherkaoui.ma","description":"Achetez en ligne sur Paracherkaoui.ma","potentialAction":[{"@type":"SearchAction","target":{"@type":"EntryPoint","urlTemplate":"https:\/\/paracherkaoui.ma\/?s={search_term_string}"},"query-input":{"@type":"PropertyValueSpecification","valueRequired":true,"valueName":"search_term_string"}}],"inLanguage":"fr-FR"}]}},"_links":{"self":[{"href":"https:\/\/paracherkaoui.ma\/index.php\/wp-json\/wp\/v2\/product\/36998","targetHints":{"allow":["GET"]}}],"collection":[{"href":"https:\/\/paracherkaoui.ma\/index.php\/wp-json\/wp\/v2\/product"}],"about":[{"href":"https:\/\/paracherkaoui.ma\/index.php\/wp-json\/wp\/v2\/types\/product"}],"replies":[{"embeddable":true,"href":"https:\/\/paracherkaoui.ma\/index.php\/wp-json\/wp\/v2\/comments?post=36998"}],"version-history":[{"count":1,"href":"https:\/\/paracherkaoui.ma\/index.php\/wp-json\/wp\/v2\/product\/36998\/revisions"}],"predecessor-version":[{"id":37030,"href":"https:\/\/paracherkaoui.ma\/index.php\/wp-json\/wp\/v2\/product\/36998\/revisions\/37030"}],"wp:featuredmedia":[{"embeddable":true,"href":"https:\/\/paracherkaoui.ma\/index.php\/wp-json\/wp\/v2\/media\/37029"}],"wp:attachment":[{"href":"https:\/\/paracherkaoui.ma\/index.php\/wp-json\/wp\/v2\/media?parent=36998"}],"wp:term":[{"taxonomy":"product_brand","embeddable":true,"href":"https:\/\/paracherkaoui.ma\/index.php\/wp-json\/wp\/v2\/product_brand?post=36998"},{"taxonomy":"product_cat","embeddable":true,"href":"https:\/\/paracherkaoui.ma\/index.php\/wp-json\/wp\/v2\/product_cat?post=36998"},{"taxonomy":"product_tag","embeddable":true,"href":"https:\/\/paracherkaoui.ma\/index.php\/wp-json\/wp\/v2\/product_tag?post=36998"}],"curies":[{"name":"wp","href":"https:\/\/api.w.org\/{rel}","templated":true}]}}