{"id":36948,"date":"2025-12-12T18:57:09","date_gmt":"2025-12-12T17:57:09","guid":{"rendered":"https:\/\/test.ecbeaute.com\/?post_type=product&#038;p=36948"},"modified":"2025-12-12T18:57:17","modified_gmt":"2025-12-12T17:57:17","slug":"beter-coffee-o-clock-brosse-de-bain-niveau-3-ref-22199","status":"publish","type":"product","link":"https:\/\/paracherkaoui.ma\/index.php\/produit\/beter-coffee-o-clock-brosse-de-bain-niveau-3-ref-22199\/","title":{"rendered":"BETER COFFEE O CLOCK BROSSE DE BAIN NIVEAU 3 REF 22199"},"content":{"rendered":"<p>Conception qui permet d&rsquo;atteindre toutes les zones du corps. Id\u00e9al pour un massage \u00e9nergisant et exfoliant la peau. \u00c9limine les cellules mortes de la peau et nettoie les pores. Le massage stimule la circulation sanguine. Manche fabriqu\u00e9 \u00e0 partir de marc de caf\u00e9 recycl\u00e9 et de plastique. Poils synth\u00e9tiques (sans cruaut\u00e9) adapt\u00e9s aux v\u00e9g\u00e9taliens. Gommage niveau 4.<\/p>\n","protected":false},"excerpt":{"rendered":"<p>Conception qui permet d&rsquo;atteindre toutes les zones du corps. Id\u00e9al pour un massage \u00e9nergisant et exfoliant la peau. \u00c9limine les<\/p>\n","protected":false},"featured_media":36995,"comment_status":"open","ping_status":"closed","template":"","meta":[],"product_brand":[400],"product_cat":[653],"product_tag":[],"class_list":{"0":"post-36948","1":"product","2":"type-product","3":"status-publish","4":"has-post-thumbnail","6":"product_brand-beter","7":"product_cat-accessoires","9":"first","10":"instock","11":"sale","12":"shipping-taxable","13":"purchasable","14":"product-type-simple"},"yoast_head":"<!-- This site is optimized with the Yoast SEO plugin v26.6 - https:\/\/yoast.com\/wordpress\/plugins\/seo\/ -->\r\n<title>BETER COFFEE O CLOCK BROSSE DE BAIN NIVEAU 3 REF 22199 - Paracherkaoui.ma<\/title>\r\n<meta name=\"robots\" content=\"index, follow, max-snippet:-1, max-image-preview:large, max-video-preview:-1\" \/>\r\n<link rel=\"canonical\" href=\"https:\/\/paracherkaoui.ma\/index.php\/produit\/beter-coffee-o-clock-brosse-de-bain-niveau-3-ref-22199\/\" \/>\r\n<meta property=\"og:locale\" content=\"fr_FR\" \/>\r\n<meta property=\"og:type\" content=\"article\" \/>\r\n<meta property=\"og:title\" content=\"BETER COFFEE O CLOCK BROSSE DE BAIN NIVEAU 3 REF 22199 - Paracherkaoui.ma\" \/>\r\n<meta property=\"og:description\" content=\"Conception qui permet d&rsquo;atteindre toutes les zones du corps. Id\u00e9al pour un massage \u00e9nergisant et exfoliant la peau. \u00c9limine les\" \/>\r\n<meta property=\"og:url\" content=\"https:\/\/paracherkaoui.ma\/index.php\/produit\/beter-coffee-o-clock-brosse-de-bain-niveau-3-ref-22199\/\" \/>\r\n<meta property=\"og:site_name\" content=\"Paracherkaoui.ma\" \/>\r\n<meta property=\"article:modified_time\" content=\"2025-12-12T17:57:17+00:00\" \/>\r\n<meta property=\"og:image\" content=\"https:\/\/paracherkaoui.ma\/wp-content\/uploads\/2025\/12\/beter-beter-coffee-o-clock-brosse-de-bain-niveau-3-ref-22199-accessoires.jpg\" \/>\r\n\t<meta property=\"og:image:width\" content=\"700\" \/>\r\n\t<meta property=\"og:image:height\" content=\"700\" \/>\r\n\t<meta property=\"og:image:type\" content=\"image\/jpeg\" \/>\r\n<meta name=\"twitter:card\" content=\"summary_large_image\" \/>\r\n<script type=\"application\/ld+json\" class=\"yoast-schema-graph\">{\"@context\":\"https:\/\/schema.org\",\"@graph\":[{\"@type\":\"WebPage\",\"@id\":\"https:\/\/paracherkaoui.ma\/index.php\/produit\/beter-coffee-o-clock-brosse-de-bain-niveau-3-ref-22199\/\",\"url\":\"https:\/\/paracherkaoui.ma\/index.php\/produit\/beter-coffee-o-clock-brosse-de-bain-niveau-3-ref-22199\/\",\"name\":\"BETER COFFEE O CLOCK BROSSE DE BAIN NIVEAU 3 REF 22199 - Paracherkaoui.ma\",\"isPartOf\":{\"@id\":\"https:\/\/paracherkaoui.ma\/#website\"},\"primaryImageOfPage\":{\"@id\":\"https:\/\/paracherkaoui.ma\/index.php\/produit\/beter-coffee-o-clock-brosse-de-bain-niveau-3-ref-22199\/#primaryimage\"},\"image\":{\"@id\":\"https:\/\/paracherkaoui.ma\/index.php\/produit\/beter-coffee-o-clock-brosse-de-bain-niveau-3-ref-22199\/#primaryimage\"},\"thumbnailUrl\":\"https:\/\/paracherkaoui.ma\/wp-content\/uploads\/2025\/12\/beter-beter-coffee-o-clock-brosse-de-bain-niveau-3-ref-22199-accessoires.jpg\",\"datePublished\":\"2025-12-12T17:57:09+00:00\",\"dateModified\":\"2025-12-12T17:57:17+00:00\",\"breadcrumb\":{\"@id\":\"https:\/\/paracherkaoui.ma\/index.php\/produit\/beter-coffee-o-clock-brosse-de-bain-niveau-3-ref-22199\/#breadcrumb\"},\"inLanguage\":\"fr-FR\",\"potentialAction\":[{\"@type\":\"ReadAction\",\"target\":[\"https:\/\/paracherkaoui.ma\/index.php\/produit\/beter-coffee-o-clock-brosse-de-bain-niveau-3-ref-22199\/\"]}]},{\"@type\":\"ImageObject\",\"inLanguage\":\"fr-FR\",\"@id\":\"https:\/\/paracherkaoui.ma\/index.php\/produit\/beter-coffee-o-clock-brosse-de-bain-niveau-3-ref-22199\/#primaryimage\",\"url\":\"https:\/\/paracherkaoui.ma\/wp-content\/uploads\/2025\/12\/beter-beter-coffee-o-clock-brosse-de-bain-niveau-3-ref-22199-accessoires.jpg\",\"contentUrl\":\"https:\/\/paracherkaoui.ma\/wp-content\/uploads\/2025\/12\/beter-beter-coffee-o-clock-brosse-de-bain-niveau-3-ref-22199-accessoires.jpg\",\"width\":700,\"height\":700},{\"@type\":\"BreadcrumbList\",\"@id\":\"https:\/\/paracherkaoui.ma\/index.php\/produit\/beter-coffee-o-clock-brosse-de-bain-niveau-3-ref-22199\/#breadcrumb\",\"itemListElement\":[{\"@type\":\"ListItem\",\"position\":1,\"name\":\"Accueil\",\"item\":\"https:\/\/paracherkaoui.ma\/\"},{\"@type\":\"ListItem\",\"position\":2,\"name\":\"Boutique\",\"item\":\"https:\/\/paracherkaoui.ma\/index.php\/boutique\/\"},{\"@type\":\"ListItem\",\"position\":3,\"name\":\"BETER COFFEE O CLOCK BROSSE DE BAIN NIVEAU 3 REF 22199\"}]},{\"@type\":\"WebSite\",\"@id\":\"https:\/\/paracherkaoui.ma\/#website\",\"url\":\"https:\/\/paracherkaoui.ma\/\",\"name\":\"Paracherkaoui.ma\",\"description\":\"Achetez en ligne sur Paracherkaoui.ma\",\"potentialAction\":[{\"@type\":\"SearchAction\",\"target\":{\"@type\":\"EntryPoint\",\"urlTemplate\":\"https:\/\/paracherkaoui.ma\/?s={search_term_string}\"},\"query-input\":{\"@type\":\"PropertyValueSpecification\",\"valueRequired\":true,\"valueName\":\"search_term_string\"}}],\"inLanguage\":\"fr-FR\"}]}<\/script>\r\n<!-- \/ Yoast SEO plugin. -->","yoast_head_json":{"title":"BETER COFFEE O CLOCK BROSSE DE BAIN NIVEAU 3 REF 22199 - Paracherkaoui.ma","robots":{"index":"index","follow":"follow","max-snippet":"max-snippet:-1","max-image-preview":"max-image-preview:large","max-video-preview":"max-video-preview:-1"},"canonical":"https:\/\/paracherkaoui.ma\/index.php\/produit\/beter-coffee-o-clock-brosse-de-bain-niveau-3-ref-22199\/","og_locale":"fr_FR","og_type":"article","og_title":"BETER COFFEE O CLOCK BROSSE DE BAIN NIVEAU 3 REF 22199 - Paracherkaoui.ma","og_description":"Conception qui permet d&rsquo;atteindre toutes les zones du corps. Id\u00e9al pour un massage \u00e9nergisant et exfoliant la peau. \u00c9limine les","og_url":"https:\/\/paracherkaoui.ma\/index.php\/produit\/beter-coffee-o-clock-brosse-de-bain-niveau-3-ref-22199\/","og_site_name":"Paracherkaoui.ma","article_modified_time":"2025-12-12T17:57:17+00:00","og_image":[{"width":700,"height":700,"url":"https:\/\/paracherkaoui.ma\/wp-content\/uploads\/2025\/12\/beter-beter-coffee-o-clock-brosse-de-bain-niveau-3-ref-22199-accessoires.jpg","type":"image\/jpeg"}],"twitter_card":"summary_large_image","schema":{"@context":"https:\/\/schema.org","@graph":[{"@type":"WebPage","@id":"https:\/\/paracherkaoui.ma\/index.php\/produit\/beter-coffee-o-clock-brosse-de-bain-niveau-3-ref-22199\/","url":"https:\/\/paracherkaoui.ma\/index.php\/produit\/beter-coffee-o-clock-brosse-de-bain-niveau-3-ref-22199\/","name":"BETER COFFEE O CLOCK BROSSE DE BAIN NIVEAU 3 REF 22199 - Paracherkaoui.ma","isPartOf":{"@id":"https:\/\/paracherkaoui.ma\/#website"},"primaryImageOfPage":{"@id":"https:\/\/paracherkaoui.ma\/index.php\/produit\/beter-coffee-o-clock-brosse-de-bain-niveau-3-ref-22199\/#primaryimage"},"image":{"@id":"https:\/\/paracherkaoui.ma\/index.php\/produit\/beter-coffee-o-clock-brosse-de-bain-niveau-3-ref-22199\/#primaryimage"},"thumbnailUrl":"https:\/\/paracherkaoui.ma\/wp-content\/uploads\/2025\/12\/beter-beter-coffee-o-clock-brosse-de-bain-niveau-3-ref-22199-accessoires.jpg","datePublished":"2025-12-12T17:57:09+00:00","dateModified":"2025-12-12T17:57:17+00:00","breadcrumb":{"@id":"https:\/\/paracherkaoui.ma\/index.php\/produit\/beter-coffee-o-clock-brosse-de-bain-niveau-3-ref-22199\/#breadcrumb"},"inLanguage":"fr-FR","potentialAction":[{"@type":"ReadAction","target":["https:\/\/paracherkaoui.ma\/index.php\/produit\/beter-coffee-o-clock-brosse-de-bain-niveau-3-ref-22199\/"]}]},{"@type":"ImageObject","inLanguage":"fr-FR","@id":"https:\/\/paracherkaoui.ma\/index.php\/produit\/beter-coffee-o-clock-brosse-de-bain-niveau-3-ref-22199\/#primaryimage","url":"https:\/\/paracherkaoui.ma\/wp-content\/uploads\/2025\/12\/beter-beter-coffee-o-clock-brosse-de-bain-niveau-3-ref-22199-accessoires.jpg","contentUrl":"https:\/\/paracherkaoui.ma\/wp-content\/uploads\/2025\/12\/beter-beter-coffee-o-clock-brosse-de-bain-niveau-3-ref-22199-accessoires.jpg","width":700,"height":700},{"@type":"BreadcrumbList","@id":"https:\/\/paracherkaoui.ma\/index.php\/produit\/beter-coffee-o-clock-brosse-de-bain-niveau-3-ref-22199\/#breadcrumb","itemListElement":[{"@type":"ListItem","position":1,"name":"Accueil","item":"https:\/\/paracherkaoui.ma\/"},{"@type":"ListItem","position":2,"name":"Boutique","item":"https:\/\/paracherkaoui.ma\/index.php\/boutique\/"},{"@type":"ListItem","position":3,"name":"BETER COFFEE O CLOCK BROSSE DE BAIN NIVEAU 3 REF 22199"}]},{"@type":"WebSite","@id":"https:\/\/paracherkaoui.ma\/#website","url":"https:\/\/paracherkaoui.ma\/","name":"Paracherkaoui.ma","description":"Achetez en ligne sur Paracherkaoui.ma","potentialAction":[{"@type":"SearchAction","target":{"@type":"EntryPoint","urlTemplate":"https:\/\/paracherkaoui.ma\/?s={search_term_string}"},"query-input":{"@type":"PropertyValueSpecification","valueRequired":true,"valueName":"search_term_string"}}],"inLanguage":"fr-FR"}]}},"_links":{"self":[{"href":"https:\/\/paracherkaoui.ma\/index.php\/wp-json\/wp\/v2\/product\/36948","targetHints":{"allow":["GET"]}}],"collection":[{"href":"https:\/\/paracherkaoui.ma\/index.php\/wp-json\/wp\/v2\/product"}],"about":[{"href":"https:\/\/paracherkaoui.ma\/index.php\/wp-json\/wp\/v2\/types\/product"}],"replies":[{"embeddable":true,"href":"https:\/\/paracherkaoui.ma\/index.php\/wp-json\/wp\/v2\/comments?post=36948"}],"version-history":[{"count":1,"href":"https:\/\/paracherkaoui.ma\/index.php\/wp-json\/wp\/v2\/product\/36948\/revisions"}],"predecessor-version":[{"id":36996,"href":"https:\/\/paracherkaoui.ma\/index.php\/wp-json\/wp\/v2\/product\/36948\/revisions\/36996"}],"wp:featuredmedia":[{"embeddable":true,"href":"https:\/\/paracherkaoui.ma\/index.php\/wp-json\/wp\/v2\/media\/36995"}],"wp:attachment":[{"href":"https:\/\/paracherkaoui.ma\/index.php\/wp-json\/wp\/v2\/media?parent=36948"}],"wp:term":[{"taxonomy":"product_brand","embeddable":true,"href":"https:\/\/paracherkaoui.ma\/index.php\/wp-json\/wp\/v2\/product_brand?post=36948"},{"taxonomy":"product_cat","embeddable":true,"href":"https:\/\/paracherkaoui.ma\/index.php\/wp-json\/wp\/v2\/product_cat?post=36948"},{"taxonomy":"product_tag","embeddable":true,"href":"https:\/\/paracherkaoui.ma\/index.php\/wp-json\/wp\/v2\/product_tag?post=36948"}],"curies":[{"name":"wp","href":"https:\/\/api.w.org\/{rel}","templated":true}]}}