{"id":36925,"date":"2025-12-12T18:57:08","date_gmt":"2025-12-12T17:57:08","guid":{"rendered":"https:\/\/test.ecbeaute.com\/?post_type=product&#038;p=36925"},"modified":"2025-12-12T18:57:10","modified_gmt":"2025-12-12T17:57:10","slug":"hartmann-confiance-lady-absorption-4-protections-anatomiques-14-unites-2","status":"publish","type":"product","link":"https:\/\/paracherkaoui.ma\/index.php\/produit\/hartmann-confiance-lady-absorption-4-protections-anatomiques-14-unites-2\/","title":{"rendered":"HARTMANN CONFIANCE LADY ABSORPTION 4 PROTECTIONS ANATOMIQUES 14 UNITES"},"content":{"rendered":"<p>Les protections anatomiques 4 Lady Confiance permettent d&rsquo;offrir une absorption en cas d&rsquo;incontinence urinaire. Elles sont recommand\u00e9es pour les fuites urinaires l\u00e9g\u00e8res \u00e0 moyennes et permettent une absorption rapide. Elles s&rsquo;adaptent facilement aux diff\u00e9rentes morphologies et ne se voient pas sous les v\u00eatements. Elles poss\u00e8dent des \u00e9lastiques doux qui permettent d&rsquo;am\u00e9liorer le confort. Les capteurs ultra absorbants aident \u00e0 neutraliser les odeurs pour plus de discr\u00e9tion.<\/p>\n","protected":false},"excerpt":{"rendered":"<p>Les protections anatomiques 4 Lady Confiance permettent d&rsquo;offrir une absorption en cas d&rsquo;incontinence urinaire. Elles sont recommand\u00e9es pour les fuites<\/p>\n","protected":false},"featured_media":36775,"comment_status":"open","ping_status":"closed","template":"","meta":[],"product_brand":[645],"product_cat":[652],"product_tag":[],"class_list":{"0":"post-36925","1":"product","2":"type-product","3":"status-publish","4":"has-post-thumbnail","6":"product_brand-hartmann","7":"product_cat-protection-hygienique","9":"first","10":"instock","11":"sale","12":"shipping-taxable","13":"purchasable","14":"product-type-simple"},"yoast_head":"<!-- This site is optimized with the Yoast SEO plugin v26.6 - https:\/\/yoast.com\/wordpress\/plugins\/seo\/ -->\r\n<title>HARTMANN CONFIANCE LADY ABSORPTION 4 PROTECTIONS ANATOMIQUES 14 UNITES - Paracherkaoui.ma<\/title>\r\n<meta name=\"robots\" content=\"index, follow, max-snippet:-1, max-image-preview:large, max-video-preview:-1\" \/>\r\n<link rel=\"canonical\" href=\"https:\/\/paracherkaoui.ma\/index.php\/produit\/hartmann-confiance-lady-absorption-4-protections-anatomiques-14-unites-2\/\" \/>\r\n<meta property=\"og:locale\" content=\"fr_FR\" \/>\r\n<meta property=\"og:type\" content=\"article\" \/>\r\n<meta property=\"og:title\" content=\"HARTMANN CONFIANCE LADY ABSORPTION 4 PROTECTIONS ANATOMIQUES 14 UNITES - Paracherkaoui.ma\" \/>\r\n<meta property=\"og:description\" content=\"Les protections anatomiques 4 Lady Confiance permettent d&rsquo;offrir une absorption en cas d&rsquo;incontinence urinaire. Elles sont recommand\u00e9es pour les fuites\" \/>\r\n<meta property=\"og:url\" content=\"https:\/\/paracherkaoui.ma\/index.php\/produit\/hartmann-confiance-lady-absorption-4-protections-anatomiques-14-unites-2\/\" \/>\r\n<meta property=\"og:site_name\" content=\"Paracherkaoui.ma\" \/>\r\n<meta property=\"article:modified_time\" content=\"2025-12-12T17:57:10+00:00\" \/>\r\n<meta property=\"og:image\" content=\"https:\/\/paracherkaoui.ma\/wp-content\/uploads\/2025\/12\/hartmann-hartmann-confiance-lady-absorption-4-protections-anatomiques-14-unites-protection-hygienique.jpg\" \/>\r\n\t<meta property=\"og:image:width\" content=\"700\" \/>\r\n\t<meta property=\"og:image:height\" content=\"700\" \/>\r\n\t<meta property=\"og:image:type\" content=\"image\/jpeg\" \/>\r\n<meta name=\"twitter:card\" content=\"summary_large_image\" \/>\r\n<script type=\"application\/ld+json\" class=\"yoast-schema-graph\">{\"@context\":\"https:\/\/schema.org\",\"@graph\":[{\"@type\":\"WebPage\",\"@id\":\"https:\/\/paracherkaoui.ma\/index.php\/produit\/hartmann-confiance-lady-absorption-4-protections-anatomiques-14-unites-2\/\",\"url\":\"https:\/\/paracherkaoui.ma\/index.php\/produit\/hartmann-confiance-lady-absorption-4-protections-anatomiques-14-unites-2\/\",\"name\":\"HARTMANN CONFIANCE LADY ABSORPTION 4 PROTECTIONS ANATOMIQUES 14 UNITES - Paracherkaoui.ma\",\"isPartOf\":{\"@id\":\"https:\/\/paracherkaoui.ma\/#website\"},\"primaryImageOfPage\":{\"@id\":\"https:\/\/paracherkaoui.ma\/index.php\/produit\/hartmann-confiance-lady-absorption-4-protections-anatomiques-14-unites-2\/#primaryimage\"},\"image\":{\"@id\":\"https:\/\/paracherkaoui.ma\/index.php\/produit\/hartmann-confiance-lady-absorption-4-protections-anatomiques-14-unites-2\/#primaryimage\"},\"thumbnailUrl\":\"https:\/\/paracherkaoui.ma\/wp-content\/uploads\/2025\/12\/hartmann-hartmann-confiance-lady-absorption-4-protections-anatomiques-14-unites-protection-hygienique.jpg\",\"datePublished\":\"2025-12-12T17:57:08+00:00\",\"dateModified\":\"2025-12-12T17:57:10+00:00\",\"breadcrumb\":{\"@id\":\"https:\/\/paracherkaoui.ma\/index.php\/produit\/hartmann-confiance-lady-absorption-4-protections-anatomiques-14-unites-2\/#breadcrumb\"},\"inLanguage\":\"fr-FR\",\"potentialAction\":[{\"@type\":\"ReadAction\",\"target\":[\"https:\/\/paracherkaoui.ma\/index.php\/produit\/hartmann-confiance-lady-absorption-4-protections-anatomiques-14-unites-2\/\"]}]},{\"@type\":\"ImageObject\",\"inLanguage\":\"fr-FR\",\"@id\":\"https:\/\/paracherkaoui.ma\/index.php\/produit\/hartmann-confiance-lady-absorption-4-protections-anatomiques-14-unites-2\/#primaryimage\",\"url\":\"https:\/\/paracherkaoui.ma\/wp-content\/uploads\/2025\/12\/hartmann-hartmann-confiance-lady-absorption-4-protections-anatomiques-14-unites-protection-hygienique.jpg\",\"contentUrl\":\"https:\/\/paracherkaoui.ma\/wp-content\/uploads\/2025\/12\/hartmann-hartmann-confiance-lady-absorption-4-protections-anatomiques-14-unites-protection-hygienique.jpg\",\"width\":700,\"height\":700},{\"@type\":\"BreadcrumbList\",\"@id\":\"https:\/\/paracherkaoui.ma\/index.php\/produit\/hartmann-confiance-lady-absorption-4-protections-anatomiques-14-unites-2\/#breadcrumb\",\"itemListElement\":[{\"@type\":\"ListItem\",\"position\":1,\"name\":\"Accueil\",\"item\":\"https:\/\/paracherkaoui.ma\/\"},{\"@type\":\"ListItem\",\"position\":2,\"name\":\"Boutique\",\"item\":\"https:\/\/paracherkaoui.ma\/index.php\/boutique\/\"},{\"@type\":\"ListItem\",\"position\":3,\"name\":\"HARTMANN CONFIANCE LADY ABSORPTION 4 PROTECTIONS ANATOMIQUES 14 UNITES\"}]},{\"@type\":\"WebSite\",\"@id\":\"https:\/\/paracherkaoui.ma\/#website\",\"url\":\"https:\/\/paracherkaoui.ma\/\",\"name\":\"Paracherkaoui.ma\",\"description\":\"Achetez en ligne sur Paracherkaoui.ma\",\"potentialAction\":[{\"@type\":\"SearchAction\",\"target\":{\"@type\":\"EntryPoint\",\"urlTemplate\":\"https:\/\/paracherkaoui.ma\/?s={search_term_string}\"},\"query-input\":{\"@type\":\"PropertyValueSpecification\",\"valueRequired\":true,\"valueName\":\"search_term_string\"}}],\"inLanguage\":\"fr-FR\"}]}<\/script>\r\n<!-- \/ Yoast SEO plugin. -->","yoast_head_json":{"title":"HARTMANN CONFIANCE LADY ABSORPTION 4 PROTECTIONS ANATOMIQUES 14 UNITES - Paracherkaoui.ma","robots":{"index":"index","follow":"follow","max-snippet":"max-snippet:-1","max-image-preview":"max-image-preview:large","max-video-preview":"max-video-preview:-1"},"canonical":"https:\/\/paracherkaoui.ma\/index.php\/produit\/hartmann-confiance-lady-absorption-4-protections-anatomiques-14-unites-2\/","og_locale":"fr_FR","og_type":"article","og_title":"HARTMANN CONFIANCE LADY ABSORPTION 4 PROTECTIONS ANATOMIQUES 14 UNITES - Paracherkaoui.ma","og_description":"Les protections anatomiques 4 Lady Confiance permettent d&rsquo;offrir une absorption en cas d&rsquo;incontinence urinaire. Elles sont recommand\u00e9es pour les fuites","og_url":"https:\/\/paracherkaoui.ma\/index.php\/produit\/hartmann-confiance-lady-absorption-4-protections-anatomiques-14-unites-2\/","og_site_name":"Paracherkaoui.ma","article_modified_time":"2025-12-12T17:57:10+00:00","og_image":[{"width":700,"height":700,"url":"https:\/\/paracherkaoui.ma\/wp-content\/uploads\/2025\/12\/hartmann-hartmann-confiance-lady-absorption-4-protections-anatomiques-14-unites-protection-hygienique.jpg","type":"image\/jpeg"}],"twitter_card":"summary_large_image","schema":{"@context":"https:\/\/schema.org","@graph":[{"@type":"WebPage","@id":"https:\/\/paracherkaoui.ma\/index.php\/produit\/hartmann-confiance-lady-absorption-4-protections-anatomiques-14-unites-2\/","url":"https:\/\/paracherkaoui.ma\/index.php\/produit\/hartmann-confiance-lady-absorption-4-protections-anatomiques-14-unites-2\/","name":"HARTMANN CONFIANCE LADY ABSORPTION 4 PROTECTIONS ANATOMIQUES 14 UNITES - Paracherkaoui.ma","isPartOf":{"@id":"https:\/\/paracherkaoui.ma\/#website"},"primaryImageOfPage":{"@id":"https:\/\/paracherkaoui.ma\/index.php\/produit\/hartmann-confiance-lady-absorption-4-protections-anatomiques-14-unites-2\/#primaryimage"},"image":{"@id":"https:\/\/paracherkaoui.ma\/index.php\/produit\/hartmann-confiance-lady-absorption-4-protections-anatomiques-14-unites-2\/#primaryimage"},"thumbnailUrl":"https:\/\/paracherkaoui.ma\/wp-content\/uploads\/2025\/12\/hartmann-hartmann-confiance-lady-absorption-4-protections-anatomiques-14-unites-protection-hygienique.jpg","datePublished":"2025-12-12T17:57:08+00:00","dateModified":"2025-12-12T17:57:10+00:00","breadcrumb":{"@id":"https:\/\/paracherkaoui.ma\/index.php\/produit\/hartmann-confiance-lady-absorption-4-protections-anatomiques-14-unites-2\/#breadcrumb"},"inLanguage":"fr-FR","potentialAction":[{"@type":"ReadAction","target":["https:\/\/paracherkaoui.ma\/index.php\/produit\/hartmann-confiance-lady-absorption-4-protections-anatomiques-14-unites-2\/"]}]},{"@type":"ImageObject","inLanguage":"fr-FR","@id":"https:\/\/paracherkaoui.ma\/index.php\/produit\/hartmann-confiance-lady-absorption-4-protections-anatomiques-14-unites-2\/#primaryimage","url":"https:\/\/paracherkaoui.ma\/wp-content\/uploads\/2025\/12\/hartmann-hartmann-confiance-lady-absorption-4-protections-anatomiques-14-unites-protection-hygienique.jpg","contentUrl":"https:\/\/paracherkaoui.ma\/wp-content\/uploads\/2025\/12\/hartmann-hartmann-confiance-lady-absorption-4-protections-anatomiques-14-unites-protection-hygienique.jpg","width":700,"height":700},{"@type":"BreadcrumbList","@id":"https:\/\/paracherkaoui.ma\/index.php\/produit\/hartmann-confiance-lady-absorption-4-protections-anatomiques-14-unites-2\/#breadcrumb","itemListElement":[{"@type":"ListItem","position":1,"name":"Accueil","item":"https:\/\/paracherkaoui.ma\/"},{"@type":"ListItem","position":2,"name":"Boutique","item":"https:\/\/paracherkaoui.ma\/index.php\/boutique\/"},{"@type":"ListItem","position":3,"name":"HARTMANN CONFIANCE LADY ABSORPTION 4 PROTECTIONS ANATOMIQUES 14 UNITES"}]},{"@type":"WebSite","@id":"https:\/\/paracherkaoui.ma\/#website","url":"https:\/\/paracherkaoui.ma\/","name":"Paracherkaoui.ma","description":"Achetez en ligne sur Paracherkaoui.ma","potentialAction":[{"@type":"SearchAction","target":{"@type":"EntryPoint","urlTemplate":"https:\/\/paracherkaoui.ma\/?s={search_term_string}"},"query-input":{"@type":"PropertyValueSpecification","valueRequired":true,"valueName":"search_term_string"}}],"inLanguage":"fr-FR"}]}},"_links":{"self":[{"href":"https:\/\/paracherkaoui.ma\/index.php\/wp-json\/wp\/v2\/product\/36925","targetHints":{"allow":["GET"]}}],"collection":[{"href":"https:\/\/paracherkaoui.ma\/index.php\/wp-json\/wp\/v2\/product"}],"about":[{"href":"https:\/\/paracherkaoui.ma\/index.php\/wp-json\/wp\/v2\/types\/product"}],"replies":[{"embeddable":true,"href":"https:\/\/paracherkaoui.ma\/index.php\/wp-json\/wp\/v2\/comments?post=36925"}],"version-history":[{"count":1,"href":"https:\/\/paracherkaoui.ma\/index.php\/wp-json\/wp\/v2\/product\/36925\/revisions"}],"predecessor-version":[{"id":36955,"href":"https:\/\/paracherkaoui.ma\/index.php\/wp-json\/wp\/v2\/product\/36925\/revisions\/36955"}],"wp:featuredmedia":[{"embeddable":true,"href":"https:\/\/paracherkaoui.ma\/index.php\/wp-json\/wp\/v2\/media\/36775"}],"wp:attachment":[{"href":"https:\/\/paracherkaoui.ma\/index.php\/wp-json\/wp\/v2\/media?parent=36925"}],"wp:term":[{"taxonomy":"product_brand","embeddable":true,"href":"https:\/\/paracherkaoui.ma\/index.php\/wp-json\/wp\/v2\/product_brand?post=36925"},{"taxonomy":"product_cat","embeddable":true,"href":"https:\/\/paracherkaoui.ma\/index.php\/wp-json\/wp\/v2\/product_cat?post=36925"},{"taxonomy":"product_tag","embeddable":true,"href":"https:\/\/paracherkaoui.ma\/index.php\/wp-json\/wp\/v2\/product_tag?post=36925"}],"curies":[{"name":"wp","href":"https:\/\/api.w.org\/{rel}","templated":true}]}}