{"id":36810,"date":"2025-12-12T18:56:45","date_gmt":"2025-12-12T17:56:45","guid":{"rendered":"https:\/\/test.ecbeaute.com\/?post_type=product&#038;p=36810"},"modified":"2025-12-12T18:56:50","modified_gmt":"2025-12-12T17:56:50","slug":"biorga-femilyane-gel-nettoyant-physiologique-ph-5-5-200-ml","status":"publish","type":"product","link":"https:\/\/paracherkaoui.ma\/index.php\/produit\/biorga-femilyane-gel-nettoyant-physiologique-ph-5-5-200-ml\/","title":{"rendered":"BIORGA FEMILYANE GEL NETTOYANT PHYSIOLOGIQUE PH 5.5 200 ML"},"content":{"rendered":"<p>Description:<br \/>\n\u00c9cosyst\u00e8me tr\u00e8s fragile, la flore vaginale peut, si elle n\u2019est pas correctement nettoy\u00e9e, faire l\u2019objet de nombreux d\u00e9sagr\u00e9ments. Pour vous \u00e9viter br\u00fblures, d\u00e9mangeaisons ou encore irritations, les laboratoires Biorga ont d\u00e9velopp\u00e9 le gel nettoyant ultra-doux Femyliane. Sp\u00e9cialement con\u00e7u pour l\u2019hygi\u00e8ne intime, ce soin est le bon r\u00e9flexe pour maintenir votre flore vaginale intacte. Tr\u00e8s complet, ce produit lavant doux au pH physiologique et garanti sans savon :\u00a0nettoie d\u00e9licatement les muqueuses sensibles ou fragiles contribue \u00e0 une bonne hydratation de la zone intime procure une sensation imm\u00e9diate de fraicheur et de propret\u00e9 maintient l\u2019acidit\u00e9 naturelle de la zone intime et l\u2019\u00e9quilibre de la flore vaginale<br \/>\nConseils d&rsquo;utilisation:<br \/>\nLe gel intime Femilyane s\u2019utilise comme un savon liquide classique. Appliquez une petite quantit\u00e9 sur peau humide, faites mousser et rincez \u00e0 l\u2019eau claire. Compl\u00e9tez votre toilette intime avec le Fluide apaisant hydratant pH8 Femilyane.<\/p>\n","protected":false},"excerpt":{"rendered":"<p>Description: \u00c9cosyst\u00e8me tr\u00e8s fragile, la flore vaginale peut, si elle n\u2019est pas correctement nettoy\u00e9e, faire l\u2019objet de nombreux d\u00e9sagr\u00e9ments. Pour<\/p>\n","protected":false},"featured_media":36841,"comment_status":"open","ping_status":"closed","template":"","meta":[],"product_brand":[292],"product_cat":[642],"product_tag":[],"class_list":{"0":"post-36810","1":"product","2":"type-product","3":"status-publish","4":"has-post-thumbnail","6":"product_brand-biorga","7":"product_cat-hygiene-intime","9":"first","10":"instock","11":"sale","12":"shipping-taxable","13":"purchasable","14":"product-type-simple"},"yoast_head":"<!-- This site is optimized with the Yoast SEO plugin v26.6 - https:\/\/yoast.com\/wordpress\/plugins\/seo\/ -->\r\n<title>BIORGA FEMILYANE GEL NETTOYANT PHYSIOLOGIQUE PH 5.5 200 ML - Paracherkaoui.ma<\/title>\r\n<meta name=\"robots\" content=\"index, follow, max-snippet:-1, max-image-preview:large, max-video-preview:-1\" \/>\r\n<link rel=\"canonical\" href=\"https:\/\/paracherkaoui.ma\/index.php\/produit\/biorga-femilyane-gel-nettoyant-physiologique-ph-5-5-200-ml\/\" \/>\r\n<meta property=\"og:locale\" content=\"fr_FR\" \/>\r\n<meta property=\"og:type\" content=\"article\" \/>\r\n<meta property=\"og:title\" content=\"BIORGA FEMILYANE GEL NETTOYANT PHYSIOLOGIQUE PH 5.5 200 ML - Paracherkaoui.ma\" \/>\r\n<meta property=\"og:description\" content=\"Description: \u00c9cosyst\u00e8me tr\u00e8s fragile, la flore vaginale peut, si elle n\u2019est pas correctement nettoy\u00e9e, faire l\u2019objet de nombreux d\u00e9sagr\u00e9ments. Pour\" \/>\r\n<meta property=\"og:url\" content=\"https:\/\/paracherkaoui.ma\/index.php\/produit\/biorga-femilyane-gel-nettoyant-physiologique-ph-5-5-200-ml\/\" \/>\r\n<meta property=\"og:site_name\" content=\"Paracherkaoui.ma\" \/>\r\n<meta property=\"article:modified_time\" content=\"2025-12-12T17:56:50+00:00\" \/>\r\n<meta property=\"og:image\" content=\"https:\/\/paracherkaoui.ma\/wp-content\/uploads\/2025\/12\/biorga-femilyane-gel-nettoyant-physiologique-ph-55-200-ml.jpg\" \/>\r\n\t<meta property=\"og:image:width\" content=\"700\" \/>\r\n\t<meta property=\"og:image:height\" content=\"700\" \/>\r\n\t<meta property=\"og:image:type\" content=\"image\/jpeg\" \/>\r\n<meta name=\"twitter:card\" content=\"summary_large_image\" \/>\r\n<meta name=\"twitter:label1\" content=\"Dur\u00e9e de lecture estim\u00e9e\" \/>\n\t<meta name=\"twitter:data1\" content=\"1 minute\" \/>\r\n<script type=\"application\/ld+json\" class=\"yoast-schema-graph\">{\"@context\":\"https:\/\/schema.org\",\"@graph\":[{\"@type\":\"WebPage\",\"@id\":\"https:\/\/paracherkaoui.ma\/index.php\/produit\/biorga-femilyane-gel-nettoyant-physiologique-ph-5-5-200-ml\/\",\"url\":\"https:\/\/paracherkaoui.ma\/index.php\/produit\/biorga-femilyane-gel-nettoyant-physiologique-ph-5-5-200-ml\/\",\"name\":\"BIORGA FEMILYANE GEL NETTOYANT PHYSIOLOGIQUE PH 5.5 200 ML - Paracherkaoui.ma\",\"isPartOf\":{\"@id\":\"https:\/\/paracherkaoui.ma\/#website\"},\"primaryImageOfPage\":{\"@id\":\"https:\/\/paracherkaoui.ma\/index.php\/produit\/biorga-femilyane-gel-nettoyant-physiologique-ph-5-5-200-ml\/#primaryimage\"},\"image\":{\"@id\":\"https:\/\/paracherkaoui.ma\/index.php\/produit\/biorga-femilyane-gel-nettoyant-physiologique-ph-5-5-200-ml\/#primaryimage\"},\"thumbnailUrl\":\"https:\/\/paracherkaoui.ma\/wp-content\/uploads\/2025\/12\/biorga-femilyane-gel-nettoyant-physiologique-ph-55-200-ml.jpg\",\"datePublished\":\"2025-12-12T17:56:45+00:00\",\"dateModified\":\"2025-12-12T17:56:50+00:00\",\"breadcrumb\":{\"@id\":\"https:\/\/paracherkaoui.ma\/index.php\/produit\/biorga-femilyane-gel-nettoyant-physiologique-ph-5-5-200-ml\/#breadcrumb\"},\"inLanguage\":\"fr-FR\",\"potentialAction\":[{\"@type\":\"ReadAction\",\"target\":[\"https:\/\/paracherkaoui.ma\/index.php\/produit\/biorga-femilyane-gel-nettoyant-physiologique-ph-5-5-200-ml\/\"]}]},{\"@type\":\"ImageObject\",\"inLanguage\":\"fr-FR\",\"@id\":\"https:\/\/paracherkaoui.ma\/index.php\/produit\/biorga-femilyane-gel-nettoyant-physiologique-ph-5-5-200-ml\/#primaryimage\",\"url\":\"https:\/\/paracherkaoui.ma\/wp-content\/uploads\/2025\/12\/biorga-femilyane-gel-nettoyant-physiologique-ph-55-200-ml.jpg\",\"contentUrl\":\"https:\/\/paracherkaoui.ma\/wp-content\/uploads\/2025\/12\/biorga-femilyane-gel-nettoyant-physiologique-ph-55-200-ml.jpg\",\"width\":700,\"height\":700},{\"@type\":\"BreadcrumbList\",\"@id\":\"https:\/\/paracherkaoui.ma\/index.php\/produit\/biorga-femilyane-gel-nettoyant-physiologique-ph-5-5-200-ml\/#breadcrumb\",\"itemListElement\":[{\"@type\":\"ListItem\",\"position\":1,\"name\":\"Accueil\",\"item\":\"https:\/\/paracherkaoui.ma\/\"},{\"@type\":\"ListItem\",\"position\":2,\"name\":\"Boutique\",\"item\":\"https:\/\/paracherkaoui.ma\/index.php\/boutique\/\"},{\"@type\":\"ListItem\",\"position\":3,\"name\":\"BIORGA FEMILYANE GEL NETTOYANT PHYSIOLOGIQUE PH 5.5 200 ML\"}]},{\"@type\":\"WebSite\",\"@id\":\"https:\/\/paracherkaoui.ma\/#website\",\"url\":\"https:\/\/paracherkaoui.ma\/\",\"name\":\"Paracherkaoui.ma\",\"description\":\"Achetez en ligne sur Paracherkaoui.ma\",\"potentialAction\":[{\"@type\":\"SearchAction\",\"target\":{\"@type\":\"EntryPoint\",\"urlTemplate\":\"https:\/\/paracherkaoui.ma\/?s={search_term_string}\"},\"query-input\":{\"@type\":\"PropertyValueSpecification\",\"valueRequired\":true,\"valueName\":\"search_term_string\"}}],\"inLanguage\":\"fr-FR\"}]}<\/script>\r\n<!-- \/ Yoast SEO plugin. -->","yoast_head_json":{"title":"BIORGA FEMILYANE GEL NETTOYANT PHYSIOLOGIQUE PH 5.5 200 ML - Paracherkaoui.ma","robots":{"index":"index","follow":"follow","max-snippet":"max-snippet:-1","max-image-preview":"max-image-preview:large","max-video-preview":"max-video-preview:-1"},"canonical":"https:\/\/paracherkaoui.ma\/index.php\/produit\/biorga-femilyane-gel-nettoyant-physiologique-ph-5-5-200-ml\/","og_locale":"fr_FR","og_type":"article","og_title":"BIORGA FEMILYANE GEL NETTOYANT PHYSIOLOGIQUE PH 5.5 200 ML - Paracherkaoui.ma","og_description":"Description: \u00c9cosyst\u00e8me tr\u00e8s fragile, la flore vaginale peut, si elle n\u2019est pas correctement nettoy\u00e9e, faire l\u2019objet de nombreux d\u00e9sagr\u00e9ments. Pour","og_url":"https:\/\/paracherkaoui.ma\/index.php\/produit\/biorga-femilyane-gel-nettoyant-physiologique-ph-5-5-200-ml\/","og_site_name":"Paracherkaoui.ma","article_modified_time":"2025-12-12T17:56:50+00:00","og_image":[{"width":700,"height":700,"url":"https:\/\/paracherkaoui.ma\/wp-content\/uploads\/2025\/12\/biorga-femilyane-gel-nettoyant-physiologique-ph-55-200-ml.jpg","type":"image\/jpeg"}],"twitter_card":"summary_large_image","twitter_misc":{"Dur\u00e9e de lecture estim\u00e9e":"1 minute"},"schema":{"@context":"https:\/\/schema.org","@graph":[{"@type":"WebPage","@id":"https:\/\/paracherkaoui.ma\/index.php\/produit\/biorga-femilyane-gel-nettoyant-physiologique-ph-5-5-200-ml\/","url":"https:\/\/paracherkaoui.ma\/index.php\/produit\/biorga-femilyane-gel-nettoyant-physiologique-ph-5-5-200-ml\/","name":"BIORGA FEMILYANE GEL NETTOYANT PHYSIOLOGIQUE PH 5.5 200 ML - Paracherkaoui.ma","isPartOf":{"@id":"https:\/\/paracherkaoui.ma\/#website"},"primaryImageOfPage":{"@id":"https:\/\/paracherkaoui.ma\/index.php\/produit\/biorga-femilyane-gel-nettoyant-physiologique-ph-5-5-200-ml\/#primaryimage"},"image":{"@id":"https:\/\/paracherkaoui.ma\/index.php\/produit\/biorga-femilyane-gel-nettoyant-physiologique-ph-5-5-200-ml\/#primaryimage"},"thumbnailUrl":"https:\/\/paracherkaoui.ma\/wp-content\/uploads\/2025\/12\/biorga-femilyane-gel-nettoyant-physiologique-ph-55-200-ml.jpg","datePublished":"2025-12-12T17:56:45+00:00","dateModified":"2025-12-12T17:56:50+00:00","breadcrumb":{"@id":"https:\/\/paracherkaoui.ma\/index.php\/produit\/biorga-femilyane-gel-nettoyant-physiologique-ph-5-5-200-ml\/#breadcrumb"},"inLanguage":"fr-FR","potentialAction":[{"@type":"ReadAction","target":["https:\/\/paracherkaoui.ma\/index.php\/produit\/biorga-femilyane-gel-nettoyant-physiologique-ph-5-5-200-ml\/"]}]},{"@type":"ImageObject","inLanguage":"fr-FR","@id":"https:\/\/paracherkaoui.ma\/index.php\/produit\/biorga-femilyane-gel-nettoyant-physiologique-ph-5-5-200-ml\/#primaryimage","url":"https:\/\/paracherkaoui.ma\/wp-content\/uploads\/2025\/12\/biorga-femilyane-gel-nettoyant-physiologique-ph-55-200-ml.jpg","contentUrl":"https:\/\/paracherkaoui.ma\/wp-content\/uploads\/2025\/12\/biorga-femilyane-gel-nettoyant-physiologique-ph-55-200-ml.jpg","width":700,"height":700},{"@type":"BreadcrumbList","@id":"https:\/\/paracherkaoui.ma\/index.php\/produit\/biorga-femilyane-gel-nettoyant-physiologique-ph-5-5-200-ml\/#breadcrumb","itemListElement":[{"@type":"ListItem","position":1,"name":"Accueil","item":"https:\/\/paracherkaoui.ma\/"},{"@type":"ListItem","position":2,"name":"Boutique","item":"https:\/\/paracherkaoui.ma\/index.php\/boutique\/"},{"@type":"ListItem","position":3,"name":"BIORGA FEMILYANE GEL NETTOYANT PHYSIOLOGIQUE PH 5.5 200 ML"}]},{"@type":"WebSite","@id":"https:\/\/paracherkaoui.ma\/#website","url":"https:\/\/paracherkaoui.ma\/","name":"Paracherkaoui.ma","description":"Achetez en ligne sur Paracherkaoui.ma","potentialAction":[{"@type":"SearchAction","target":{"@type":"EntryPoint","urlTemplate":"https:\/\/paracherkaoui.ma\/?s={search_term_string}"},"query-input":{"@type":"PropertyValueSpecification","valueRequired":true,"valueName":"search_term_string"}}],"inLanguage":"fr-FR"}]}},"_links":{"self":[{"href":"https:\/\/paracherkaoui.ma\/index.php\/wp-json\/wp\/v2\/product\/36810","targetHints":{"allow":["GET"]}}],"collection":[{"href":"https:\/\/paracherkaoui.ma\/index.php\/wp-json\/wp\/v2\/product"}],"about":[{"href":"https:\/\/paracherkaoui.ma\/index.php\/wp-json\/wp\/v2\/types\/product"}],"replies":[{"embeddable":true,"href":"https:\/\/paracherkaoui.ma\/index.php\/wp-json\/wp\/v2\/comments?post=36810"}],"version-history":[{"count":1,"href":"https:\/\/paracherkaoui.ma\/index.php\/wp-json\/wp\/v2\/product\/36810\/revisions"}],"predecessor-version":[{"id":36842,"href":"https:\/\/paracherkaoui.ma\/index.php\/wp-json\/wp\/v2\/product\/36810\/revisions\/36842"}],"wp:featuredmedia":[{"embeddable":true,"href":"https:\/\/paracherkaoui.ma\/index.php\/wp-json\/wp\/v2\/media\/36841"}],"wp:attachment":[{"href":"https:\/\/paracherkaoui.ma\/index.php\/wp-json\/wp\/v2\/media?parent=36810"}],"wp:term":[{"taxonomy":"product_brand","embeddable":true,"href":"https:\/\/paracherkaoui.ma\/index.php\/wp-json\/wp\/v2\/product_brand?post=36810"},{"taxonomy":"product_cat","embeddable":true,"href":"https:\/\/paracherkaoui.ma\/index.php\/wp-json\/wp\/v2\/product_cat?post=36810"},{"taxonomy":"product_tag","embeddable":true,"href":"https:\/\/paracherkaoui.ma\/index.php\/wp-json\/wp\/v2\/product_tag?post=36810"}],"curies":[{"name":"wp","href":"https:\/\/api.w.org\/{rel}","templated":true}]}}