{"id":36807,"date":"2025-12-12T18:56:45","date_gmt":"2025-12-12T17:56:45","guid":{"rendered":"https:\/\/test.ecbeaute.com\/?post_type=product&#038;p=36807"},"modified":"2025-12-12T18:56:49","modified_gmt":"2025-12-12T17:56:49","slug":"camomilla-blu-intimorosa-gel-nettoyant-intime-ph-3-5-300ml","status":"publish","type":"product","link":"https:\/\/paracherkaoui.ma\/index.php\/produit\/camomilla-blu-intimorosa-gel-nettoyant-intime-ph-3-5-300ml\/","title":{"rendered":"CAMOMILLA BLU INTIMOROSA GEL NETTOYANT INTIME PH 3.5 300ML"},"content":{"rendered":"<p>Description:<br \/>\nNettoyant d\u00e9licat au PH neutre id\u00e9al pour lutter contre les d\u00e9mangeaisons et les irritations intimes. Excellent auxiliaires pour la pr\u00e9vention et le traitement des candidoses et des mycoses en g\u00e9n\u00e9ral. Contient un antibact\u00e9rien<\/p>\n","protected":false},"excerpt":{"rendered":"<p>Description: Nettoyant d\u00e9licat au PH neutre id\u00e9al pour lutter contre les d\u00e9mangeaisons et les irritations intimes. Excellent auxiliaires pour la<\/p>\n","protected":false},"featured_media":36835,"comment_status":"open","ping_status":"closed","template":"","meta":[],"product_brand":[239],"product_cat":[642],"product_tag":[],"class_list":{"0":"post-36807","1":"product","2":"type-product","3":"status-publish","4":"has-post-thumbnail","6":"product_brand-camomilla-blu","7":"product_cat-hygiene-intime","9":"first","10":"instock","11":"sale","12":"shipping-taxable","13":"purchasable","14":"product-type-simple"},"yoast_head":"<!-- This site is optimized with the Yoast SEO plugin v26.6 - https:\/\/yoast.com\/wordpress\/plugins\/seo\/ -->\r\n<title>CAMOMILLA BLU INTIMOROSA GEL NETTOYANT INTIME PH 3.5 300ML - Paracherkaoui.ma<\/title>\r\n<meta name=\"robots\" content=\"index, follow, max-snippet:-1, max-image-preview:large, max-video-preview:-1\" \/>\r\n<link rel=\"canonical\" href=\"https:\/\/paracherkaoui.ma\/index.php\/produit\/camomilla-blu-intimorosa-gel-nettoyant-intime-ph-3-5-300ml\/\" \/>\r\n<meta property=\"og:locale\" content=\"fr_FR\" \/>\r\n<meta property=\"og:type\" content=\"article\" \/>\r\n<meta property=\"og:title\" content=\"CAMOMILLA BLU INTIMOROSA GEL NETTOYANT INTIME PH 3.5 300ML - Paracherkaoui.ma\" \/>\r\n<meta property=\"og:description\" content=\"Description: Nettoyant d\u00e9licat au PH neutre id\u00e9al pour lutter contre les d\u00e9mangeaisons et les irritations intimes. Excellent auxiliaires pour la\" \/>\r\n<meta property=\"og:url\" content=\"https:\/\/paracherkaoui.ma\/index.php\/produit\/camomilla-blu-intimorosa-gel-nettoyant-intime-ph-3-5-300ml\/\" \/>\r\n<meta property=\"og:site_name\" content=\"Paracherkaoui.ma\" \/>\r\n<meta property=\"article:modified_time\" content=\"2025-12-12T17:56:49+00:00\" \/>\r\n<meta property=\"og:image\" content=\"https:\/\/paracherkaoui.ma\/wp-content\/uploads\/2025\/12\/camomilla-blu-intimorosa-gel-nettoyant-intime-ph-35-300ml.jpg\" \/>\r\n\t<meta property=\"og:image:width\" content=\"700\" \/>\r\n\t<meta property=\"og:image:height\" content=\"700\" \/>\r\n\t<meta property=\"og:image:type\" content=\"image\/jpeg\" \/>\r\n<meta name=\"twitter:card\" content=\"summary_large_image\" \/>\r\n<script type=\"application\/ld+json\" class=\"yoast-schema-graph\">{\"@context\":\"https:\/\/schema.org\",\"@graph\":[{\"@type\":\"WebPage\",\"@id\":\"https:\/\/paracherkaoui.ma\/index.php\/produit\/camomilla-blu-intimorosa-gel-nettoyant-intime-ph-3-5-300ml\/\",\"url\":\"https:\/\/paracherkaoui.ma\/index.php\/produit\/camomilla-blu-intimorosa-gel-nettoyant-intime-ph-3-5-300ml\/\",\"name\":\"CAMOMILLA BLU INTIMOROSA GEL NETTOYANT INTIME PH 3.5 300ML - Paracherkaoui.ma\",\"isPartOf\":{\"@id\":\"https:\/\/paracherkaoui.ma\/#website\"},\"primaryImageOfPage\":{\"@id\":\"https:\/\/paracherkaoui.ma\/index.php\/produit\/camomilla-blu-intimorosa-gel-nettoyant-intime-ph-3-5-300ml\/#primaryimage\"},\"image\":{\"@id\":\"https:\/\/paracherkaoui.ma\/index.php\/produit\/camomilla-blu-intimorosa-gel-nettoyant-intime-ph-3-5-300ml\/#primaryimage\"},\"thumbnailUrl\":\"https:\/\/paracherkaoui.ma\/wp-content\/uploads\/2025\/12\/camomilla-blu-intimorosa-gel-nettoyant-intime-ph-35-300ml.jpg\",\"datePublished\":\"2025-12-12T17:56:45+00:00\",\"dateModified\":\"2025-12-12T17:56:49+00:00\",\"breadcrumb\":{\"@id\":\"https:\/\/paracherkaoui.ma\/index.php\/produit\/camomilla-blu-intimorosa-gel-nettoyant-intime-ph-3-5-300ml\/#breadcrumb\"},\"inLanguage\":\"fr-FR\",\"potentialAction\":[{\"@type\":\"ReadAction\",\"target\":[\"https:\/\/paracherkaoui.ma\/index.php\/produit\/camomilla-blu-intimorosa-gel-nettoyant-intime-ph-3-5-300ml\/\"]}]},{\"@type\":\"ImageObject\",\"inLanguage\":\"fr-FR\",\"@id\":\"https:\/\/paracherkaoui.ma\/index.php\/produit\/camomilla-blu-intimorosa-gel-nettoyant-intime-ph-3-5-300ml\/#primaryimage\",\"url\":\"https:\/\/paracherkaoui.ma\/wp-content\/uploads\/2025\/12\/camomilla-blu-intimorosa-gel-nettoyant-intime-ph-35-300ml.jpg\",\"contentUrl\":\"https:\/\/paracherkaoui.ma\/wp-content\/uploads\/2025\/12\/camomilla-blu-intimorosa-gel-nettoyant-intime-ph-35-300ml.jpg\",\"width\":700,\"height\":700},{\"@type\":\"BreadcrumbList\",\"@id\":\"https:\/\/paracherkaoui.ma\/index.php\/produit\/camomilla-blu-intimorosa-gel-nettoyant-intime-ph-3-5-300ml\/#breadcrumb\",\"itemListElement\":[{\"@type\":\"ListItem\",\"position\":1,\"name\":\"Accueil\",\"item\":\"https:\/\/paracherkaoui.ma\/\"},{\"@type\":\"ListItem\",\"position\":2,\"name\":\"Boutique\",\"item\":\"https:\/\/paracherkaoui.ma\/index.php\/boutique\/\"},{\"@type\":\"ListItem\",\"position\":3,\"name\":\"CAMOMILLA BLU INTIMOROSA GEL NETTOYANT INTIME PH 3.5 300ML\"}]},{\"@type\":\"WebSite\",\"@id\":\"https:\/\/paracherkaoui.ma\/#website\",\"url\":\"https:\/\/paracherkaoui.ma\/\",\"name\":\"Paracherkaoui.ma\",\"description\":\"Achetez en ligne sur Paracherkaoui.ma\",\"potentialAction\":[{\"@type\":\"SearchAction\",\"target\":{\"@type\":\"EntryPoint\",\"urlTemplate\":\"https:\/\/paracherkaoui.ma\/?s={search_term_string}\"},\"query-input\":{\"@type\":\"PropertyValueSpecification\",\"valueRequired\":true,\"valueName\":\"search_term_string\"}}],\"inLanguage\":\"fr-FR\"}]}<\/script>\r\n<!-- \/ Yoast SEO plugin. -->","yoast_head_json":{"title":"CAMOMILLA BLU INTIMOROSA GEL NETTOYANT INTIME PH 3.5 300ML - Paracherkaoui.ma","robots":{"index":"index","follow":"follow","max-snippet":"max-snippet:-1","max-image-preview":"max-image-preview:large","max-video-preview":"max-video-preview:-1"},"canonical":"https:\/\/paracherkaoui.ma\/index.php\/produit\/camomilla-blu-intimorosa-gel-nettoyant-intime-ph-3-5-300ml\/","og_locale":"fr_FR","og_type":"article","og_title":"CAMOMILLA BLU INTIMOROSA GEL NETTOYANT INTIME PH 3.5 300ML - Paracherkaoui.ma","og_description":"Description: Nettoyant d\u00e9licat au PH neutre id\u00e9al pour lutter contre les d\u00e9mangeaisons et les irritations intimes. Excellent auxiliaires pour la","og_url":"https:\/\/paracherkaoui.ma\/index.php\/produit\/camomilla-blu-intimorosa-gel-nettoyant-intime-ph-3-5-300ml\/","og_site_name":"Paracherkaoui.ma","article_modified_time":"2025-12-12T17:56:49+00:00","og_image":[{"width":700,"height":700,"url":"https:\/\/paracherkaoui.ma\/wp-content\/uploads\/2025\/12\/camomilla-blu-intimorosa-gel-nettoyant-intime-ph-35-300ml.jpg","type":"image\/jpeg"}],"twitter_card":"summary_large_image","schema":{"@context":"https:\/\/schema.org","@graph":[{"@type":"WebPage","@id":"https:\/\/paracherkaoui.ma\/index.php\/produit\/camomilla-blu-intimorosa-gel-nettoyant-intime-ph-3-5-300ml\/","url":"https:\/\/paracherkaoui.ma\/index.php\/produit\/camomilla-blu-intimorosa-gel-nettoyant-intime-ph-3-5-300ml\/","name":"CAMOMILLA BLU INTIMOROSA GEL NETTOYANT INTIME PH 3.5 300ML - Paracherkaoui.ma","isPartOf":{"@id":"https:\/\/paracherkaoui.ma\/#website"},"primaryImageOfPage":{"@id":"https:\/\/paracherkaoui.ma\/index.php\/produit\/camomilla-blu-intimorosa-gel-nettoyant-intime-ph-3-5-300ml\/#primaryimage"},"image":{"@id":"https:\/\/paracherkaoui.ma\/index.php\/produit\/camomilla-blu-intimorosa-gel-nettoyant-intime-ph-3-5-300ml\/#primaryimage"},"thumbnailUrl":"https:\/\/paracherkaoui.ma\/wp-content\/uploads\/2025\/12\/camomilla-blu-intimorosa-gel-nettoyant-intime-ph-35-300ml.jpg","datePublished":"2025-12-12T17:56:45+00:00","dateModified":"2025-12-12T17:56:49+00:00","breadcrumb":{"@id":"https:\/\/paracherkaoui.ma\/index.php\/produit\/camomilla-blu-intimorosa-gel-nettoyant-intime-ph-3-5-300ml\/#breadcrumb"},"inLanguage":"fr-FR","potentialAction":[{"@type":"ReadAction","target":["https:\/\/paracherkaoui.ma\/index.php\/produit\/camomilla-blu-intimorosa-gel-nettoyant-intime-ph-3-5-300ml\/"]}]},{"@type":"ImageObject","inLanguage":"fr-FR","@id":"https:\/\/paracherkaoui.ma\/index.php\/produit\/camomilla-blu-intimorosa-gel-nettoyant-intime-ph-3-5-300ml\/#primaryimage","url":"https:\/\/paracherkaoui.ma\/wp-content\/uploads\/2025\/12\/camomilla-blu-intimorosa-gel-nettoyant-intime-ph-35-300ml.jpg","contentUrl":"https:\/\/paracherkaoui.ma\/wp-content\/uploads\/2025\/12\/camomilla-blu-intimorosa-gel-nettoyant-intime-ph-35-300ml.jpg","width":700,"height":700},{"@type":"BreadcrumbList","@id":"https:\/\/paracherkaoui.ma\/index.php\/produit\/camomilla-blu-intimorosa-gel-nettoyant-intime-ph-3-5-300ml\/#breadcrumb","itemListElement":[{"@type":"ListItem","position":1,"name":"Accueil","item":"https:\/\/paracherkaoui.ma\/"},{"@type":"ListItem","position":2,"name":"Boutique","item":"https:\/\/paracherkaoui.ma\/index.php\/boutique\/"},{"@type":"ListItem","position":3,"name":"CAMOMILLA BLU INTIMOROSA GEL NETTOYANT INTIME PH 3.5 300ML"}]},{"@type":"WebSite","@id":"https:\/\/paracherkaoui.ma\/#website","url":"https:\/\/paracherkaoui.ma\/","name":"Paracherkaoui.ma","description":"Achetez en ligne sur Paracherkaoui.ma","potentialAction":[{"@type":"SearchAction","target":{"@type":"EntryPoint","urlTemplate":"https:\/\/paracherkaoui.ma\/?s={search_term_string}"},"query-input":{"@type":"PropertyValueSpecification","valueRequired":true,"valueName":"search_term_string"}}],"inLanguage":"fr-FR"}]}},"_links":{"self":[{"href":"https:\/\/paracherkaoui.ma\/index.php\/wp-json\/wp\/v2\/product\/36807","targetHints":{"allow":["GET"]}}],"collection":[{"href":"https:\/\/paracherkaoui.ma\/index.php\/wp-json\/wp\/v2\/product"}],"about":[{"href":"https:\/\/paracherkaoui.ma\/index.php\/wp-json\/wp\/v2\/types\/product"}],"replies":[{"embeddable":true,"href":"https:\/\/paracherkaoui.ma\/index.php\/wp-json\/wp\/v2\/comments?post=36807"}],"version-history":[{"count":1,"href":"https:\/\/paracherkaoui.ma\/index.php\/wp-json\/wp\/v2\/product\/36807\/revisions"}],"predecessor-version":[{"id":36836,"href":"https:\/\/paracherkaoui.ma\/index.php\/wp-json\/wp\/v2\/product\/36807\/revisions\/36836"}],"wp:featuredmedia":[{"embeddable":true,"href":"https:\/\/paracherkaoui.ma\/index.php\/wp-json\/wp\/v2\/media\/36835"}],"wp:attachment":[{"href":"https:\/\/paracherkaoui.ma\/index.php\/wp-json\/wp\/v2\/media?parent=36807"}],"wp:term":[{"taxonomy":"product_brand","embeddable":true,"href":"https:\/\/paracherkaoui.ma\/index.php\/wp-json\/wp\/v2\/product_brand?post=36807"},{"taxonomy":"product_cat","embeddable":true,"href":"https:\/\/paracherkaoui.ma\/index.php\/wp-json\/wp\/v2\/product_cat?post=36807"},{"taxonomy":"product_tag","embeddable":true,"href":"https:\/\/paracherkaoui.ma\/index.php\/wp-json\/wp\/v2\/product_tag?post=36807"}],"curies":[{"name":"wp","href":"https:\/\/api.w.org\/{rel}","templated":true}]}}