{"id":36805,"date":"2025-12-12T18:56:45","date_gmt":"2025-12-12T17:56:45","guid":{"rendered":"https:\/\/test.ecbeaute.com\/?post_type=product&#038;p=36805"},"modified":"2025-12-12T18:56:48","modified_gmt":"2025-12-12T17:56:48","slug":"neutraderm-intime-creme-apaisante-douceur-40-ml","status":"publish","type":"product","link":"https:\/\/paracherkaoui.ma\/index.php\/produit\/neutraderm-intime-creme-apaisante-douceur-40-ml\/","title":{"rendered":"NEUTRADERM INTIME CREME APAISANTE DOUCEUR 40 ML"},"content":{"rendered":"<p>La Cr\u00e8me Apaisante Douceur Intime est une cr\u00e8me hydratante\u00a0pour la zone intime. Cette cr\u00e8me est adapt\u00e9e \u00e0 toutes les peaux m\u00eame les plus sensibles. Elle nourrit en profondeur et hydrate durablement la peau de la zone intime.<br \/>\nLa Cr\u00e8me Apaisante Intime respecte l\u2019\u00e9quilibre\u00a0de la zone intime et r\u00e9duit les sensations d\u2019inconfort\u00a0li\u00e9es aux d\u00e9sagr\u00e9ments intimes. Elle apporte fra\u00eecheur et confort\u00a0et restaure la barri\u00e8re cutan\u00e9e.<br \/>\nGr\u00e2ce \u00e0 sa texture non-collante, elle est id\u00e9ale pour hydrater \u00e0 tout moment de la journ\u00e9e, elle p\u00e9n\u00e8tre rapidement ce qui permet un habillage imm\u00e9diat.<br \/>\nCompos\u00e9e d\u2019actifs et ingr\u00e9dients qui respectent l\u2019\u00e9quilibre de votre peau :<br \/>\nLe Complexe Active Oligo Skin<br \/>\nLe m\u00e9lange d\u2019huiles v\u00e9g\u00e9tales am\u00e9liore la fonction barri\u00e8re de la peau et l\u2019hydratation de la peau.<br \/>\nL\u2019allanto\u00efne est apaisante pour la peau, elle lui donne une apparence saine, lisse et douce.<br \/>\nConseils d&rsquo;utilisation:<br \/>\nAppliquer sur les zones intimes, laisser p\u00e9n\u00e9trer. Sans rin\u00e7age.<\/p>\n","protected":false},"excerpt":{"rendered":"<p>La Cr\u00e8me Apaisante Douceur Intime est une cr\u00e8me hydratante\u00a0pour la zone intime. Cette cr\u00e8me est adapt\u00e9e \u00e0 toutes les peaux<\/p>\n","protected":false},"featured_media":36831,"comment_status":"open","ping_status":"closed","template":"","meta":[],"product_brand":[325],"product_cat":[642],"product_tag":[],"class_list":{"0":"post-36805","1":"product","2":"type-product","3":"status-publish","4":"has-post-thumbnail","6":"product_brand-neutraderm","7":"product_cat-hygiene-intime","9":"first","10":"instock","11":"sale","12":"shipping-taxable","13":"purchasable","14":"product-type-simple"},"yoast_head":"<!-- This site is optimized with the Yoast SEO plugin v26.6 - https:\/\/yoast.com\/wordpress\/plugins\/seo\/ -->\r\n<title>NEUTRADERM INTIME CREME APAISANTE DOUCEUR 40 ML - Paracherkaoui.ma<\/title>\r\n<meta name=\"robots\" content=\"index, follow, max-snippet:-1, max-image-preview:large, max-video-preview:-1\" \/>\r\n<link rel=\"canonical\" href=\"https:\/\/paracherkaoui.ma\/index.php\/produit\/neutraderm-intime-creme-apaisante-douceur-40-ml\/\" \/>\r\n<meta property=\"og:locale\" content=\"fr_FR\" \/>\r\n<meta property=\"og:type\" content=\"article\" \/>\r\n<meta property=\"og:title\" content=\"NEUTRADERM INTIME CREME APAISANTE DOUCEUR 40 ML - Paracherkaoui.ma\" \/>\r\n<meta property=\"og:description\" content=\"La Cr\u00e8me Apaisante Douceur Intime est une cr\u00e8me hydratante\u00a0pour la zone intime. Cette cr\u00e8me est adapt\u00e9e \u00e0 toutes les peaux\" \/>\r\n<meta property=\"og:url\" content=\"https:\/\/paracherkaoui.ma\/index.php\/produit\/neutraderm-intime-creme-apaisante-douceur-40-ml\/\" \/>\r\n<meta property=\"og:site_name\" content=\"Paracherkaoui.ma\" \/>\r\n<meta property=\"article:modified_time\" content=\"2025-12-12T17:56:48+00:00\" \/>\r\n<meta property=\"og:image\" content=\"https:\/\/paracherkaoui.ma\/wp-content\/uploads\/2025\/12\/neutraderm-neutraderm-intime-creme-apaisante-douceur-40-ml-toilette-intime.jpg\" \/>\r\n\t<meta property=\"og:image:width\" content=\"700\" \/>\r\n\t<meta property=\"og:image:height\" content=\"700\" \/>\r\n\t<meta property=\"og:image:type\" content=\"image\/jpeg\" \/>\r\n<meta name=\"twitter:card\" content=\"summary_large_image\" \/>\r\n<meta name=\"twitter:label1\" content=\"Dur\u00e9e de lecture estim\u00e9e\" \/>\n\t<meta name=\"twitter:data1\" content=\"1 minute\" \/>\r\n<script type=\"application\/ld+json\" class=\"yoast-schema-graph\">{\"@context\":\"https:\/\/schema.org\",\"@graph\":[{\"@type\":\"WebPage\",\"@id\":\"https:\/\/paracherkaoui.ma\/index.php\/produit\/neutraderm-intime-creme-apaisante-douceur-40-ml\/\",\"url\":\"https:\/\/paracherkaoui.ma\/index.php\/produit\/neutraderm-intime-creme-apaisante-douceur-40-ml\/\",\"name\":\"NEUTRADERM INTIME CREME APAISANTE DOUCEUR 40 ML - Paracherkaoui.ma\",\"isPartOf\":{\"@id\":\"https:\/\/paracherkaoui.ma\/#website\"},\"primaryImageOfPage\":{\"@id\":\"https:\/\/paracherkaoui.ma\/index.php\/produit\/neutraderm-intime-creme-apaisante-douceur-40-ml\/#primaryimage\"},\"image\":{\"@id\":\"https:\/\/paracherkaoui.ma\/index.php\/produit\/neutraderm-intime-creme-apaisante-douceur-40-ml\/#primaryimage\"},\"thumbnailUrl\":\"https:\/\/paracherkaoui.ma\/wp-content\/uploads\/2025\/12\/neutraderm-neutraderm-intime-creme-apaisante-douceur-40-ml-toilette-intime.jpg\",\"datePublished\":\"2025-12-12T17:56:45+00:00\",\"dateModified\":\"2025-12-12T17:56:48+00:00\",\"breadcrumb\":{\"@id\":\"https:\/\/paracherkaoui.ma\/index.php\/produit\/neutraderm-intime-creme-apaisante-douceur-40-ml\/#breadcrumb\"},\"inLanguage\":\"fr-FR\",\"potentialAction\":[{\"@type\":\"ReadAction\",\"target\":[\"https:\/\/paracherkaoui.ma\/index.php\/produit\/neutraderm-intime-creme-apaisante-douceur-40-ml\/\"]}]},{\"@type\":\"ImageObject\",\"inLanguage\":\"fr-FR\",\"@id\":\"https:\/\/paracherkaoui.ma\/index.php\/produit\/neutraderm-intime-creme-apaisante-douceur-40-ml\/#primaryimage\",\"url\":\"https:\/\/paracherkaoui.ma\/wp-content\/uploads\/2025\/12\/neutraderm-neutraderm-intime-creme-apaisante-douceur-40-ml-toilette-intime.jpg\",\"contentUrl\":\"https:\/\/paracherkaoui.ma\/wp-content\/uploads\/2025\/12\/neutraderm-neutraderm-intime-creme-apaisante-douceur-40-ml-toilette-intime.jpg\",\"width\":700,\"height\":700},{\"@type\":\"BreadcrumbList\",\"@id\":\"https:\/\/paracherkaoui.ma\/index.php\/produit\/neutraderm-intime-creme-apaisante-douceur-40-ml\/#breadcrumb\",\"itemListElement\":[{\"@type\":\"ListItem\",\"position\":1,\"name\":\"Accueil\",\"item\":\"https:\/\/paracherkaoui.ma\/\"},{\"@type\":\"ListItem\",\"position\":2,\"name\":\"Boutique\",\"item\":\"https:\/\/paracherkaoui.ma\/index.php\/boutique\/\"},{\"@type\":\"ListItem\",\"position\":3,\"name\":\"NEUTRADERM INTIME CREME APAISANTE DOUCEUR 40 ML\"}]},{\"@type\":\"WebSite\",\"@id\":\"https:\/\/paracherkaoui.ma\/#website\",\"url\":\"https:\/\/paracherkaoui.ma\/\",\"name\":\"Paracherkaoui.ma\",\"description\":\"Achetez en ligne sur Paracherkaoui.ma\",\"potentialAction\":[{\"@type\":\"SearchAction\",\"target\":{\"@type\":\"EntryPoint\",\"urlTemplate\":\"https:\/\/paracherkaoui.ma\/?s={search_term_string}\"},\"query-input\":{\"@type\":\"PropertyValueSpecification\",\"valueRequired\":true,\"valueName\":\"search_term_string\"}}],\"inLanguage\":\"fr-FR\"}]}<\/script>\r\n<!-- \/ Yoast SEO plugin. -->","yoast_head_json":{"title":"NEUTRADERM INTIME CREME APAISANTE DOUCEUR 40 ML - Paracherkaoui.ma","robots":{"index":"index","follow":"follow","max-snippet":"max-snippet:-1","max-image-preview":"max-image-preview:large","max-video-preview":"max-video-preview:-1"},"canonical":"https:\/\/paracherkaoui.ma\/index.php\/produit\/neutraderm-intime-creme-apaisante-douceur-40-ml\/","og_locale":"fr_FR","og_type":"article","og_title":"NEUTRADERM INTIME CREME APAISANTE DOUCEUR 40 ML - Paracherkaoui.ma","og_description":"La Cr\u00e8me Apaisante Douceur Intime est une cr\u00e8me hydratante\u00a0pour la zone intime. Cette cr\u00e8me est adapt\u00e9e \u00e0 toutes les peaux","og_url":"https:\/\/paracherkaoui.ma\/index.php\/produit\/neutraderm-intime-creme-apaisante-douceur-40-ml\/","og_site_name":"Paracherkaoui.ma","article_modified_time":"2025-12-12T17:56:48+00:00","og_image":[{"width":700,"height":700,"url":"https:\/\/paracherkaoui.ma\/wp-content\/uploads\/2025\/12\/neutraderm-neutraderm-intime-creme-apaisante-douceur-40-ml-toilette-intime.jpg","type":"image\/jpeg"}],"twitter_card":"summary_large_image","twitter_misc":{"Dur\u00e9e de lecture estim\u00e9e":"1 minute"},"schema":{"@context":"https:\/\/schema.org","@graph":[{"@type":"WebPage","@id":"https:\/\/paracherkaoui.ma\/index.php\/produit\/neutraderm-intime-creme-apaisante-douceur-40-ml\/","url":"https:\/\/paracherkaoui.ma\/index.php\/produit\/neutraderm-intime-creme-apaisante-douceur-40-ml\/","name":"NEUTRADERM INTIME CREME APAISANTE DOUCEUR 40 ML - Paracherkaoui.ma","isPartOf":{"@id":"https:\/\/paracherkaoui.ma\/#website"},"primaryImageOfPage":{"@id":"https:\/\/paracherkaoui.ma\/index.php\/produit\/neutraderm-intime-creme-apaisante-douceur-40-ml\/#primaryimage"},"image":{"@id":"https:\/\/paracherkaoui.ma\/index.php\/produit\/neutraderm-intime-creme-apaisante-douceur-40-ml\/#primaryimage"},"thumbnailUrl":"https:\/\/paracherkaoui.ma\/wp-content\/uploads\/2025\/12\/neutraderm-neutraderm-intime-creme-apaisante-douceur-40-ml-toilette-intime.jpg","datePublished":"2025-12-12T17:56:45+00:00","dateModified":"2025-12-12T17:56:48+00:00","breadcrumb":{"@id":"https:\/\/paracherkaoui.ma\/index.php\/produit\/neutraderm-intime-creme-apaisante-douceur-40-ml\/#breadcrumb"},"inLanguage":"fr-FR","potentialAction":[{"@type":"ReadAction","target":["https:\/\/paracherkaoui.ma\/index.php\/produit\/neutraderm-intime-creme-apaisante-douceur-40-ml\/"]}]},{"@type":"ImageObject","inLanguage":"fr-FR","@id":"https:\/\/paracherkaoui.ma\/index.php\/produit\/neutraderm-intime-creme-apaisante-douceur-40-ml\/#primaryimage","url":"https:\/\/paracherkaoui.ma\/wp-content\/uploads\/2025\/12\/neutraderm-neutraderm-intime-creme-apaisante-douceur-40-ml-toilette-intime.jpg","contentUrl":"https:\/\/paracherkaoui.ma\/wp-content\/uploads\/2025\/12\/neutraderm-neutraderm-intime-creme-apaisante-douceur-40-ml-toilette-intime.jpg","width":700,"height":700},{"@type":"BreadcrumbList","@id":"https:\/\/paracherkaoui.ma\/index.php\/produit\/neutraderm-intime-creme-apaisante-douceur-40-ml\/#breadcrumb","itemListElement":[{"@type":"ListItem","position":1,"name":"Accueil","item":"https:\/\/paracherkaoui.ma\/"},{"@type":"ListItem","position":2,"name":"Boutique","item":"https:\/\/paracherkaoui.ma\/index.php\/boutique\/"},{"@type":"ListItem","position":3,"name":"NEUTRADERM INTIME CREME APAISANTE DOUCEUR 40 ML"}]},{"@type":"WebSite","@id":"https:\/\/paracherkaoui.ma\/#website","url":"https:\/\/paracherkaoui.ma\/","name":"Paracherkaoui.ma","description":"Achetez en ligne sur Paracherkaoui.ma","potentialAction":[{"@type":"SearchAction","target":{"@type":"EntryPoint","urlTemplate":"https:\/\/paracherkaoui.ma\/?s={search_term_string}"},"query-input":{"@type":"PropertyValueSpecification","valueRequired":true,"valueName":"search_term_string"}}],"inLanguage":"fr-FR"}]}},"_links":{"self":[{"href":"https:\/\/paracherkaoui.ma\/index.php\/wp-json\/wp\/v2\/product\/36805","targetHints":{"allow":["GET"]}}],"collection":[{"href":"https:\/\/paracherkaoui.ma\/index.php\/wp-json\/wp\/v2\/product"}],"about":[{"href":"https:\/\/paracherkaoui.ma\/index.php\/wp-json\/wp\/v2\/types\/product"}],"replies":[{"embeddable":true,"href":"https:\/\/paracherkaoui.ma\/index.php\/wp-json\/wp\/v2\/comments?post=36805"}],"version-history":[{"count":1,"href":"https:\/\/paracherkaoui.ma\/index.php\/wp-json\/wp\/v2\/product\/36805\/revisions"}],"predecessor-version":[{"id":36832,"href":"https:\/\/paracherkaoui.ma\/index.php\/wp-json\/wp\/v2\/product\/36805\/revisions\/36832"}],"wp:featuredmedia":[{"embeddable":true,"href":"https:\/\/paracherkaoui.ma\/index.php\/wp-json\/wp\/v2\/media\/36831"}],"wp:attachment":[{"href":"https:\/\/paracherkaoui.ma\/index.php\/wp-json\/wp\/v2\/media?parent=36805"}],"wp:term":[{"taxonomy":"product_brand","embeddable":true,"href":"https:\/\/paracherkaoui.ma\/index.php\/wp-json\/wp\/v2\/product_brand?post=36805"},{"taxonomy":"product_cat","embeddable":true,"href":"https:\/\/paracherkaoui.ma\/index.php\/wp-json\/wp\/v2\/product_cat?post=36805"},{"taxonomy":"product_tag","embeddable":true,"href":"https:\/\/paracherkaoui.ma\/index.php\/wp-json\/wp\/v2\/product_tag?post=36805"}],"curies":[{"name":"wp","href":"https:\/\/api.w.org\/{rel}","templated":true}]}}