{"id":36804,"date":"2025-12-12T18:56:45","date_gmt":"2025-12-12T17:56:45","guid":{"rendered":"https:\/\/test.ecbeaute.com\/?post_type=product&#038;p=36804"},"modified":"2025-12-12T18:56:48","modified_gmt":"2025-12-12T17:56:48","slug":"cumlaude-prebiotic-ovules-10-ovules","status":"publish","type":"product","link":"https:\/\/paracherkaoui.ma\/index.php\/produit\/cumlaude-prebiotic-ovules-10-ovules\/","title":{"rendered":"CUMLAUDE PREBIOTIC OVULES 10 OVULES"},"content":{"rendered":"<p>Description:<br \/>\nCumlaude Prebiotic Ovules Vaginaux\u00a0est un traitement qui\u00a0restaure la flore vaginale\u00a0et\u00a0r\u00e9tablit le pH vaginal.Il est indiqu\u00e9 pour\u00a0pr\u00e9venir les vaginoses, vaginites bact\u00e9riennes et mycosiques r\u00e9cidivantes.Test\u00e9 dermatologiquement et gyn\u00e9cologiquement.Prenez soin de votre sant\u00e9 intime !<\/p>\n","protected":false},"excerpt":{"rendered":"<p>Description: Cumlaude Prebiotic Ovules Vaginaux\u00a0est un traitement qui\u00a0restaure la flore vaginale\u00a0et\u00a0r\u00e9tablit le pH vaginal.Il est indiqu\u00e9 pour\u00a0pr\u00e9venir les vaginoses, vaginites<\/p>\n","protected":false},"featured_media":36829,"comment_status":"open","ping_status":"closed","template":"","meta":[],"product_brand":[637],"product_cat":[642],"product_tag":[],"class_list":{"0":"post-36804","1":"product","2":"type-product","3":"status-publish","4":"has-post-thumbnail","6":"product_brand-cumlaude","7":"product_cat-hygiene-intime","9":"first","10":"instock","11":"sale","12":"shipping-taxable","13":"purchasable","14":"product-type-simple"},"yoast_head":"<!-- This site is optimized with the Yoast SEO plugin v26.6 - https:\/\/yoast.com\/wordpress\/plugins\/seo\/ -->\r\n<title>CUMLAUDE PREBIOTIC OVULES 10 OVULES - Paracherkaoui.ma<\/title>\r\n<meta name=\"robots\" content=\"index, follow, max-snippet:-1, max-image-preview:large, max-video-preview:-1\" \/>\r\n<link rel=\"canonical\" href=\"https:\/\/paracherkaoui.ma\/index.php\/produit\/cumlaude-prebiotic-ovules-10-ovules\/\" \/>\r\n<meta property=\"og:locale\" content=\"fr_FR\" \/>\r\n<meta property=\"og:type\" content=\"article\" \/>\r\n<meta property=\"og:title\" content=\"CUMLAUDE PREBIOTIC OVULES 10 OVULES - Paracherkaoui.ma\" \/>\r\n<meta property=\"og:description\" content=\"Description: Cumlaude Prebiotic Ovules Vaginaux\u00a0est un traitement qui\u00a0restaure la flore vaginale\u00a0et\u00a0r\u00e9tablit le pH vaginal.Il est indiqu\u00e9 pour\u00a0pr\u00e9venir les vaginoses, vaginites\" \/>\r\n<meta property=\"og:url\" content=\"https:\/\/paracherkaoui.ma\/index.php\/produit\/cumlaude-prebiotic-ovules-10-ovules\/\" \/>\r\n<meta property=\"og:site_name\" content=\"Paracherkaoui.ma\" \/>\r\n<meta property=\"article:modified_time\" content=\"2025-12-12T17:56:48+00:00\" \/>\r\n<meta property=\"og:image\" content=\"https:\/\/paracherkaoui.ma\/wp-content\/uploads\/2025\/12\/cumlaude-prebiotic-ovules-10-ovules.jpg\" \/>\r\n\t<meta property=\"og:image:width\" content=\"700\" \/>\r\n\t<meta property=\"og:image:height\" content=\"700\" \/>\r\n\t<meta property=\"og:image:type\" content=\"image\/jpeg\" \/>\r\n<meta name=\"twitter:card\" content=\"summary_large_image\" \/>\r\n<script type=\"application\/ld+json\" class=\"yoast-schema-graph\">{\"@context\":\"https:\/\/schema.org\",\"@graph\":[{\"@type\":\"WebPage\",\"@id\":\"https:\/\/paracherkaoui.ma\/index.php\/produit\/cumlaude-prebiotic-ovules-10-ovules\/\",\"url\":\"https:\/\/paracherkaoui.ma\/index.php\/produit\/cumlaude-prebiotic-ovules-10-ovules\/\",\"name\":\"CUMLAUDE PREBIOTIC OVULES 10 OVULES - Paracherkaoui.ma\",\"isPartOf\":{\"@id\":\"https:\/\/paracherkaoui.ma\/#website\"},\"primaryImageOfPage\":{\"@id\":\"https:\/\/paracherkaoui.ma\/index.php\/produit\/cumlaude-prebiotic-ovules-10-ovules\/#primaryimage\"},\"image\":{\"@id\":\"https:\/\/paracherkaoui.ma\/index.php\/produit\/cumlaude-prebiotic-ovules-10-ovules\/#primaryimage\"},\"thumbnailUrl\":\"https:\/\/paracherkaoui.ma\/wp-content\/uploads\/2025\/12\/cumlaude-prebiotic-ovules-10-ovules.jpg\",\"datePublished\":\"2025-12-12T17:56:45+00:00\",\"dateModified\":\"2025-12-12T17:56:48+00:00\",\"breadcrumb\":{\"@id\":\"https:\/\/paracherkaoui.ma\/index.php\/produit\/cumlaude-prebiotic-ovules-10-ovules\/#breadcrumb\"},\"inLanguage\":\"fr-FR\",\"potentialAction\":[{\"@type\":\"ReadAction\",\"target\":[\"https:\/\/paracherkaoui.ma\/index.php\/produit\/cumlaude-prebiotic-ovules-10-ovules\/\"]}]},{\"@type\":\"ImageObject\",\"inLanguage\":\"fr-FR\",\"@id\":\"https:\/\/paracherkaoui.ma\/index.php\/produit\/cumlaude-prebiotic-ovules-10-ovules\/#primaryimage\",\"url\":\"https:\/\/paracherkaoui.ma\/wp-content\/uploads\/2025\/12\/cumlaude-prebiotic-ovules-10-ovules.jpg\",\"contentUrl\":\"https:\/\/paracherkaoui.ma\/wp-content\/uploads\/2025\/12\/cumlaude-prebiotic-ovules-10-ovules.jpg\",\"width\":700,\"height\":700},{\"@type\":\"BreadcrumbList\",\"@id\":\"https:\/\/paracherkaoui.ma\/index.php\/produit\/cumlaude-prebiotic-ovules-10-ovules\/#breadcrumb\",\"itemListElement\":[{\"@type\":\"ListItem\",\"position\":1,\"name\":\"Accueil\",\"item\":\"https:\/\/paracherkaoui.ma\/\"},{\"@type\":\"ListItem\",\"position\":2,\"name\":\"Boutique\",\"item\":\"https:\/\/paracherkaoui.ma\/index.php\/boutique\/\"},{\"@type\":\"ListItem\",\"position\":3,\"name\":\"CUMLAUDE PREBIOTIC OVULES 10 OVULES\"}]},{\"@type\":\"WebSite\",\"@id\":\"https:\/\/paracherkaoui.ma\/#website\",\"url\":\"https:\/\/paracherkaoui.ma\/\",\"name\":\"Paracherkaoui.ma\",\"description\":\"Achetez en ligne sur Paracherkaoui.ma\",\"potentialAction\":[{\"@type\":\"SearchAction\",\"target\":{\"@type\":\"EntryPoint\",\"urlTemplate\":\"https:\/\/paracherkaoui.ma\/?s={search_term_string}\"},\"query-input\":{\"@type\":\"PropertyValueSpecification\",\"valueRequired\":true,\"valueName\":\"search_term_string\"}}],\"inLanguage\":\"fr-FR\"}]}<\/script>\r\n<!-- \/ Yoast SEO plugin. -->","yoast_head_json":{"title":"CUMLAUDE PREBIOTIC OVULES 10 OVULES - Paracherkaoui.ma","robots":{"index":"index","follow":"follow","max-snippet":"max-snippet:-1","max-image-preview":"max-image-preview:large","max-video-preview":"max-video-preview:-1"},"canonical":"https:\/\/paracherkaoui.ma\/index.php\/produit\/cumlaude-prebiotic-ovules-10-ovules\/","og_locale":"fr_FR","og_type":"article","og_title":"CUMLAUDE PREBIOTIC OVULES 10 OVULES - Paracherkaoui.ma","og_description":"Description: Cumlaude Prebiotic Ovules Vaginaux\u00a0est un traitement qui\u00a0restaure la flore vaginale\u00a0et\u00a0r\u00e9tablit le pH vaginal.Il est indiqu\u00e9 pour\u00a0pr\u00e9venir les vaginoses, vaginites","og_url":"https:\/\/paracherkaoui.ma\/index.php\/produit\/cumlaude-prebiotic-ovules-10-ovules\/","og_site_name":"Paracherkaoui.ma","article_modified_time":"2025-12-12T17:56:48+00:00","og_image":[{"width":700,"height":700,"url":"https:\/\/paracherkaoui.ma\/wp-content\/uploads\/2025\/12\/cumlaude-prebiotic-ovules-10-ovules.jpg","type":"image\/jpeg"}],"twitter_card":"summary_large_image","schema":{"@context":"https:\/\/schema.org","@graph":[{"@type":"WebPage","@id":"https:\/\/paracherkaoui.ma\/index.php\/produit\/cumlaude-prebiotic-ovules-10-ovules\/","url":"https:\/\/paracherkaoui.ma\/index.php\/produit\/cumlaude-prebiotic-ovules-10-ovules\/","name":"CUMLAUDE PREBIOTIC OVULES 10 OVULES - Paracherkaoui.ma","isPartOf":{"@id":"https:\/\/paracherkaoui.ma\/#website"},"primaryImageOfPage":{"@id":"https:\/\/paracherkaoui.ma\/index.php\/produit\/cumlaude-prebiotic-ovules-10-ovules\/#primaryimage"},"image":{"@id":"https:\/\/paracherkaoui.ma\/index.php\/produit\/cumlaude-prebiotic-ovules-10-ovules\/#primaryimage"},"thumbnailUrl":"https:\/\/paracherkaoui.ma\/wp-content\/uploads\/2025\/12\/cumlaude-prebiotic-ovules-10-ovules.jpg","datePublished":"2025-12-12T17:56:45+00:00","dateModified":"2025-12-12T17:56:48+00:00","breadcrumb":{"@id":"https:\/\/paracherkaoui.ma\/index.php\/produit\/cumlaude-prebiotic-ovules-10-ovules\/#breadcrumb"},"inLanguage":"fr-FR","potentialAction":[{"@type":"ReadAction","target":["https:\/\/paracherkaoui.ma\/index.php\/produit\/cumlaude-prebiotic-ovules-10-ovules\/"]}]},{"@type":"ImageObject","inLanguage":"fr-FR","@id":"https:\/\/paracherkaoui.ma\/index.php\/produit\/cumlaude-prebiotic-ovules-10-ovules\/#primaryimage","url":"https:\/\/paracherkaoui.ma\/wp-content\/uploads\/2025\/12\/cumlaude-prebiotic-ovules-10-ovules.jpg","contentUrl":"https:\/\/paracherkaoui.ma\/wp-content\/uploads\/2025\/12\/cumlaude-prebiotic-ovules-10-ovules.jpg","width":700,"height":700},{"@type":"BreadcrumbList","@id":"https:\/\/paracherkaoui.ma\/index.php\/produit\/cumlaude-prebiotic-ovules-10-ovules\/#breadcrumb","itemListElement":[{"@type":"ListItem","position":1,"name":"Accueil","item":"https:\/\/paracherkaoui.ma\/"},{"@type":"ListItem","position":2,"name":"Boutique","item":"https:\/\/paracherkaoui.ma\/index.php\/boutique\/"},{"@type":"ListItem","position":3,"name":"CUMLAUDE PREBIOTIC OVULES 10 OVULES"}]},{"@type":"WebSite","@id":"https:\/\/paracherkaoui.ma\/#website","url":"https:\/\/paracherkaoui.ma\/","name":"Paracherkaoui.ma","description":"Achetez en ligne sur Paracherkaoui.ma","potentialAction":[{"@type":"SearchAction","target":{"@type":"EntryPoint","urlTemplate":"https:\/\/paracherkaoui.ma\/?s={search_term_string}"},"query-input":{"@type":"PropertyValueSpecification","valueRequired":true,"valueName":"search_term_string"}}],"inLanguage":"fr-FR"}]}},"_links":{"self":[{"href":"https:\/\/paracherkaoui.ma\/index.php\/wp-json\/wp\/v2\/product\/36804","targetHints":{"allow":["GET"]}}],"collection":[{"href":"https:\/\/paracherkaoui.ma\/index.php\/wp-json\/wp\/v2\/product"}],"about":[{"href":"https:\/\/paracherkaoui.ma\/index.php\/wp-json\/wp\/v2\/types\/product"}],"replies":[{"embeddable":true,"href":"https:\/\/paracherkaoui.ma\/index.php\/wp-json\/wp\/v2\/comments?post=36804"}],"version-history":[{"count":1,"href":"https:\/\/paracherkaoui.ma\/index.php\/wp-json\/wp\/v2\/product\/36804\/revisions"}],"predecessor-version":[{"id":36830,"href":"https:\/\/paracherkaoui.ma\/index.php\/wp-json\/wp\/v2\/product\/36804\/revisions\/36830"}],"wp:featuredmedia":[{"embeddable":true,"href":"https:\/\/paracherkaoui.ma\/index.php\/wp-json\/wp\/v2\/media\/36829"}],"wp:attachment":[{"href":"https:\/\/paracherkaoui.ma\/index.php\/wp-json\/wp\/v2\/media?parent=36804"}],"wp:term":[{"taxonomy":"product_brand","embeddable":true,"href":"https:\/\/paracherkaoui.ma\/index.php\/wp-json\/wp\/v2\/product_brand?post=36804"},{"taxonomy":"product_cat","embeddable":true,"href":"https:\/\/paracherkaoui.ma\/index.php\/wp-json\/wp\/v2\/product_cat?post=36804"},{"taxonomy":"product_tag","embeddable":true,"href":"https:\/\/paracherkaoui.ma\/index.php\/wp-json\/wp\/v2\/product_tag?post=36804"}],"curies":[{"name":"wp","href":"https:\/\/api.w.org\/{rel}","templated":true}]}}