{"id":36803,"date":"2025-12-12T18:56:45","date_gmt":"2025-12-12T17:56:45","guid":{"rendered":"https:\/\/test.ecbeaute.com\/?post_type=product&#038;p=36803"},"modified":"2025-12-12T18:56:48","modified_gmt":"2025-12-12T17:56:48","slug":"cumlaude-clx-ovulos-10-ovules","status":"publish","type":"product","link":"https:\/\/paracherkaoui.ma\/index.php\/produit\/cumlaude-clx-ovulos-10-ovules\/","title":{"rendered":"CUMLAUDE CLX OVULOS 10 OVULES"},"content":{"rendered":"<p>Description:<br \/>\nOvules vaginaux \u00e0 action lissante et calmante,\u00a0r\u00e9tablissant un \u00e9quilibre dans la flore intime.\u00a0Avec action antimicrobienne\u00a0indiqu\u00e9e pour le traitement de diverses inflammations et infections bact\u00e9riennes non sp\u00e9cifiques.Aide \u00e0 pr\u00e9venir l&rsquo;inflammation vaginale. Sans paraben.\u00a0Test\u00e9 dermatologiquement et gyn\u00e9cologique.<br \/>\nConseils d&rsquo;utilisation:<br \/>\nIntroduire 1 ou 2 \u0153ufs par jour, de pr\u00e9f\u00e9rence le soir, apr\u00e8s le nettoyage de la zone intime. Utiliser pendant 5 \u00e0 10 jours ou selon les conseils de votre m\u00e9decin<\/p>\n","protected":false},"excerpt":{"rendered":"<p>Description: Ovules vaginaux \u00e0 action lissante et calmante,\u00a0r\u00e9tablissant un \u00e9quilibre dans la flore intime.\u00a0Avec action antimicrobienne\u00a0indiqu\u00e9e pour le traitement de<\/p>\n","protected":false},"featured_media":36827,"comment_status":"open","ping_status":"closed","template":"","meta":[],"product_brand":[637],"product_cat":[642],"product_tag":[],"class_list":{"0":"post-36803","1":"product","2":"type-product","3":"status-publish","4":"has-post-thumbnail","6":"product_brand-cumlaude","7":"product_cat-hygiene-intime","9":"first","10":"instock","11":"sale","12":"shipping-taxable","13":"purchasable","14":"product-type-simple"},"yoast_head":"<!-- This site is optimized with the Yoast SEO plugin v26.6 - https:\/\/yoast.com\/wordpress\/plugins\/seo\/ -->\r\n<title>CUMLAUDE CLX OVULOS 10 OVULES - Paracherkaoui.ma<\/title>\r\n<meta name=\"robots\" content=\"index, follow, max-snippet:-1, max-image-preview:large, max-video-preview:-1\" \/>\r\n<link rel=\"canonical\" href=\"https:\/\/paracherkaoui.ma\/index.php\/produit\/cumlaude-clx-ovulos-10-ovules\/\" \/>\r\n<meta property=\"og:locale\" content=\"fr_FR\" \/>\r\n<meta property=\"og:type\" content=\"article\" \/>\r\n<meta property=\"og:title\" content=\"CUMLAUDE CLX OVULOS 10 OVULES - Paracherkaoui.ma\" \/>\r\n<meta property=\"og:description\" content=\"Description: Ovules vaginaux \u00e0 action lissante et calmante,\u00a0r\u00e9tablissant un \u00e9quilibre dans la flore intime.\u00a0Avec action antimicrobienne\u00a0indiqu\u00e9e pour le traitement de\" \/>\r\n<meta property=\"og:url\" content=\"https:\/\/paracherkaoui.ma\/index.php\/produit\/cumlaude-clx-ovulos-10-ovules\/\" \/>\r\n<meta property=\"og:site_name\" content=\"Paracherkaoui.ma\" \/>\r\n<meta property=\"article:modified_time\" content=\"2025-12-12T17:56:48+00:00\" \/>\r\n<meta property=\"og:image\" content=\"https:\/\/paracherkaoui.ma\/wp-content\/uploads\/2025\/12\/cumlaude-cumlaude-clx-ovulos-10-ovules-soins-intimes.jpg\" \/>\r\n\t<meta property=\"og:image:width\" content=\"700\" \/>\r\n\t<meta property=\"og:image:height\" content=\"700\" \/>\r\n\t<meta property=\"og:image:type\" content=\"image\/jpeg\" \/>\r\n<meta name=\"twitter:card\" content=\"summary_large_image\" \/>\r\n<script type=\"application\/ld+json\" class=\"yoast-schema-graph\">{\"@context\":\"https:\/\/schema.org\",\"@graph\":[{\"@type\":\"WebPage\",\"@id\":\"https:\/\/paracherkaoui.ma\/index.php\/produit\/cumlaude-clx-ovulos-10-ovules\/\",\"url\":\"https:\/\/paracherkaoui.ma\/index.php\/produit\/cumlaude-clx-ovulos-10-ovules\/\",\"name\":\"CUMLAUDE CLX OVULOS 10 OVULES - Paracherkaoui.ma\",\"isPartOf\":{\"@id\":\"https:\/\/paracherkaoui.ma\/#website\"},\"primaryImageOfPage\":{\"@id\":\"https:\/\/paracherkaoui.ma\/index.php\/produit\/cumlaude-clx-ovulos-10-ovules\/#primaryimage\"},\"image\":{\"@id\":\"https:\/\/paracherkaoui.ma\/index.php\/produit\/cumlaude-clx-ovulos-10-ovules\/#primaryimage\"},\"thumbnailUrl\":\"https:\/\/paracherkaoui.ma\/wp-content\/uploads\/2025\/12\/cumlaude-cumlaude-clx-ovulos-10-ovules-soins-intimes.jpg\",\"datePublished\":\"2025-12-12T17:56:45+00:00\",\"dateModified\":\"2025-12-12T17:56:48+00:00\",\"breadcrumb\":{\"@id\":\"https:\/\/paracherkaoui.ma\/index.php\/produit\/cumlaude-clx-ovulos-10-ovules\/#breadcrumb\"},\"inLanguage\":\"fr-FR\",\"potentialAction\":[{\"@type\":\"ReadAction\",\"target\":[\"https:\/\/paracherkaoui.ma\/index.php\/produit\/cumlaude-clx-ovulos-10-ovules\/\"]}]},{\"@type\":\"ImageObject\",\"inLanguage\":\"fr-FR\",\"@id\":\"https:\/\/paracherkaoui.ma\/index.php\/produit\/cumlaude-clx-ovulos-10-ovules\/#primaryimage\",\"url\":\"https:\/\/paracherkaoui.ma\/wp-content\/uploads\/2025\/12\/cumlaude-cumlaude-clx-ovulos-10-ovules-soins-intimes.jpg\",\"contentUrl\":\"https:\/\/paracherkaoui.ma\/wp-content\/uploads\/2025\/12\/cumlaude-cumlaude-clx-ovulos-10-ovules-soins-intimes.jpg\",\"width\":700,\"height\":700},{\"@type\":\"BreadcrumbList\",\"@id\":\"https:\/\/paracherkaoui.ma\/index.php\/produit\/cumlaude-clx-ovulos-10-ovules\/#breadcrumb\",\"itemListElement\":[{\"@type\":\"ListItem\",\"position\":1,\"name\":\"Accueil\",\"item\":\"https:\/\/paracherkaoui.ma\/\"},{\"@type\":\"ListItem\",\"position\":2,\"name\":\"Boutique\",\"item\":\"https:\/\/paracherkaoui.ma\/index.php\/boutique\/\"},{\"@type\":\"ListItem\",\"position\":3,\"name\":\"CUMLAUDE CLX OVULOS 10 OVULES\"}]},{\"@type\":\"WebSite\",\"@id\":\"https:\/\/paracherkaoui.ma\/#website\",\"url\":\"https:\/\/paracherkaoui.ma\/\",\"name\":\"Paracherkaoui.ma\",\"description\":\"Achetez en ligne sur Paracherkaoui.ma\",\"potentialAction\":[{\"@type\":\"SearchAction\",\"target\":{\"@type\":\"EntryPoint\",\"urlTemplate\":\"https:\/\/paracherkaoui.ma\/?s={search_term_string}\"},\"query-input\":{\"@type\":\"PropertyValueSpecification\",\"valueRequired\":true,\"valueName\":\"search_term_string\"}}],\"inLanguage\":\"fr-FR\"}]}<\/script>\r\n<!-- \/ Yoast SEO plugin. -->","yoast_head_json":{"title":"CUMLAUDE CLX OVULOS 10 OVULES - Paracherkaoui.ma","robots":{"index":"index","follow":"follow","max-snippet":"max-snippet:-1","max-image-preview":"max-image-preview:large","max-video-preview":"max-video-preview:-1"},"canonical":"https:\/\/paracherkaoui.ma\/index.php\/produit\/cumlaude-clx-ovulos-10-ovules\/","og_locale":"fr_FR","og_type":"article","og_title":"CUMLAUDE CLX OVULOS 10 OVULES - Paracherkaoui.ma","og_description":"Description: Ovules vaginaux \u00e0 action lissante et calmante,\u00a0r\u00e9tablissant un \u00e9quilibre dans la flore intime.\u00a0Avec action antimicrobienne\u00a0indiqu\u00e9e pour le traitement de","og_url":"https:\/\/paracherkaoui.ma\/index.php\/produit\/cumlaude-clx-ovulos-10-ovules\/","og_site_name":"Paracherkaoui.ma","article_modified_time":"2025-12-12T17:56:48+00:00","og_image":[{"width":700,"height":700,"url":"https:\/\/paracherkaoui.ma\/wp-content\/uploads\/2025\/12\/cumlaude-cumlaude-clx-ovulos-10-ovules-soins-intimes.jpg","type":"image\/jpeg"}],"twitter_card":"summary_large_image","schema":{"@context":"https:\/\/schema.org","@graph":[{"@type":"WebPage","@id":"https:\/\/paracherkaoui.ma\/index.php\/produit\/cumlaude-clx-ovulos-10-ovules\/","url":"https:\/\/paracherkaoui.ma\/index.php\/produit\/cumlaude-clx-ovulos-10-ovules\/","name":"CUMLAUDE CLX OVULOS 10 OVULES - Paracherkaoui.ma","isPartOf":{"@id":"https:\/\/paracherkaoui.ma\/#website"},"primaryImageOfPage":{"@id":"https:\/\/paracherkaoui.ma\/index.php\/produit\/cumlaude-clx-ovulos-10-ovules\/#primaryimage"},"image":{"@id":"https:\/\/paracherkaoui.ma\/index.php\/produit\/cumlaude-clx-ovulos-10-ovules\/#primaryimage"},"thumbnailUrl":"https:\/\/paracherkaoui.ma\/wp-content\/uploads\/2025\/12\/cumlaude-cumlaude-clx-ovulos-10-ovules-soins-intimes.jpg","datePublished":"2025-12-12T17:56:45+00:00","dateModified":"2025-12-12T17:56:48+00:00","breadcrumb":{"@id":"https:\/\/paracherkaoui.ma\/index.php\/produit\/cumlaude-clx-ovulos-10-ovules\/#breadcrumb"},"inLanguage":"fr-FR","potentialAction":[{"@type":"ReadAction","target":["https:\/\/paracherkaoui.ma\/index.php\/produit\/cumlaude-clx-ovulos-10-ovules\/"]}]},{"@type":"ImageObject","inLanguage":"fr-FR","@id":"https:\/\/paracherkaoui.ma\/index.php\/produit\/cumlaude-clx-ovulos-10-ovules\/#primaryimage","url":"https:\/\/paracherkaoui.ma\/wp-content\/uploads\/2025\/12\/cumlaude-cumlaude-clx-ovulos-10-ovules-soins-intimes.jpg","contentUrl":"https:\/\/paracherkaoui.ma\/wp-content\/uploads\/2025\/12\/cumlaude-cumlaude-clx-ovulos-10-ovules-soins-intimes.jpg","width":700,"height":700},{"@type":"BreadcrumbList","@id":"https:\/\/paracherkaoui.ma\/index.php\/produit\/cumlaude-clx-ovulos-10-ovules\/#breadcrumb","itemListElement":[{"@type":"ListItem","position":1,"name":"Accueil","item":"https:\/\/paracherkaoui.ma\/"},{"@type":"ListItem","position":2,"name":"Boutique","item":"https:\/\/paracherkaoui.ma\/index.php\/boutique\/"},{"@type":"ListItem","position":3,"name":"CUMLAUDE CLX OVULOS 10 OVULES"}]},{"@type":"WebSite","@id":"https:\/\/paracherkaoui.ma\/#website","url":"https:\/\/paracherkaoui.ma\/","name":"Paracherkaoui.ma","description":"Achetez en ligne sur Paracherkaoui.ma","potentialAction":[{"@type":"SearchAction","target":{"@type":"EntryPoint","urlTemplate":"https:\/\/paracherkaoui.ma\/?s={search_term_string}"},"query-input":{"@type":"PropertyValueSpecification","valueRequired":true,"valueName":"search_term_string"}}],"inLanguage":"fr-FR"}]}},"_links":{"self":[{"href":"https:\/\/paracherkaoui.ma\/index.php\/wp-json\/wp\/v2\/product\/36803","targetHints":{"allow":["GET"]}}],"collection":[{"href":"https:\/\/paracherkaoui.ma\/index.php\/wp-json\/wp\/v2\/product"}],"about":[{"href":"https:\/\/paracherkaoui.ma\/index.php\/wp-json\/wp\/v2\/types\/product"}],"replies":[{"embeddable":true,"href":"https:\/\/paracherkaoui.ma\/index.php\/wp-json\/wp\/v2\/comments?post=36803"}],"version-history":[{"count":1,"href":"https:\/\/paracherkaoui.ma\/index.php\/wp-json\/wp\/v2\/product\/36803\/revisions"}],"predecessor-version":[{"id":36828,"href":"https:\/\/paracherkaoui.ma\/index.php\/wp-json\/wp\/v2\/product\/36803\/revisions\/36828"}],"wp:featuredmedia":[{"embeddable":true,"href":"https:\/\/paracherkaoui.ma\/index.php\/wp-json\/wp\/v2\/media\/36827"}],"wp:attachment":[{"href":"https:\/\/paracherkaoui.ma\/index.php\/wp-json\/wp\/v2\/media?parent=36803"}],"wp:term":[{"taxonomy":"product_brand","embeddable":true,"href":"https:\/\/paracherkaoui.ma\/index.php\/wp-json\/wp\/v2\/product_brand?post=36803"},{"taxonomy":"product_cat","embeddable":true,"href":"https:\/\/paracherkaoui.ma\/index.php\/wp-json\/wp\/v2\/product_cat?post=36803"},{"taxonomy":"product_tag","embeddable":true,"href":"https:\/\/paracherkaoui.ma\/index.php\/wp-json\/wp\/v2\/product_tag?post=36803"}],"curies":[{"name":"wp","href":"https:\/\/api.w.org\/{rel}","templated":true}]}}