{"id":36802,"date":"2025-12-12T18:56:45","date_gmt":"2025-12-12T17:56:45","guid":{"rendered":"https:\/\/test.ecbeaute.com\/?post_type=product&#038;p=36802"},"modified":"2025-12-12T18:56:48","modified_gmt":"2025-12-12T17:56:48","slug":"femfresh-deodorant-fraicheur-intime-125-ml","status":"publish","type":"product","link":"https:\/\/paracherkaoui.ma\/index.php\/produit\/femfresh-deodorant-fraicheur-intime-125-ml\/","title":{"rendered":"FEMFRESH DEODORANT FRAICHEUR INTIME 125 ML"},"content":{"rendered":"<p>Une formule \u00e0 l\u2019extrait de soie qui offre un confort tout au long de la journ\u00e9e. Sa technologie Odor Control aux ions d\u2019argent aide \u00e0 neutraliser les odeurs et \u00e0 limiter leur d\u00e9veloppement. Ce d\u00e9odorant intime vous procurera une sensation de fra\u00eecheur longue dur\u00e9e, \u00e0 l\u2019\u00e9preuve de vos journ\u00e9es. Restez fra\u00eeche, soyez Femfresh !<br \/>\nConseils d\u2019utilisation :<br \/>\nBien agiter avant emploi. Vaporiser votre D\u00e9odorant Fra\u00eecheur intime Femfresh \u00e0 une distance de 15cm en direction de la zone intime ou de la lingerie, pour une sensation de fra\u00eecheur et de confort tout au long de votre journ\u00e9e !<br \/>\nUsage externe uniquement.<\/p>\n","protected":false},"excerpt":{"rendered":"<p>Une formule \u00e0 l\u2019extrait de soie qui offre un confort tout au long de la journ\u00e9e. Sa technologie Odor Control<\/p>\n","protected":false},"featured_media":36825,"comment_status":"open","ping_status":"closed","template":"","meta":[],"product_brand":[651],"product_cat":[642],"product_tag":[],"class_list":{"0":"post-36802","1":"product","2":"type-product","3":"status-publish","4":"has-post-thumbnail","6":"product_brand-femfresh","7":"product_cat-hygiene-intime","9":"first","10":"instock","11":"sale","12":"shipping-taxable","13":"purchasable","14":"product-type-simple"},"yoast_head":"<!-- This site is optimized with the Yoast SEO plugin v26.6 - https:\/\/yoast.com\/wordpress\/plugins\/seo\/ -->\r\n<title>FEMFRESH DEODORANT FRAICHEUR INTIME 125 ML - Paracherkaoui.ma<\/title>\r\n<meta name=\"robots\" content=\"index, follow, max-snippet:-1, max-image-preview:large, max-video-preview:-1\" \/>\r\n<link rel=\"canonical\" href=\"https:\/\/paracherkaoui.ma\/index.php\/produit\/femfresh-deodorant-fraicheur-intime-125-ml\/\" \/>\r\n<meta property=\"og:locale\" content=\"fr_FR\" \/>\r\n<meta property=\"og:type\" content=\"article\" \/>\r\n<meta property=\"og:title\" content=\"FEMFRESH DEODORANT FRAICHEUR INTIME 125 ML - Paracherkaoui.ma\" \/>\r\n<meta property=\"og:description\" content=\"Une formule \u00e0 l\u2019extrait de soie qui offre un confort tout au long de la journ\u00e9e. Sa technologie Odor Control\" \/>\r\n<meta property=\"og:url\" content=\"https:\/\/paracherkaoui.ma\/index.php\/produit\/femfresh-deodorant-fraicheur-intime-125-ml\/\" \/>\r\n<meta property=\"og:site_name\" content=\"Paracherkaoui.ma\" \/>\r\n<meta property=\"article:modified_time\" content=\"2025-12-12T17:56:48+00:00\" \/>\r\n<meta property=\"og:image\" content=\"https:\/\/paracherkaoui.ma\/wp-content\/uploads\/2025\/12\/femfresh-femfresh-deodorant-fraicheur-intime-125-ml-toilette-intime.jpg\" \/>\r\n\t<meta property=\"og:image:width\" content=\"700\" \/>\r\n\t<meta property=\"og:image:height\" content=\"700\" \/>\r\n\t<meta property=\"og:image:type\" content=\"image\/jpeg\" \/>\r\n<meta name=\"twitter:card\" content=\"summary_large_image\" \/>\r\n<meta name=\"twitter:label1\" content=\"Dur\u00e9e de lecture estim\u00e9e\" \/>\n\t<meta name=\"twitter:data1\" content=\"1 minute\" \/>\r\n<script type=\"application\/ld+json\" class=\"yoast-schema-graph\">{\"@context\":\"https:\/\/schema.org\",\"@graph\":[{\"@type\":\"WebPage\",\"@id\":\"https:\/\/paracherkaoui.ma\/index.php\/produit\/femfresh-deodorant-fraicheur-intime-125-ml\/\",\"url\":\"https:\/\/paracherkaoui.ma\/index.php\/produit\/femfresh-deodorant-fraicheur-intime-125-ml\/\",\"name\":\"FEMFRESH DEODORANT FRAICHEUR INTIME 125 ML - Paracherkaoui.ma\",\"isPartOf\":{\"@id\":\"https:\/\/paracherkaoui.ma\/#website\"},\"primaryImageOfPage\":{\"@id\":\"https:\/\/paracherkaoui.ma\/index.php\/produit\/femfresh-deodorant-fraicheur-intime-125-ml\/#primaryimage\"},\"image\":{\"@id\":\"https:\/\/paracherkaoui.ma\/index.php\/produit\/femfresh-deodorant-fraicheur-intime-125-ml\/#primaryimage\"},\"thumbnailUrl\":\"https:\/\/paracherkaoui.ma\/wp-content\/uploads\/2025\/12\/femfresh-femfresh-deodorant-fraicheur-intime-125-ml-toilette-intime.jpg\",\"datePublished\":\"2025-12-12T17:56:45+00:00\",\"dateModified\":\"2025-12-12T17:56:48+00:00\",\"breadcrumb\":{\"@id\":\"https:\/\/paracherkaoui.ma\/index.php\/produit\/femfresh-deodorant-fraicheur-intime-125-ml\/#breadcrumb\"},\"inLanguage\":\"fr-FR\",\"potentialAction\":[{\"@type\":\"ReadAction\",\"target\":[\"https:\/\/paracherkaoui.ma\/index.php\/produit\/femfresh-deodorant-fraicheur-intime-125-ml\/\"]}]},{\"@type\":\"ImageObject\",\"inLanguage\":\"fr-FR\",\"@id\":\"https:\/\/paracherkaoui.ma\/index.php\/produit\/femfresh-deodorant-fraicheur-intime-125-ml\/#primaryimage\",\"url\":\"https:\/\/paracherkaoui.ma\/wp-content\/uploads\/2025\/12\/femfresh-femfresh-deodorant-fraicheur-intime-125-ml-toilette-intime.jpg\",\"contentUrl\":\"https:\/\/paracherkaoui.ma\/wp-content\/uploads\/2025\/12\/femfresh-femfresh-deodorant-fraicheur-intime-125-ml-toilette-intime.jpg\",\"width\":700,\"height\":700},{\"@type\":\"BreadcrumbList\",\"@id\":\"https:\/\/paracherkaoui.ma\/index.php\/produit\/femfresh-deodorant-fraicheur-intime-125-ml\/#breadcrumb\",\"itemListElement\":[{\"@type\":\"ListItem\",\"position\":1,\"name\":\"Accueil\",\"item\":\"https:\/\/paracherkaoui.ma\/\"},{\"@type\":\"ListItem\",\"position\":2,\"name\":\"Boutique\",\"item\":\"https:\/\/paracherkaoui.ma\/index.php\/boutique\/\"},{\"@type\":\"ListItem\",\"position\":3,\"name\":\"FEMFRESH DEODORANT FRAICHEUR INTIME 125 ML\"}]},{\"@type\":\"WebSite\",\"@id\":\"https:\/\/paracherkaoui.ma\/#website\",\"url\":\"https:\/\/paracherkaoui.ma\/\",\"name\":\"Paracherkaoui.ma\",\"description\":\"Achetez en ligne sur Paracherkaoui.ma\",\"potentialAction\":[{\"@type\":\"SearchAction\",\"target\":{\"@type\":\"EntryPoint\",\"urlTemplate\":\"https:\/\/paracherkaoui.ma\/?s={search_term_string}\"},\"query-input\":{\"@type\":\"PropertyValueSpecification\",\"valueRequired\":true,\"valueName\":\"search_term_string\"}}],\"inLanguage\":\"fr-FR\"}]}<\/script>\r\n<!-- \/ Yoast SEO plugin. -->","yoast_head_json":{"title":"FEMFRESH DEODORANT FRAICHEUR INTIME 125 ML - Paracherkaoui.ma","robots":{"index":"index","follow":"follow","max-snippet":"max-snippet:-1","max-image-preview":"max-image-preview:large","max-video-preview":"max-video-preview:-1"},"canonical":"https:\/\/paracherkaoui.ma\/index.php\/produit\/femfresh-deodorant-fraicheur-intime-125-ml\/","og_locale":"fr_FR","og_type":"article","og_title":"FEMFRESH DEODORANT FRAICHEUR INTIME 125 ML - Paracherkaoui.ma","og_description":"Une formule \u00e0 l\u2019extrait de soie qui offre un confort tout au long de la journ\u00e9e. Sa technologie Odor Control","og_url":"https:\/\/paracherkaoui.ma\/index.php\/produit\/femfresh-deodorant-fraicheur-intime-125-ml\/","og_site_name":"Paracherkaoui.ma","article_modified_time":"2025-12-12T17:56:48+00:00","og_image":[{"width":700,"height":700,"url":"https:\/\/paracherkaoui.ma\/wp-content\/uploads\/2025\/12\/femfresh-femfresh-deodorant-fraicheur-intime-125-ml-toilette-intime.jpg","type":"image\/jpeg"}],"twitter_card":"summary_large_image","twitter_misc":{"Dur\u00e9e de lecture estim\u00e9e":"1 minute"},"schema":{"@context":"https:\/\/schema.org","@graph":[{"@type":"WebPage","@id":"https:\/\/paracherkaoui.ma\/index.php\/produit\/femfresh-deodorant-fraicheur-intime-125-ml\/","url":"https:\/\/paracherkaoui.ma\/index.php\/produit\/femfresh-deodorant-fraicheur-intime-125-ml\/","name":"FEMFRESH DEODORANT FRAICHEUR INTIME 125 ML - Paracherkaoui.ma","isPartOf":{"@id":"https:\/\/paracherkaoui.ma\/#website"},"primaryImageOfPage":{"@id":"https:\/\/paracherkaoui.ma\/index.php\/produit\/femfresh-deodorant-fraicheur-intime-125-ml\/#primaryimage"},"image":{"@id":"https:\/\/paracherkaoui.ma\/index.php\/produit\/femfresh-deodorant-fraicheur-intime-125-ml\/#primaryimage"},"thumbnailUrl":"https:\/\/paracherkaoui.ma\/wp-content\/uploads\/2025\/12\/femfresh-femfresh-deodorant-fraicheur-intime-125-ml-toilette-intime.jpg","datePublished":"2025-12-12T17:56:45+00:00","dateModified":"2025-12-12T17:56:48+00:00","breadcrumb":{"@id":"https:\/\/paracherkaoui.ma\/index.php\/produit\/femfresh-deodorant-fraicheur-intime-125-ml\/#breadcrumb"},"inLanguage":"fr-FR","potentialAction":[{"@type":"ReadAction","target":["https:\/\/paracherkaoui.ma\/index.php\/produit\/femfresh-deodorant-fraicheur-intime-125-ml\/"]}]},{"@type":"ImageObject","inLanguage":"fr-FR","@id":"https:\/\/paracherkaoui.ma\/index.php\/produit\/femfresh-deodorant-fraicheur-intime-125-ml\/#primaryimage","url":"https:\/\/paracherkaoui.ma\/wp-content\/uploads\/2025\/12\/femfresh-femfresh-deodorant-fraicheur-intime-125-ml-toilette-intime.jpg","contentUrl":"https:\/\/paracherkaoui.ma\/wp-content\/uploads\/2025\/12\/femfresh-femfresh-deodorant-fraicheur-intime-125-ml-toilette-intime.jpg","width":700,"height":700},{"@type":"BreadcrumbList","@id":"https:\/\/paracherkaoui.ma\/index.php\/produit\/femfresh-deodorant-fraicheur-intime-125-ml\/#breadcrumb","itemListElement":[{"@type":"ListItem","position":1,"name":"Accueil","item":"https:\/\/paracherkaoui.ma\/"},{"@type":"ListItem","position":2,"name":"Boutique","item":"https:\/\/paracherkaoui.ma\/index.php\/boutique\/"},{"@type":"ListItem","position":3,"name":"FEMFRESH DEODORANT FRAICHEUR INTIME 125 ML"}]},{"@type":"WebSite","@id":"https:\/\/paracherkaoui.ma\/#website","url":"https:\/\/paracherkaoui.ma\/","name":"Paracherkaoui.ma","description":"Achetez en ligne sur Paracherkaoui.ma","potentialAction":[{"@type":"SearchAction","target":{"@type":"EntryPoint","urlTemplate":"https:\/\/paracherkaoui.ma\/?s={search_term_string}"},"query-input":{"@type":"PropertyValueSpecification","valueRequired":true,"valueName":"search_term_string"}}],"inLanguage":"fr-FR"}]}},"_links":{"self":[{"href":"https:\/\/paracherkaoui.ma\/index.php\/wp-json\/wp\/v2\/product\/36802","targetHints":{"allow":["GET"]}}],"collection":[{"href":"https:\/\/paracherkaoui.ma\/index.php\/wp-json\/wp\/v2\/product"}],"about":[{"href":"https:\/\/paracherkaoui.ma\/index.php\/wp-json\/wp\/v2\/types\/product"}],"replies":[{"embeddable":true,"href":"https:\/\/paracherkaoui.ma\/index.php\/wp-json\/wp\/v2\/comments?post=36802"}],"version-history":[{"count":1,"href":"https:\/\/paracherkaoui.ma\/index.php\/wp-json\/wp\/v2\/product\/36802\/revisions"}],"predecessor-version":[{"id":36826,"href":"https:\/\/paracherkaoui.ma\/index.php\/wp-json\/wp\/v2\/product\/36802\/revisions\/36826"}],"wp:featuredmedia":[{"embeddable":true,"href":"https:\/\/paracherkaoui.ma\/index.php\/wp-json\/wp\/v2\/media\/36825"}],"wp:attachment":[{"href":"https:\/\/paracherkaoui.ma\/index.php\/wp-json\/wp\/v2\/media?parent=36802"}],"wp:term":[{"taxonomy":"product_brand","embeddable":true,"href":"https:\/\/paracherkaoui.ma\/index.php\/wp-json\/wp\/v2\/product_brand?post=36802"},{"taxonomy":"product_cat","embeddable":true,"href":"https:\/\/paracherkaoui.ma\/index.php\/wp-json\/wp\/v2\/product_cat?post=36802"},{"taxonomy":"product_tag","embeddable":true,"href":"https:\/\/paracherkaoui.ma\/index.php\/wp-json\/wp\/v2\/product_tag?post=36802"}],"curies":[{"name":"wp","href":"https:\/\/api.w.org\/{rel}","templated":true}]}}