{"id":36801,"date":"2025-12-12T18:56:45","date_gmt":"2025-12-12T17:56:45","guid":{"rendered":"https:\/\/test.ecbeaute.com\/?post_type=product&#038;p=36801"},"modified":"2025-12-12T18:56:47","modified_gmt":"2025-12-12T17:56:47","slug":"biorga-femilyane-fluide-apaisant-hydratant-ph-8-200-ml","status":"publish","type":"product","link":"https:\/\/paracherkaoui.ma\/index.php\/produit\/biorga-femilyane-fluide-apaisant-hydratant-ph-8-200-ml\/","title":{"rendered":"BIORGA FEMILYANE FLUIDE APAISANT HYDRATANT PH 8 200 ML"},"content":{"rendered":"<p>Description:<br \/>\nAlli\u00e9 de votre hygi\u00e8ne intime, le soin apaisant Femilyane vous permet de prendre soin de votre zone intime en cas de bouleversements hormonaux (adolescence, maternit\u00e9, m\u00e9nopause) ou d\u2019infections mycosiques. Gr\u00e2ce \u00e0 sa base lavante douce, sans savon et au pH alcalin 8, ce soin intime : respecte l\u2019\u00e9quilibre naturel de votre flore vaginale nettoie en douceur les muqueuses irrit\u00e9es hydrate et apaise les irritations de la zone intime,\u00a0r\u00e9duit les d\u00e9mangeaisons et les sensations de br\u00fblure soutient l\u2019action des traitements antimycosiques\u00a0apporte un confort imm\u00e9diat aux muqueuses L\u00e9g\u00e8rement parfum\u00e9, le fluide hydratant Femilyane se transforme en une mousse onctueuse qui apporte douceur, confort et fraicheur \u00e0 votre zone intime.<br \/>\nConseils d&rsquo;utilisation:<br \/>\nUne fois par jour, sur peau mouill\u00e9e, appliquez le soin apaisant sur la partie externe des muqueuses, faites mousser et rincez abondamment \u00e0 l\u2019eau claire.<\/p>\n","protected":false},"excerpt":{"rendered":"<p>Description: Alli\u00e9 de votre hygi\u00e8ne intime, le soin apaisant Femilyane vous permet de prendre soin de votre zone intime en<\/p>\n","protected":false},"featured_media":36823,"comment_status":"open","ping_status":"closed","template":"","meta":[],"product_brand":[292],"product_cat":[642],"product_tag":[],"class_list":{"0":"post-36801","1":"product","2":"type-product","3":"status-publish","4":"has-post-thumbnail","6":"product_brand-biorga","7":"product_cat-hygiene-intime","9":"first","10":"instock","11":"sale","12":"shipping-taxable","13":"purchasable","14":"product-type-simple"},"yoast_head":"<!-- This site is optimized with the Yoast SEO plugin v26.6 - https:\/\/yoast.com\/wordpress\/plugins\/seo\/ -->\r\n<title>BIORGA FEMILYANE FLUIDE APAISANT HYDRATANT PH 8 200 ML - Paracherkaoui.ma<\/title>\r\n<meta name=\"robots\" content=\"index, follow, max-snippet:-1, max-image-preview:large, max-video-preview:-1\" \/>\r\n<link rel=\"canonical\" href=\"https:\/\/paracherkaoui.ma\/index.php\/produit\/biorga-femilyane-fluide-apaisant-hydratant-ph-8-200-ml\/\" \/>\r\n<meta property=\"og:locale\" content=\"fr_FR\" \/>\r\n<meta property=\"og:type\" content=\"article\" \/>\r\n<meta property=\"og:title\" content=\"BIORGA FEMILYANE FLUIDE APAISANT HYDRATANT PH 8 200 ML - Paracherkaoui.ma\" \/>\r\n<meta property=\"og:description\" content=\"Description: Alli\u00e9 de votre hygi\u00e8ne intime, le soin apaisant Femilyane vous permet de prendre soin de votre zone intime en\" \/>\r\n<meta property=\"og:url\" content=\"https:\/\/paracherkaoui.ma\/index.php\/produit\/biorga-femilyane-fluide-apaisant-hydratant-ph-8-200-ml\/\" \/>\r\n<meta property=\"og:site_name\" content=\"Paracherkaoui.ma\" \/>\r\n<meta property=\"article:modified_time\" content=\"2025-12-12T17:56:47+00:00\" \/>\r\n<meta property=\"og:image\" content=\"https:\/\/paracherkaoui.ma\/wp-content\/uploads\/2025\/12\/biorga-biorga-femilyane-fluide-apaisant-hydratant-ph-8-200-ml-protections-hygieniques-et-toilette-intime.jpg\" \/>\r\n\t<meta property=\"og:image:width\" content=\"700\" \/>\r\n\t<meta property=\"og:image:height\" content=\"700\" \/>\r\n\t<meta property=\"og:image:type\" content=\"image\/jpeg\" \/>\r\n<meta name=\"twitter:card\" content=\"summary_large_image\" \/>\r\n<meta name=\"twitter:label1\" content=\"Dur\u00e9e de lecture estim\u00e9e\" \/>\n\t<meta name=\"twitter:data1\" content=\"1 minute\" \/>\r\n<script type=\"application\/ld+json\" class=\"yoast-schema-graph\">{\"@context\":\"https:\/\/schema.org\",\"@graph\":[{\"@type\":\"WebPage\",\"@id\":\"https:\/\/paracherkaoui.ma\/index.php\/produit\/biorga-femilyane-fluide-apaisant-hydratant-ph-8-200-ml\/\",\"url\":\"https:\/\/paracherkaoui.ma\/index.php\/produit\/biorga-femilyane-fluide-apaisant-hydratant-ph-8-200-ml\/\",\"name\":\"BIORGA FEMILYANE FLUIDE APAISANT HYDRATANT PH 8 200 ML - Paracherkaoui.ma\",\"isPartOf\":{\"@id\":\"https:\/\/paracherkaoui.ma\/#website\"},\"primaryImageOfPage\":{\"@id\":\"https:\/\/paracherkaoui.ma\/index.php\/produit\/biorga-femilyane-fluide-apaisant-hydratant-ph-8-200-ml\/#primaryimage\"},\"image\":{\"@id\":\"https:\/\/paracherkaoui.ma\/index.php\/produit\/biorga-femilyane-fluide-apaisant-hydratant-ph-8-200-ml\/#primaryimage\"},\"thumbnailUrl\":\"https:\/\/paracherkaoui.ma\/wp-content\/uploads\/2025\/12\/biorga-biorga-femilyane-fluide-apaisant-hydratant-ph-8-200-ml-protections-hygieniques-et-toilette-intime.jpg\",\"datePublished\":\"2025-12-12T17:56:45+00:00\",\"dateModified\":\"2025-12-12T17:56:47+00:00\",\"breadcrumb\":{\"@id\":\"https:\/\/paracherkaoui.ma\/index.php\/produit\/biorga-femilyane-fluide-apaisant-hydratant-ph-8-200-ml\/#breadcrumb\"},\"inLanguage\":\"fr-FR\",\"potentialAction\":[{\"@type\":\"ReadAction\",\"target\":[\"https:\/\/paracherkaoui.ma\/index.php\/produit\/biorga-femilyane-fluide-apaisant-hydratant-ph-8-200-ml\/\"]}]},{\"@type\":\"ImageObject\",\"inLanguage\":\"fr-FR\",\"@id\":\"https:\/\/paracherkaoui.ma\/index.php\/produit\/biorga-femilyane-fluide-apaisant-hydratant-ph-8-200-ml\/#primaryimage\",\"url\":\"https:\/\/paracherkaoui.ma\/wp-content\/uploads\/2025\/12\/biorga-biorga-femilyane-fluide-apaisant-hydratant-ph-8-200-ml-protections-hygieniques-et-toilette-intime.jpg\",\"contentUrl\":\"https:\/\/paracherkaoui.ma\/wp-content\/uploads\/2025\/12\/biorga-biorga-femilyane-fluide-apaisant-hydratant-ph-8-200-ml-protections-hygieniques-et-toilette-intime.jpg\",\"width\":700,\"height\":700},{\"@type\":\"BreadcrumbList\",\"@id\":\"https:\/\/paracherkaoui.ma\/index.php\/produit\/biorga-femilyane-fluide-apaisant-hydratant-ph-8-200-ml\/#breadcrumb\",\"itemListElement\":[{\"@type\":\"ListItem\",\"position\":1,\"name\":\"Accueil\",\"item\":\"https:\/\/paracherkaoui.ma\/\"},{\"@type\":\"ListItem\",\"position\":2,\"name\":\"Boutique\",\"item\":\"https:\/\/paracherkaoui.ma\/index.php\/boutique\/\"},{\"@type\":\"ListItem\",\"position\":3,\"name\":\"BIORGA FEMILYANE FLUIDE APAISANT HYDRATANT PH 8 200 ML\"}]},{\"@type\":\"WebSite\",\"@id\":\"https:\/\/paracherkaoui.ma\/#website\",\"url\":\"https:\/\/paracherkaoui.ma\/\",\"name\":\"Paracherkaoui.ma\",\"description\":\"Achetez en ligne sur Paracherkaoui.ma\",\"potentialAction\":[{\"@type\":\"SearchAction\",\"target\":{\"@type\":\"EntryPoint\",\"urlTemplate\":\"https:\/\/paracherkaoui.ma\/?s={search_term_string}\"},\"query-input\":{\"@type\":\"PropertyValueSpecification\",\"valueRequired\":true,\"valueName\":\"search_term_string\"}}],\"inLanguage\":\"fr-FR\"}]}<\/script>\r\n<!-- \/ Yoast SEO plugin. -->","yoast_head_json":{"title":"BIORGA FEMILYANE FLUIDE APAISANT HYDRATANT PH 8 200 ML - Paracherkaoui.ma","robots":{"index":"index","follow":"follow","max-snippet":"max-snippet:-1","max-image-preview":"max-image-preview:large","max-video-preview":"max-video-preview:-1"},"canonical":"https:\/\/paracherkaoui.ma\/index.php\/produit\/biorga-femilyane-fluide-apaisant-hydratant-ph-8-200-ml\/","og_locale":"fr_FR","og_type":"article","og_title":"BIORGA FEMILYANE FLUIDE APAISANT HYDRATANT PH 8 200 ML - Paracherkaoui.ma","og_description":"Description: Alli\u00e9 de votre hygi\u00e8ne intime, le soin apaisant Femilyane vous permet de prendre soin de votre zone intime en","og_url":"https:\/\/paracherkaoui.ma\/index.php\/produit\/biorga-femilyane-fluide-apaisant-hydratant-ph-8-200-ml\/","og_site_name":"Paracherkaoui.ma","article_modified_time":"2025-12-12T17:56:47+00:00","og_image":[{"width":700,"height":700,"url":"https:\/\/paracherkaoui.ma\/wp-content\/uploads\/2025\/12\/biorga-biorga-femilyane-fluide-apaisant-hydratant-ph-8-200-ml-protections-hygieniques-et-toilette-intime.jpg","type":"image\/jpeg"}],"twitter_card":"summary_large_image","twitter_misc":{"Dur\u00e9e de lecture estim\u00e9e":"1 minute"},"schema":{"@context":"https:\/\/schema.org","@graph":[{"@type":"WebPage","@id":"https:\/\/paracherkaoui.ma\/index.php\/produit\/biorga-femilyane-fluide-apaisant-hydratant-ph-8-200-ml\/","url":"https:\/\/paracherkaoui.ma\/index.php\/produit\/biorga-femilyane-fluide-apaisant-hydratant-ph-8-200-ml\/","name":"BIORGA FEMILYANE FLUIDE APAISANT HYDRATANT PH 8 200 ML - Paracherkaoui.ma","isPartOf":{"@id":"https:\/\/paracherkaoui.ma\/#website"},"primaryImageOfPage":{"@id":"https:\/\/paracherkaoui.ma\/index.php\/produit\/biorga-femilyane-fluide-apaisant-hydratant-ph-8-200-ml\/#primaryimage"},"image":{"@id":"https:\/\/paracherkaoui.ma\/index.php\/produit\/biorga-femilyane-fluide-apaisant-hydratant-ph-8-200-ml\/#primaryimage"},"thumbnailUrl":"https:\/\/paracherkaoui.ma\/wp-content\/uploads\/2025\/12\/biorga-biorga-femilyane-fluide-apaisant-hydratant-ph-8-200-ml-protections-hygieniques-et-toilette-intime.jpg","datePublished":"2025-12-12T17:56:45+00:00","dateModified":"2025-12-12T17:56:47+00:00","breadcrumb":{"@id":"https:\/\/paracherkaoui.ma\/index.php\/produit\/biorga-femilyane-fluide-apaisant-hydratant-ph-8-200-ml\/#breadcrumb"},"inLanguage":"fr-FR","potentialAction":[{"@type":"ReadAction","target":["https:\/\/paracherkaoui.ma\/index.php\/produit\/biorga-femilyane-fluide-apaisant-hydratant-ph-8-200-ml\/"]}]},{"@type":"ImageObject","inLanguage":"fr-FR","@id":"https:\/\/paracherkaoui.ma\/index.php\/produit\/biorga-femilyane-fluide-apaisant-hydratant-ph-8-200-ml\/#primaryimage","url":"https:\/\/paracherkaoui.ma\/wp-content\/uploads\/2025\/12\/biorga-biorga-femilyane-fluide-apaisant-hydratant-ph-8-200-ml-protections-hygieniques-et-toilette-intime.jpg","contentUrl":"https:\/\/paracherkaoui.ma\/wp-content\/uploads\/2025\/12\/biorga-biorga-femilyane-fluide-apaisant-hydratant-ph-8-200-ml-protections-hygieniques-et-toilette-intime.jpg","width":700,"height":700},{"@type":"BreadcrumbList","@id":"https:\/\/paracherkaoui.ma\/index.php\/produit\/biorga-femilyane-fluide-apaisant-hydratant-ph-8-200-ml\/#breadcrumb","itemListElement":[{"@type":"ListItem","position":1,"name":"Accueil","item":"https:\/\/paracherkaoui.ma\/"},{"@type":"ListItem","position":2,"name":"Boutique","item":"https:\/\/paracherkaoui.ma\/index.php\/boutique\/"},{"@type":"ListItem","position":3,"name":"BIORGA FEMILYANE FLUIDE APAISANT HYDRATANT PH 8 200 ML"}]},{"@type":"WebSite","@id":"https:\/\/paracherkaoui.ma\/#website","url":"https:\/\/paracherkaoui.ma\/","name":"Paracherkaoui.ma","description":"Achetez en ligne sur Paracherkaoui.ma","potentialAction":[{"@type":"SearchAction","target":{"@type":"EntryPoint","urlTemplate":"https:\/\/paracherkaoui.ma\/?s={search_term_string}"},"query-input":{"@type":"PropertyValueSpecification","valueRequired":true,"valueName":"search_term_string"}}],"inLanguage":"fr-FR"}]}},"_links":{"self":[{"href":"https:\/\/paracherkaoui.ma\/index.php\/wp-json\/wp\/v2\/product\/36801","targetHints":{"allow":["GET"]}}],"collection":[{"href":"https:\/\/paracherkaoui.ma\/index.php\/wp-json\/wp\/v2\/product"}],"about":[{"href":"https:\/\/paracherkaoui.ma\/index.php\/wp-json\/wp\/v2\/types\/product"}],"replies":[{"embeddable":true,"href":"https:\/\/paracherkaoui.ma\/index.php\/wp-json\/wp\/v2\/comments?post=36801"}],"version-history":[{"count":1,"href":"https:\/\/paracherkaoui.ma\/index.php\/wp-json\/wp\/v2\/product\/36801\/revisions"}],"predecessor-version":[{"id":36824,"href":"https:\/\/paracherkaoui.ma\/index.php\/wp-json\/wp\/v2\/product\/36801\/revisions\/36824"}],"wp:featuredmedia":[{"embeddable":true,"href":"https:\/\/paracherkaoui.ma\/index.php\/wp-json\/wp\/v2\/media\/36823"}],"wp:attachment":[{"href":"https:\/\/paracherkaoui.ma\/index.php\/wp-json\/wp\/v2\/media?parent=36801"}],"wp:term":[{"taxonomy":"product_brand","embeddable":true,"href":"https:\/\/paracherkaoui.ma\/index.php\/wp-json\/wp\/v2\/product_brand?post=36801"},{"taxonomy":"product_cat","embeddable":true,"href":"https:\/\/paracherkaoui.ma\/index.php\/wp-json\/wp\/v2\/product_cat?post=36801"},{"taxonomy":"product_tag","embeddable":true,"href":"https:\/\/paracherkaoui.ma\/index.php\/wp-json\/wp\/v2\/product_tag?post=36801"}],"curies":[{"name":"wp","href":"https:\/\/api.w.org\/{rel}","templated":true}]}}