{"id":36736,"date":"2025-12-12T18:56:37","date_gmt":"2025-12-12T17:56:37","guid":{"rendered":"https:\/\/test.ecbeaute.com\/?post_type=product&#038;p=36736"},"modified":"2025-12-12T18:56:43","modified_gmt":"2025-12-12T17:56:43","slug":"elliance-neutrosept-ph-7-0-250-ml","status":"publish","type":"product","link":"https:\/\/paracherkaoui.ma\/index.php\/produit\/elliance-neutrosept-ph-7-0-250-ml\/","title":{"rendered":"ELLIANCE NEUTROSEPT PH 7.0 250 ML"},"content":{"rendered":"<p>ELLIANCE NEUTROSEPT 250 ml Hygi\u00e8ne intime Apaisant-antibact\u00e9rien Hygi\u00e8ne des muqueuses et peaux fragiles Gel moussant doux pour la toilette intime qui respecte le pH physiologique.Ce gel moussant pour l\u2019hygi\u00e8ne intime procure une sensation de fra\u00eecheur et de propret\u00e9 pour une toilette intime tout en douceur.<\/p>\n","protected":false},"excerpt":{"rendered":"<p>ELLIANCE NEUTROSEPT 250 ml Hygi\u00e8ne intime Apaisant-antibact\u00e9rien Hygi\u00e8ne des muqueuses et peaux fragiles Gel moussant doux pour la toilette intime<\/p>\n","protected":false},"featured_media":36791,"comment_status":"open","ping_status":"closed","template":"","meta":[],"product_brand":[506],"product_cat":[642],"product_tag":[],"class_list":{"0":"post-36736","1":"product","2":"type-product","3":"status-publish","4":"has-post-thumbnail","6":"product_brand-elliance","7":"product_cat-hygiene-intime","9":"first","10":"instock","11":"sale","12":"shipping-taxable","13":"purchasable","14":"product-type-simple"},"yoast_head":"<!-- This site is optimized with the Yoast SEO plugin v26.6 - https:\/\/yoast.com\/wordpress\/plugins\/seo\/ -->\r\n<title>ELLIANCE NEUTROSEPT PH 7.0 250 ML - Paracherkaoui.ma<\/title>\r\n<meta name=\"robots\" content=\"index, follow, max-snippet:-1, max-image-preview:large, max-video-preview:-1\" \/>\r\n<link rel=\"canonical\" href=\"https:\/\/paracherkaoui.ma\/index.php\/produit\/elliance-neutrosept-ph-7-0-250-ml\/\" \/>\r\n<meta property=\"og:locale\" content=\"fr_FR\" \/>\r\n<meta property=\"og:type\" content=\"article\" \/>\r\n<meta property=\"og:title\" content=\"ELLIANCE NEUTROSEPT PH 7.0 250 ML - Paracherkaoui.ma\" \/>\r\n<meta property=\"og:description\" content=\"ELLIANCE NEUTROSEPT 250 ml Hygi\u00e8ne intime Apaisant-antibact\u00e9rien Hygi\u00e8ne des muqueuses et peaux fragiles Gel moussant doux pour la toilette intime\" \/>\r\n<meta property=\"og:url\" content=\"https:\/\/paracherkaoui.ma\/index.php\/produit\/elliance-neutrosept-ph-7-0-250-ml\/\" \/>\r\n<meta property=\"og:site_name\" content=\"Paracherkaoui.ma\" \/>\r\n<meta property=\"article:modified_time\" content=\"2025-12-12T17:56:43+00:00\" \/>\r\n<meta property=\"og:image\" content=\"https:\/\/paracherkaoui.ma\/wp-content\/uploads\/2025\/12\/elliance-neutrosept-ph-70-250-ml.jpg\" \/>\r\n\t<meta property=\"og:image:width\" content=\"700\" \/>\r\n\t<meta property=\"og:image:height\" content=\"700\" \/>\r\n\t<meta property=\"og:image:type\" content=\"image\/jpeg\" \/>\r\n<meta name=\"twitter:card\" content=\"summary_large_image\" \/>\r\n<script type=\"application\/ld+json\" class=\"yoast-schema-graph\">{\"@context\":\"https:\/\/schema.org\",\"@graph\":[{\"@type\":\"WebPage\",\"@id\":\"https:\/\/paracherkaoui.ma\/index.php\/produit\/elliance-neutrosept-ph-7-0-250-ml\/\",\"url\":\"https:\/\/paracherkaoui.ma\/index.php\/produit\/elliance-neutrosept-ph-7-0-250-ml\/\",\"name\":\"ELLIANCE NEUTROSEPT PH 7.0 250 ML - Paracherkaoui.ma\",\"isPartOf\":{\"@id\":\"https:\/\/paracherkaoui.ma\/#website\"},\"primaryImageOfPage\":{\"@id\":\"https:\/\/paracherkaoui.ma\/index.php\/produit\/elliance-neutrosept-ph-7-0-250-ml\/#primaryimage\"},\"image\":{\"@id\":\"https:\/\/paracherkaoui.ma\/index.php\/produit\/elliance-neutrosept-ph-7-0-250-ml\/#primaryimage\"},\"thumbnailUrl\":\"https:\/\/paracherkaoui.ma\/wp-content\/uploads\/2025\/12\/elliance-neutrosept-ph-70-250-ml.jpg\",\"datePublished\":\"2025-12-12T17:56:37+00:00\",\"dateModified\":\"2025-12-12T17:56:43+00:00\",\"breadcrumb\":{\"@id\":\"https:\/\/paracherkaoui.ma\/index.php\/produit\/elliance-neutrosept-ph-7-0-250-ml\/#breadcrumb\"},\"inLanguage\":\"fr-FR\",\"potentialAction\":[{\"@type\":\"ReadAction\",\"target\":[\"https:\/\/paracherkaoui.ma\/index.php\/produit\/elliance-neutrosept-ph-7-0-250-ml\/\"]}]},{\"@type\":\"ImageObject\",\"inLanguage\":\"fr-FR\",\"@id\":\"https:\/\/paracherkaoui.ma\/index.php\/produit\/elliance-neutrosept-ph-7-0-250-ml\/#primaryimage\",\"url\":\"https:\/\/paracherkaoui.ma\/wp-content\/uploads\/2025\/12\/elliance-neutrosept-ph-70-250-ml.jpg\",\"contentUrl\":\"https:\/\/paracherkaoui.ma\/wp-content\/uploads\/2025\/12\/elliance-neutrosept-ph-70-250-ml.jpg\",\"width\":700,\"height\":700},{\"@type\":\"BreadcrumbList\",\"@id\":\"https:\/\/paracherkaoui.ma\/index.php\/produit\/elliance-neutrosept-ph-7-0-250-ml\/#breadcrumb\",\"itemListElement\":[{\"@type\":\"ListItem\",\"position\":1,\"name\":\"Accueil\",\"item\":\"https:\/\/paracherkaoui.ma\/\"},{\"@type\":\"ListItem\",\"position\":2,\"name\":\"Boutique\",\"item\":\"https:\/\/paracherkaoui.ma\/index.php\/boutique\/\"},{\"@type\":\"ListItem\",\"position\":3,\"name\":\"ELLIANCE NEUTROSEPT PH 7.0 250 ML\"}]},{\"@type\":\"WebSite\",\"@id\":\"https:\/\/paracherkaoui.ma\/#website\",\"url\":\"https:\/\/paracherkaoui.ma\/\",\"name\":\"Paracherkaoui.ma\",\"description\":\"Achetez en ligne sur Paracherkaoui.ma\",\"potentialAction\":[{\"@type\":\"SearchAction\",\"target\":{\"@type\":\"EntryPoint\",\"urlTemplate\":\"https:\/\/paracherkaoui.ma\/?s={search_term_string}\"},\"query-input\":{\"@type\":\"PropertyValueSpecification\",\"valueRequired\":true,\"valueName\":\"search_term_string\"}}],\"inLanguage\":\"fr-FR\"}]}<\/script>\r\n<!-- \/ Yoast SEO plugin. -->","yoast_head_json":{"title":"ELLIANCE NEUTROSEPT PH 7.0 250 ML - Paracherkaoui.ma","robots":{"index":"index","follow":"follow","max-snippet":"max-snippet:-1","max-image-preview":"max-image-preview:large","max-video-preview":"max-video-preview:-1"},"canonical":"https:\/\/paracherkaoui.ma\/index.php\/produit\/elliance-neutrosept-ph-7-0-250-ml\/","og_locale":"fr_FR","og_type":"article","og_title":"ELLIANCE NEUTROSEPT PH 7.0 250 ML - Paracherkaoui.ma","og_description":"ELLIANCE NEUTROSEPT 250 ml Hygi\u00e8ne intime Apaisant-antibact\u00e9rien Hygi\u00e8ne des muqueuses et peaux fragiles Gel moussant doux pour la toilette intime","og_url":"https:\/\/paracherkaoui.ma\/index.php\/produit\/elliance-neutrosept-ph-7-0-250-ml\/","og_site_name":"Paracherkaoui.ma","article_modified_time":"2025-12-12T17:56:43+00:00","og_image":[{"width":700,"height":700,"url":"https:\/\/paracherkaoui.ma\/wp-content\/uploads\/2025\/12\/elliance-neutrosept-ph-70-250-ml.jpg","type":"image\/jpeg"}],"twitter_card":"summary_large_image","schema":{"@context":"https:\/\/schema.org","@graph":[{"@type":"WebPage","@id":"https:\/\/paracherkaoui.ma\/index.php\/produit\/elliance-neutrosept-ph-7-0-250-ml\/","url":"https:\/\/paracherkaoui.ma\/index.php\/produit\/elliance-neutrosept-ph-7-0-250-ml\/","name":"ELLIANCE NEUTROSEPT PH 7.0 250 ML - Paracherkaoui.ma","isPartOf":{"@id":"https:\/\/paracherkaoui.ma\/#website"},"primaryImageOfPage":{"@id":"https:\/\/paracherkaoui.ma\/index.php\/produit\/elliance-neutrosept-ph-7-0-250-ml\/#primaryimage"},"image":{"@id":"https:\/\/paracherkaoui.ma\/index.php\/produit\/elliance-neutrosept-ph-7-0-250-ml\/#primaryimage"},"thumbnailUrl":"https:\/\/paracherkaoui.ma\/wp-content\/uploads\/2025\/12\/elliance-neutrosept-ph-70-250-ml.jpg","datePublished":"2025-12-12T17:56:37+00:00","dateModified":"2025-12-12T17:56:43+00:00","breadcrumb":{"@id":"https:\/\/paracherkaoui.ma\/index.php\/produit\/elliance-neutrosept-ph-7-0-250-ml\/#breadcrumb"},"inLanguage":"fr-FR","potentialAction":[{"@type":"ReadAction","target":["https:\/\/paracherkaoui.ma\/index.php\/produit\/elliance-neutrosept-ph-7-0-250-ml\/"]}]},{"@type":"ImageObject","inLanguage":"fr-FR","@id":"https:\/\/paracherkaoui.ma\/index.php\/produit\/elliance-neutrosept-ph-7-0-250-ml\/#primaryimage","url":"https:\/\/paracherkaoui.ma\/wp-content\/uploads\/2025\/12\/elliance-neutrosept-ph-70-250-ml.jpg","contentUrl":"https:\/\/paracherkaoui.ma\/wp-content\/uploads\/2025\/12\/elliance-neutrosept-ph-70-250-ml.jpg","width":700,"height":700},{"@type":"BreadcrumbList","@id":"https:\/\/paracherkaoui.ma\/index.php\/produit\/elliance-neutrosept-ph-7-0-250-ml\/#breadcrumb","itemListElement":[{"@type":"ListItem","position":1,"name":"Accueil","item":"https:\/\/paracherkaoui.ma\/"},{"@type":"ListItem","position":2,"name":"Boutique","item":"https:\/\/paracherkaoui.ma\/index.php\/boutique\/"},{"@type":"ListItem","position":3,"name":"ELLIANCE NEUTROSEPT PH 7.0 250 ML"}]},{"@type":"WebSite","@id":"https:\/\/paracherkaoui.ma\/#website","url":"https:\/\/paracherkaoui.ma\/","name":"Paracherkaoui.ma","description":"Achetez en ligne sur Paracherkaoui.ma","potentialAction":[{"@type":"SearchAction","target":{"@type":"EntryPoint","urlTemplate":"https:\/\/paracherkaoui.ma\/?s={search_term_string}"},"query-input":{"@type":"PropertyValueSpecification","valueRequired":true,"valueName":"search_term_string"}}],"inLanguage":"fr-FR"}]}},"_links":{"self":[{"href":"https:\/\/paracherkaoui.ma\/index.php\/wp-json\/wp\/v2\/product\/36736","targetHints":{"allow":["GET"]}}],"collection":[{"href":"https:\/\/paracherkaoui.ma\/index.php\/wp-json\/wp\/v2\/product"}],"about":[{"href":"https:\/\/paracherkaoui.ma\/index.php\/wp-json\/wp\/v2\/types\/product"}],"replies":[{"embeddable":true,"href":"https:\/\/paracherkaoui.ma\/index.php\/wp-json\/wp\/v2\/comments?post=36736"}],"version-history":[{"count":1,"href":"https:\/\/paracherkaoui.ma\/index.php\/wp-json\/wp\/v2\/product\/36736\/revisions"}],"predecessor-version":[{"id":36792,"href":"https:\/\/paracherkaoui.ma\/index.php\/wp-json\/wp\/v2\/product\/36736\/revisions\/36792"}],"wp:featuredmedia":[{"embeddable":true,"href":"https:\/\/paracherkaoui.ma\/index.php\/wp-json\/wp\/v2\/media\/36791"}],"wp:attachment":[{"href":"https:\/\/paracherkaoui.ma\/index.php\/wp-json\/wp\/v2\/media?parent=36736"}],"wp:term":[{"taxonomy":"product_brand","embeddable":true,"href":"https:\/\/paracherkaoui.ma\/index.php\/wp-json\/wp\/v2\/product_brand?post=36736"},{"taxonomy":"product_cat","embeddable":true,"href":"https:\/\/paracherkaoui.ma\/index.php\/wp-json\/wp\/v2\/product_cat?post=36736"},{"taxonomy":"product_tag","embeddable":true,"href":"https:\/\/paracherkaoui.ma\/index.php\/wp-json\/wp\/v2\/product_tag?post=36736"}],"curies":[{"name":"wp","href":"https:\/\/api.w.org\/{rel}","templated":true}]}}