{"id":36731,"date":"2025-12-12T18:56:37","date_gmt":"2025-12-12T17:56:37","guid":{"rendered":"https:\/\/test.ecbeaute.com\/?post_type=product&#038;p=36731"},"modified":"2025-12-12T18:56:42","modified_gmt":"2025-12-12T17:56:42","slug":"cumlaude-lab-hygiene-intime-clx-500-ml","status":"publish","type":"product","link":"https:\/\/paracherkaoui.ma\/index.php\/produit\/cumlaude-lab-hygiene-intime-clx-500-ml\/","title":{"rendered":"CUMLAUDE LAB HYGIENE INTIME CLX 500 ML"},"content":{"rendered":"<p>Description:<br \/>\nGel nettoyant intime formul\u00e9 avec de la chlorhexidine et un complexe antimicrobien v\u00e9g\u00e9tal \u00e0 l\u2019action assainissante, rafra\u00eechissante et protectrice. Avec un pH physiologique vulvaire (5,5) pour nettoyer en douceur la zone intime en respectant l\u2019\u00e9quilibre de surface de la peau et des muqueuses. Particuli\u00e8rement adapt\u00e9 en cas de d\u00e9veloppement excessif de la flore microbienne locale, pendant la grossesse, apr\u00e8s les rapports sexuels et pendant le cycle menstruel. Sans savon. Sans parab\u00e8nes. Sans colorants. Sans sulfates, SLES ni LSS. Test\u00e9 cliniquement, dermatologiquement et microbiologiquement.<\/p>\n","protected":false},"excerpt":{"rendered":"<p>Description: Gel nettoyant intime formul\u00e9 avec de la chlorhexidine et un complexe antimicrobien v\u00e9g\u00e9tal \u00e0 l\u2019action assainissante, rafra\u00eechissante et protectrice.<\/p>\n","protected":false},"featured_media":36781,"comment_status":"open","ping_status":"closed","template":"","meta":[],"product_brand":[637],"product_cat":[642],"product_tag":[],"class_list":{"0":"post-36731","1":"product","2":"type-product","3":"status-publish","4":"has-post-thumbnail","6":"product_brand-cumlaude","7":"product_cat-hygiene-intime","9":"first","10":"instock","11":"sale","12":"shipping-taxable","13":"purchasable","14":"product-type-simple"},"yoast_head":"<!-- This site is optimized with the Yoast SEO plugin v26.6 - https:\/\/yoast.com\/wordpress\/plugins\/seo\/ -->\r\n<title>CUMLAUDE LAB HYGIENE INTIME CLX 500 ML - Paracherkaoui.ma<\/title>\r\n<meta name=\"robots\" content=\"index, follow, max-snippet:-1, max-image-preview:large, max-video-preview:-1\" \/>\r\n<link rel=\"canonical\" href=\"https:\/\/paracherkaoui.ma\/index.php\/produit\/cumlaude-lab-hygiene-intime-clx-500-ml\/\" \/>\r\n<meta property=\"og:locale\" content=\"fr_FR\" \/>\r\n<meta property=\"og:type\" content=\"article\" \/>\r\n<meta property=\"og:title\" content=\"CUMLAUDE LAB HYGIENE INTIME CLX 500 ML - Paracherkaoui.ma\" \/>\r\n<meta property=\"og:description\" content=\"Description: Gel nettoyant intime formul\u00e9 avec de la chlorhexidine et un complexe antimicrobien v\u00e9g\u00e9tal \u00e0 l\u2019action assainissante, rafra\u00eechissante et protectrice.\" \/>\r\n<meta property=\"og:url\" content=\"https:\/\/paracherkaoui.ma\/index.php\/produit\/cumlaude-lab-hygiene-intime-clx-500-ml\/\" \/>\r\n<meta property=\"og:site_name\" content=\"Paracherkaoui.ma\" \/>\r\n<meta property=\"article:modified_time\" content=\"2025-12-12T17:56:42+00:00\" \/>\r\n<meta property=\"og:image\" content=\"https:\/\/paracherkaoui.ma\/wp-content\/uploads\/2025\/12\/cumlaude-lab-hygiene-intime-clx-500-ml.jpg\" \/>\r\n\t<meta property=\"og:image:width\" content=\"700\" \/>\r\n\t<meta property=\"og:image:height\" content=\"700\" \/>\r\n\t<meta property=\"og:image:type\" content=\"image\/jpeg\" \/>\r\n<meta name=\"twitter:card\" content=\"summary_large_image\" \/>\r\n<script type=\"application\/ld+json\" class=\"yoast-schema-graph\">{\"@context\":\"https:\/\/schema.org\",\"@graph\":[{\"@type\":\"WebPage\",\"@id\":\"https:\/\/paracherkaoui.ma\/index.php\/produit\/cumlaude-lab-hygiene-intime-clx-500-ml\/\",\"url\":\"https:\/\/paracherkaoui.ma\/index.php\/produit\/cumlaude-lab-hygiene-intime-clx-500-ml\/\",\"name\":\"CUMLAUDE LAB HYGIENE INTIME CLX 500 ML - Paracherkaoui.ma\",\"isPartOf\":{\"@id\":\"https:\/\/paracherkaoui.ma\/#website\"},\"primaryImageOfPage\":{\"@id\":\"https:\/\/paracherkaoui.ma\/index.php\/produit\/cumlaude-lab-hygiene-intime-clx-500-ml\/#primaryimage\"},\"image\":{\"@id\":\"https:\/\/paracherkaoui.ma\/index.php\/produit\/cumlaude-lab-hygiene-intime-clx-500-ml\/#primaryimage\"},\"thumbnailUrl\":\"https:\/\/paracherkaoui.ma\/wp-content\/uploads\/2025\/12\/cumlaude-lab-hygiene-intime-clx-500-ml.jpg\",\"datePublished\":\"2025-12-12T17:56:37+00:00\",\"dateModified\":\"2025-12-12T17:56:42+00:00\",\"breadcrumb\":{\"@id\":\"https:\/\/paracherkaoui.ma\/index.php\/produit\/cumlaude-lab-hygiene-intime-clx-500-ml\/#breadcrumb\"},\"inLanguage\":\"fr-FR\",\"potentialAction\":[{\"@type\":\"ReadAction\",\"target\":[\"https:\/\/paracherkaoui.ma\/index.php\/produit\/cumlaude-lab-hygiene-intime-clx-500-ml\/\"]}]},{\"@type\":\"ImageObject\",\"inLanguage\":\"fr-FR\",\"@id\":\"https:\/\/paracherkaoui.ma\/index.php\/produit\/cumlaude-lab-hygiene-intime-clx-500-ml\/#primaryimage\",\"url\":\"https:\/\/paracherkaoui.ma\/wp-content\/uploads\/2025\/12\/cumlaude-lab-hygiene-intime-clx-500-ml.jpg\",\"contentUrl\":\"https:\/\/paracherkaoui.ma\/wp-content\/uploads\/2025\/12\/cumlaude-lab-hygiene-intime-clx-500-ml.jpg\",\"width\":700,\"height\":700},{\"@type\":\"BreadcrumbList\",\"@id\":\"https:\/\/paracherkaoui.ma\/index.php\/produit\/cumlaude-lab-hygiene-intime-clx-500-ml\/#breadcrumb\",\"itemListElement\":[{\"@type\":\"ListItem\",\"position\":1,\"name\":\"Accueil\",\"item\":\"https:\/\/paracherkaoui.ma\/\"},{\"@type\":\"ListItem\",\"position\":2,\"name\":\"Boutique\",\"item\":\"https:\/\/paracherkaoui.ma\/index.php\/boutique\/\"},{\"@type\":\"ListItem\",\"position\":3,\"name\":\"CUMLAUDE LAB HYGIENE INTIME CLX 500 ML\"}]},{\"@type\":\"WebSite\",\"@id\":\"https:\/\/paracherkaoui.ma\/#website\",\"url\":\"https:\/\/paracherkaoui.ma\/\",\"name\":\"Paracherkaoui.ma\",\"description\":\"Achetez en ligne sur Paracherkaoui.ma\",\"potentialAction\":[{\"@type\":\"SearchAction\",\"target\":{\"@type\":\"EntryPoint\",\"urlTemplate\":\"https:\/\/paracherkaoui.ma\/?s={search_term_string}\"},\"query-input\":{\"@type\":\"PropertyValueSpecification\",\"valueRequired\":true,\"valueName\":\"search_term_string\"}}],\"inLanguage\":\"fr-FR\"}]}<\/script>\r\n<!-- \/ Yoast SEO plugin. -->","yoast_head_json":{"title":"CUMLAUDE LAB HYGIENE INTIME CLX 500 ML - Paracherkaoui.ma","robots":{"index":"index","follow":"follow","max-snippet":"max-snippet:-1","max-image-preview":"max-image-preview:large","max-video-preview":"max-video-preview:-1"},"canonical":"https:\/\/paracherkaoui.ma\/index.php\/produit\/cumlaude-lab-hygiene-intime-clx-500-ml\/","og_locale":"fr_FR","og_type":"article","og_title":"CUMLAUDE LAB HYGIENE INTIME CLX 500 ML - Paracherkaoui.ma","og_description":"Description: Gel nettoyant intime formul\u00e9 avec de la chlorhexidine et un complexe antimicrobien v\u00e9g\u00e9tal \u00e0 l\u2019action assainissante, rafra\u00eechissante et protectrice.","og_url":"https:\/\/paracherkaoui.ma\/index.php\/produit\/cumlaude-lab-hygiene-intime-clx-500-ml\/","og_site_name":"Paracherkaoui.ma","article_modified_time":"2025-12-12T17:56:42+00:00","og_image":[{"width":700,"height":700,"url":"https:\/\/paracherkaoui.ma\/wp-content\/uploads\/2025\/12\/cumlaude-lab-hygiene-intime-clx-500-ml.jpg","type":"image\/jpeg"}],"twitter_card":"summary_large_image","schema":{"@context":"https:\/\/schema.org","@graph":[{"@type":"WebPage","@id":"https:\/\/paracherkaoui.ma\/index.php\/produit\/cumlaude-lab-hygiene-intime-clx-500-ml\/","url":"https:\/\/paracherkaoui.ma\/index.php\/produit\/cumlaude-lab-hygiene-intime-clx-500-ml\/","name":"CUMLAUDE LAB HYGIENE INTIME CLX 500 ML - Paracherkaoui.ma","isPartOf":{"@id":"https:\/\/paracherkaoui.ma\/#website"},"primaryImageOfPage":{"@id":"https:\/\/paracherkaoui.ma\/index.php\/produit\/cumlaude-lab-hygiene-intime-clx-500-ml\/#primaryimage"},"image":{"@id":"https:\/\/paracherkaoui.ma\/index.php\/produit\/cumlaude-lab-hygiene-intime-clx-500-ml\/#primaryimage"},"thumbnailUrl":"https:\/\/paracherkaoui.ma\/wp-content\/uploads\/2025\/12\/cumlaude-lab-hygiene-intime-clx-500-ml.jpg","datePublished":"2025-12-12T17:56:37+00:00","dateModified":"2025-12-12T17:56:42+00:00","breadcrumb":{"@id":"https:\/\/paracherkaoui.ma\/index.php\/produit\/cumlaude-lab-hygiene-intime-clx-500-ml\/#breadcrumb"},"inLanguage":"fr-FR","potentialAction":[{"@type":"ReadAction","target":["https:\/\/paracherkaoui.ma\/index.php\/produit\/cumlaude-lab-hygiene-intime-clx-500-ml\/"]}]},{"@type":"ImageObject","inLanguage":"fr-FR","@id":"https:\/\/paracherkaoui.ma\/index.php\/produit\/cumlaude-lab-hygiene-intime-clx-500-ml\/#primaryimage","url":"https:\/\/paracherkaoui.ma\/wp-content\/uploads\/2025\/12\/cumlaude-lab-hygiene-intime-clx-500-ml.jpg","contentUrl":"https:\/\/paracherkaoui.ma\/wp-content\/uploads\/2025\/12\/cumlaude-lab-hygiene-intime-clx-500-ml.jpg","width":700,"height":700},{"@type":"BreadcrumbList","@id":"https:\/\/paracherkaoui.ma\/index.php\/produit\/cumlaude-lab-hygiene-intime-clx-500-ml\/#breadcrumb","itemListElement":[{"@type":"ListItem","position":1,"name":"Accueil","item":"https:\/\/paracherkaoui.ma\/"},{"@type":"ListItem","position":2,"name":"Boutique","item":"https:\/\/paracherkaoui.ma\/index.php\/boutique\/"},{"@type":"ListItem","position":3,"name":"CUMLAUDE LAB HYGIENE INTIME CLX 500 ML"}]},{"@type":"WebSite","@id":"https:\/\/paracherkaoui.ma\/#website","url":"https:\/\/paracherkaoui.ma\/","name":"Paracherkaoui.ma","description":"Achetez en ligne sur Paracherkaoui.ma","potentialAction":[{"@type":"SearchAction","target":{"@type":"EntryPoint","urlTemplate":"https:\/\/paracherkaoui.ma\/?s={search_term_string}"},"query-input":{"@type":"PropertyValueSpecification","valueRequired":true,"valueName":"search_term_string"}}],"inLanguage":"fr-FR"}]}},"_links":{"self":[{"href":"https:\/\/paracherkaoui.ma\/index.php\/wp-json\/wp\/v2\/product\/36731","targetHints":{"allow":["GET"]}}],"collection":[{"href":"https:\/\/paracherkaoui.ma\/index.php\/wp-json\/wp\/v2\/product"}],"about":[{"href":"https:\/\/paracherkaoui.ma\/index.php\/wp-json\/wp\/v2\/types\/product"}],"replies":[{"embeddable":true,"href":"https:\/\/paracherkaoui.ma\/index.php\/wp-json\/wp\/v2\/comments?post=36731"}],"version-history":[{"count":1,"href":"https:\/\/paracherkaoui.ma\/index.php\/wp-json\/wp\/v2\/product\/36731\/revisions"}],"predecessor-version":[{"id":36782,"href":"https:\/\/paracherkaoui.ma\/index.php\/wp-json\/wp\/v2\/product\/36731\/revisions\/36782"}],"wp:featuredmedia":[{"embeddable":true,"href":"https:\/\/paracherkaoui.ma\/index.php\/wp-json\/wp\/v2\/media\/36781"}],"wp:attachment":[{"href":"https:\/\/paracherkaoui.ma\/index.php\/wp-json\/wp\/v2\/media?parent=36731"}],"wp:term":[{"taxonomy":"product_brand","embeddable":true,"href":"https:\/\/paracherkaoui.ma\/index.php\/wp-json\/wp\/v2\/product_brand?post=36731"},{"taxonomy":"product_cat","embeddable":true,"href":"https:\/\/paracherkaoui.ma\/index.php\/wp-json\/wp\/v2\/product_cat?post=36731"},{"taxonomy":"product_tag","embeddable":true,"href":"https:\/\/paracherkaoui.ma\/index.php\/wp-json\/wp\/v2\/product_tag?post=36731"}],"curies":[{"name":"wp","href":"https:\/\/api.w.org\/{rel}","templated":true}]}}