{"id":36730,"date":"2025-12-12T18:56:37","date_gmt":"2025-12-12T17:56:37","guid":{"rendered":"https:\/\/test.ecbeaute.com\/?post_type=product&#038;p=36730"},"modified":"2025-12-12T18:56:42","modified_gmt":"2025-12-12T17:56:42","slug":"biosecure-gel-nettoyant-intime-sans-savon-240ml","status":"publish","type":"product","link":"https:\/\/paracherkaoui.ma\/index.php\/produit\/biosecure-gel-nettoyant-intime-sans-savon-240ml\/","title":{"rendered":"BIOSECURE GEL NETTOYANT INTIME SANS SAVON 240ML"},"content":{"rendered":"<p>Description:<br \/>\nGel nettoyant intime sans parfum et sans savon.Les extraits de noisetier et calendula pour la douceur.<br \/>\nL&rsquo;eau florale de fleur d&rsquo;oranger pour la fra\u00eecheur.Gr\u00e2ce \u00e0 sa base onctueuse sans savon et son pH proche du pH physiologique de la peau, ce gel agit tout en douceur Test\u00e9 sous contr\u00f4le gyn\u00e9cologique, il respecte la sensibilit\u00e9 des muqueuses et apporte une sensation de protection au quotidien.84% de satisfaction.<br \/>\nConseils d&rsquo;utilisation<\/p>\n<p>Appliquer une noix de gel, faire mousser d\u00e9licatement.Rincer soigneusement.Usage externe uniquement. Eviter avec une peau irrit\u00e9e.<\/p>\n","protected":false},"excerpt":{"rendered":"<p>Description: Gel nettoyant intime sans parfum et sans savon.Les extraits de noisetier et calendula pour la douceur. L&rsquo;eau florale de<\/p>\n","protected":false},"featured_media":36779,"comment_status":"open","ping_status":"closed","template":"","meta":[],"product_brand":[462],"product_cat":[642],"product_tag":[],"class_list":{"0":"post-36730","1":"product","2":"type-product","3":"status-publish","4":"has-post-thumbnail","6":"product_brand-bio-secure","7":"product_cat-hygiene-intime","9":"first","10":"instock","11":"sale","12":"shipping-taxable","13":"purchasable","14":"product-type-simple"},"yoast_head":"<!-- This site is optimized with the Yoast SEO plugin v26.6 - https:\/\/yoast.com\/wordpress\/plugins\/seo\/ -->\r\n<title>BIOSECURE GEL NETTOYANT INTIME SANS SAVON 240ML - Paracherkaoui.ma<\/title>\r\n<meta name=\"robots\" content=\"index, follow, max-snippet:-1, max-image-preview:large, max-video-preview:-1\" \/>\r\n<link rel=\"canonical\" href=\"https:\/\/paracherkaoui.ma\/index.php\/produit\/biosecure-gel-nettoyant-intime-sans-savon-240ml\/\" \/>\r\n<meta property=\"og:locale\" content=\"fr_FR\" \/>\r\n<meta property=\"og:type\" content=\"article\" \/>\r\n<meta property=\"og:title\" content=\"BIOSECURE GEL NETTOYANT INTIME SANS SAVON 240ML - Paracherkaoui.ma\" \/>\r\n<meta property=\"og:description\" content=\"Description: Gel nettoyant intime sans parfum et sans savon.Les extraits de noisetier et calendula pour la douceur. L&rsquo;eau florale de\" \/>\r\n<meta property=\"og:url\" content=\"https:\/\/paracherkaoui.ma\/index.php\/produit\/biosecure-gel-nettoyant-intime-sans-savon-240ml\/\" \/>\r\n<meta property=\"og:site_name\" content=\"Paracherkaoui.ma\" \/>\r\n<meta property=\"article:modified_time\" content=\"2025-12-12T17:56:42+00:00\" \/>\r\n<meta property=\"og:image\" content=\"https:\/\/paracherkaoui.ma\/wp-content\/uploads\/2025\/12\/biosecure-gel-nettoyant-intime-sans-savon-240ml.jpg\" \/>\r\n\t<meta property=\"og:image:width\" content=\"700\" \/>\r\n\t<meta property=\"og:image:height\" content=\"700\" \/>\r\n\t<meta property=\"og:image:type\" content=\"image\/jpeg\" \/>\r\n<meta name=\"twitter:card\" content=\"summary_large_image\" \/>\r\n<script type=\"application\/ld+json\" class=\"yoast-schema-graph\">{\"@context\":\"https:\/\/schema.org\",\"@graph\":[{\"@type\":\"WebPage\",\"@id\":\"https:\/\/paracherkaoui.ma\/index.php\/produit\/biosecure-gel-nettoyant-intime-sans-savon-240ml\/\",\"url\":\"https:\/\/paracherkaoui.ma\/index.php\/produit\/biosecure-gel-nettoyant-intime-sans-savon-240ml\/\",\"name\":\"BIOSECURE GEL NETTOYANT INTIME SANS SAVON 240ML - Paracherkaoui.ma\",\"isPartOf\":{\"@id\":\"https:\/\/paracherkaoui.ma\/#website\"},\"primaryImageOfPage\":{\"@id\":\"https:\/\/paracherkaoui.ma\/index.php\/produit\/biosecure-gel-nettoyant-intime-sans-savon-240ml\/#primaryimage\"},\"image\":{\"@id\":\"https:\/\/paracherkaoui.ma\/index.php\/produit\/biosecure-gel-nettoyant-intime-sans-savon-240ml\/#primaryimage\"},\"thumbnailUrl\":\"https:\/\/paracherkaoui.ma\/wp-content\/uploads\/2025\/12\/biosecure-gel-nettoyant-intime-sans-savon-240ml.jpg\",\"datePublished\":\"2025-12-12T17:56:37+00:00\",\"dateModified\":\"2025-12-12T17:56:42+00:00\",\"breadcrumb\":{\"@id\":\"https:\/\/paracherkaoui.ma\/index.php\/produit\/biosecure-gel-nettoyant-intime-sans-savon-240ml\/#breadcrumb\"},\"inLanguage\":\"fr-FR\",\"potentialAction\":[{\"@type\":\"ReadAction\",\"target\":[\"https:\/\/paracherkaoui.ma\/index.php\/produit\/biosecure-gel-nettoyant-intime-sans-savon-240ml\/\"]}]},{\"@type\":\"ImageObject\",\"inLanguage\":\"fr-FR\",\"@id\":\"https:\/\/paracherkaoui.ma\/index.php\/produit\/biosecure-gel-nettoyant-intime-sans-savon-240ml\/#primaryimage\",\"url\":\"https:\/\/paracherkaoui.ma\/wp-content\/uploads\/2025\/12\/biosecure-gel-nettoyant-intime-sans-savon-240ml.jpg\",\"contentUrl\":\"https:\/\/paracherkaoui.ma\/wp-content\/uploads\/2025\/12\/biosecure-gel-nettoyant-intime-sans-savon-240ml.jpg\",\"width\":700,\"height\":700},{\"@type\":\"BreadcrumbList\",\"@id\":\"https:\/\/paracherkaoui.ma\/index.php\/produit\/biosecure-gel-nettoyant-intime-sans-savon-240ml\/#breadcrumb\",\"itemListElement\":[{\"@type\":\"ListItem\",\"position\":1,\"name\":\"Accueil\",\"item\":\"https:\/\/paracherkaoui.ma\/\"},{\"@type\":\"ListItem\",\"position\":2,\"name\":\"Boutique\",\"item\":\"https:\/\/paracherkaoui.ma\/index.php\/boutique\/\"},{\"@type\":\"ListItem\",\"position\":3,\"name\":\"BIOSECURE GEL NETTOYANT INTIME SANS SAVON 240ML\"}]},{\"@type\":\"WebSite\",\"@id\":\"https:\/\/paracherkaoui.ma\/#website\",\"url\":\"https:\/\/paracherkaoui.ma\/\",\"name\":\"Paracherkaoui.ma\",\"description\":\"Achetez en ligne sur Paracherkaoui.ma\",\"potentialAction\":[{\"@type\":\"SearchAction\",\"target\":{\"@type\":\"EntryPoint\",\"urlTemplate\":\"https:\/\/paracherkaoui.ma\/?s={search_term_string}\"},\"query-input\":{\"@type\":\"PropertyValueSpecification\",\"valueRequired\":true,\"valueName\":\"search_term_string\"}}],\"inLanguage\":\"fr-FR\"}]}<\/script>\r\n<!-- \/ Yoast SEO plugin. -->","yoast_head_json":{"title":"BIOSECURE GEL NETTOYANT INTIME SANS SAVON 240ML - Paracherkaoui.ma","robots":{"index":"index","follow":"follow","max-snippet":"max-snippet:-1","max-image-preview":"max-image-preview:large","max-video-preview":"max-video-preview:-1"},"canonical":"https:\/\/paracherkaoui.ma\/index.php\/produit\/biosecure-gel-nettoyant-intime-sans-savon-240ml\/","og_locale":"fr_FR","og_type":"article","og_title":"BIOSECURE GEL NETTOYANT INTIME SANS SAVON 240ML - Paracherkaoui.ma","og_description":"Description: Gel nettoyant intime sans parfum et sans savon.Les extraits de noisetier et calendula pour la douceur. L&rsquo;eau florale de","og_url":"https:\/\/paracherkaoui.ma\/index.php\/produit\/biosecure-gel-nettoyant-intime-sans-savon-240ml\/","og_site_name":"Paracherkaoui.ma","article_modified_time":"2025-12-12T17:56:42+00:00","og_image":[{"width":700,"height":700,"url":"https:\/\/paracherkaoui.ma\/wp-content\/uploads\/2025\/12\/biosecure-gel-nettoyant-intime-sans-savon-240ml.jpg","type":"image\/jpeg"}],"twitter_card":"summary_large_image","schema":{"@context":"https:\/\/schema.org","@graph":[{"@type":"WebPage","@id":"https:\/\/paracherkaoui.ma\/index.php\/produit\/biosecure-gel-nettoyant-intime-sans-savon-240ml\/","url":"https:\/\/paracherkaoui.ma\/index.php\/produit\/biosecure-gel-nettoyant-intime-sans-savon-240ml\/","name":"BIOSECURE GEL NETTOYANT INTIME SANS SAVON 240ML - Paracherkaoui.ma","isPartOf":{"@id":"https:\/\/paracherkaoui.ma\/#website"},"primaryImageOfPage":{"@id":"https:\/\/paracherkaoui.ma\/index.php\/produit\/biosecure-gel-nettoyant-intime-sans-savon-240ml\/#primaryimage"},"image":{"@id":"https:\/\/paracherkaoui.ma\/index.php\/produit\/biosecure-gel-nettoyant-intime-sans-savon-240ml\/#primaryimage"},"thumbnailUrl":"https:\/\/paracherkaoui.ma\/wp-content\/uploads\/2025\/12\/biosecure-gel-nettoyant-intime-sans-savon-240ml.jpg","datePublished":"2025-12-12T17:56:37+00:00","dateModified":"2025-12-12T17:56:42+00:00","breadcrumb":{"@id":"https:\/\/paracherkaoui.ma\/index.php\/produit\/biosecure-gel-nettoyant-intime-sans-savon-240ml\/#breadcrumb"},"inLanguage":"fr-FR","potentialAction":[{"@type":"ReadAction","target":["https:\/\/paracherkaoui.ma\/index.php\/produit\/biosecure-gel-nettoyant-intime-sans-savon-240ml\/"]}]},{"@type":"ImageObject","inLanguage":"fr-FR","@id":"https:\/\/paracherkaoui.ma\/index.php\/produit\/biosecure-gel-nettoyant-intime-sans-savon-240ml\/#primaryimage","url":"https:\/\/paracherkaoui.ma\/wp-content\/uploads\/2025\/12\/biosecure-gel-nettoyant-intime-sans-savon-240ml.jpg","contentUrl":"https:\/\/paracherkaoui.ma\/wp-content\/uploads\/2025\/12\/biosecure-gel-nettoyant-intime-sans-savon-240ml.jpg","width":700,"height":700},{"@type":"BreadcrumbList","@id":"https:\/\/paracherkaoui.ma\/index.php\/produit\/biosecure-gel-nettoyant-intime-sans-savon-240ml\/#breadcrumb","itemListElement":[{"@type":"ListItem","position":1,"name":"Accueil","item":"https:\/\/paracherkaoui.ma\/"},{"@type":"ListItem","position":2,"name":"Boutique","item":"https:\/\/paracherkaoui.ma\/index.php\/boutique\/"},{"@type":"ListItem","position":3,"name":"BIOSECURE GEL NETTOYANT INTIME SANS SAVON 240ML"}]},{"@type":"WebSite","@id":"https:\/\/paracherkaoui.ma\/#website","url":"https:\/\/paracherkaoui.ma\/","name":"Paracherkaoui.ma","description":"Achetez en ligne sur Paracherkaoui.ma","potentialAction":[{"@type":"SearchAction","target":{"@type":"EntryPoint","urlTemplate":"https:\/\/paracherkaoui.ma\/?s={search_term_string}"},"query-input":{"@type":"PropertyValueSpecification","valueRequired":true,"valueName":"search_term_string"}}],"inLanguage":"fr-FR"}]}},"_links":{"self":[{"href":"https:\/\/paracherkaoui.ma\/index.php\/wp-json\/wp\/v2\/product\/36730","targetHints":{"allow":["GET"]}}],"collection":[{"href":"https:\/\/paracherkaoui.ma\/index.php\/wp-json\/wp\/v2\/product"}],"about":[{"href":"https:\/\/paracherkaoui.ma\/index.php\/wp-json\/wp\/v2\/types\/product"}],"replies":[{"embeddable":true,"href":"https:\/\/paracherkaoui.ma\/index.php\/wp-json\/wp\/v2\/comments?post=36730"}],"version-history":[{"count":1,"href":"https:\/\/paracherkaoui.ma\/index.php\/wp-json\/wp\/v2\/product\/36730\/revisions"}],"predecessor-version":[{"id":36780,"href":"https:\/\/paracherkaoui.ma\/index.php\/wp-json\/wp\/v2\/product\/36730\/revisions\/36780"}],"wp:featuredmedia":[{"embeddable":true,"href":"https:\/\/paracherkaoui.ma\/index.php\/wp-json\/wp\/v2\/media\/36779"}],"wp:attachment":[{"href":"https:\/\/paracherkaoui.ma\/index.php\/wp-json\/wp\/v2\/media?parent=36730"}],"wp:term":[{"taxonomy":"product_brand","embeddable":true,"href":"https:\/\/paracherkaoui.ma\/index.php\/wp-json\/wp\/v2\/product_brand?post=36730"},{"taxonomy":"product_cat","embeddable":true,"href":"https:\/\/paracherkaoui.ma\/index.php\/wp-json\/wp\/v2\/product_cat?post=36730"},{"taxonomy":"product_tag","embeddable":true,"href":"https:\/\/paracherkaoui.ma\/index.php\/wp-json\/wp\/v2\/product_tag?post=36730"}],"curies":[{"name":"wp","href":"https:\/\/api.w.org\/{rel}","templated":true}]}}