{"id":36724,"date":"2025-12-12T18:56:37","date_gmt":"2025-12-12T17:56:37","guid":{"rendered":"https:\/\/test.ecbeaute.com\/?post_type=product&#038;p=36724"},"modified":"2025-12-12T18:56:41","modified_gmt":"2025-12-12T17:56:41","slug":"dermadoc-neutre-gel-intime-250ml","status":"publish","type":"product","link":"https:\/\/paracherkaoui.ma\/index.php\/produit\/dermadoc-neutre-gel-intime-250ml\/","title":{"rendered":"DERMADOC NEUTRE GEL INTIME 250ML"},"content":{"rendered":"<p>Dermadoc, expert en soins dermo-cosm\u00e9tiques, a formul\u00e9 ce gel intime pour une action compl\u00e8te et une efficacit\u00e9 prouv\u00e9e :<br \/>\nFormule Douce et \u00c9quilibr\u00e9e : Le Respect de Votre Flore Intime ! La force de ce produit r\u00e9side dans sa formulation unique et respectueuse. Ce gel intime est dot\u00e9 d&rsquo;un pH physiologique qui s&rsquo;aligne parfaitement sur celui de votre flore naturelle. Il nettoie en douceur sans perturber l\u2019\u00e9quilibre microbien, qui est votre meilleur bouclier contre les infections et les d\u00e9sagr\u00e9ments. C&rsquo;est le choix id\u00e9al pour un nettoyage quotidien sans risque.<br \/>\nSoulage les Irritations et Apporte une Fra\u00eecheur Durable : L&rsquo;un des atouts majeurs de ce gel est son action apaisante. Sa formule est con\u00e7ue pour soulager les irritations et les sensations d&rsquo;inconfort, tout en procurant une sensation de fra\u00eecheur durable. Fini les d\u00e9mangeaisons ou les tiraillements. Votre peau est apais\u00e9e, douce et confortable, pour que vous puissiez vaquer \u00e0 vos occupations en toute tranquillit\u00e9.<br \/>\nCon\u00e7u pour les Peaux les Plus Sensibles : Ce gel intime est une solution polyvalente, con\u00e7ue pour les peaux les plus sensibles ou sujettes aux d\u00e9s\u00e9quilibres. Sa texture l\u00e9g\u00e8re et sa formule sans ingr\u00e9dients agressifs ont \u00e9t\u00e9 test\u00e9es gyn\u00e9cologiquement pour garantir confort et protection. Vous pouvez l&rsquo;utiliser en toute confiance, sachant que vous offrez \u00e0 votre corps un soin doux et s\u00fbr.<br \/>\nUn Geste Simple pour une Protection Quotidienne : Avec son format pratique de 250ml, ce gel intime est votre alli\u00e9 pour une hygi\u00e8ne parfaite. Il s&rsquo;int\u00e8gre facilement \u00e0 votre routine de douche, offrant une sensation de propret\u00e9 et de fra\u00eecheur qui vous accompagne tout au long de la journ\u00e9e. C&rsquo;est le geste simple mais essentiel pour prendre soin de votre bien-\u00eatre intime.<br \/>\nAvec le DERMADOC Neutre Gel Intime, faites le choix d&rsquo;une hygi\u00e8ne parfaite qui respecte votre corps. Dites adieu aux irritations et \u00e0 la s\u00e9cheresse, et bonjour \u00e0 une sensation de fra\u00eecheur, de confort et de confiance au quotidien.<br \/>\nConseils d&rsquo;utilisation :<br \/>\nUtilisez le gel intime quotidiennement, lors de votre douche.<\/p>\n","protected":false},"excerpt":{"rendered":"<p>Dermadoc, expert en soins dermo-cosm\u00e9tiques, a formul\u00e9 ce gel intime pour une action compl\u00e8te et une efficacit\u00e9 prouv\u00e9e : Formule<\/p>\n","protected":false},"featured_media":36767,"comment_status":"open","ping_status":"closed","template":"","meta":[],"product_brand":[450],"product_cat":[642],"product_tag":[],"class_list":{"0":"post-36724","1":"product","2":"type-product","3":"status-publish","4":"has-post-thumbnail","6":"product_brand-dermadoc","7":"product_cat-hygiene-intime","9":"first","10":"instock","11":"sale","12":"shipping-taxable","13":"purchasable","14":"product-type-simple"},"yoast_head":"<!-- This site is optimized with the Yoast SEO plugin v26.6 - https:\/\/yoast.com\/wordpress\/plugins\/seo\/ -->\r\n<title>DERMADOC NEUTRE GEL INTIME 250ML - Paracherkaoui.ma<\/title>\r\n<meta name=\"robots\" content=\"index, follow, max-snippet:-1, max-image-preview:large, max-video-preview:-1\" \/>\r\n<link rel=\"canonical\" href=\"https:\/\/paracherkaoui.ma\/index.php\/produit\/dermadoc-neutre-gel-intime-250ml\/\" \/>\r\n<meta property=\"og:locale\" content=\"fr_FR\" \/>\r\n<meta property=\"og:type\" content=\"article\" \/>\r\n<meta property=\"og:title\" content=\"DERMADOC NEUTRE GEL INTIME 250ML - Paracherkaoui.ma\" \/>\r\n<meta property=\"og:description\" content=\"Dermadoc, expert en soins dermo-cosm\u00e9tiques, a formul\u00e9 ce gel intime pour une action compl\u00e8te et une efficacit\u00e9 prouv\u00e9e : Formule\" \/>\r\n<meta property=\"og:url\" content=\"https:\/\/paracherkaoui.ma\/index.php\/produit\/dermadoc-neutre-gel-intime-250ml\/\" \/>\r\n<meta property=\"og:site_name\" content=\"Paracherkaoui.ma\" \/>\r\n<meta property=\"article:modified_time\" content=\"2025-12-12T17:56:41+00:00\" \/>\r\n<meta property=\"og:image\" content=\"https:\/\/paracherkaoui.ma\/wp-content\/uploads\/2025\/12\/dermadoc-neutre-gel-intime-250ml.jpg\" \/>\r\n\t<meta property=\"og:image:width\" content=\"700\" \/>\r\n\t<meta property=\"og:image:height\" content=\"700\" \/>\r\n\t<meta property=\"og:image:type\" content=\"image\/jpeg\" \/>\r\n<meta name=\"twitter:card\" content=\"summary_large_image\" \/>\r\n<meta name=\"twitter:label1\" content=\"Dur\u00e9e de lecture estim\u00e9e\" \/>\n\t<meta name=\"twitter:data1\" content=\"2 minutes\" \/>\r\n<script type=\"application\/ld+json\" class=\"yoast-schema-graph\">{\"@context\":\"https:\/\/schema.org\",\"@graph\":[{\"@type\":\"WebPage\",\"@id\":\"https:\/\/paracherkaoui.ma\/index.php\/produit\/dermadoc-neutre-gel-intime-250ml\/\",\"url\":\"https:\/\/paracherkaoui.ma\/index.php\/produit\/dermadoc-neutre-gel-intime-250ml\/\",\"name\":\"DERMADOC NEUTRE GEL INTIME 250ML - Paracherkaoui.ma\",\"isPartOf\":{\"@id\":\"https:\/\/paracherkaoui.ma\/#website\"},\"primaryImageOfPage\":{\"@id\":\"https:\/\/paracherkaoui.ma\/index.php\/produit\/dermadoc-neutre-gel-intime-250ml\/#primaryimage\"},\"image\":{\"@id\":\"https:\/\/paracherkaoui.ma\/index.php\/produit\/dermadoc-neutre-gel-intime-250ml\/#primaryimage\"},\"thumbnailUrl\":\"https:\/\/paracherkaoui.ma\/wp-content\/uploads\/2025\/12\/dermadoc-neutre-gel-intime-250ml.jpg\",\"datePublished\":\"2025-12-12T17:56:37+00:00\",\"dateModified\":\"2025-12-12T17:56:41+00:00\",\"breadcrumb\":{\"@id\":\"https:\/\/paracherkaoui.ma\/index.php\/produit\/dermadoc-neutre-gel-intime-250ml\/#breadcrumb\"},\"inLanguage\":\"fr-FR\",\"potentialAction\":[{\"@type\":\"ReadAction\",\"target\":[\"https:\/\/paracherkaoui.ma\/index.php\/produit\/dermadoc-neutre-gel-intime-250ml\/\"]}]},{\"@type\":\"ImageObject\",\"inLanguage\":\"fr-FR\",\"@id\":\"https:\/\/paracherkaoui.ma\/index.php\/produit\/dermadoc-neutre-gel-intime-250ml\/#primaryimage\",\"url\":\"https:\/\/paracherkaoui.ma\/wp-content\/uploads\/2025\/12\/dermadoc-neutre-gel-intime-250ml.jpg\",\"contentUrl\":\"https:\/\/paracherkaoui.ma\/wp-content\/uploads\/2025\/12\/dermadoc-neutre-gel-intime-250ml.jpg\",\"width\":700,\"height\":700},{\"@type\":\"BreadcrumbList\",\"@id\":\"https:\/\/paracherkaoui.ma\/index.php\/produit\/dermadoc-neutre-gel-intime-250ml\/#breadcrumb\",\"itemListElement\":[{\"@type\":\"ListItem\",\"position\":1,\"name\":\"Accueil\",\"item\":\"https:\/\/paracherkaoui.ma\/\"},{\"@type\":\"ListItem\",\"position\":2,\"name\":\"Boutique\",\"item\":\"https:\/\/paracherkaoui.ma\/index.php\/boutique\/\"},{\"@type\":\"ListItem\",\"position\":3,\"name\":\"DERMADOC NEUTRE GEL INTIME 250ML\"}]},{\"@type\":\"WebSite\",\"@id\":\"https:\/\/paracherkaoui.ma\/#website\",\"url\":\"https:\/\/paracherkaoui.ma\/\",\"name\":\"Paracherkaoui.ma\",\"description\":\"Achetez en ligne sur Paracherkaoui.ma\",\"potentialAction\":[{\"@type\":\"SearchAction\",\"target\":{\"@type\":\"EntryPoint\",\"urlTemplate\":\"https:\/\/paracherkaoui.ma\/?s={search_term_string}\"},\"query-input\":{\"@type\":\"PropertyValueSpecification\",\"valueRequired\":true,\"valueName\":\"search_term_string\"}}],\"inLanguage\":\"fr-FR\"}]}<\/script>\r\n<!-- \/ Yoast SEO plugin. -->","yoast_head_json":{"title":"DERMADOC NEUTRE GEL INTIME 250ML - Paracherkaoui.ma","robots":{"index":"index","follow":"follow","max-snippet":"max-snippet:-1","max-image-preview":"max-image-preview:large","max-video-preview":"max-video-preview:-1"},"canonical":"https:\/\/paracherkaoui.ma\/index.php\/produit\/dermadoc-neutre-gel-intime-250ml\/","og_locale":"fr_FR","og_type":"article","og_title":"DERMADOC NEUTRE GEL INTIME 250ML - Paracherkaoui.ma","og_description":"Dermadoc, expert en soins dermo-cosm\u00e9tiques, a formul\u00e9 ce gel intime pour une action compl\u00e8te et une efficacit\u00e9 prouv\u00e9e : Formule","og_url":"https:\/\/paracherkaoui.ma\/index.php\/produit\/dermadoc-neutre-gel-intime-250ml\/","og_site_name":"Paracherkaoui.ma","article_modified_time":"2025-12-12T17:56:41+00:00","og_image":[{"width":700,"height":700,"url":"https:\/\/paracherkaoui.ma\/wp-content\/uploads\/2025\/12\/dermadoc-neutre-gel-intime-250ml.jpg","type":"image\/jpeg"}],"twitter_card":"summary_large_image","twitter_misc":{"Dur\u00e9e de lecture estim\u00e9e":"2 minutes"},"schema":{"@context":"https:\/\/schema.org","@graph":[{"@type":"WebPage","@id":"https:\/\/paracherkaoui.ma\/index.php\/produit\/dermadoc-neutre-gel-intime-250ml\/","url":"https:\/\/paracherkaoui.ma\/index.php\/produit\/dermadoc-neutre-gel-intime-250ml\/","name":"DERMADOC NEUTRE GEL INTIME 250ML - Paracherkaoui.ma","isPartOf":{"@id":"https:\/\/paracherkaoui.ma\/#website"},"primaryImageOfPage":{"@id":"https:\/\/paracherkaoui.ma\/index.php\/produit\/dermadoc-neutre-gel-intime-250ml\/#primaryimage"},"image":{"@id":"https:\/\/paracherkaoui.ma\/index.php\/produit\/dermadoc-neutre-gel-intime-250ml\/#primaryimage"},"thumbnailUrl":"https:\/\/paracherkaoui.ma\/wp-content\/uploads\/2025\/12\/dermadoc-neutre-gel-intime-250ml.jpg","datePublished":"2025-12-12T17:56:37+00:00","dateModified":"2025-12-12T17:56:41+00:00","breadcrumb":{"@id":"https:\/\/paracherkaoui.ma\/index.php\/produit\/dermadoc-neutre-gel-intime-250ml\/#breadcrumb"},"inLanguage":"fr-FR","potentialAction":[{"@type":"ReadAction","target":["https:\/\/paracherkaoui.ma\/index.php\/produit\/dermadoc-neutre-gel-intime-250ml\/"]}]},{"@type":"ImageObject","inLanguage":"fr-FR","@id":"https:\/\/paracherkaoui.ma\/index.php\/produit\/dermadoc-neutre-gel-intime-250ml\/#primaryimage","url":"https:\/\/paracherkaoui.ma\/wp-content\/uploads\/2025\/12\/dermadoc-neutre-gel-intime-250ml.jpg","contentUrl":"https:\/\/paracherkaoui.ma\/wp-content\/uploads\/2025\/12\/dermadoc-neutre-gel-intime-250ml.jpg","width":700,"height":700},{"@type":"BreadcrumbList","@id":"https:\/\/paracherkaoui.ma\/index.php\/produit\/dermadoc-neutre-gel-intime-250ml\/#breadcrumb","itemListElement":[{"@type":"ListItem","position":1,"name":"Accueil","item":"https:\/\/paracherkaoui.ma\/"},{"@type":"ListItem","position":2,"name":"Boutique","item":"https:\/\/paracherkaoui.ma\/index.php\/boutique\/"},{"@type":"ListItem","position":3,"name":"DERMADOC NEUTRE GEL INTIME 250ML"}]},{"@type":"WebSite","@id":"https:\/\/paracherkaoui.ma\/#website","url":"https:\/\/paracherkaoui.ma\/","name":"Paracherkaoui.ma","description":"Achetez en ligne sur Paracherkaoui.ma","potentialAction":[{"@type":"SearchAction","target":{"@type":"EntryPoint","urlTemplate":"https:\/\/paracherkaoui.ma\/?s={search_term_string}"},"query-input":{"@type":"PropertyValueSpecification","valueRequired":true,"valueName":"search_term_string"}}],"inLanguage":"fr-FR"}]}},"_links":{"self":[{"href":"https:\/\/paracherkaoui.ma\/index.php\/wp-json\/wp\/v2\/product\/36724","targetHints":{"allow":["GET"]}}],"collection":[{"href":"https:\/\/paracherkaoui.ma\/index.php\/wp-json\/wp\/v2\/product"}],"about":[{"href":"https:\/\/paracherkaoui.ma\/index.php\/wp-json\/wp\/v2\/types\/product"}],"replies":[{"embeddable":true,"href":"https:\/\/paracherkaoui.ma\/index.php\/wp-json\/wp\/v2\/comments?post=36724"}],"version-history":[{"count":1,"href":"https:\/\/paracherkaoui.ma\/index.php\/wp-json\/wp\/v2\/product\/36724\/revisions"}],"predecessor-version":[{"id":36768,"href":"https:\/\/paracherkaoui.ma\/index.php\/wp-json\/wp\/v2\/product\/36724\/revisions\/36768"}],"wp:featuredmedia":[{"embeddable":true,"href":"https:\/\/paracherkaoui.ma\/index.php\/wp-json\/wp\/v2\/media\/36767"}],"wp:attachment":[{"href":"https:\/\/paracherkaoui.ma\/index.php\/wp-json\/wp\/v2\/media?parent=36724"}],"wp:term":[{"taxonomy":"product_brand","embeddable":true,"href":"https:\/\/paracherkaoui.ma\/index.php\/wp-json\/wp\/v2\/product_brand?post=36724"},{"taxonomy":"product_cat","embeddable":true,"href":"https:\/\/paracherkaoui.ma\/index.php\/wp-json\/wp\/v2\/product_cat?post=36724"},{"taxonomy":"product_tag","embeddable":true,"href":"https:\/\/paracherkaoui.ma\/index.php\/wp-json\/wp\/v2\/product_tag?post=36724"}],"curies":[{"name":"wp","href":"https:\/\/api.w.org\/{rel}","templated":true}]}}