{"id":36721,"date":"2025-12-12T18:56:36","date_gmt":"2025-12-12T17:56:36","guid":{"rendered":"https:\/\/test.ecbeaute.com\/?post_type=product&#038;p=36721"},"modified":"2025-12-12T18:56:40","modified_gmt":"2025-12-12T17:56:40","slug":"camomilla-blu-bio-organic-eco-bio-5-5-ph-300-ml","status":"publish","type":"product","link":"https:\/\/paracherkaoui.ma\/index.php\/produit\/camomilla-blu-bio-organic-eco-bio-5-5-ph-300-ml\/","title":{"rendered":"CAMOMILLA BLU BIO ORGANIC ECO BIO 5.5 PH 300 ML"},"content":{"rendered":"<p>Nettoyant intime \u00e9co-bio id\u00e9al pour une hygi\u00e8ne quotidienne d\u00e9licate adapt\u00e9e \u00e0 toute la famille. Contient de l&rsquo;aloe vera et des extraits enzymatiques de riz et de camomille issus de l&rsquo;agriculture biologique. Formul\u00e9 \u00e0 pH 5,5, il forme une mousse l\u00e9g\u00e8re et laisse une agr\u00e9able sensation de fra\u00eecheur sur la peau. Lutte contre les irritations et le dess\u00e8chement de la peau.<\/p>\n","protected":false},"excerpt":{"rendered":"<p>Nettoyant intime \u00e9co-bio id\u00e9al pour une hygi\u00e8ne quotidienne d\u00e9licate adapt\u00e9e \u00e0 toute la famille. Contient de l&rsquo;aloe vera et des<\/p>\n","protected":false},"featured_media":36761,"comment_status":"open","ping_status":"closed","template":"","meta":[],"product_brand":[239],"product_cat":[642],"product_tag":[],"class_list":{"0":"post-36721","1":"product","2":"type-product","3":"status-publish","4":"has-post-thumbnail","6":"product_brand-camomilla-blu","7":"product_cat-hygiene-intime","9":"first","10":"instock","11":"sale","12":"shipping-taxable","13":"purchasable","14":"product-type-simple"},"yoast_head":"<!-- This site is optimized with the Yoast SEO plugin v26.6 - https:\/\/yoast.com\/wordpress\/plugins\/seo\/ -->\r\n<title>CAMOMILLA BLU BIO ORGANIC ECO BIO 5.5 PH 300 ML - Paracherkaoui.ma<\/title>\r\n<meta name=\"robots\" content=\"index, follow, max-snippet:-1, max-image-preview:large, max-video-preview:-1\" \/>\r\n<link rel=\"canonical\" href=\"https:\/\/paracherkaoui.ma\/index.php\/produit\/camomilla-blu-bio-organic-eco-bio-5-5-ph-300-ml\/\" \/>\r\n<meta property=\"og:locale\" content=\"fr_FR\" \/>\r\n<meta property=\"og:type\" content=\"article\" \/>\r\n<meta property=\"og:title\" content=\"CAMOMILLA BLU BIO ORGANIC ECO BIO 5.5 PH 300 ML - Paracherkaoui.ma\" \/>\r\n<meta property=\"og:description\" content=\"Nettoyant intime \u00e9co-bio id\u00e9al pour une hygi\u00e8ne quotidienne d\u00e9licate adapt\u00e9e \u00e0 toute la famille. Contient de l&rsquo;aloe vera et des\" \/>\r\n<meta property=\"og:url\" content=\"https:\/\/paracherkaoui.ma\/index.php\/produit\/camomilla-blu-bio-organic-eco-bio-5-5-ph-300-ml\/\" \/>\r\n<meta property=\"og:site_name\" content=\"Paracherkaoui.ma\" \/>\r\n<meta property=\"article:modified_time\" content=\"2025-12-12T17:56:40+00:00\" \/>\r\n<meta property=\"og:image\" content=\"https:\/\/paracherkaoui.ma\/wp-content\/uploads\/2025\/12\/camomilla-blu-camomilla-blu-bio-organic-eco-bio-55-ph-300-ml-protections-hygieniques-et-toilette-intime.jpg\" \/>\r\n\t<meta property=\"og:image:width\" content=\"700\" \/>\r\n\t<meta property=\"og:image:height\" content=\"700\" \/>\r\n\t<meta property=\"og:image:type\" content=\"image\/jpeg\" \/>\r\n<meta name=\"twitter:card\" content=\"summary_large_image\" \/>\r\n<script type=\"application\/ld+json\" class=\"yoast-schema-graph\">{\"@context\":\"https:\/\/schema.org\",\"@graph\":[{\"@type\":\"WebPage\",\"@id\":\"https:\/\/paracherkaoui.ma\/index.php\/produit\/camomilla-blu-bio-organic-eco-bio-5-5-ph-300-ml\/\",\"url\":\"https:\/\/paracherkaoui.ma\/index.php\/produit\/camomilla-blu-bio-organic-eco-bio-5-5-ph-300-ml\/\",\"name\":\"CAMOMILLA BLU BIO ORGANIC ECO BIO 5.5 PH 300 ML - Paracherkaoui.ma\",\"isPartOf\":{\"@id\":\"https:\/\/paracherkaoui.ma\/#website\"},\"primaryImageOfPage\":{\"@id\":\"https:\/\/paracherkaoui.ma\/index.php\/produit\/camomilla-blu-bio-organic-eco-bio-5-5-ph-300-ml\/#primaryimage\"},\"image\":{\"@id\":\"https:\/\/paracherkaoui.ma\/index.php\/produit\/camomilla-blu-bio-organic-eco-bio-5-5-ph-300-ml\/#primaryimage\"},\"thumbnailUrl\":\"https:\/\/paracherkaoui.ma\/wp-content\/uploads\/2025\/12\/camomilla-blu-camomilla-blu-bio-organic-eco-bio-55-ph-300-ml-protections-hygieniques-et-toilette-intime.jpg\",\"datePublished\":\"2025-12-12T17:56:36+00:00\",\"dateModified\":\"2025-12-12T17:56:40+00:00\",\"breadcrumb\":{\"@id\":\"https:\/\/paracherkaoui.ma\/index.php\/produit\/camomilla-blu-bio-organic-eco-bio-5-5-ph-300-ml\/#breadcrumb\"},\"inLanguage\":\"fr-FR\",\"potentialAction\":[{\"@type\":\"ReadAction\",\"target\":[\"https:\/\/paracherkaoui.ma\/index.php\/produit\/camomilla-blu-bio-organic-eco-bio-5-5-ph-300-ml\/\"]}]},{\"@type\":\"ImageObject\",\"inLanguage\":\"fr-FR\",\"@id\":\"https:\/\/paracherkaoui.ma\/index.php\/produit\/camomilla-blu-bio-organic-eco-bio-5-5-ph-300-ml\/#primaryimage\",\"url\":\"https:\/\/paracherkaoui.ma\/wp-content\/uploads\/2025\/12\/camomilla-blu-camomilla-blu-bio-organic-eco-bio-55-ph-300-ml-protections-hygieniques-et-toilette-intime.jpg\",\"contentUrl\":\"https:\/\/paracherkaoui.ma\/wp-content\/uploads\/2025\/12\/camomilla-blu-camomilla-blu-bio-organic-eco-bio-55-ph-300-ml-protections-hygieniques-et-toilette-intime.jpg\",\"width\":700,\"height\":700},{\"@type\":\"BreadcrumbList\",\"@id\":\"https:\/\/paracherkaoui.ma\/index.php\/produit\/camomilla-blu-bio-organic-eco-bio-5-5-ph-300-ml\/#breadcrumb\",\"itemListElement\":[{\"@type\":\"ListItem\",\"position\":1,\"name\":\"Accueil\",\"item\":\"https:\/\/paracherkaoui.ma\/\"},{\"@type\":\"ListItem\",\"position\":2,\"name\":\"Boutique\",\"item\":\"https:\/\/paracherkaoui.ma\/index.php\/boutique\/\"},{\"@type\":\"ListItem\",\"position\":3,\"name\":\"CAMOMILLA BLU BIO ORGANIC ECO BIO 5.5 PH 300 ML\"}]},{\"@type\":\"WebSite\",\"@id\":\"https:\/\/paracherkaoui.ma\/#website\",\"url\":\"https:\/\/paracherkaoui.ma\/\",\"name\":\"Paracherkaoui.ma\",\"description\":\"Achetez en ligne sur Paracherkaoui.ma\",\"potentialAction\":[{\"@type\":\"SearchAction\",\"target\":{\"@type\":\"EntryPoint\",\"urlTemplate\":\"https:\/\/paracherkaoui.ma\/?s={search_term_string}\"},\"query-input\":{\"@type\":\"PropertyValueSpecification\",\"valueRequired\":true,\"valueName\":\"search_term_string\"}}],\"inLanguage\":\"fr-FR\"}]}<\/script>\r\n<!-- \/ Yoast SEO plugin. -->","yoast_head_json":{"title":"CAMOMILLA BLU BIO ORGANIC ECO BIO 5.5 PH 300 ML - Paracherkaoui.ma","robots":{"index":"index","follow":"follow","max-snippet":"max-snippet:-1","max-image-preview":"max-image-preview:large","max-video-preview":"max-video-preview:-1"},"canonical":"https:\/\/paracherkaoui.ma\/index.php\/produit\/camomilla-blu-bio-organic-eco-bio-5-5-ph-300-ml\/","og_locale":"fr_FR","og_type":"article","og_title":"CAMOMILLA BLU BIO ORGANIC ECO BIO 5.5 PH 300 ML - Paracherkaoui.ma","og_description":"Nettoyant intime \u00e9co-bio id\u00e9al pour une hygi\u00e8ne quotidienne d\u00e9licate adapt\u00e9e \u00e0 toute la famille. Contient de l&rsquo;aloe vera et des","og_url":"https:\/\/paracherkaoui.ma\/index.php\/produit\/camomilla-blu-bio-organic-eco-bio-5-5-ph-300-ml\/","og_site_name":"Paracherkaoui.ma","article_modified_time":"2025-12-12T17:56:40+00:00","og_image":[{"width":700,"height":700,"url":"https:\/\/paracherkaoui.ma\/wp-content\/uploads\/2025\/12\/camomilla-blu-camomilla-blu-bio-organic-eco-bio-55-ph-300-ml-protections-hygieniques-et-toilette-intime.jpg","type":"image\/jpeg"}],"twitter_card":"summary_large_image","schema":{"@context":"https:\/\/schema.org","@graph":[{"@type":"WebPage","@id":"https:\/\/paracherkaoui.ma\/index.php\/produit\/camomilla-blu-bio-organic-eco-bio-5-5-ph-300-ml\/","url":"https:\/\/paracherkaoui.ma\/index.php\/produit\/camomilla-blu-bio-organic-eco-bio-5-5-ph-300-ml\/","name":"CAMOMILLA BLU BIO ORGANIC ECO BIO 5.5 PH 300 ML - Paracherkaoui.ma","isPartOf":{"@id":"https:\/\/paracherkaoui.ma\/#website"},"primaryImageOfPage":{"@id":"https:\/\/paracherkaoui.ma\/index.php\/produit\/camomilla-blu-bio-organic-eco-bio-5-5-ph-300-ml\/#primaryimage"},"image":{"@id":"https:\/\/paracherkaoui.ma\/index.php\/produit\/camomilla-blu-bio-organic-eco-bio-5-5-ph-300-ml\/#primaryimage"},"thumbnailUrl":"https:\/\/paracherkaoui.ma\/wp-content\/uploads\/2025\/12\/camomilla-blu-camomilla-blu-bio-organic-eco-bio-55-ph-300-ml-protections-hygieniques-et-toilette-intime.jpg","datePublished":"2025-12-12T17:56:36+00:00","dateModified":"2025-12-12T17:56:40+00:00","breadcrumb":{"@id":"https:\/\/paracherkaoui.ma\/index.php\/produit\/camomilla-blu-bio-organic-eco-bio-5-5-ph-300-ml\/#breadcrumb"},"inLanguage":"fr-FR","potentialAction":[{"@type":"ReadAction","target":["https:\/\/paracherkaoui.ma\/index.php\/produit\/camomilla-blu-bio-organic-eco-bio-5-5-ph-300-ml\/"]}]},{"@type":"ImageObject","inLanguage":"fr-FR","@id":"https:\/\/paracherkaoui.ma\/index.php\/produit\/camomilla-blu-bio-organic-eco-bio-5-5-ph-300-ml\/#primaryimage","url":"https:\/\/paracherkaoui.ma\/wp-content\/uploads\/2025\/12\/camomilla-blu-camomilla-blu-bio-organic-eco-bio-55-ph-300-ml-protections-hygieniques-et-toilette-intime.jpg","contentUrl":"https:\/\/paracherkaoui.ma\/wp-content\/uploads\/2025\/12\/camomilla-blu-camomilla-blu-bio-organic-eco-bio-55-ph-300-ml-protections-hygieniques-et-toilette-intime.jpg","width":700,"height":700},{"@type":"BreadcrumbList","@id":"https:\/\/paracherkaoui.ma\/index.php\/produit\/camomilla-blu-bio-organic-eco-bio-5-5-ph-300-ml\/#breadcrumb","itemListElement":[{"@type":"ListItem","position":1,"name":"Accueil","item":"https:\/\/paracherkaoui.ma\/"},{"@type":"ListItem","position":2,"name":"Boutique","item":"https:\/\/paracherkaoui.ma\/index.php\/boutique\/"},{"@type":"ListItem","position":3,"name":"CAMOMILLA BLU BIO ORGANIC ECO BIO 5.5 PH 300 ML"}]},{"@type":"WebSite","@id":"https:\/\/paracherkaoui.ma\/#website","url":"https:\/\/paracherkaoui.ma\/","name":"Paracherkaoui.ma","description":"Achetez en ligne sur Paracherkaoui.ma","potentialAction":[{"@type":"SearchAction","target":{"@type":"EntryPoint","urlTemplate":"https:\/\/paracherkaoui.ma\/?s={search_term_string}"},"query-input":{"@type":"PropertyValueSpecification","valueRequired":true,"valueName":"search_term_string"}}],"inLanguage":"fr-FR"}]}},"_links":{"self":[{"href":"https:\/\/paracherkaoui.ma\/index.php\/wp-json\/wp\/v2\/product\/36721","targetHints":{"allow":["GET"]}}],"collection":[{"href":"https:\/\/paracherkaoui.ma\/index.php\/wp-json\/wp\/v2\/product"}],"about":[{"href":"https:\/\/paracherkaoui.ma\/index.php\/wp-json\/wp\/v2\/types\/product"}],"replies":[{"embeddable":true,"href":"https:\/\/paracherkaoui.ma\/index.php\/wp-json\/wp\/v2\/comments?post=36721"}],"version-history":[{"count":1,"href":"https:\/\/paracherkaoui.ma\/index.php\/wp-json\/wp\/v2\/product\/36721\/revisions"}],"predecessor-version":[{"id":36762,"href":"https:\/\/paracherkaoui.ma\/index.php\/wp-json\/wp\/v2\/product\/36721\/revisions\/36762"}],"wp:featuredmedia":[{"embeddable":true,"href":"https:\/\/paracherkaoui.ma\/index.php\/wp-json\/wp\/v2\/media\/36761"}],"wp:attachment":[{"href":"https:\/\/paracherkaoui.ma\/index.php\/wp-json\/wp\/v2\/media?parent=36721"}],"wp:term":[{"taxonomy":"product_brand","embeddable":true,"href":"https:\/\/paracherkaoui.ma\/index.php\/wp-json\/wp\/v2\/product_brand?post=36721"},{"taxonomy":"product_cat","embeddable":true,"href":"https:\/\/paracherkaoui.ma\/index.php\/wp-json\/wp\/v2\/product_cat?post=36721"},{"taxonomy":"product_tag","embeddable":true,"href":"https:\/\/paracherkaoui.ma\/index.php\/wp-json\/wp\/v2\/product_tag?post=36721"}],"curies":[{"name":"wp","href":"https:\/\/api.w.org\/{rel}","templated":true}]}}