{"id":36647,"date":"2025-12-12T18:56:28","date_gmt":"2025-12-12T17:56:28","guid":{"rendered":"https:\/\/test.ecbeaute.com\/?post_type=product&#038;p=36647"},"modified":"2025-12-12T18:56:35","modified_gmt":"2025-12-12T17:56:35","slug":"cumlaude-intime-clx-mousse-200-ml","status":"publish","type":"product","link":"https:\/\/paracherkaoui.ma\/index.php\/produit\/cumlaude-intime-clx-mousse-200-ml\/","title":{"rendered":"CUMLAUDE INTIME CLX MOUSSE 200 ML"},"content":{"rendered":"<p>Description:<br \/>\nAvec un pH physiologique vulvaire (5,5) pour nettoyer en douceur la zone intime en respectant l\u2019\u00e9quilibre de surface de la peau et des muqueuses. Convient en cas de d\u00e9veloppement excessif de la flore microbienne locale, de grossesse, de post-partum, de menstruations, etc. Sa texture\u00a0mousse\u00a0permet une application en douceur, sans frottement ni inconfort dans la zone intime. Test\u00e9 cliniquement, dermatologiquement et microbiologiquement.Indiqu\u00e9 dans les \u00e9tats infectieux et\/ou inflammatoires de la zone vulvaire et vaginale. Surtout en cas d\u2019\u00e9pisiotomie, pendant le cycle menstruel ou apr\u00e8s un rapport sexuel.<\/p>\n","protected":false},"excerpt":{"rendered":"<p>Description: Avec un pH physiologique vulvaire (5,5) pour nettoyer en douceur la zone intime en respectant l\u2019\u00e9quilibre de surface de<\/p>\n","protected":false},"featured_media":36702,"comment_status":"open","ping_status":"closed","template":"","meta":[],"product_brand":[637],"product_cat":[642],"product_tag":[],"class_list":{"0":"post-36647","1":"product","2":"type-product","3":"status-publish","4":"has-post-thumbnail","6":"product_brand-cumlaude","7":"product_cat-hygiene-intime","9":"first","10":"instock","11":"sale","12":"shipping-taxable","13":"purchasable","14":"product-type-simple"},"yoast_head":"<!-- This site is optimized with the Yoast SEO plugin v26.6 - https:\/\/yoast.com\/wordpress\/plugins\/seo\/ -->\r\n<title>CUMLAUDE INTIME CLX MOUSSE 200 ML - Paracherkaoui.ma<\/title>\r\n<meta name=\"robots\" content=\"index, follow, max-snippet:-1, max-image-preview:large, max-video-preview:-1\" \/>\r\n<link rel=\"canonical\" href=\"https:\/\/paracherkaoui.ma\/index.php\/produit\/cumlaude-intime-clx-mousse-200-ml\/\" \/>\r\n<meta property=\"og:locale\" content=\"fr_FR\" \/>\r\n<meta property=\"og:type\" content=\"article\" \/>\r\n<meta property=\"og:title\" content=\"CUMLAUDE INTIME CLX MOUSSE 200 ML - Paracherkaoui.ma\" \/>\r\n<meta property=\"og:description\" content=\"Description: Avec un pH physiologique vulvaire (5,5) pour nettoyer en douceur la zone intime en respectant l\u2019\u00e9quilibre de surface de\" \/>\r\n<meta property=\"og:url\" content=\"https:\/\/paracherkaoui.ma\/index.php\/produit\/cumlaude-intime-clx-mousse-200-ml\/\" \/>\r\n<meta property=\"og:site_name\" content=\"Paracherkaoui.ma\" \/>\r\n<meta property=\"article:modified_time\" content=\"2025-12-12T17:56:35+00:00\" \/>\r\n<meta property=\"og:image\" content=\"https:\/\/paracherkaoui.ma\/wp-content\/uploads\/2025\/12\/cumlaude-intime-clx-mousse-200-ml.jpg\" \/>\r\n\t<meta property=\"og:image:width\" content=\"700\" \/>\r\n\t<meta property=\"og:image:height\" content=\"700\" \/>\r\n\t<meta property=\"og:image:type\" content=\"image\/jpeg\" \/>\r\n<meta name=\"twitter:card\" content=\"summary_large_image\" \/>\r\n<script type=\"application\/ld+json\" class=\"yoast-schema-graph\">{\"@context\":\"https:\/\/schema.org\",\"@graph\":[{\"@type\":\"WebPage\",\"@id\":\"https:\/\/paracherkaoui.ma\/index.php\/produit\/cumlaude-intime-clx-mousse-200-ml\/\",\"url\":\"https:\/\/paracherkaoui.ma\/index.php\/produit\/cumlaude-intime-clx-mousse-200-ml\/\",\"name\":\"CUMLAUDE INTIME CLX MOUSSE 200 ML - Paracherkaoui.ma\",\"isPartOf\":{\"@id\":\"https:\/\/paracherkaoui.ma\/#website\"},\"primaryImageOfPage\":{\"@id\":\"https:\/\/paracherkaoui.ma\/index.php\/produit\/cumlaude-intime-clx-mousse-200-ml\/#primaryimage\"},\"image\":{\"@id\":\"https:\/\/paracherkaoui.ma\/index.php\/produit\/cumlaude-intime-clx-mousse-200-ml\/#primaryimage\"},\"thumbnailUrl\":\"https:\/\/paracherkaoui.ma\/wp-content\/uploads\/2025\/12\/cumlaude-intime-clx-mousse-200-ml.jpg\",\"datePublished\":\"2025-12-12T17:56:28+00:00\",\"dateModified\":\"2025-12-12T17:56:35+00:00\",\"breadcrumb\":{\"@id\":\"https:\/\/paracherkaoui.ma\/index.php\/produit\/cumlaude-intime-clx-mousse-200-ml\/#breadcrumb\"},\"inLanguage\":\"fr-FR\",\"potentialAction\":[{\"@type\":\"ReadAction\",\"target\":[\"https:\/\/paracherkaoui.ma\/index.php\/produit\/cumlaude-intime-clx-mousse-200-ml\/\"]}]},{\"@type\":\"ImageObject\",\"inLanguage\":\"fr-FR\",\"@id\":\"https:\/\/paracherkaoui.ma\/index.php\/produit\/cumlaude-intime-clx-mousse-200-ml\/#primaryimage\",\"url\":\"https:\/\/paracherkaoui.ma\/wp-content\/uploads\/2025\/12\/cumlaude-intime-clx-mousse-200-ml.jpg\",\"contentUrl\":\"https:\/\/paracherkaoui.ma\/wp-content\/uploads\/2025\/12\/cumlaude-intime-clx-mousse-200-ml.jpg\",\"width\":700,\"height\":700},{\"@type\":\"BreadcrumbList\",\"@id\":\"https:\/\/paracherkaoui.ma\/index.php\/produit\/cumlaude-intime-clx-mousse-200-ml\/#breadcrumb\",\"itemListElement\":[{\"@type\":\"ListItem\",\"position\":1,\"name\":\"Accueil\",\"item\":\"https:\/\/paracherkaoui.ma\/\"},{\"@type\":\"ListItem\",\"position\":2,\"name\":\"Boutique\",\"item\":\"https:\/\/paracherkaoui.ma\/index.php\/boutique\/\"},{\"@type\":\"ListItem\",\"position\":3,\"name\":\"CUMLAUDE INTIME CLX MOUSSE 200 ML\"}]},{\"@type\":\"WebSite\",\"@id\":\"https:\/\/paracherkaoui.ma\/#website\",\"url\":\"https:\/\/paracherkaoui.ma\/\",\"name\":\"Paracherkaoui.ma\",\"description\":\"Achetez en ligne sur Paracherkaoui.ma\",\"potentialAction\":[{\"@type\":\"SearchAction\",\"target\":{\"@type\":\"EntryPoint\",\"urlTemplate\":\"https:\/\/paracherkaoui.ma\/?s={search_term_string}\"},\"query-input\":{\"@type\":\"PropertyValueSpecification\",\"valueRequired\":true,\"valueName\":\"search_term_string\"}}],\"inLanguage\":\"fr-FR\"}]}<\/script>\r\n<!-- \/ Yoast SEO plugin. -->","yoast_head_json":{"title":"CUMLAUDE INTIME CLX MOUSSE 200 ML - Paracherkaoui.ma","robots":{"index":"index","follow":"follow","max-snippet":"max-snippet:-1","max-image-preview":"max-image-preview:large","max-video-preview":"max-video-preview:-1"},"canonical":"https:\/\/paracherkaoui.ma\/index.php\/produit\/cumlaude-intime-clx-mousse-200-ml\/","og_locale":"fr_FR","og_type":"article","og_title":"CUMLAUDE INTIME CLX MOUSSE 200 ML - Paracherkaoui.ma","og_description":"Description: Avec un pH physiologique vulvaire (5,5) pour nettoyer en douceur la zone intime en respectant l\u2019\u00e9quilibre de surface de","og_url":"https:\/\/paracherkaoui.ma\/index.php\/produit\/cumlaude-intime-clx-mousse-200-ml\/","og_site_name":"Paracherkaoui.ma","article_modified_time":"2025-12-12T17:56:35+00:00","og_image":[{"width":700,"height":700,"url":"https:\/\/paracherkaoui.ma\/wp-content\/uploads\/2025\/12\/cumlaude-intime-clx-mousse-200-ml.jpg","type":"image\/jpeg"}],"twitter_card":"summary_large_image","schema":{"@context":"https:\/\/schema.org","@graph":[{"@type":"WebPage","@id":"https:\/\/paracherkaoui.ma\/index.php\/produit\/cumlaude-intime-clx-mousse-200-ml\/","url":"https:\/\/paracherkaoui.ma\/index.php\/produit\/cumlaude-intime-clx-mousse-200-ml\/","name":"CUMLAUDE INTIME CLX MOUSSE 200 ML - Paracherkaoui.ma","isPartOf":{"@id":"https:\/\/paracherkaoui.ma\/#website"},"primaryImageOfPage":{"@id":"https:\/\/paracherkaoui.ma\/index.php\/produit\/cumlaude-intime-clx-mousse-200-ml\/#primaryimage"},"image":{"@id":"https:\/\/paracherkaoui.ma\/index.php\/produit\/cumlaude-intime-clx-mousse-200-ml\/#primaryimage"},"thumbnailUrl":"https:\/\/paracherkaoui.ma\/wp-content\/uploads\/2025\/12\/cumlaude-intime-clx-mousse-200-ml.jpg","datePublished":"2025-12-12T17:56:28+00:00","dateModified":"2025-12-12T17:56:35+00:00","breadcrumb":{"@id":"https:\/\/paracherkaoui.ma\/index.php\/produit\/cumlaude-intime-clx-mousse-200-ml\/#breadcrumb"},"inLanguage":"fr-FR","potentialAction":[{"@type":"ReadAction","target":["https:\/\/paracherkaoui.ma\/index.php\/produit\/cumlaude-intime-clx-mousse-200-ml\/"]}]},{"@type":"ImageObject","inLanguage":"fr-FR","@id":"https:\/\/paracherkaoui.ma\/index.php\/produit\/cumlaude-intime-clx-mousse-200-ml\/#primaryimage","url":"https:\/\/paracherkaoui.ma\/wp-content\/uploads\/2025\/12\/cumlaude-intime-clx-mousse-200-ml.jpg","contentUrl":"https:\/\/paracherkaoui.ma\/wp-content\/uploads\/2025\/12\/cumlaude-intime-clx-mousse-200-ml.jpg","width":700,"height":700},{"@type":"BreadcrumbList","@id":"https:\/\/paracherkaoui.ma\/index.php\/produit\/cumlaude-intime-clx-mousse-200-ml\/#breadcrumb","itemListElement":[{"@type":"ListItem","position":1,"name":"Accueil","item":"https:\/\/paracherkaoui.ma\/"},{"@type":"ListItem","position":2,"name":"Boutique","item":"https:\/\/paracherkaoui.ma\/index.php\/boutique\/"},{"@type":"ListItem","position":3,"name":"CUMLAUDE INTIME CLX MOUSSE 200 ML"}]},{"@type":"WebSite","@id":"https:\/\/paracherkaoui.ma\/#website","url":"https:\/\/paracherkaoui.ma\/","name":"Paracherkaoui.ma","description":"Achetez en ligne sur Paracherkaoui.ma","potentialAction":[{"@type":"SearchAction","target":{"@type":"EntryPoint","urlTemplate":"https:\/\/paracherkaoui.ma\/?s={search_term_string}"},"query-input":{"@type":"PropertyValueSpecification","valueRequired":true,"valueName":"search_term_string"}}],"inLanguage":"fr-FR"}]}},"_links":{"self":[{"href":"https:\/\/paracherkaoui.ma\/index.php\/wp-json\/wp\/v2\/product\/36647","targetHints":{"allow":["GET"]}}],"collection":[{"href":"https:\/\/paracherkaoui.ma\/index.php\/wp-json\/wp\/v2\/product"}],"about":[{"href":"https:\/\/paracherkaoui.ma\/index.php\/wp-json\/wp\/v2\/types\/product"}],"replies":[{"embeddable":true,"href":"https:\/\/paracherkaoui.ma\/index.php\/wp-json\/wp\/v2\/comments?post=36647"}],"version-history":[{"count":1,"href":"https:\/\/paracherkaoui.ma\/index.php\/wp-json\/wp\/v2\/product\/36647\/revisions"}],"predecessor-version":[{"id":36703,"href":"https:\/\/paracherkaoui.ma\/index.php\/wp-json\/wp\/v2\/product\/36647\/revisions\/36703"}],"wp:featuredmedia":[{"embeddable":true,"href":"https:\/\/paracherkaoui.ma\/index.php\/wp-json\/wp\/v2\/media\/36702"}],"wp:attachment":[{"href":"https:\/\/paracherkaoui.ma\/index.php\/wp-json\/wp\/v2\/media?parent=36647"}],"wp:term":[{"taxonomy":"product_brand","embeddable":true,"href":"https:\/\/paracherkaoui.ma\/index.php\/wp-json\/wp\/v2\/product_brand?post=36647"},{"taxonomy":"product_cat","embeddable":true,"href":"https:\/\/paracherkaoui.ma\/index.php\/wp-json\/wp\/v2\/product_cat?post=36647"},{"taxonomy":"product_tag","embeddable":true,"href":"https:\/\/paracherkaoui.ma\/index.php\/wp-json\/wp\/v2\/product_tag?post=36647"}],"curies":[{"name":"wp","href":"https:\/\/api.w.org\/{rel}","templated":true}]}}