{"id":36641,"date":"2025-12-12T18:56:28","date_gmt":"2025-12-12T17:56:28","guid":{"rendered":"https:\/\/test.ecbeaute.com\/?post_type=product&#038;p=36641"},"modified":"2025-12-12T18:56:33","modified_gmt":"2025-12-12T17:56:33","slug":"camomilla-blu-active-3-5-ph-300-ml","status":"publish","type":"product","link":"https:\/\/paracherkaoui.ma\/index.php\/produit\/camomilla-blu-active-3-5-ph-300-ml\/","title":{"rendered":"CAMOMILLA BLU ACTIVE 3.5 PH 300 ML"},"content":{"rendered":"<p>Un nettoyant doux pour les zones intimes \u00e0 l&rsquo;extrait de camomille qui favorise la restauration des d\u00e9fenses naturelles et l&rsquo;\u00e9quilibre physiologique naturel des zones intimes des femmes, en particulier en \u00e2ge de procr\u00e9er. Son utilisation est \u00e9galement indiqu\u00e9e dans la p\u00e9riode des menstruations et de la puerp\u00e9ralit\u00e9, ainsi que comme rem\u00e8de antiseptique.<\/p>\n","protected":false},"excerpt":{"rendered":"<p>Un nettoyant doux pour les zones intimes \u00e0 l&rsquo;extrait de camomille qui favorise la restauration des d\u00e9fenses naturelles et l&rsquo;\u00e9quilibre<\/p>\n","protected":false},"featured_media":36690,"comment_status":"open","ping_status":"closed","template":"","meta":[],"product_brand":[239],"product_cat":[642],"product_tag":[],"class_list":{"0":"post-36641","1":"product","2":"type-product","3":"status-publish","4":"has-post-thumbnail","6":"product_brand-camomilla-blu","7":"product_cat-hygiene-intime","9":"first","10":"instock","11":"sale","12":"shipping-taxable","13":"purchasable","14":"product-type-simple"},"yoast_head":"<!-- This site is optimized with the Yoast SEO plugin v26.6 - https:\/\/yoast.com\/wordpress\/plugins\/seo\/ -->\r\n<title>CAMOMILLA BLU ACTIVE 3.5 PH 300 ML - Paracherkaoui.ma<\/title>\r\n<meta name=\"robots\" content=\"index, follow, max-snippet:-1, max-image-preview:large, max-video-preview:-1\" \/>\r\n<link rel=\"canonical\" href=\"https:\/\/paracherkaoui.ma\/index.php\/produit\/camomilla-blu-active-3-5-ph-300-ml\/\" \/>\r\n<meta property=\"og:locale\" content=\"fr_FR\" \/>\r\n<meta property=\"og:type\" content=\"article\" \/>\r\n<meta property=\"og:title\" content=\"CAMOMILLA BLU ACTIVE 3.5 PH 300 ML - Paracherkaoui.ma\" \/>\r\n<meta property=\"og:description\" content=\"Un nettoyant doux pour les zones intimes \u00e0 l&rsquo;extrait de camomille qui favorise la restauration des d\u00e9fenses naturelles et l&rsquo;\u00e9quilibre\" \/>\r\n<meta property=\"og:url\" content=\"https:\/\/paracherkaoui.ma\/index.php\/produit\/camomilla-blu-active-3-5-ph-300-ml\/\" \/>\r\n<meta property=\"og:site_name\" content=\"Paracherkaoui.ma\" \/>\r\n<meta property=\"article:modified_time\" content=\"2025-12-12T17:56:33+00:00\" \/>\r\n<meta property=\"og:image\" content=\"https:\/\/paracherkaoui.ma\/wp-content\/uploads\/2025\/12\/camomilla-blu-camomilla-blu-active-35-ph-300-ml-protections-hygieniques-et-toilette-intime.jpg\" \/>\r\n\t<meta property=\"og:image:width\" content=\"700\" \/>\r\n\t<meta property=\"og:image:height\" content=\"700\" \/>\r\n\t<meta property=\"og:image:type\" content=\"image\/jpeg\" \/>\r\n<meta name=\"twitter:card\" content=\"summary_large_image\" \/>\r\n<script type=\"application\/ld+json\" class=\"yoast-schema-graph\">{\"@context\":\"https:\/\/schema.org\",\"@graph\":[{\"@type\":\"WebPage\",\"@id\":\"https:\/\/paracherkaoui.ma\/index.php\/produit\/camomilla-blu-active-3-5-ph-300-ml\/\",\"url\":\"https:\/\/paracherkaoui.ma\/index.php\/produit\/camomilla-blu-active-3-5-ph-300-ml\/\",\"name\":\"CAMOMILLA BLU ACTIVE 3.5 PH 300 ML - Paracherkaoui.ma\",\"isPartOf\":{\"@id\":\"https:\/\/paracherkaoui.ma\/#website\"},\"primaryImageOfPage\":{\"@id\":\"https:\/\/paracherkaoui.ma\/index.php\/produit\/camomilla-blu-active-3-5-ph-300-ml\/#primaryimage\"},\"image\":{\"@id\":\"https:\/\/paracherkaoui.ma\/index.php\/produit\/camomilla-blu-active-3-5-ph-300-ml\/#primaryimage\"},\"thumbnailUrl\":\"https:\/\/paracherkaoui.ma\/wp-content\/uploads\/2025\/12\/camomilla-blu-camomilla-blu-active-35-ph-300-ml-protections-hygieniques-et-toilette-intime.jpg\",\"datePublished\":\"2025-12-12T17:56:28+00:00\",\"dateModified\":\"2025-12-12T17:56:33+00:00\",\"breadcrumb\":{\"@id\":\"https:\/\/paracherkaoui.ma\/index.php\/produit\/camomilla-blu-active-3-5-ph-300-ml\/#breadcrumb\"},\"inLanguage\":\"fr-FR\",\"potentialAction\":[{\"@type\":\"ReadAction\",\"target\":[\"https:\/\/paracherkaoui.ma\/index.php\/produit\/camomilla-blu-active-3-5-ph-300-ml\/\"]}]},{\"@type\":\"ImageObject\",\"inLanguage\":\"fr-FR\",\"@id\":\"https:\/\/paracherkaoui.ma\/index.php\/produit\/camomilla-blu-active-3-5-ph-300-ml\/#primaryimage\",\"url\":\"https:\/\/paracherkaoui.ma\/wp-content\/uploads\/2025\/12\/camomilla-blu-camomilla-blu-active-35-ph-300-ml-protections-hygieniques-et-toilette-intime.jpg\",\"contentUrl\":\"https:\/\/paracherkaoui.ma\/wp-content\/uploads\/2025\/12\/camomilla-blu-camomilla-blu-active-35-ph-300-ml-protections-hygieniques-et-toilette-intime.jpg\",\"width\":700,\"height\":700},{\"@type\":\"BreadcrumbList\",\"@id\":\"https:\/\/paracherkaoui.ma\/index.php\/produit\/camomilla-blu-active-3-5-ph-300-ml\/#breadcrumb\",\"itemListElement\":[{\"@type\":\"ListItem\",\"position\":1,\"name\":\"Accueil\",\"item\":\"https:\/\/paracherkaoui.ma\/\"},{\"@type\":\"ListItem\",\"position\":2,\"name\":\"Boutique\",\"item\":\"https:\/\/paracherkaoui.ma\/index.php\/boutique\/\"},{\"@type\":\"ListItem\",\"position\":3,\"name\":\"CAMOMILLA BLU ACTIVE 3.5 PH 300 ML\"}]},{\"@type\":\"WebSite\",\"@id\":\"https:\/\/paracherkaoui.ma\/#website\",\"url\":\"https:\/\/paracherkaoui.ma\/\",\"name\":\"Paracherkaoui.ma\",\"description\":\"Achetez en ligne sur Paracherkaoui.ma\",\"potentialAction\":[{\"@type\":\"SearchAction\",\"target\":{\"@type\":\"EntryPoint\",\"urlTemplate\":\"https:\/\/paracherkaoui.ma\/?s={search_term_string}\"},\"query-input\":{\"@type\":\"PropertyValueSpecification\",\"valueRequired\":true,\"valueName\":\"search_term_string\"}}],\"inLanguage\":\"fr-FR\"}]}<\/script>\r\n<!-- \/ Yoast SEO plugin. -->","yoast_head_json":{"title":"CAMOMILLA BLU ACTIVE 3.5 PH 300 ML - Paracherkaoui.ma","robots":{"index":"index","follow":"follow","max-snippet":"max-snippet:-1","max-image-preview":"max-image-preview:large","max-video-preview":"max-video-preview:-1"},"canonical":"https:\/\/paracherkaoui.ma\/index.php\/produit\/camomilla-blu-active-3-5-ph-300-ml\/","og_locale":"fr_FR","og_type":"article","og_title":"CAMOMILLA BLU ACTIVE 3.5 PH 300 ML - Paracherkaoui.ma","og_description":"Un nettoyant doux pour les zones intimes \u00e0 l&rsquo;extrait de camomille qui favorise la restauration des d\u00e9fenses naturelles et l&rsquo;\u00e9quilibre","og_url":"https:\/\/paracherkaoui.ma\/index.php\/produit\/camomilla-blu-active-3-5-ph-300-ml\/","og_site_name":"Paracherkaoui.ma","article_modified_time":"2025-12-12T17:56:33+00:00","og_image":[{"width":700,"height":700,"url":"https:\/\/paracherkaoui.ma\/wp-content\/uploads\/2025\/12\/camomilla-blu-camomilla-blu-active-35-ph-300-ml-protections-hygieniques-et-toilette-intime.jpg","type":"image\/jpeg"}],"twitter_card":"summary_large_image","schema":{"@context":"https:\/\/schema.org","@graph":[{"@type":"WebPage","@id":"https:\/\/paracherkaoui.ma\/index.php\/produit\/camomilla-blu-active-3-5-ph-300-ml\/","url":"https:\/\/paracherkaoui.ma\/index.php\/produit\/camomilla-blu-active-3-5-ph-300-ml\/","name":"CAMOMILLA BLU ACTIVE 3.5 PH 300 ML - Paracherkaoui.ma","isPartOf":{"@id":"https:\/\/paracherkaoui.ma\/#website"},"primaryImageOfPage":{"@id":"https:\/\/paracherkaoui.ma\/index.php\/produit\/camomilla-blu-active-3-5-ph-300-ml\/#primaryimage"},"image":{"@id":"https:\/\/paracherkaoui.ma\/index.php\/produit\/camomilla-blu-active-3-5-ph-300-ml\/#primaryimage"},"thumbnailUrl":"https:\/\/paracherkaoui.ma\/wp-content\/uploads\/2025\/12\/camomilla-blu-camomilla-blu-active-35-ph-300-ml-protections-hygieniques-et-toilette-intime.jpg","datePublished":"2025-12-12T17:56:28+00:00","dateModified":"2025-12-12T17:56:33+00:00","breadcrumb":{"@id":"https:\/\/paracherkaoui.ma\/index.php\/produit\/camomilla-blu-active-3-5-ph-300-ml\/#breadcrumb"},"inLanguage":"fr-FR","potentialAction":[{"@type":"ReadAction","target":["https:\/\/paracherkaoui.ma\/index.php\/produit\/camomilla-blu-active-3-5-ph-300-ml\/"]}]},{"@type":"ImageObject","inLanguage":"fr-FR","@id":"https:\/\/paracherkaoui.ma\/index.php\/produit\/camomilla-blu-active-3-5-ph-300-ml\/#primaryimage","url":"https:\/\/paracherkaoui.ma\/wp-content\/uploads\/2025\/12\/camomilla-blu-camomilla-blu-active-35-ph-300-ml-protections-hygieniques-et-toilette-intime.jpg","contentUrl":"https:\/\/paracherkaoui.ma\/wp-content\/uploads\/2025\/12\/camomilla-blu-camomilla-blu-active-35-ph-300-ml-protections-hygieniques-et-toilette-intime.jpg","width":700,"height":700},{"@type":"BreadcrumbList","@id":"https:\/\/paracherkaoui.ma\/index.php\/produit\/camomilla-blu-active-3-5-ph-300-ml\/#breadcrumb","itemListElement":[{"@type":"ListItem","position":1,"name":"Accueil","item":"https:\/\/paracherkaoui.ma\/"},{"@type":"ListItem","position":2,"name":"Boutique","item":"https:\/\/paracherkaoui.ma\/index.php\/boutique\/"},{"@type":"ListItem","position":3,"name":"CAMOMILLA BLU ACTIVE 3.5 PH 300 ML"}]},{"@type":"WebSite","@id":"https:\/\/paracherkaoui.ma\/#website","url":"https:\/\/paracherkaoui.ma\/","name":"Paracherkaoui.ma","description":"Achetez en ligne sur Paracherkaoui.ma","potentialAction":[{"@type":"SearchAction","target":{"@type":"EntryPoint","urlTemplate":"https:\/\/paracherkaoui.ma\/?s={search_term_string}"},"query-input":{"@type":"PropertyValueSpecification","valueRequired":true,"valueName":"search_term_string"}}],"inLanguage":"fr-FR"}]}},"_links":{"self":[{"href":"https:\/\/paracherkaoui.ma\/index.php\/wp-json\/wp\/v2\/product\/36641","targetHints":{"allow":["GET"]}}],"collection":[{"href":"https:\/\/paracherkaoui.ma\/index.php\/wp-json\/wp\/v2\/product"}],"about":[{"href":"https:\/\/paracherkaoui.ma\/index.php\/wp-json\/wp\/v2\/types\/product"}],"replies":[{"embeddable":true,"href":"https:\/\/paracherkaoui.ma\/index.php\/wp-json\/wp\/v2\/comments?post=36641"}],"version-history":[{"count":1,"href":"https:\/\/paracherkaoui.ma\/index.php\/wp-json\/wp\/v2\/product\/36641\/revisions"}],"predecessor-version":[{"id":36691,"href":"https:\/\/paracherkaoui.ma\/index.php\/wp-json\/wp\/v2\/product\/36641\/revisions\/36691"}],"wp:featuredmedia":[{"embeddable":true,"href":"https:\/\/paracherkaoui.ma\/index.php\/wp-json\/wp\/v2\/media\/36690"}],"wp:attachment":[{"href":"https:\/\/paracherkaoui.ma\/index.php\/wp-json\/wp\/v2\/media?parent=36641"}],"wp:term":[{"taxonomy":"product_brand","embeddable":true,"href":"https:\/\/paracherkaoui.ma\/index.php\/wp-json\/wp\/v2\/product_brand?post=36641"},{"taxonomy":"product_cat","embeddable":true,"href":"https:\/\/paracherkaoui.ma\/index.php\/wp-json\/wp\/v2\/product_cat?post=36641"},{"taxonomy":"product_tag","embeddable":true,"href":"https:\/\/paracherkaoui.ma\/index.php\/wp-json\/wp\/v2\/product_tag?post=36641"}],"curies":[{"name":"wp","href":"https:\/\/api.w.org\/{rel}","templated":true}]}}