{"id":36628,"date":"2025-12-12T18:56:26","date_gmt":"2025-12-12T17:56:26","guid":{"rendered":"https:\/\/test.ecbeaute.com\/?post_type=product&#038;p=36628"},"modified":"2025-12-12T18:56:31","modified_gmt":"2025-12-12T17:56:31","slug":"roge-cavailles-mousse-intime-sans-rincage-hydratant-100-ml","status":"publish","type":"product","link":"https:\/\/paracherkaoui.ma\/index.php\/produit\/roge-cavailles-mousse-intime-sans-rincage-hydratant-100-ml\/","title":{"rendered":"ROGE CAVAILLES MOUSSE INTIME SANS RINCAGE HYDRATANT 100 ML"},"content":{"rendered":"<p>Cette mousse innovante nettoie en douceur tout en aidant \u00e0 apaiser les sensations d&rsquo;inconfort gr\u00e2ce \u00e0 sa formule compos\u00e9e \u00e0 88 % d\u2019ingr\u00e9dients d&rsquo;origine naturelle. Sa composition sans savon et son pH physiologique respectent parfaitement l\u2019\u00e9quilibre intime. De plus, elle est test\u00e9e gyn\u00e9cologiquement pour garantir une tol\u00e9rance optimale, m\u00eame pour les peaux les plus sensibles.<br \/>\nFacile \u00e0 utiliser, il suffit de bien agiter le flacon avant application, puis de d\u00e9poser une pression de mousse directement sur du papier toilette. Aucun rin\u00e7age n\u2019est n\u00e9cessaire, ce qui en fait une solution pratique et rapide, id\u00e9ale pour les femmes actives ou en d\u00e9placement. De plus, sa formule vegan exclut tout ingr\u00e9dient d\u2019origine animale, r\u00e9pondant ainsi aux attentes des consommatrices soucieuses de leurs choix \u00e9thiques.<br \/>\nAvec ROGE CAVAILLES MOUSSE INTIME SANS RIN\u00c7AGE, prenez soin de votre confort intime en toute simplicit\u00e9 et profitez d\u2019une hygi\u00e8ne irr\u00e9prochable au quotidien.<br \/>\nComposition<br \/>\nAqua, Butane, Polyglyceryl-6 Caprylate, Polyglyceryl-4 Caprate, Glycerin, Sodium PCA, Decyl Glucoside, Caprylyl Glycol, Olea Europaea Leaf Extract, Caesalpinia Spinosa Gum, Alpha-Glucan Oligosaccharide, Prunus Amygdalus Dulcis Oil, Lactic Acid, Coco-Glucoside, Glyceryl Oleate, Propane, Sodium Benzoate, Polysorbate 20, Parfum, Isobutane, Potassium Sorbate, Sodium Hydroxide, Terpineol, Hexamethylindanopyran, Tetramethyl Acetyloctahydronaphthalenes, Dimethyl Phenethyl Acetate.<br \/>\nConseils d\u2019utilisation<br \/>\nAgitez bien le flacon avant usage.<br \/>\nD\u00e9posez une pression de mousse sur du papier toilette.<br \/>\nNettoyez d\u00e9licatement la zone intime.<br \/>\nUtilisation sans rin\u00e7age. R\u00e9p\u00e9tez l\u2019op\u00e9ration selon vos besoins au cours de la journ\u00e9e.<\/p>\n","protected":false},"excerpt":{"rendered":"<p>Cette mousse innovante nettoie en douceur tout en aidant \u00e0 apaiser les sensations d&rsquo;inconfort gr\u00e2ce \u00e0 sa formule compos\u00e9e \u00e0<\/p>\n","protected":false},"featured_media":36664,"comment_status":"open","ping_status":"closed","template":"","meta":[],"product_brand":[411],"product_cat":[642],"product_tag":[],"class_list":{"0":"post-36628","1":"product","2":"type-product","3":"status-publish","4":"has-post-thumbnail","6":"product_brand-roge-cavailles","7":"product_cat-hygiene-intime","9":"first","10":"instock","11":"sale","12":"shipping-taxable","13":"purchasable","14":"product-type-simple"},"yoast_head":"<!-- This site is optimized with the Yoast SEO plugin v26.6 - https:\/\/yoast.com\/wordpress\/plugins\/seo\/ -->\r\n<title>ROGE CAVAILLES MOUSSE INTIME SANS RINCAGE HYDRATANT 100 ML - Paracherkaoui.ma<\/title>\r\n<meta name=\"robots\" content=\"index, follow, max-snippet:-1, max-image-preview:large, max-video-preview:-1\" \/>\r\n<link rel=\"canonical\" href=\"https:\/\/paracherkaoui.ma\/index.php\/produit\/roge-cavailles-mousse-intime-sans-rincage-hydratant-100-ml\/\" \/>\r\n<meta property=\"og:locale\" content=\"fr_FR\" \/>\r\n<meta property=\"og:type\" content=\"article\" \/>\r\n<meta property=\"og:title\" content=\"ROGE CAVAILLES MOUSSE INTIME SANS RINCAGE HYDRATANT 100 ML - Paracherkaoui.ma\" \/>\r\n<meta property=\"og:description\" content=\"Cette mousse innovante nettoie en douceur tout en aidant \u00e0 apaiser les sensations d&rsquo;inconfort gr\u00e2ce \u00e0 sa formule compos\u00e9e \u00e0\" \/>\r\n<meta property=\"og:url\" content=\"https:\/\/paracherkaoui.ma\/index.php\/produit\/roge-cavailles-mousse-intime-sans-rincage-hydratant-100-ml\/\" \/>\r\n<meta property=\"og:site_name\" content=\"Paracherkaoui.ma\" \/>\r\n<meta property=\"article:modified_time\" content=\"2025-12-12T17:56:31+00:00\" \/>\r\n<meta property=\"og:image\" content=\"https:\/\/paracherkaoui.ma\/wp-content\/uploads\/2025\/12\/roge-cavailles-roge-cavailles-mousse-intime-sans-rincage-hydratant-100-ml-hygiene-intime.jpg\" \/>\r\n\t<meta property=\"og:image:width\" content=\"700\" \/>\r\n\t<meta property=\"og:image:height\" content=\"700\" \/>\r\n\t<meta property=\"og:image:type\" content=\"image\/jpeg\" \/>\r\n<meta name=\"twitter:card\" content=\"summary_large_image\" \/>\r\n<meta name=\"twitter:label1\" content=\"Dur\u00e9e de lecture estim\u00e9e\" \/>\n\t<meta name=\"twitter:data1\" content=\"1 minute\" \/>\r\n<script type=\"application\/ld+json\" class=\"yoast-schema-graph\">{\"@context\":\"https:\/\/schema.org\",\"@graph\":[{\"@type\":\"WebPage\",\"@id\":\"https:\/\/paracherkaoui.ma\/index.php\/produit\/roge-cavailles-mousse-intime-sans-rincage-hydratant-100-ml\/\",\"url\":\"https:\/\/paracherkaoui.ma\/index.php\/produit\/roge-cavailles-mousse-intime-sans-rincage-hydratant-100-ml\/\",\"name\":\"ROGE CAVAILLES MOUSSE INTIME SANS RINCAGE HYDRATANT 100 ML - Paracherkaoui.ma\",\"isPartOf\":{\"@id\":\"https:\/\/paracherkaoui.ma\/#website\"},\"primaryImageOfPage\":{\"@id\":\"https:\/\/paracherkaoui.ma\/index.php\/produit\/roge-cavailles-mousse-intime-sans-rincage-hydratant-100-ml\/#primaryimage\"},\"image\":{\"@id\":\"https:\/\/paracherkaoui.ma\/index.php\/produit\/roge-cavailles-mousse-intime-sans-rincage-hydratant-100-ml\/#primaryimage\"},\"thumbnailUrl\":\"https:\/\/paracherkaoui.ma\/wp-content\/uploads\/2025\/12\/roge-cavailles-roge-cavailles-mousse-intime-sans-rincage-hydratant-100-ml-hygiene-intime.jpg\",\"datePublished\":\"2025-12-12T17:56:26+00:00\",\"dateModified\":\"2025-12-12T17:56:31+00:00\",\"breadcrumb\":{\"@id\":\"https:\/\/paracherkaoui.ma\/index.php\/produit\/roge-cavailles-mousse-intime-sans-rincage-hydratant-100-ml\/#breadcrumb\"},\"inLanguage\":\"fr-FR\",\"potentialAction\":[{\"@type\":\"ReadAction\",\"target\":[\"https:\/\/paracherkaoui.ma\/index.php\/produit\/roge-cavailles-mousse-intime-sans-rincage-hydratant-100-ml\/\"]}]},{\"@type\":\"ImageObject\",\"inLanguage\":\"fr-FR\",\"@id\":\"https:\/\/paracherkaoui.ma\/index.php\/produit\/roge-cavailles-mousse-intime-sans-rincage-hydratant-100-ml\/#primaryimage\",\"url\":\"https:\/\/paracherkaoui.ma\/wp-content\/uploads\/2025\/12\/roge-cavailles-roge-cavailles-mousse-intime-sans-rincage-hydratant-100-ml-hygiene-intime.jpg\",\"contentUrl\":\"https:\/\/paracherkaoui.ma\/wp-content\/uploads\/2025\/12\/roge-cavailles-roge-cavailles-mousse-intime-sans-rincage-hydratant-100-ml-hygiene-intime.jpg\",\"width\":700,\"height\":700},{\"@type\":\"BreadcrumbList\",\"@id\":\"https:\/\/paracherkaoui.ma\/index.php\/produit\/roge-cavailles-mousse-intime-sans-rincage-hydratant-100-ml\/#breadcrumb\",\"itemListElement\":[{\"@type\":\"ListItem\",\"position\":1,\"name\":\"Accueil\",\"item\":\"https:\/\/paracherkaoui.ma\/\"},{\"@type\":\"ListItem\",\"position\":2,\"name\":\"Boutique\",\"item\":\"https:\/\/paracherkaoui.ma\/index.php\/boutique\/\"},{\"@type\":\"ListItem\",\"position\":3,\"name\":\"ROGE CAVAILLES MOUSSE INTIME SANS RINCAGE HYDRATANT 100 ML\"}]},{\"@type\":\"WebSite\",\"@id\":\"https:\/\/paracherkaoui.ma\/#website\",\"url\":\"https:\/\/paracherkaoui.ma\/\",\"name\":\"Paracherkaoui.ma\",\"description\":\"Achetez en ligne sur Paracherkaoui.ma\",\"potentialAction\":[{\"@type\":\"SearchAction\",\"target\":{\"@type\":\"EntryPoint\",\"urlTemplate\":\"https:\/\/paracherkaoui.ma\/?s={search_term_string}\"},\"query-input\":{\"@type\":\"PropertyValueSpecification\",\"valueRequired\":true,\"valueName\":\"search_term_string\"}}],\"inLanguage\":\"fr-FR\"}]}<\/script>\r\n<!-- \/ Yoast SEO plugin. -->","yoast_head_json":{"title":"ROGE CAVAILLES MOUSSE INTIME SANS RINCAGE HYDRATANT 100 ML - Paracherkaoui.ma","robots":{"index":"index","follow":"follow","max-snippet":"max-snippet:-1","max-image-preview":"max-image-preview:large","max-video-preview":"max-video-preview:-1"},"canonical":"https:\/\/paracherkaoui.ma\/index.php\/produit\/roge-cavailles-mousse-intime-sans-rincage-hydratant-100-ml\/","og_locale":"fr_FR","og_type":"article","og_title":"ROGE CAVAILLES MOUSSE INTIME SANS RINCAGE HYDRATANT 100 ML - Paracherkaoui.ma","og_description":"Cette mousse innovante nettoie en douceur tout en aidant \u00e0 apaiser les sensations d&rsquo;inconfort gr\u00e2ce \u00e0 sa formule compos\u00e9e \u00e0","og_url":"https:\/\/paracherkaoui.ma\/index.php\/produit\/roge-cavailles-mousse-intime-sans-rincage-hydratant-100-ml\/","og_site_name":"Paracherkaoui.ma","article_modified_time":"2025-12-12T17:56:31+00:00","og_image":[{"width":700,"height":700,"url":"https:\/\/paracherkaoui.ma\/wp-content\/uploads\/2025\/12\/roge-cavailles-roge-cavailles-mousse-intime-sans-rincage-hydratant-100-ml-hygiene-intime.jpg","type":"image\/jpeg"}],"twitter_card":"summary_large_image","twitter_misc":{"Dur\u00e9e de lecture estim\u00e9e":"1 minute"},"schema":{"@context":"https:\/\/schema.org","@graph":[{"@type":"WebPage","@id":"https:\/\/paracherkaoui.ma\/index.php\/produit\/roge-cavailles-mousse-intime-sans-rincage-hydratant-100-ml\/","url":"https:\/\/paracherkaoui.ma\/index.php\/produit\/roge-cavailles-mousse-intime-sans-rincage-hydratant-100-ml\/","name":"ROGE CAVAILLES MOUSSE INTIME SANS RINCAGE HYDRATANT 100 ML - Paracherkaoui.ma","isPartOf":{"@id":"https:\/\/paracherkaoui.ma\/#website"},"primaryImageOfPage":{"@id":"https:\/\/paracherkaoui.ma\/index.php\/produit\/roge-cavailles-mousse-intime-sans-rincage-hydratant-100-ml\/#primaryimage"},"image":{"@id":"https:\/\/paracherkaoui.ma\/index.php\/produit\/roge-cavailles-mousse-intime-sans-rincage-hydratant-100-ml\/#primaryimage"},"thumbnailUrl":"https:\/\/paracherkaoui.ma\/wp-content\/uploads\/2025\/12\/roge-cavailles-roge-cavailles-mousse-intime-sans-rincage-hydratant-100-ml-hygiene-intime.jpg","datePublished":"2025-12-12T17:56:26+00:00","dateModified":"2025-12-12T17:56:31+00:00","breadcrumb":{"@id":"https:\/\/paracherkaoui.ma\/index.php\/produit\/roge-cavailles-mousse-intime-sans-rincage-hydratant-100-ml\/#breadcrumb"},"inLanguage":"fr-FR","potentialAction":[{"@type":"ReadAction","target":["https:\/\/paracherkaoui.ma\/index.php\/produit\/roge-cavailles-mousse-intime-sans-rincage-hydratant-100-ml\/"]}]},{"@type":"ImageObject","inLanguage":"fr-FR","@id":"https:\/\/paracherkaoui.ma\/index.php\/produit\/roge-cavailles-mousse-intime-sans-rincage-hydratant-100-ml\/#primaryimage","url":"https:\/\/paracherkaoui.ma\/wp-content\/uploads\/2025\/12\/roge-cavailles-roge-cavailles-mousse-intime-sans-rincage-hydratant-100-ml-hygiene-intime.jpg","contentUrl":"https:\/\/paracherkaoui.ma\/wp-content\/uploads\/2025\/12\/roge-cavailles-roge-cavailles-mousse-intime-sans-rincage-hydratant-100-ml-hygiene-intime.jpg","width":700,"height":700},{"@type":"BreadcrumbList","@id":"https:\/\/paracherkaoui.ma\/index.php\/produit\/roge-cavailles-mousse-intime-sans-rincage-hydratant-100-ml\/#breadcrumb","itemListElement":[{"@type":"ListItem","position":1,"name":"Accueil","item":"https:\/\/paracherkaoui.ma\/"},{"@type":"ListItem","position":2,"name":"Boutique","item":"https:\/\/paracherkaoui.ma\/index.php\/boutique\/"},{"@type":"ListItem","position":3,"name":"ROGE CAVAILLES MOUSSE INTIME SANS RINCAGE HYDRATANT 100 ML"}]},{"@type":"WebSite","@id":"https:\/\/paracherkaoui.ma\/#website","url":"https:\/\/paracherkaoui.ma\/","name":"Paracherkaoui.ma","description":"Achetez en ligne sur Paracherkaoui.ma","potentialAction":[{"@type":"SearchAction","target":{"@type":"EntryPoint","urlTemplate":"https:\/\/paracherkaoui.ma\/?s={search_term_string}"},"query-input":{"@type":"PropertyValueSpecification","valueRequired":true,"valueName":"search_term_string"}}],"inLanguage":"fr-FR"}]}},"_links":{"self":[{"href":"https:\/\/paracherkaoui.ma\/index.php\/wp-json\/wp\/v2\/product\/36628","targetHints":{"allow":["GET"]}}],"collection":[{"href":"https:\/\/paracherkaoui.ma\/index.php\/wp-json\/wp\/v2\/product"}],"about":[{"href":"https:\/\/paracherkaoui.ma\/index.php\/wp-json\/wp\/v2\/types\/product"}],"replies":[{"embeddable":true,"href":"https:\/\/paracherkaoui.ma\/index.php\/wp-json\/wp\/v2\/comments?post=36628"}],"version-history":[{"count":1,"href":"https:\/\/paracherkaoui.ma\/index.php\/wp-json\/wp\/v2\/product\/36628\/revisions"}],"predecessor-version":[{"id":36665,"href":"https:\/\/paracherkaoui.ma\/index.php\/wp-json\/wp\/v2\/product\/36628\/revisions\/36665"}],"wp:featuredmedia":[{"embeddable":true,"href":"https:\/\/paracherkaoui.ma\/index.php\/wp-json\/wp\/v2\/media\/36664"}],"wp:attachment":[{"href":"https:\/\/paracherkaoui.ma\/index.php\/wp-json\/wp\/v2\/media?parent=36628"}],"wp:term":[{"taxonomy":"product_brand","embeddable":true,"href":"https:\/\/paracherkaoui.ma\/index.php\/wp-json\/wp\/v2\/product_brand?post=36628"},{"taxonomy":"product_cat","embeddable":true,"href":"https:\/\/paracherkaoui.ma\/index.php\/wp-json\/wp\/v2\/product_cat?post=36628"},{"taxonomy":"product_tag","embeddable":true,"href":"https:\/\/paracherkaoui.ma\/index.php\/wp-json\/wp\/v2\/product_tag?post=36628"}],"curies":[{"name":"wp","href":"https:\/\/api.w.org\/{rel}","templated":true}]}}