{"id":36625,"date":"2025-12-12T18:56:26","date_gmt":"2025-12-12T17:56:26","guid":{"rendered":"https:\/\/test.ecbeaute.com\/?post_type=product&#038;p=36625"},"modified":"2025-12-12T18:56:30","modified_gmt":"2025-12-12T17:56:30","slug":"d-biotic-pulvobiotic-hygiene-zone-intime-ph-8-peau-irrite-500ml","status":"publish","type":"product","link":"https:\/\/paracherkaoui.ma\/index.php\/produit\/d-biotic-pulvobiotic-hygiene-zone-intime-ph-8-peau-irrite-500ml\/","title":{"rendered":"D BIOTIC PULVOBIOTIC HYGIENE ZONE INTIME PH 8 PEAU IRRITE 500ML"},"content":{"rendered":"<p>Chaque utilisation de D-Biotic Pulvobiotic permet de nettoyer en douceur les zones \u00e0 g\u00eanes intimes sans agresser la peau. Que ce soit pour pr\u00e9venir les irritations ou pour apaiser des sensations d&rsquo;inconfort, ce produit s&rsquo;adapte \u00e0 vos besoins. Sa texture agr\u00e9able et sa composition d\u00e9licate en font un alli\u00e9 incontournable pour maintenir une hygi\u00e8ne intime optimale.<br \/>\nConseils d&rsquo;utilisation<br \/>\nAppliquez le D-Biotic Pulvobiotic une \u00e0 deux fois par jour, d\u00e8s les premi\u00e8res sensations de d\u00e9mangeaisons ou d&rsquo;irritations. Massez d\u00e9licatement la zone concern\u00e9e pendant quelques instants, puis rincez \u00e0 l&rsquo;eau claire. Pour un usage optimal, il est recommand\u00e9 de l&rsquo;utiliser pendant une dur\u00e9e de 10 \u00e0 15 jours cons\u00e9cutifs. Cette routine vous aidera \u00e0 restaurer l&rsquo;\u00e9quilibre de votre flore intime et \u00e0 retrouver un confort durable.<br \/>\nPour compl\u00e9ter votre routine de soins, pensez \u00e9galement \u00e0 \u00e9viter les produits irritants, \u00e0 porter des sous-v\u00eatements en coton et \u00e0 privil\u00e9gier une hygi\u00e8ne douce. D-Biotic Pulvobiotic s&rsquo;int\u00e8gre parfaitement \u00e0 votre quotidien, vous offrant tranquillit\u00e9 d&rsquo;esprit et bien-\u00eatre.<\/p>\n","protected":false},"excerpt":{"rendered":"<p>Chaque utilisation de D-Biotic Pulvobiotic permet de nettoyer en douceur les zones \u00e0 g\u00eanes intimes sans agresser la peau. Que<\/p>\n","protected":false},"featured_media":36659,"comment_status":"open","ping_status":"closed","template":"","meta":[],"product_brand":[382],"product_cat":[642],"product_tag":[],"class_list":{"0":"post-36625","1":"product","2":"type-product","3":"status-publish","4":"has-post-thumbnail","6":"product_brand-d-biotic","7":"product_cat-hygiene-intime","9":"first","10":"instock","11":"sale","12":"shipping-taxable","13":"purchasable","14":"product-type-simple"},"yoast_head":"<!-- This site is optimized with the Yoast SEO plugin v26.6 - https:\/\/yoast.com\/wordpress\/plugins\/seo\/ -->\r\n<title>D BIOTIC PULVOBIOTIC HYGIENE ZONE INTIME PH 8 PEAU IRRITE 500ML - Paracherkaoui.ma<\/title>\r\n<meta name=\"robots\" content=\"index, follow, max-snippet:-1, max-image-preview:large, max-video-preview:-1\" \/>\r\n<link rel=\"canonical\" href=\"https:\/\/paracherkaoui.ma\/index.php\/produit\/d-biotic-pulvobiotic-hygiene-zone-intime-ph-8-peau-irrite-500ml\/\" \/>\r\n<meta property=\"og:locale\" content=\"fr_FR\" \/>\r\n<meta property=\"og:type\" content=\"article\" \/>\r\n<meta property=\"og:title\" content=\"D BIOTIC PULVOBIOTIC HYGIENE ZONE INTIME PH 8 PEAU IRRITE 500ML - Paracherkaoui.ma\" \/>\r\n<meta property=\"og:description\" content=\"Chaque utilisation de D-Biotic Pulvobiotic permet de nettoyer en douceur les zones \u00e0 g\u00eanes intimes sans agresser la peau. Que\" \/>\r\n<meta property=\"og:url\" content=\"https:\/\/paracherkaoui.ma\/index.php\/produit\/d-biotic-pulvobiotic-hygiene-zone-intime-ph-8-peau-irrite-500ml\/\" \/>\r\n<meta property=\"og:site_name\" content=\"Paracherkaoui.ma\" \/>\r\n<meta property=\"article:modified_time\" content=\"2025-12-12T17:56:30+00:00\" \/>\r\n<meta property=\"og:image\" content=\"https:\/\/paracherkaoui.ma\/wp-content\/uploads\/2025\/12\/d-biotic-d-biotic-pulvobiotic-hygiene-zone-intime-ph-8-peau-irrite-500ml-hygiene-intime.jpg\" \/>\r\n\t<meta property=\"og:image:width\" content=\"700\" \/>\r\n\t<meta property=\"og:image:height\" content=\"700\" \/>\r\n\t<meta property=\"og:image:type\" content=\"image\/jpeg\" \/>\r\n<meta name=\"twitter:card\" content=\"summary_large_image\" \/>\r\n<meta name=\"twitter:label1\" content=\"Dur\u00e9e de lecture estim\u00e9e\" \/>\n\t<meta name=\"twitter:data1\" content=\"1 minute\" \/>\r\n<script type=\"application\/ld+json\" class=\"yoast-schema-graph\">{\"@context\":\"https:\/\/schema.org\",\"@graph\":[{\"@type\":\"WebPage\",\"@id\":\"https:\/\/paracherkaoui.ma\/index.php\/produit\/d-biotic-pulvobiotic-hygiene-zone-intime-ph-8-peau-irrite-500ml\/\",\"url\":\"https:\/\/paracherkaoui.ma\/index.php\/produit\/d-biotic-pulvobiotic-hygiene-zone-intime-ph-8-peau-irrite-500ml\/\",\"name\":\"D BIOTIC PULVOBIOTIC HYGIENE ZONE INTIME PH 8 PEAU IRRITE 500ML - Paracherkaoui.ma\",\"isPartOf\":{\"@id\":\"https:\/\/paracherkaoui.ma\/#website\"},\"primaryImageOfPage\":{\"@id\":\"https:\/\/paracherkaoui.ma\/index.php\/produit\/d-biotic-pulvobiotic-hygiene-zone-intime-ph-8-peau-irrite-500ml\/#primaryimage\"},\"image\":{\"@id\":\"https:\/\/paracherkaoui.ma\/index.php\/produit\/d-biotic-pulvobiotic-hygiene-zone-intime-ph-8-peau-irrite-500ml\/#primaryimage\"},\"thumbnailUrl\":\"https:\/\/paracherkaoui.ma\/wp-content\/uploads\/2025\/12\/d-biotic-d-biotic-pulvobiotic-hygiene-zone-intime-ph-8-peau-irrite-500ml-hygiene-intime.jpg\",\"datePublished\":\"2025-12-12T17:56:26+00:00\",\"dateModified\":\"2025-12-12T17:56:30+00:00\",\"breadcrumb\":{\"@id\":\"https:\/\/paracherkaoui.ma\/index.php\/produit\/d-biotic-pulvobiotic-hygiene-zone-intime-ph-8-peau-irrite-500ml\/#breadcrumb\"},\"inLanguage\":\"fr-FR\",\"potentialAction\":[{\"@type\":\"ReadAction\",\"target\":[\"https:\/\/paracherkaoui.ma\/index.php\/produit\/d-biotic-pulvobiotic-hygiene-zone-intime-ph-8-peau-irrite-500ml\/\"]}]},{\"@type\":\"ImageObject\",\"inLanguage\":\"fr-FR\",\"@id\":\"https:\/\/paracherkaoui.ma\/index.php\/produit\/d-biotic-pulvobiotic-hygiene-zone-intime-ph-8-peau-irrite-500ml\/#primaryimage\",\"url\":\"https:\/\/paracherkaoui.ma\/wp-content\/uploads\/2025\/12\/d-biotic-d-biotic-pulvobiotic-hygiene-zone-intime-ph-8-peau-irrite-500ml-hygiene-intime.jpg\",\"contentUrl\":\"https:\/\/paracherkaoui.ma\/wp-content\/uploads\/2025\/12\/d-biotic-d-biotic-pulvobiotic-hygiene-zone-intime-ph-8-peau-irrite-500ml-hygiene-intime.jpg\",\"width\":700,\"height\":700},{\"@type\":\"BreadcrumbList\",\"@id\":\"https:\/\/paracherkaoui.ma\/index.php\/produit\/d-biotic-pulvobiotic-hygiene-zone-intime-ph-8-peau-irrite-500ml\/#breadcrumb\",\"itemListElement\":[{\"@type\":\"ListItem\",\"position\":1,\"name\":\"Accueil\",\"item\":\"https:\/\/paracherkaoui.ma\/\"},{\"@type\":\"ListItem\",\"position\":2,\"name\":\"Boutique\",\"item\":\"https:\/\/paracherkaoui.ma\/index.php\/boutique\/\"},{\"@type\":\"ListItem\",\"position\":3,\"name\":\"D BIOTIC PULVOBIOTIC HYGIENE ZONE INTIME PH 8 PEAU IRRITE 500ML\"}]},{\"@type\":\"WebSite\",\"@id\":\"https:\/\/paracherkaoui.ma\/#website\",\"url\":\"https:\/\/paracherkaoui.ma\/\",\"name\":\"Paracherkaoui.ma\",\"description\":\"Achetez en ligne sur Paracherkaoui.ma\",\"potentialAction\":[{\"@type\":\"SearchAction\",\"target\":{\"@type\":\"EntryPoint\",\"urlTemplate\":\"https:\/\/paracherkaoui.ma\/?s={search_term_string}\"},\"query-input\":{\"@type\":\"PropertyValueSpecification\",\"valueRequired\":true,\"valueName\":\"search_term_string\"}}],\"inLanguage\":\"fr-FR\"}]}<\/script>\r\n<!-- \/ Yoast SEO plugin. -->","yoast_head_json":{"title":"D BIOTIC PULVOBIOTIC HYGIENE ZONE INTIME PH 8 PEAU IRRITE 500ML - Paracherkaoui.ma","robots":{"index":"index","follow":"follow","max-snippet":"max-snippet:-1","max-image-preview":"max-image-preview:large","max-video-preview":"max-video-preview:-1"},"canonical":"https:\/\/paracherkaoui.ma\/index.php\/produit\/d-biotic-pulvobiotic-hygiene-zone-intime-ph-8-peau-irrite-500ml\/","og_locale":"fr_FR","og_type":"article","og_title":"D BIOTIC PULVOBIOTIC HYGIENE ZONE INTIME PH 8 PEAU IRRITE 500ML - Paracherkaoui.ma","og_description":"Chaque utilisation de D-Biotic Pulvobiotic permet de nettoyer en douceur les zones \u00e0 g\u00eanes intimes sans agresser la peau. Que","og_url":"https:\/\/paracherkaoui.ma\/index.php\/produit\/d-biotic-pulvobiotic-hygiene-zone-intime-ph-8-peau-irrite-500ml\/","og_site_name":"Paracherkaoui.ma","article_modified_time":"2025-12-12T17:56:30+00:00","og_image":[{"width":700,"height":700,"url":"https:\/\/paracherkaoui.ma\/wp-content\/uploads\/2025\/12\/d-biotic-d-biotic-pulvobiotic-hygiene-zone-intime-ph-8-peau-irrite-500ml-hygiene-intime.jpg","type":"image\/jpeg"}],"twitter_card":"summary_large_image","twitter_misc":{"Dur\u00e9e de lecture estim\u00e9e":"1 minute"},"schema":{"@context":"https:\/\/schema.org","@graph":[{"@type":"WebPage","@id":"https:\/\/paracherkaoui.ma\/index.php\/produit\/d-biotic-pulvobiotic-hygiene-zone-intime-ph-8-peau-irrite-500ml\/","url":"https:\/\/paracherkaoui.ma\/index.php\/produit\/d-biotic-pulvobiotic-hygiene-zone-intime-ph-8-peau-irrite-500ml\/","name":"D BIOTIC PULVOBIOTIC HYGIENE ZONE INTIME PH 8 PEAU IRRITE 500ML - Paracherkaoui.ma","isPartOf":{"@id":"https:\/\/paracherkaoui.ma\/#website"},"primaryImageOfPage":{"@id":"https:\/\/paracherkaoui.ma\/index.php\/produit\/d-biotic-pulvobiotic-hygiene-zone-intime-ph-8-peau-irrite-500ml\/#primaryimage"},"image":{"@id":"https:\/\/paracherkaoui.ma\/index.php\/produit\/d-biotic-pulvobiotic-hygiene-zone-intime-ph-8-peau-irrite-500ml\/#primaryimage"},"thumbnailUrl":"https:\/\/paracherkaoui.ma\/wp-content\/uploads\/2025\/12\/d-biotic-d-biotic-pulvobiotic-hygiene-zone-intime-ph-8-peau-irrite-500ml-hygiene-intime.jpg","datePublished":"2025-12-12T17:56:26+00:00","dateModified":"2025-12-12T17:56:30+00:00","breadcrumb":{"@id":"https:\/\/paracherkaoui.ma\/index.php\/produit\/d-biotic-pulvobiotic-hygiene-zone-intime-ph-8-peau-irrite-500ml\/#breadcrumb"},"inLanguage":"fr-FR","potentialAction":[{"@type":"ReadAction","target":["https:\/\/paracherkaoui.ma\/index.php\/produit\/d-biotic-pulvobiotic-hygiene-zone-intime-ph-8-peau-irrite-500ml\/"]}]},{"@type":"ImageObject","inLanguage":"fr-FR","@id":"https:\/\/paracherkaoui.ma\/index.php\/produit\/d-biotic-pulvobiotic-hygiene-zone-intime-ph-8-peau-irrite-500ml\/#primaryimage","url":"https:\/\/paracherkaoui.ma\/wp-content\/uploads\/2025\/12\/d-biotic-d-biotic-pulvobiotic-hygiene-zone-intime-ph-8-peau-irrite-500ml-hygiene-intime.jpg","contentUrl":"https:\/\/paracherkaoui.ma\/wp-content\/uploads\/2025\/12\/d-biotic-d-biotic-pulvobiotic-hygiene-zone-intime-ph-8-peau-irrite-500ml-hygiene-intime.jpg","width":700,"height":700},{"@type":"BreadcrumbList","@id":"https:\/\/paracherkaoui.ma\/index.php\/produit\/d-biotic-pulvobiotic-hygiene-zone-intime-ph-8-peau-irrite-500ml\/#breadcrumb","itemListElement":[{"@type":"ListItem","position":1,"name":"Accueil","item":"https:\/\/paracherkaoui.ma\/"},{"@type":"ListItem","position":2,"name":"Boutique","item":"https:\/\/paracherkaoui.ma\/index.php\/boutique\/"},{"@type":"ListItem","position":3,"name":"D BIOTIC PULVOBIOTIC HYGIENE ZONE INTIME PH 8 PEAU IRRITE 500ML"}]},{"@type":"WebSite","@id":"https:\/\/paracherkaoui.ma\/#website","url":"https:\/\/paracherkaoui.ma\/","name":"Paracherkaoui.ma","description":"Achetez en ligne sur Paracherkaoui.ma","potentialAction":[{"@type":"SearchAction","target":{"@type":"EntryPoint","urlTemplate":"https:\/\/paracherkaoui.ma\/?s={search_term_string}"},"query-input":{"@type":"PropertyValueSpecification","valueRequired":true,"valueName":"search_term_string"}}],"inLanguage":"fr-FR"}]}},"_links":{"self":[{"href":"https:\/\/paracherkaoui.ma\/index.php\/wp-json\/wp\/v2\/product\/36625","targetHints":{"allow":["GET"]}}],"collection":[{"href":"https:\/\/paracherkaoui.ma\/index.php\/wp-json\/wp\/v2\/product"}],"about":[{"href":"https:\/\/paracherkaoui.ma\/index.php\/wp-json\/wp\/v2\/types\/product"}],"replies":[{"embeddable":true,"href":"https:\/\/paracherkaoui.ma\/index.php\/wp-json\/wp\/v2\/comments?post=36625"}],"version-history":[{"count":1,"href":"https:\/\/paracherkaoui.ma\/index.php\/wp-json\/wp\/v2\/product\/36625\/revisions"}],"predecessor-version":[{"id":36660,"href":"https:\/\/paracherkaoui.ma\/index.php\/wp-json\/wp\/v2\/product\/36625\/revisions\/36660"}],"wp:featuredmedia":[{"embeddable":true,"href":"https:\/\/paracherkaoui.ma\/index.php\/wp-json\/wp\/v2\/media\/36659"}],"wp:attachment":[{"href":"https:\/\/paracherkaoui.ma\/index.php\/wp-json\/wp\/v2\/media?parent=36625"}],"wp:term":[{"taxonomy":"product_brand","embeddable":true,"href":"https:\/\/paracherkaoui.ma\/index.php\/wp-json\/wp\/v2\/product_brand?post=36625"},{"taxonomy":"product_cat","embeddable":true,"href":"https:\/\/paracherkaoui.ma\/index.php\/wp-json\/wp\/v2\/product_cat?post=36625"},{"taxonomy":"product_tag","embeddable":true,"href":"https:\/\/paracherkaoui.ma\/index.php\/wp-json\/wp\/v2\/product_tag?post=36625"}],"curies":[{"name":"wp","href":"https:\/\/api.w.org\/{rel}","templated":true}]}}