{"id":36557,"date":"2025-12-12T18:56:18","date_gmt":"2025-12-12T17:56:18","guid":{"rendered":"https:\/\/test.ecbeaute.com\/?post_type=product&#038;p=36557"},"modified":"2025-12-12T18:56:24","modified_gmt":"2025-12-12T17:56:24","slug":"hartmann-molicare-premium-mobile-slip-absorbant-jour-14-pieces","status":"publish","type":"product","link":"https:\/\/paracherkaoui.ma\/index.php\/produit\/hartmann-molicare-premium-mobile-slip-absorbant-jour-14-pieces\/","title":{"rendered":"HARTMANN MOLICARE PREMIUM MOBILE SLIP ABSORBANT JOUR 14 PIECES"},"content":{"rendered":"<p>Id\u00e9al pour les personnes souffrant d\u2019incontinence urinaire mod\u00e9r\u00e9e et \/ ou de selles, ainsi que pour les personnes n\u00e9cessitant des soins particuliers.<br \/>\nId\u00e9al pour les invit\u00e9s alit\u00e9s. Gr\u00e2ce \u00e0 la protection active de la peau, ils maintiennent un environnement agr\u00e9ablement sec autour de la peau, prot\u00e9geant contre les irritations.<br \/>\nNoyau absorbant innovant \u00e0 trois couches qui offre une protection contre les fuites particuli\u00e8rement forte tout en captant les odeurs d\u00e9sagr\u00e9ables Maintien d\u2019une acidit\u00e9 normale (ph 5,5) \u00e0 la surface du noyau pour prot\u00e9ger la peau Forme ergonomique qui s\u2019adapte parfaitement au corps Avec l\u2019indice d\u2019humidit\u00e9, pour changer les sous-v\u00eatements en temps opportun Hypoallerg\u00e9nique, test\u00e9 dermatologiquement Paquet de 14 pi\u00e8ces Coussinets d\u2019incontinence avec une texture imperm\u00e9able aux liquides, non liquide, avec un mat\u00e9riau non tiss\u00e9 doux, perm\u00e9able \u00e0 l\u2019air et r\u00e9pulsif aux liquides dans la zone de la hanche.<br \/>\nIls ont \u00e9galement un mat\u00e9riau antibact\u00e9rien non tiss\u00e9 antibact\u00e9rien Dry-Plus avec un pH neutre, un noyau superabsorbant qui capte les odeurs d\u00e9sagr\u00e9ables et un indice d\u2019humidit\u00e9 pour indiquer le moment du changement de couche. Couverture ext\u00e9rieure de toute la couche non tiss\u00e9e, parois int\u00e9rieures anatomiques qui repoussent l\u2019humidit\u00e9 et embrassent le pied. Conception anatomique avec plis \u00e9lastiques autour des jambes. Les bandes adh\u00e9sives Velcro s\u2019ouvrent et se ferment plusieurs fois. Dans une couleur blanche distinctive avec des bandes color\u00e9es pour souligner la taille et le degr\u00e9 d\u2019absorption.<\/p>\n","protected":false},"excerpt":{"rendered":"<p>Id\u00e9al pour les personnes souffrant d\u2019incontinence urinaire mod\u00e9r\u00e9e et \/ ou de selles, ainsi que pour les personnes n\u00e9cessitant des<\/p>\n","protected":false},"featured_media":36611,"comment_status":"open","ping_status":"closed","template":"","meta":[],"product_brand":[645],"product_cat":[642],"product_tag":[],"class_list":{"0":"post-36557","1":"product","2":"type-product","3":"status-publish","4":"has-post-thumbnail","6":"product_brand-hartmann","7":"product_cat-hygiene-intime","9":"first","10":"instock","11":"sale","12":"shipping-taxable","13":"purchasable","14":"product-type-simple"},"yoast_head":"<!-- This site is optimized with the Yoast SEO plugin v26.6 - https:\/\/yoast.com\/wordpress\/plugins\/seo\/ -->\r\n<title>HARTMANN MOLICARE PREMIUM MOBILE SLIP ABSORBANT JOUR 14 PIECES - Paracherkaoui.ma<\/title>\r\n<meta name=\"robots\" content=\"index, follow, max-snippet:-1, max-image-preview:large, max-video-preview:-1\" \/>\r\n<link rel=\"canonical\" href=\"https:\/\/paracherkaoui.ma\/index.php\/produit\/hartmann-molicare-premium-mobile-slip-absorbant-jour-14-pieces\/\" \/>\r\n<meta property=\"og:locale\" content=\"fr_FR\" \/>\r\n<meta property=\"og:type\" content=\"article\" \/>\r\n<meta property=\"og:title\" content=\"HARTMANN MOLICARE PREMIUM MOBILE SLIP ABSORBANT JOUR 14 PIECES - Paracherkaoui.ma\" \/>\r\n<meta property=\"og:description\" content=\"Id\u00e9al pour les personnes souffrant d\u2019incontinence urinaire mod\u00e9r\u00e9e et \/ ou de selles, ainsi que pour les personnes n\u00e9cessitant des\" \/>\r\n<meta property=\"og:url\" content=\"https:\/\/paracherkaoui.ma\/index.php\/produit\/hartmann-molicare-premium-mobile-slip-absorbant-jour-14-pieces\/\" \/>\r\n<meta property=\"og:site_name\" content=\"Paracherkaoui.ma\" \/>\r\n<meta property=\"article:modified_time\" content=\"2025-12-12T17:56:24+00:00\" \/>\r\n<meta property=\"og:image\" content=\"https:\/\/paracherkaoui.ma\/wp-content\/uploads\/2025\/12\/hartmann-hartmann-molicare-premium-mobile-slip-absorbant-jour-14-pieces-couches-adultes.jpg\" \/>\r\n\t<meta property=\"og:image:width\" content=\"700\" \/>\r\n\t<meta property=\"og:image:height\" content=\"700\" \/>\r\n\t<meta property=\"og:image:type\" content=\"image\/jpeg\" \/>\r\n<meta name=\"twitter:card\" content=\"summary_large_image\" \/>\r\n<meta name=\"twitter:label1\" content=\"Dur\u00e9e de lecture estim\u00e9e\" \/>\n\t<meta name=\"twitter:data1\" content=\"1 minute\" \/>\r\n<script type=\"application\/ld+json\" class=\"yoast-schema-graph\">{\"@context\":\"https:\/\/schema.org\",\"@graph\":[{\"@type\":\"WebPage\",\"@id\":\"https:\/\/paracherkaoui.ma\/index.php\/produit\/hartmann-molicare-premium-mobile-slip-absorbant-jour-14-pieces\/\",\"url\":\"https:\/\/paracherkaoui.ma\/index.php\/produit\/hartmann-molicare-premium-mobile-slip-absorbant-jour-14-pieces\/\",\"name\":\"HARTMANN MOLICARE PREMIUM MOBILE SLIP ABSORBANT JOUR 14 PIECES - Paracherkaoui.ma\",\"isPartOf\":{\"@id\":\"https:\/\/paracherkaoui.ma\/#website\"},\"primaryImageOfPage\":{\"@id\":\"https:\/\/paracherkaoui.ma\/index.php\/produit\/hartmann-molicare-premium-mobile-slip-absorbant-jour-14-pieces\/#primaryimage\"},\"image\":{\"@id\":\"https:\/\/paracherkaoui.ma\/index.php\/produit\/hartmann-molicare-premium-mobile-slip-absorbant-jour-14-pieces\/#primaryimage\"},\"thumbnailUrl\":\"https:\/\/paracherkaoui.ma\/wp-content\/uploads\/2025\/12\/hartmann-hartmann-molicare-premium-mobile-slip-absorbant-jour-14-pieces-couches-adultes.jpg\",\"datePublished\":\"2025-12-12T17:56:18+00:00\",\"dateModified\":\"2025-12-12T17:56:24+00:00\",\"breadcrumb\":{\"@id\":\"https:\/\/paracherkaoui.ma\/index.php\/produit\/hartmann-molicare-premium-mobile-slip-absorbant-jour-14-pieces\/#breadcrumb\"},\"inLanguage\":\"fr-FR\",\"potentialAction\":[{\"@type\":\"ReadAction\",\"target\":[\"https:\/\/paracherkaoui.ma\/index.php\/produit\/hartmann-molicare-premium-mobile-slip-absorbant-jour-14-pieces\/\"]}]},{\"@type\":\"ImageObject\",\"inLanguage\":\"fr-FR\",\"@id\":\"https:\/\/paracherkaoui.ma\/index.php\/produit\/hartmann-molicare-premium-mobile-slip-absorbant-jour-14-pieces\/#primaryimage\",\"url\":\"https:\/\/paracherkaoui.ma\/wp-content\/uploads\/2025\/12\/hartmann-hartmann-molicare-premium-mobile-slip-absorbant-jour-14-pieces-couches-adultes.jpg\",\"contentUrl\":\"https:\/\/paracherkaoui.ma\/wp-content\/uploads\/2025\/12\/hartmann-hartmann-molicare-premium-mobile-slip-absorbant-jour-14-pieces-couches-adultes.jpg\",\"width\":700,\"height\":700},{\"@type\":\"BreadcrumbList\",\"@id\":\"https:\/\/paracherkaoui.ma\/index.php\/produit\/hartmann-molicare-premium-mobile-slip-absorbant-jour-14-pieces\/#breadcrumb\",\"itemListElement\":[{\"@type\":\"ListItem\",\"position\":1,\"name\":\"Accueil\",\"item\":\"https:\/\/paracherkaoui.ma\/\"},{\"@type\":\"ListItem\",\"position\":2,\"name\":\"Boutique\",\"item\":\"https:\/\/paracherkaoui.ma\/index.php\/boutique\/\"},{\"@type\":\"ListItem\",\"position\":3,\"name\":\"HARTMANN MOLICARE PREMIUM MOBILE SLIP ABSORBANT JOUR 14 PIECES\"}]},{\"@type\":\"WebSite\",\"@id\":\"https:\/\/paracherkaoui.ma\/#website\",\"url\":\"https:\/\/paracherkaoui.ma\/\",\"name\":\"Paracherkaoui.ma\",\"description\":\"Achetez en ligne sur Paracherkaoui.ma\",\"potentialAction\":[{\"@type\":\"SearchAction\",\"target\":{\"@type\":\"EntryPoint\",\"urlTemplate\":\"https:\/\/paracherkaoui.ma\/?s={search_term_string}\"},\"query-input\":{\"@type\":\"PropertyValueSpecification\",\"valueRequired\":true,\"valueName\":\"search_term_string\"}}],\"inLanguage\":\"fr-FR\"}]}<\/script>\r\n<!-- \/ Yoast SEO plugin. -->","yoast_head_json":{"title":"HARTMANN MOLICARE PREMIUM MOBILE SLIP ABSORBANT JOUR 14 PIECES - Paracherkaoui.ma","robots":{"index":"index","follow":"follow","max-snippet":"max-snippet:-1","max-image-preview":"max-image-preview:large","max-video-preview":"max-video-preview:-1"},"canonical":"https:\/\/paracherkaoui.ma\/index.php\/produit\/hartmann-molicare-premium-mobile-slip-absorbant-jour-14-pieces\/","og_locale":"fr_FR","og_type":"article","og_title":"HARTMANN MOLICARE PREMIUM MOBILE SLIP ABSORBANT JOUR 14 PIECES - Paracherkaoui.ma","og_description":"Id\u00e9al pour les personnes souffrant d\u2019incontinence urinaire mod\u00e9r\u00e9e et \/ ou de selles, ainsi que pour les personnes n\u00e9cessitant des","og_url":"https:\/\/paracherkaoui.ma\/index.php\/produit\/hartmann-molicare-premium-mobile-slip-absorbant-jour-14-pieces\/","og_site_name":"Paracherkaoui.ma","article_modified_time":"2025-12-12T17:56:24+00:00","og_image":[{"width":700,"height":700,"url":"https:\/\/paracherkaoui.ma\/wp-content\/uploads\/2025\/12\/hartmann-hartmann-molicare-premium-mobile-slip-absorbant-jour-14-pieces-couches-adultes.jpg","type":"image\/jpeg"}],"twitter_card":"summary_large_image","twitter_misc":{"Dur\u00e9e de lecture estim\u00e9e":"1 minute"},"schema":{"@context":"https:\/\/schema.org","@graph":[{"@type":"WebPage","@id":"https:\/\/paracherkaoui.ma\/index.php\/produit\/hartmann-molicare-premium-mobile-slip-absorbant-jour-14-pieces\/","url":"https:\/\/paracherkaoui.ma\/index.php\/produit\/hartmann-molicare-premium-mobile-slip-absorbant-jour-14-pieces\/","name":"HARTMANN MOLICARE PREMIUM MOBILE SLIP ABSORBANT JOUR 14 PIECES - Paracherkaoui.ma","isPartOf":{"@id":"https:\/\/paracherkaoui.ma\/#website"},"primaryImageOfPage":{"@id":"https:\/\/paracherkaoui.ma\/index.php\/produit\/hartmann-molicare-premium-mobile-slip-absorbant-jour-14-pieces\/#primaryimage"},"image":{"@id":"https:\/\/paracherkaoui.ma\/index.php\/produit\/hartmann-molicare-premium-mobile-slip-absorbant-jour-14-pieces\/#primaryimage"},"thumbnailUrl":"https:\/\/paracherkaoui.ma\/wp-content\/uploads\/2025\/12\/hartmann-hartmann-molicare-premium-mobile-slip-absorbant-jour-14-pieces-couches-adultes.jpg","datePublished":"2025-12-12T17:56:18+00:00","dateModified":"2025-12-12T17:56:24+00:00","breadcrumb":{"@id":"https:\/\/paracherkaoui.ma\/index.php\/produit\/hartmann-molicare-premium-mobile-slip-absorbant-jour-14-pieces\/#breadcrumb"},"inLanguage":"fr-FR","potentialAction":[{"@type":"ReadAction","target":["https:\/\/paracherkaoui.ma\/index.php\/produit\/hartmann-molicare-premium-mobile-slip-absorbant-jour-14-pieces\/"]}]},{"@type":"ImageObject","inLanguage":"fr-FR","@id":"https:\/\/paracherkaoui.ma\/index.php\/produit\/hartmann-molicare-premium-mobile-slip-absorbant-jour-14-pieces\/#primaryimage","url":"https:\/\/paracherkaoui.ma\/wp-content\/uploads\/2025\/12\/hartmann-hartmann-molicare-premium-mobile-slip-absorbant-jour-14-pieces-couches-adultes.jpg","contentUrl":"https:\/\/paracherkaoui.ma\/wp-content\/uploads\/2025\/12\/hartmann-hartmann-molicare-premium-mobile-slip-absorbant-jour-14-pieces-couches-adultes.jpg","width":700,"height":700},{"@type":"BreadcrumbList","@id":"https:\/\/paracherkaoui.ma\/index.php\/produit\/hartmann-molicare-premium-mobile-slip-absorbant-jour-14-pieces\/#breadcrumb","itemListElement":[{"@type":"ListItem","position":1,"name":"Accueil","item":"https:\/\/paracherkaoui.ma\/"},{"@type":"ListItem","position":2,"name":"Boutique","item":"https:\/\/paracherkaoui.ma\/index.php\/boutique\/"},{"@type":"ListItem","position":3,"name":"HARTMANN MOLICARE PREMIUM MOBILE SLIP ABSORBANT JOUR 14 PIECES"}]},{"@type":"WebSite","@id":"https:\/\/paracherkaoui.ma\/#website","url":"https:\/\/paracherkaoui.ma\/","name":"Paracherkaoui.ma","description":"Achetez en ligne sur Paracherkaoui.ma","potentialAction":[{"@type":"SearchAction","target":{"@type":"EntryPoint","urlTemplate":"https:\/\/paracherkaoui.ma\/?s={search_term_string}"},"query-input":{"@type":"PropertyValueSpecification","valueRequired":true,"valueName":"search_term_string"}}],"inLanguage":"fr-FR"}]}},"_links":{"self":[{"href":"https:\/\/paracherkaoui.ma\/index.php\/wp-json\/wp\/v2\/product\/36557","targetHints":{"allow":["GET"]}}],"collection":[{"href":"https:\/\/paracherkaoui.ma\/index.php\/wp-json\/wp\/v2\/product"}],"about":[{"href":"https:\/\/paracherkaoui.ma\/index.php\/wp-json\/wp\/v2\/types\/product"}],"replies":[{"embeddable":true,"href":"https:\/\/paracherkaoui.ma\/index.php\/wp-json\/wp\/v2\/comments?post=36557"}],"version-history":[{"count":1,"href":"https:\/\/paracherkaoui.ma\/index.php\/wp-json\/wp\/v2\/product\/36557\/revisions"}],"predecessor-version":[{"id":36612,"href":"https:\/\/paracherkaoui.ma\/index.php\/wp-json\/wp\/v2\/product\/36557\/revisions\/36612"}],"wp:featuredmedia":[{"embeddable":true,"href":"https:\/\/paracherkaoui.ma\/index.php\/wp-json\/wp\/v2\/media\/36611"}],"wp:attachment":[{"href":"https:\/\/paracherkaoui.ma\/index.php\/wp-json\/wp\/v2\/media?parent=36557"}],"wp:term":[{"taxonomy":"product_brand","embeddable":true,"href":"https:\/\/paracherkaoui.ma\/index.php\/wp-json\/wp\/v2\/product_brand?post=36557"},{"taxonomy":"product_cat","embeddable":true,"href":"https:\/\/paracherkaoui.ma\/index.php\/wp-json\/wp\/v2\/product_cat?post=36557"},{"taxonomy":"product_tag","embeddable":true,"href":"https:\/\/paracherkaoui.ma\/index.php\/wp-json\/wp\/v2\/product_tag?post=36557"}],"curies":[{"name":"wp","href":"https:\/\/api.w.org\/{rel}","templated":true}]}}