{"id":36536,"date":"2025-12-12T18:56:17","date_gmt":"2025-12-12T17:56:17","guid":{"rendered":"https:\/\/test.ecbeaute.com\/?post_type=product&#038;p=36536"},"modified":"2025-12-12T18:56:20","modified_gmt":"2025-12-12T17:56:20","slug":"d-biotic-cicabiotic-soin-reparateur-pour-les-cicatrice-75-ml","status":"publish","type":"product","link":"https:\/\/paracherkaoui.ma\/index.php\/produit\/d-biotic-cicabiotic-soin-reparateur-pour-les-cicatrice-75-ml\/","title":{"rendered":"D BIOTIC CICABIOTIC SOIN REPARATEUR POUR LES CICATRICE 75 ML"},"content":{"rendered":"<p>Sa texture l\u00e9g\u00e8re et non grasse permet une application facile et rapide. Elle p\u00e9n\u00e8tre instantan\u00e9ment, laissant la peau douce et hydrat\u00e9e, sans sensation collante. Gr\u00e2ce \u00e0 ses propri\u00e9t\u00e9s cicatrisantes, D-Biotic Cicabiotic aide \u00e0 restaurer la sant\u00e9 et l&rsquo;int\u00e9grit\u00e9 de la peau, tout en apportant un confort imm\u00e9diat. Les ingr\u00e9dients soigneusement s\u00e9lectionn\u00e9s favorisent la r\u00e9g\u00e9n\u00e9ration cellulaire et r\u00e9duisent l&rsquo;inconfort associ\u00e9 aux irritations cutan\u00e9es.<br \/>\nConvient \u00e0 tous les types de peau, y compris les peaux sensibles, ce soin r\u00e9parateur est adapt\u00e9 pour une utilisation quotidienne ou ponctuelle en fonction des besoins. Le format pratique de 75 ml en fait un alli\u00e9 id\u00e9al \u00e0 garder \u00e0 port\u00e9e de main pour les soins cutan\u00e9s quotidiens, que ce soit \u00e0 la maison ou en d\u00e9placement.<br \/>\nConseils d&rsquo;utilisation<br \/>\nNettoyez la zone concern\u00e9e avec un nettoyant doux avant d&rsquo;appliquer la cr\u00e8me.<br \/>\nAppliquez une petite quantit\u00e9 de D-Biotic Cicabiotic Soin R\u00e9parateur directement sur la peau ab\u00eem\u00e9e ou irrit\u00e9e.<br \/>\nMassez d\u00e9licatement jusqu&rsquo;\u00e0 absorption compl\u00e8te.<br \/>\nUtilisez 1 \u00e0 2 fois par jour selon les besoins, ou jusqu&rsquo;\u00e0 la gu\u00e9rison compl\u00e8te de la peau.<br \/>\n\u00c9vitez le contact avec les yeux. En cas d&rsquo;irritation, arr\u00eatez l&rsquo;utilisation et consultez un m\u00e9decin.<\/p>\n","protected":false},"excerpt":{"rendered":"<p>Sa texture l\u00e9g\u00e8re et non grasse permet une application facile et rapide. Elle p\u00e9n\u00e8tre instantan\u00e9ment, laissant la peau douce et<\/p>\n","protected":false},"featured_media":36570,"comment_status":"open","ping_status":"closed","template":"","meta":[],"product_brand":[382],"product_cat":[642],"product_tag":[],"class_list":{"0":"post-36536","1":"product","2":"type-product","3":"status-publish","4":"has-post-thumbnail","6":"product_brand-d-biotic","7":"product_cat-hygiene-intime","9":"first","10":"instock","11":"sale","12":"shipping-taxable","13":"purchasable","14":"product-type-simple"},"yoast_head":"<!-- This site is optimized with the Yoast SEO plugin v26.6 - https:\/\/yoast.com\/wordpress\/plugins\/seo\/ -->\r\n<title>D BIOTIC CICABIOTIC SOIN REPARATEUR POUR LES CICATRICE 75 ML - Paracherkaoui.ma<\/title>\r\n<meta name=\"robots\" content=\"index, follow, max-snippet:-1, max-image-preview:large, max-video-preview:-1\" \/>\r\n<link rel=\"canonical\" href=\"https:\/\/paracherkaoui.ma\/index.php\/produit\/d-biotic-cicabiotic-soin-reparateur-pour-les-cicatrice-75-ml\/\" \/>\r\n<meta property=\"og:locale\" content=\"fr_FR\" \/>\r\n<meta property=\"og:type\" content=\"article\" \/>\r\n<meta property=\"og:title\" content=\"D BIOTIC CICABIOTIC SOIN REPARATEUR POUR LES CICATRICE 75 ML - Paracherkaoui.ma\" \/>\r\n<meta property=\"og:description\" content=\"Sa texture l\u00e9g\u00e8re et non grasse permet une application facile et rapide. Elle p\u00e9n\u00e8tre instantan\u00e9ment, laissant la peau douce et\" \/>\r\n<meta property=\"og:url\" content=\"https:\/\/paracherkaoui.ma\/index.php\/produit\/d-biotic-cicabiotic-soin-reparateur-pour-les-cicatrice-75-ml\/\" \/>\r\n<meta property=\"og:site_name\" content=\"Paracherkaoui.ma\" \/>\r\n<meta property=\"article:modified_time\" content=\"2025-12-12T17:56:20+00:00\" \/>\r\n<meta property=\"og:image\" content=\"https:\/\/paracherkaoui.ma\/wp-content\/uploads\/2025\/12\/d-biotic-d-biotic-cicabiotic-soin-reparateur-pour-les-cicatrice-75-ml-hygiene-intime.jpg\" \/>\r\n\t<meta property=\"og:image:width\" content=\"700\" \/>\r\n\t<meta property=\"og:image:height\" content=\"700\" \/>\r\n\t<meta property=\"og:image:type\" content=\"image\/jpeg\" \/>\r\n<meta name=\"twitter:card\" content=\"summary_large_image\" \/>\r\n<meta name=\"twitter:label1\" content=\"Dur\u00e9e de lecture estim\u00e9e\" \/>\n\t<meta name=\"twitter:data1\" content=\"1 minute\" \/>\r\n<script type=\"application\/ld+json\" class=\"yoast-schema-graph\">{\"@context\":\"https:\/\/schema.org\",\"@graph\":[{\"@type\":\"WebPage\",\"@id\":\"https:\/\/paracherkaoui.ma\/index.php\/produit\/d-biotic-cicabiotic-soin-reparateur-pour-les-cicatrice-75-ml\/\",\"url\":\"https:\/\/paracherkaoui.ma\/index.php\/produit\/d-biotic-cicabiotic-soin-reparateur-pour-les-cicatrice-75-ml\/\",\"name\":\"D BIOTIC CICABIOTIC SOIN REPARATEUR POUR LES CICATRICE 75 ML - Paracherkaoui.ma\",\"isPartOf\":{\"@id\":\"https:\/\/paracherkaoui.ma\/#website\"},\"primaryImageOfPage\":{\"@id\":\"https:\/\/paracherkaoui.ma\/index.php\/produit\/d-biotic-cicabiotic-soin-reparateur-pour-les-cicatrice-75-ml\/#primaryimage\"},\"image\":{\"@id\":\"https:\/\/paracherkaoui.ma\/index.php\/produit\/d-biotic-cicabiotic-soin-reparateur-pour-les-cicatrice-75-ml\/#primaryimage\"},\"thumbnailUrl\":\"https:\/\/paracherkaoui.ma\/wp-content\/uploads\/2025\/12\/d-biotic-d-biotic-cicabiotic-soin-reparateur-pour-les-cicatrice-75-ml-hygiene-intime.jpg\",\"datePublished\":\"2025-12-12T17:56:17+00:00\",\"dateModified\":\"2025-12-12T17:56:20+00:00\",\"breadcrumb\":{\"@id\":\"https:\/\/paracherkaoui.ma\/index.php\/produit\/d-biotic-cicabiotic-soin-reparateur-pour-les-cicatrice-75-ml\/#breadcrumb\"},\"inLanguage\":\"fr-FR\",\"potentialAction\":[{\"@type\":\"ReadAction\",\"target\":[\"https:\/\/paracherkaoui.ma\/index.php\/produit\/d-biotic-cicabiotic-soin-reparateur-pour-les-cicatrice-75-ml\/\"]}]},{\"@type\":\"ImageObject\",\"inLanguage\":\"fr-FR\",\"@id\":\"https:\/\/paracherkaoui.ma\/index.php\/produit\/d-biotic-cicabiotic-soin-reparateur-pour-les-cicatrice-75-ml\/#primaryimage\",\"url\":\"https:\/\/paracherkaoui.ma\/wp-content\/uploads\/2025\/12\/d-biotic-d-biotic-cicabiotic-soin-reparateur-pour-les-cicatrice-75-ml-hygiene-intime.jpg\",\"contentUrl\":\"https:\/\/paracherkaoui.ma\/wp-content\/uploads\/2025\/12\/d-biotic-d-biotic-cicabiotic-soin-reparateur-pour-les-cicatrice-75-ml-hygiene-intime.jpg\",\"width\":700,\"height\":700},{\"@type\":\"BreadcrumbList\",\"@id\":\"https:\/\/paracherkaoui.ma\/index.php\/produit\/d-biotic-cicabiotic-soin-reparateur-pour-les-cicatrice-75-ml\/#breadcrumb\",\"itemListElement\":[{\"@type\":\"ListItem\",\"position\":1,\"name\":\"Accueil\",\"item\":\"https:\/\/paracherkaoui.ma\/\"},{\"@type\":\"ListItem\",\"position\":2,\"name\":\"Boutique\",\"item\":\"https:\/\/paracherkaoui.ma\/index.php\/boutique\/\"},{\"@type\":\"ListItem\",\"position\":3,\"name\":\"D BIOTIC CICABIOTIC SOIN REPARATEUR POUR LES CICATRICE 75 ML\"}]},{\"@type\":\"WebSite\",\"@id\":\"https:\/\/paracherkaoui.ma\/#website\",\"url\":\"https:\/\/paracherkaoui.ma\/\",\"name\":\"Paracherkaoui.ma\",\"description\":\"Achetez en ligne sur Paracherkaoui.ma\",\"potentialAction\":[{\"@type\":\"SearchAction\",\"target\":{\"@type\":\"EntryPoint\",\"urlTemplate\":\"https:\/\/paracherkaoui.ma\/?s={search_term_string}\"},\"query-input\":{\"@type\":\"PropertyValueSpecification\",\"valueRequired\":true,\"valueName\":\"search_term_string\"}}],\"inLanguage\":\"fr-FR\"}]}<\/script>\r\n<!-- \/ Yoast SEO plugin. -->","yoast_head_json":{"title":"D BIOTIC CICABIOTIC SOIN REPARATEUR POUR LES CICATRICE 75 ML - Paracherkaoui.ma","robots":{"index":"index","follow":"follow","max-snippet":"max-snippet:-1","max-image-preview":"max-image-preview:large","max-video-preview":"max-video-preview:-1"},"canonical":"https:\/\/paracherkaoui.ma\/index.php\/produit\/d-biotic-cicabiotic-soin-reparateur-pour-les-cicatrice-75-ml\/","og_locale":"fr_FR","og_type":"article","og_title":"D BIOTIC CICABIOTIC SOIN REPARATEUR POUR LES CICATRICE 75 ML - Paracherkaoui.ma","og_description":"Sa texture l\u00e9g\u00e8re et non grasse permet une application facile et rapide. Elle p\u00e9n\u00e8tre instantan\u00e9ment, laissant la peau douce et","og_url":"https:\/\/paracherkaoui.ma\/index.php\/produit\/d-biotic-cicabiotic-soin-reparateur-pour-les-cicatrice-75-ml\/","og_site_name":"Paracherkaoui.ma","article_modified_time":"2025-12-12T17:56:20+00:00","og_image":[{"width":700,"height":700,"url":"https:\/\/paracherkaoui.ma\/wp-content\/uploads\/2025\/12\/d-biotic-d-biotic-cicabiotic-soin-reparateur-pour-les-cicatrice-75-ml-hygiene-intime.jpg","type":"image\/jpeg"}],"twitter_card":"summary_large_image","twitter_misc":{"Dur\u00e9e de lecture estim\u00e9e":"1 minute"},"schema":{"@context":"https:\/\/schema.org","@graph":[{"@type":"WebPage","@id":"https:\/\/paracherkaoui.ma\/index.php\/produit\/d-biotic-cicabiotic-soin-reparateur-pour-les-cicatrice-75-ml\/","url":"https:\/\/paracherkaoui.ma\/index.php\/produit\/d-biotic-cicabiotic-soin-reparateur-pour-les-cicatrice-75-ml\/","name":"D BIOTIC CICABIOTIC SOIN REPARATEUR POUR LES CICATRICE 75 ML - Paracherkaoui.ma","isPartOf":{"@id":"https:\/\/paracherkaoui.ma\/#website"},"primaryImageOfPage":{"@id":"https:\/\/paracherkaoui.ma\/index.php\/produit\/d-biotic-cicabiotic-soin-reparateur-pour-les-cicatrice-75-ml\/#primaryimage"},"image":{"@id":"https:\/\/paracherkaoui.ma\/index.php\/produit\/d-biotic-cicabiotic-soin-reparateur-pour-les-cicatrice-75-ml\/#primaryimage"},"thumbnailUrl":"https:\/\/paracherkaoui.ma\/wp-content\/uploads\/2025\/12\/d-biotic-d-biotic-cicabiotic-soin-reparateur-pour-les-cicatrice-75-ml-hygiene-intime.jpg","datePublished":"2025-12-12T17:56:17+00:00","dateModified":"2025-12-12T17:56:20+00:00","breadcrumb":{"@id":"https:\/\/paracherkaoui.ma\/index.php\/produit\/d-biotic-cicabiotic-soin-reparateur-pour-les-cicatrice-75-ml\/#breadcrumb"},"inLanguage":"fr-FR","potentialAction":[{"@type":"ReadAction","target":["https:\/\/paracherkaoui.ma\/index.php\/produit\/d-biotic-cicabiotic-soin-reparateur-pour-les-cicatrice-75-ml\/"]}]},{"@type":"ImageObject","inLanguage":"fr-FR","@id":"https:\/\/paracherkaoui.ma\/index.php\/produit\/d-biotic-cicabiotic-soin-reparateur-pour-les-cicatrice-75-ml\/#primaryimage","url":"https:\/\/paracherkaoui.ma\/wp-content\/uploads\/2025\/12\/d-biotic-d-biotic-cicabiotic-soin-reparateur-pour-les-cicatrice-75-ml-hygiene-intime.jpg","contentUrl":"https:\/\/paracherkaoui.ma\/wp-content\/uploads\/2025\/12\/d-biotic-d-biotic-cicabiotic-soin-reparateur-pour-les-cicatrice-75-ml-hygiene-intime.jpg","width":700,"height":700},{"@type":"BreadcrumbList","@id":"https:\/\/paracherkaoui.ma\/index.php\/produit\/d-biotic-cicabiotic-soin-reparateur-pour-les-cicatrice-75-ml\/#breadcrumb","itemListElement":[{"@type":"ListItem","position":1,"name":"Accueil","item":"https:\/\/paracherkaoui.ma\/"},{"@type":"ListItem","position":2,"name":"Boutique","item":"https:\/\/paracherkaoui.ma\/index.php\/boutique\/"},{"@type":"ListItem","position":3,"name":"D BIOTIC CICABIOTIC SOIN REPARATEUR POUR LES CICATRICE 75 ML"}]},{"@type":"WebSite","@id":"https:\/\/paracherkaoui.ma\/#website","url":"https:\/\/paracherkaoui.ma\/","name":"Paracherkaoui.ma","description":"Achetez en ligne sur Paracherkaoui.ma","potentialAction":[{"@type":"SearchAction","target":{"@type":"EntryPoint","urlTemplate":"https:\/\/paracherkaoui.ma\/?s={search_term_string}"},"query-input":{"@type":"PropertyValueSpecification","valueRequired":true,"valueName":"search_term_string"}}],"inLanguage":"fr-FR"}]}},"_links":{"self":[{"href":"https:\/\/paracherkaoui.ma\/index.php\/wp-json\/wp\/v2\/product\/36536","targetHints":{"allow":["GET"]}}],"collection":[{"href":"https:\/\/paracherkaoui.ma\/index.php\/wp-json\/wp\/v2\/product"}],"about":[{"href":"https:\/\/paracherkaoui.ma\/index.php\/wp-json\/wp\/v2\/types\/product"}],"replies":[{"embeddable":true,"href":"https:\/\/paracherkaoui.ma\/index.php\/wp-json\/wp\/v2\/comments?post=36536"}],"version-history":[{"count":1,"href":"https:\/\/paracherkaoui.ma\/index.php\/wp-json\/wp\/v2\/product\/36536\/revisions"}],"predecessor-version":[{"id":36571,"href":"https:\/\/paracherkaoui.ma\/index.php\/wp-json\/wp\/v2\/product\/36536\/revisions\/36571"}],"wp:featuredmedia":[{"embeddable":true,"href":"https:\/\/paracherkaoui.ma\/index.php\/wp-json\/wp\/v2\/media\/36570"}],"wp:attachment":[{"href":"https:\/\/paracherkaoui.ma\/index.php\/wp-json\/wp\/v2\/media?parent=36536"}],"wp:term":[{"taxonomy":"product_brand","embeddable":true,"href":"https:\/\/paracherkaoui.ma\/index.php\/wp-json\/wp\/v2\/product_brand?post=36536"},{"taxonomy":"product_cat","embeddable":true,"href":"https:\/\/paracherkaoui.ma\/index.php\/wp-json\/wp\/v2\/product_cat?post=36536"},{"taxonomy":"product_tag","embeddable":true,"href":"https:\/\/paracherkaoui.ma\/index.php\/wp-json\/wp\/v2\/product_tag?post=36536"}],"curies":[{"name":"wp","href":"https:\/\/api.w.org\/{rel}","templated":true}]}}