{"id":36535,"date":"2025-12-12T18:56:17","date_gmt":"2025-12-12T17:56:17","guid":{"rendered":"https:\/\/test.ecbeaute.com\/?post_type=product&#038;p=36535"},"modified":"2025-12-12T18:56:19","modified_gmt":"2025-12-12T17:56:19","slug":"puressentiel-hygiene-intime-gel-lavant-douceur-250ml","status":"publish","type":"product","link":"https:\/\/paracherkaoui.ma\/index.php\/produit\/puressentiel-hygiene-intime-gel-lavant-douceur-250ml\/","title":{"rendered":"PURESSENTIEL HYGIENE INTIME GEL LAVANT DOUCEUR 250ML"},"content":{"rendered":"<p>DESCRIPTION :<br \/>\nGr\u00e2ce \u00e0 sa base lavante ultra-douce sans savon et \u00e0 son pH physiologique, ce gel lavant nettoie en douceur, tout en respectant la sensibilit\u00e9 et l&rsquo;\u00e9quilibre de la zone intime. Il est sp\u00e9cialement formul\u00e9 pour les muqueuses et les peaux sensibles pour une hygi\u00e8ne intime quotidienne. Sa formule associe des eaux florales, des huiles essentielles et de l&rsquo;aloe vera, aux propri\u00e9t\u00e9s apaisantes.<br \/>\nSon excellente tol\u00e9rance a \u00e9t\u00e9 test\u00e9e sous contr\u00f4le gyn\u00e9cologique(1). Rafra\u00eechissant et hydratant, ce gel lavant douceur hypoallerg\u00e9nique(2) est la protection naturelle de votre intimit\u00e9.<br \/>\nCe gel lavant douceur s&rsquo;utilise au quotidien comme un savon liquide en usage externe lors de la toilette intime. Faire mousser puis rincer soigneusement \u00e0 l&rsquo;eau apr\u00e8s application.<br \/>\nIl s&rsquo;utilise \u00e9galement pour l\u2019hygi\u00e8ne de l&rsquo;ensemble du corps.<br \/>\nCONSEILS D&rsquo;UTILISATION :<br \/>\nFabriqu\u00e9 en France. Ce produit est un cosm\u00e9tique \u00e0 usage externe.<\/p>\n","protected":false},"excerpt":{"rendered":"<p>DESCRIPTION : Gr\u00e2ce \u00e0 sa base lavante ultra-douce sans savon et \u00e0 son pH physiologique, ce gel lavant nettoie en<\/p>\n","protected":false},"featured_media":36568,"comment_status":"open","ping_status":"closed","template":"","meta":[],"product_brand":[204],"product_cat":[642],"product_tag":[],"class_list":{"0":"post-36535","1":"product","2":"type-product","3":"status-publish","4":"has-post-thumbnail","6":"product_brand-puressentiel","7":"product_cat-hygiene-intime","9":"first","10":"instock","11":"sale","12":"shipping-taxable","13":"purchasable","14":"product-type-simple"},"yoast_head":"<!-- This site is optimized with the Yoast SEO plugin v26.6 - https:\/\/yoast.com\/wordpress\/plugins\/seo\/ -->\r\n<title>PURESSENTIEL HYGIENE INTIME GEL LAVANT DOUCEUR 250ML - Paracherkaoui.ma<\/title>\r\n<meta name=\"robots\" content=\"index, follow, max-snippet:-1, max-image-preview:large, max-video-preview:-1\" \/>\r\n<link rel=\"canonical\" href=\"https:\/\/paracherkaoui.ma\/index.php\/produit\/puressentiel-hygiene-intime-gel-lavant-douceur-250ml\/\" \/>\r\n<meta property=\"og:locale\" content=\"fr_FR\" \/>\r\n<meta property=\"og:type\" content=\"article\" \/>\r\n<meta property=\"og:title\" content=\"PURESSENTIEL HYGIENE INTIME GEL LAVANT DOUCEUR 250ML - Paracherkaoui.ma\" \/>\r\n<meta property=\"og:description\" content=\"DESCRIPTION : Gr\u00e2ce \u00e0 sa base lavante ultra-douce sans savon et \u00e0 son pH physiologique, ce gel lavant nettoie en\" \/>\r\n<meta property=\"og:url\" content=\"https:\/\/paracherkaoui.ma\/index.php\/produit\/puressentiel-hygiene-intime-gel-lavant-douceur-250ml\/\" \/>\r\n<meta property=\"og:site_name\" content=\"Paracherkaoui.ma\" \/>\r\n<meta property=\"article:modified_time\" content=\"2025-12-12T17:56:19+00:00\" \/>\r\n<meta property=\"og:image\" content=\"https:\/\/paracherkaoui.ma\/wp-content\/uploads\/2025\/12\/puressentiel-hygiene-intime-gel-lavant-douceur-250ml.jpg\" \/>\r\n\t<meta property=\"og:image:width\" content=\"700\" \/>\r\n\t<meta property=\"og:image:height\" content=\"700\" \/>\r\n\t<meta property=\"og:image:type\" content=\"image\/jpeg\" \/>\r\n<meta name=\"twitter:card\" content=\"summary_large_image\" \/>\r\n<meta name=\"twitter:label1\" content=\"Dur\u00e9e de lecture estim\u00e9e\" \/>\n\t<meta name=\"twitter:data1\" content=\"1 minute\" \/>\r\n<script type=\"application\/ld+json\" class=\"yoast-schema-graph\">{\"@context\":\"https:\/\/schema.org\",\"@graph\":[{\"@type\":\"WebPage\",\"@id\":\"https:\/\/paracherkaoui.ma\/index.php\/produit\/puressentiel-hygiene-intime-gel-lavant-douceur-250ml\/\",\"url\":\"https:\/\/paracherkaoui.ma\/index.php\/produit\/puressentiel-hygiene-intime-gel-lavant-douceur-250ml\/\",\"name\":\"PURESSENTIEL HYGIENE INTIME GEL LAVANT DOUCEUR 250ML - Paracherkaoui.ma\",\"isPartOf\":{\"@id\":\"https:\/\/paracherkaoui.ma\/#website\"},\"primaryImageOfPage\":{\"@id\":\"https:\/\/paracherkaoui.ma\/index.php\/produit\/puressentiel-hygiene-intime-gel-lavant-douceur-250ml\/#primaryimage\"},\"image\":{\"@id\":\"https:\/\/paracherkaoui.ma\/index.php\/produit\/puressentiel-hygiene-intime-gel-lavant-douceur-250ml\/#primaryimage\"},\"thumbnailUrl\":\"https:\/\/paracherkaoui.ma\/wp-content\/uploads\/2025\/12\/puressentiel-hygiene-intime-gel-lavant-douceur-250ml.jpg\",\"datePublished\":\"2025-12-12T17:56:17+00:00\",\"dateModified\":\"2025-12-12T17:56:19+00:00\",\"breadcrumb\":{\"@id\":\"https:\/\/paracherkaoui.ma\/index.php\/produit\/puressentiel-hygiene-intime-gel-lavant-douceur-250ml\/#breadcrumb\"},\"inLanguage\":\"fr-FR\",\"potentialAction\":[{\"@type\":\"ReadAction\",\"target\":[\"https:\/\/paracherkaoui.ma\/index.php\/produit\/puressentiel-hygiene-intime-gel-lavant-douceur-250ml\/\"]}]},{\"@type\":\"ImageObject\",\"inLanguage\":\"fr-FR\",\"@id\":\"https:\/\/paracherkaoui.ma\/index.php\/produit\/puressentiel-hygiene-intime-gel-lavant-douceur-250ml\/#primaryimage\",\"url\":\"https:\/\/paracherkaoui.ma\/wp-content\/uploads\/2025\/12\/puressentiel-hygiene-intime-gel-lavant-douceur-250ml.jpg\",\"contentUrl\":\"https:\/\/paracherkaoui.ma\/wp-content\/uploads\/2025\/12\/puressentiel-hygiene-intime-gel-lavant-douceur-250ml.jpg\",\"width\":700,\"height\":700},{\"@type\":\"BreadcrumbList\",\"@id\":\"https:\/\/paracherkaoui.ma\/index.php\/produit\/puressentiel-hygiene-intime-gel-lavant-douceur-250ml\/#breadcrumb\",\"itemListElement\":[{\"@type\":\"ListItem\",\"position\":1,\"name\":\"Accueil\",\"item\":\"https:\/\/paracherkaoui.ma\/\"},{\"@type\":\"ListItem\",\"position\":2,\"name\":\"Boutique\",\"item\":\"https:\/\/paracherkaoui.ma\/index.php\/boutique\/\"},{\"@type\":\"ListItem\",\"position\":3,\"name\":\"PURESSENTIEL HYGIENE INTIME GEL LAVANT DOUCEUR 250ML\"}]},{\"@type\":\"WebSite\",\"@id\":\"https:\/\/paracherkaoui.ma\/#website\",\"url\":\"https:\/\/paracherkaoui.ma\/\",\"name\":\"Paracherkaoui.ma\",\"description\":\"Achetez en ligne sur Paracherkaoui.ma\",\"potentialAction\":[{\"@type\":\"SearchAction\",\"target\":{\"@type\":\"EntryPoint\",\"urlTemplate\":\"https:\/\/paracherkaoui.ma\/?s={search_term_string}\"},\"query-input\":{\"@type\":\"PropertyValueSpecification\",\"valueRequired\":true,\"valueName\":\"search_term_string\"}}],\"inLanguage\":\"fr-FR\"}]}<\/script>\r\n<!-- \/ Yoast SEO plugin. -->","yoast_head_json":{"title":"PURESSENTIEL HYGIENE INTIME GEL LAVANT DOUCEUR 250ML - Paracherkaoui.ma","robots":{"index":"index","follow":"follow","max-snippet":"max-snippet:-1","max-image-preview":"max-image-preview:large","max-video-preview":"max-video-preview:-1"},"canonical":"https:\/\/paracherkaoui.ma\/index.php\/produit\/puressentiel-hygiene-intime-gel-lavant-douceur-250ml\/","og_locale":"fr_FR","og_type":"article","og_title":"PURESSENTIEL HYGIENE INTIME GEL LAVANT DOUCEUR 250ML - Paracherkaoui.ma","og_description":"DESCRIPTION : Gr\u00e2ce \u00e0 sa base lavante ultra-douce sans savon et \u00e0 son pH physiologique, ce gel lavant nettoie en","og_url":"https:\/\/paracherkaoui.ma\/index.php\/produit\/puressentiel-hygiene-intime-gel-lavant-douceur-250ml\/","og_site_name":"Paracherkaoui.ma","article_modified_time":"2025-12-12T17:56:19+00:00","og_image":[{"width":700,"height":700,"url":"https:\/\/paracherkaoui.ma\/wp-content\/uploads\/2025\/12\/puressentiel-hygiene-intime-gel-lavant-douceur-250ml.jpg","type":"image\/jpeg"}],"twitter_card":"summary_large_image","twitter_misc":{"Dur\u00e9e de lecture estim\u00e9e":"1 minute"},"schema":{"@context":"https:\/\/schema.org","@graph":[{"@type":"WebPage","@id":"https:\/\/paracherkaoui.ma\/index.php\/produit\/puressentiel-hygiene-intime-gel-lavant-douceur-250ml\/","url":"https:\/\/paracherkaoui.ma\/index.php\/produit\/puressentiel-hygiene-intime-gel-lavant-douceur-250ml\/","name":"PURESSENTIEL HYGIENE INTIME GEL LAVANT DOUCEUR 250ML - Paracherkaoui.ma","isPartOf":{"@id":"https:\/\/paracherkaoui.ma\/#website"},"primaryImageOfPage":{"@id":"https:\/\/paracherkaoui.ma\/index.php\/produit\/puressentiel-hygiene-intime-gel-lavant-douceur-250ml\/#primaryimage"},"image":{"@id":"https:\/\/paracherkaoui.ma\/index.php\/produit\/puressentiel-hygiene-intime-gel-lavant-douceur-250ml\/#primaryimage"},"thumbnailUrl":"https:\/\/paracherkaoui.ma\/wp-content\/uploads\/2025\/12\/puressentiel-hygiene-intime-gel-lavant-douceur-250ml.jpg","datePublished":"2025-12-12T17:56:17+00:00","dateModified":"2025-12-12T17:56:19+00:00","breadcrumb":{"@id":"https:\/\/paracherkaoui.ma\/index.php\/produit\/puressentiel-hygiene-intime-gel-lavant-douceur-250ml\/#breadcrumb"},"inLanguage":"fr-FR","potentialAction":[{"@type":"ReadAction","target":["https:\/\/paracherkaoui.ma\/index.php\/produit\/puressentiel-hygiene-intime-gel-lavant-douceur-250ml\/"]}]},{"@type":"ImageObject","inLanguage":"fr-FR","@id":"https:\/\/paracherkaoui.ma\/index.php\/produit\/puressentiel-hygiene-intime-gel-lavant-douceur-250ml\/#primaryimage","url":"https:\/\/paracherkaoui.ma\/wp-content\/uploads\/2025\/12\/puressentiel-hygiene-intime-gel-lavant-douceur-250ml.jpg","contentUrl":"https:\/\/paracherkaoui.ma\/wp-content\/uploads\/2025\/12\/puressentiel-hygiene-intime-gel-lavant-douceur-250ml.jpg","width":700,"height":700},{"@type":"BreadcrumbList","@id":"https:\/\/paracherkaoui.ma\/index.php\/produit\/puressentiel-hygiene-intime-gel-lavant-douceur-250ml\/#breadcrumb","itemListElement":[{"@type":"ListItem","position":1,"name":"Accueil","item":"https:\/\/paracherkaoui.ma\/"},{"@type":"ListItem","position":2,"name":"Boutique","item":"https:\/\/paracherkaoui.ma\/index.php\/boutique\/"},{"@type":"ListItem","position":3,"name":"PURESSENTIEL HYGIENE INTIME GEL LAVANT DOUCEUR 250ML"}]},{"@type":"WebSite","@id":"https:\/\/paracherkaoui.ma\/#website","url":"https:\/\/paracherkaoui.ma\/","name":"Paracherkaoui.ma","description":"Achetez en ligne sur Paracherkaoui.ma","potentialAction":[{"@type":"SearchAction","target":{"@type":"EntryPoint","urlTemplate":"https:\/\/paracherkaoui.ma\/?s={search_term_string}"},"query-input":{"@type":"PropertyValueSpecification","valueRequired":true,"valueName":"search_term_string"}}],"inLanguage":"fr-FR"}]}},"_links":{"self":[{"href":"https:\/\/paracherkaoui.ma\/index.php\/wp-json\/wp\/v2\/product\/36535","targetHints":{"allow":["GET"]}}],"collection":[{"href":"https:\/\/paracherkaoui.ma\/index.php\/wp-json\/wp\/v2\/product"}],"about":[{"href":"https:\/\/paracherkaoui.ma\/index.php\/wp-json\/wp\/v2\/types\/product"}],"replies":[{"embeddable":true,"href":"https:\/\/paracherkaoui.ma\/index.php\/wp-json\/wp\/v2\/comments?post=36535"}],"version-history":[{"count":1,"href":"https:\/\/paracherkaoui.ma\/index.php\/wp-json\/wp\/v2\/product\/36535\/revisions"}],"predecessor-version":[{"id":36569,"href":"https:\/\/paracherkaoui.ma\/index.php\/wp-json\/wp\/v2\/product\/36535\/revisions\/36569"}],"wp:featuredmedia":[{"embeddable":true,"href":"https:\/\/paracherkaoui.ma\/index.php\/wp-json\/wp\/v2\/media\/36568"}],"wp:attachment":[{"href":"https:\/\/paracherkaoui.ma\/index.php\/wp-json\/wp\/v2\/media?parent=36535"}],"wp:term":[{"taxonomy":"product_brand","embeddable":true,"href":"https:\/\/paracherkaoui.ma\/index.php\/wp-json\/wp\/v2\/product_brand?post=36535"},{"taxonomy":"product_cat","embeddable":true,"href":"https:\/\/paracherkaoui.ma\/index.php\/wp-json\/wp\/v2\/product_cat?post=36535"},{"taxonomy":"product_tag","embeddable":true,"href":"https:\/\/paracherkaoui.ma\/index.php\/wp-json\/wp\/v2\/product_tag?post=36535"}],"curies":[{"name":"wp","href":"https:\/\/api.w.org\/{rel}","templated":true}]}}