{"id":36455,"date":"2025-12-12T18:56:09","date_gmt":"2025-12-12T17:56:09","guid":{"rendered":"https:\/\/test.ecbeaute.com\/?post_type=product&#038;p=36455"},"modified":"2025-12-12T18:56:13","modified_gmt":"2025-12-12T17:56:13","slug":"roge-cavailles-mousse-intime-sans-rincage-fraicheur-100-ml","status":"publish","type":"product","link":"https:\/\/paracherkaoui.ma\/index.php\/produit\/roge-cavailles-mousse-intime-sans-rincage-fraicheur-100-ml\/","title":{"rendered":"ROGE CAVAILLES MOUSSE INTIME SANS RINCAGE FRAICHEUR 100 ML"},"content":{"rendered":"<p>Avec 88% d\u2019ingr\u00e9dients d\u2019origine naturelle, cette mousse est respectueuse de votre zone intime. Sans savon, elle pr\u00e9serve l\u2019\u00e9quilibre naturel gr\u00e2ce \u00e0 son pH physiologique et est test\u00e9e gyn\u00e9cologiquement pour garantir une tol\u00e9rance optimale. De plus, elle est formul\u00e9e sans ingr\u00e9dients d\u2019origine animale, s\u2019inscrivant parfaitement dans une d\u00e9marche vegan.<br \/>\nQue ce soit apr\u00e8s une longue journ\u00e9e, en voyage ou lors de situations impr\u00e9vues, cette mousse est un alli\u00e9 incontournable pour se sentir propre et fra\u00eeche instantan\u00e9ment, sans avoir besoin d&rsquo;eau. Un geste ultra-rapide et pratique pour celles qui recherchent efficacit\u00e9 et confort au quotidien.<br \/>\nComposition<br \/>\nAqua, Butane, Polyglyceryl-4 Caprate, Polyglyceryl-6 Caprylate, Glycerin, Decyl Glucoside, Caprylyl Glycol, Mentha Piperita Leaf Extract, Mentha Aquatica Leaf Extract, Caesalpinia Spinosa Gum, Prunus Amygdalus Dulcis Oil, Alpha-Glucan Oligosaccharide, Lactic Acid, Coco-Glucoside, Glyceryl Oleate, Menthol, Propane, Sodium Benzoate, Polysorbate 20, Parfum, Isobutane, Potassium Sorbate, Sodium Hydroxide, Linalyl Acetate, Citrus Aurantium Peel Oil, Coumarin, Hexyl Cinnamal, Limonene, Citronellol, Alpha-Isomethyl Ionone, Eugenyl Acetate, Dimethyl Phenethyl Acetate, Pogostemon Cablin Oil.<br \/>\nConseils d\u2019utilisation<br \/>\nAgitez vigoureusement le flacon pour obtenir une mousse l\u00e9g\u00e8re et homog\u00e8ne.<br \/>\nAppliquez une seule pression directement sur le papier toilette.<br \/>\nNettoyez d\u00e9licatement votre zone intime.<br \/>\nNe n\u00e9cessite aucun rin\u00e7age, id\u00e9al pour une utilisation \u00e0 tout moment de la journ\u00e9e.<br \/>\nUsage externe uniquement.<\/p>\n","protected":false},"excerpt":{"rendered":"<p>Avec 88% d\u2019ingr\u00e9dients d\u2019origine naturelle, cette mousse est respectueuse de votre zone intime. Sans savon, elle pr\u00e9serve l\u2019\u00e9quilibre naturel gr\u00e2ce<\/p>\n","protected":false},"featured_media":36497,"comment_status":"open","ping_status":"closed","template":"","meta":[],"product_brand":[411],"product_cat":[642],"product_tag":[],"class_list":{"0":"post-36455","1":"product","2":"type-product","3":"status-publish","4":"has-post-thumbnail","6":"product_brand-roge-cavailles","7":"product_cat-hygiene-intime","9":"first","10":"instock","11":"sale","12":"shipping-taxable","13":"purchasable","14":"product-type-simple"},"yoast_head":"<!-- This site is optimized with the Yoast SEO plugin v26.6 - https:\/\/yoast.com\/wordpress\/plugins\/seo\/ -->\r\n<title>ROGE CAVAILLES MOUSSE INTIME SANS RINCAGE FRAICHEUR 100 ML - Paracherkaoui.ma<\/title>\r\n<meta name=\"robots\" content=\"index, follow, max-snippet:-1, max-image-preview:large, max-video-preview:-1\" \/>\r\n<link rel=\"canonical\" href=\"https:\/\/paracherkaoui.ma\/index.php\/produit\/roge-cavailles-mousse-intime-sans-rincage-fraicheur-100-ml\/\" \/>\r\n<meta property=\"og:locale\" content=\"fr_FR\" \/>\r\n<meta property=\"og:type\" content=\"article\" \/>\r\n<meta property=\"og:title\" content=\"ROGE CAVAILLES MOUSSE INTIME SANS RINCAGE FRAICHEUR 100 ML - Paracherkaoui.ma\" \/>\r\n<meta property=\"og:description\" content=\"Avec 88% d\u2019ingr\u00e9dients d\u2019origine naturelle, cette mousse est respectueuse de votre zone intime. Sans savon, elle pr\u00e9serve l\u2019\u00e9quilibre naturel gr\u00e2ce\" \/>\r\n<meta property=\"og:url\" content=\"https:\/\/paracherkaoui.ma\/index.php\/produit\/roge-cavailles-mousse-intime-sans-rincage-fraicheur-100-ml\/\" \/>\r\n<meta property=\"og:site_name\" content=\"Paracherkaoui.ma\" \/>\r\n<meta property=\"article:modified_time\" content=\"2025-12-12T17:56:13+00:00\" \/>\r\n<meta property=\"og:image\" content=\"https:\/\/paracherkaoui.ma\/wp-content\/uploads\/2025\/12\/roge-cavailles-roge-cavailles-mousse-intime-sans-rincage-fraicheur-100-ml-hygiene-intime.jpg\" \/>\r\n\t<meta property=\"og:image:width\" content=\"700\" \/>\r\n\t<meta property=\"og:image:height\" content=\"700\" \/>\r\n\t<meta property=\"og:image:type\" content=\"image\/jpeg\" \/>\r\n<meta name=\"twitter:card\" content=\"summary_large_image\" \/>\r\n<meta name=\"twitter:label1\" content=\"Dur\u00e9e de lecture estim\u00e9e\" \/>\n\t<meta name=\"twitter:data1\" content=\"1 minute\" \/>\r\n<script type=\"application\/ld+json\" class=\"yoast-schema-graph\">{\"@context\":\"https:\/\/schema.org\",\"@graph\":[{\"@type\":\"WebPage\",\"@id\":\"https:\/\/paracherkaoui.ma\/index.php\/produit\/roge-cavailles-mousse-intime-sans-rincage-fraicheur-100-ml\/\",\"url\":\"https:\/\/paracherkaoui.ma\/index.php\/produit\/roge-cavailles-mousse-intime-sans-rincage-fraicheur-100-ml\/\",\"name\":\"ROGE CAVAILLES MOUSSE INTIME SANS RINCAGE FRAICHEUR 100 ML - Paracherkaoui.ma\",\"isPartOf\":{\"@id\":\"https:\/\/paracherkaoui.ma\/#website\"},\"primaryImageOfPage\":{\"@id\":\"https:\/\/paracherkaoui.ma\/index.php\/produit\/roge-cavailles-mousse-intime-sans-rincage-fraicheur-100-ml\/#primaryimage\"},\"image\":{\"@id\":\"https:\/\/paracherkaoui.ma\/index.php\/produit\/roge-cavailles-mousse-intime-sans-rincage-fraicheur-100-ml\/#primaryimage\"},\"thumbnailUrl\":\"https:\/\/paracherkaoui.ma\/wp-content\/uploads\/2025\/12\/roge-cavailles-roge-cavailles-mousse-intime-sans-rincage-fraicheur-100-ml-hygiene-intime.jpg\",\"datePublished\":\"2025-12-12T17:56:09+00:00\",\"dateModified\":\"2025-12-12T17:56:13+00:00\",\"breadcrumb\":{\"@id\":\"https:\/\/paracherkaoui.ma\/index.php\/produit\/roge-cavailles-mousse-intime-sans-rincage-fraicheur-100-ml\/#breadcrumb\"},\"inLanguage\":\"fr-FR\",\"potentialAction\":[{\"@type\":\"ReadAction\",\"target\":[\"https:\/\/paracherkaoui.ma\/index.php\/produit\/roge-cavailles-mousse-intime-sans-rincage-fraicheur-100-ml\/\"]}]},{\"@type\":\"ImageObject\",\"inLanguage\":\"fr-FR\",\"@id\":\"https:\/\/paracherkaoui.ma\/index.php\/produit\/roge-cavailles-mousse-intime-sans-rincage-fraicheur-100-ml\/#primaryimage\",\"url\":\"https:\/\/paracherkaoui.ma\/wp-content\/uploads\/2025\/12\/roge-cavailles-roge-cavailles-mousse-intime-sans-rincage-fraicheur-100-ml-hygiene-intime.jpg\",\"contentUrl\":\"https:\/\/paracherkaoui.ma\/wp-content\/uploads\/2025\/12\/roge-cavailles-roge-cavailles-mousse-intime-sans-rincage-fraicheur-100-ml-hygiene-intime.jpg\",\"width\":700,\"height\":700},{\"@type\":\"BreadcrumbList\",\"@id\":\"https:\/\/paracherkaoui.ma\/index.php\/produit\/roge-cavailles-mousse-intime-sans-rincage-fraicheur-100-ml\/#breadcrumb\",\"itemListElement\":[{\"@type\":\"ListItem\",\"position\":1,\"name\":\"Accueil\",\"item\":\"https:\/\/paracherkaoui.ma\/\"},{\"@type\":\"ListItem\",\"position\":2,\"name\":\"Boutique\",\"item\":\"https:\/\/paracherkaoui.ma\/index.php\/boutique\/\"},{\"@type\":\"ListItem\",\"position\":3,\"name\":\"ROGE CAVAILLES MOUSSE INTIME SANS RINCAGE FRAICHEUR 100 ML\"}]},{\"@type\":\"WebSite\",\"@id\":\"https:\/\/paracherkaoui.ma\/#website\",\"url\":\"https:\/\/paracherkaoui.ma\/\",\"name\":\"Paracherkaoui.ma\",\"description\":\"Achetez en ligne sur Paracherkaoui.ma\",\"potentialAction\":[{\"@type\":\"SearchAction\",\"target\":{\"@type\":\"EntryPoint\",\"urlTemplate\":\"https:\/\/paracherkaoui.ma\/?s={search_term_string}\"},\"query-input\":{\"@type\":\"PropertyValueSpecification\",\"valueRequired\":true,\"valueName\":\"search_term_string\"}}],\"inLanguage\":\"fr-FR\"}]}<\/script>\r\n<!-- \/ Yoast SEO plugin. -->","yoast_head_json":{"title":"ROGE CAVAILLES MOUSSE INTIME SANS RINCAGE FRAICHEUR 100 ML - Paracherkaoui.ma","robots":{"index":"index","follow":"follow","max-snippet":"max-snippet:-1","max-image-preview":"max-image-preview:large","max-video-preview":"max-video-preview:-1"},"canonical":"https:\/\/paracherkaoui.ma\/index.php\/produit\/roge-cavailles-mousse-intime-sans-rincage-fraicheur-100-ml\/","og_locale":"fr_FR","og_type":"article","og_title":"ROGE CAVAILLES MOUSSE INTIME SANS RINCAGE FRAICHEUR 100 ML - Paracherkaoui.ma","og_description":"Avec 88% d\u2019ingr\u00e9dients d\u2019origine naturelle, cette mousse est respectueuse de votre zone intime. Sans savon, elle pr\u00e9serve l\u2019\u00e9quilibre naturel gr\u00e2ce","og_url":"https:\/\/paracherkaoui.ma\/index.php\/produit\/roge-cavailles-mousse-intime-sans-rincage-fraicheur-100-ml\/","og_site_name":"Paracherkaoui.ma","article_modified_time":"2025-12-12T17:56:13+00:00","og_image":[{"width":700,"height":700,"url":"https:\/\/paracherkaoui.ma\/wp-content\/uploads\/2025\/12\/roge-cavailles-roge-cavailles-mousse-intime-sans-rincage-fraicheur-100-ml-hygiene-intime.jpg","type":"image\/jpeg"}],"twitter_card":"summary_large_image","twitter_misc":{"Dur\u00e9e de lecture estim\u00e9e":"1 minute"},"schema":{"@context":"https:\/\/schema.org","@graph":[{"@type":"WebPage","@id":"https:\/\/paracherkaoui.ma\/index.php\/produit\/roge-cavailles-mousse-intime-sans-rincage-fraicheur-100-ml\/","url":"https:\/\/paracherkaoui.ma\/index.php\/produit\/roge-cavailles-mousse-intime-sans-rincage-fraicheur-100-ml\/","name":"ROGE CAVAILLES MOUSSE INTIME SANS RINCAGE FRAICHEUR 100 ML - Paracherkaoui.ma","isPartOf":{"@id":"https:\/\/paracherkaoui.ma\/#website"},"primaryImageOfPage":{"@id":"https:\/\/paracherkaoui.ma\/index.php\/produit\/roge-cavailles-mousse-intime-sans-rincage-fraicheur-100-ml\/#primaryimage"},"image":{"@id":"https:\/\/paracherkaoui.ma\/index.php\/produit\/roge-cavailles-mousse-intime-sans-rincage-fraicheur-100-ml\/#primaryimage"},"thumbnailUrl":"https:\/\/paracherkaoui.ma\/wp-content\/uploads\/2025\/12\/roge-cavailles-roge-cavailles-mousse-intime-sans-rincage-fraicheur-100-ml-hygiene-intime.jpg","datePublished":"2025-12-12T17:56:09+00:00","dateModified":"2025-12-12T17:56:13+00:00","breadcrumb":{"@id":"https:\/\/paracherkaoui.ma\/index.php\/produit\/roge-cavailles-mousse-intime-sans-rincage-fraicheur-100-ml\/#breadcrumb"},"inLanguage":"fr-FR","potentialAction":[{"@type":"ReadAction","target":["https:\/\/paracherkaoui.ma\/index.php\/produit\/roge-cavailles-mousse-intime-sans-rincage-fraicheur-100-ml\/"]}]},{"@type":"ImageObject","inLanguage":"fr-FR","@id":"https:\/\/paracherkaoui.ma\/index.php\/produit\/roge-cavailles-mousse-intime-sans-rincage-fraicheur-100-ml\/#primaryimage","url":"https:\/\/paracherkaoui.ma\/wp-content\/uploads\/2025\/12\/roge-cavailles-roge-cavailles-mousse-intime-sans-rincage-fraicheur-100-ml-hygiene-intime.jpg","contentUrl":"https:\/\/paracherkaoui.ma\/wp-content\/uploads\/2025\/12\/roge-cavailles-roge-cavailles-mousse-intime-sans-rincage-fraicheur-100-ml-hygiene-intime.jpg","width":700,"height":700},{"@type":"BreadcrumbList","@id":"https:\/\/paracherkaoui.ma\/index.php\/produit\/roge-cavailles-mousse-intime-sans-rincage-fraicheur-100-ml\/#breadcrumb","itemListElement":[{"@type":"ListItem","position":1,"name":"Accueil","item":"https:\/\/paracherkaoui.ma\/"},{"@type":"ListItem","position":2,"name":"Boutique","item":"https:\/\/paracherkaoui.ma\/index.php\/boutique\/"},{"@type":"ListItem","position":3,"name":"ROGE CAVAILLES MOUSSE INTIME SANS RINCAGE FRAICHEUR 100 ML"}]},{"@type":"WebSite","@id":"https:\/\/paracherkaoui.ma\/#website","url":"https:\/\/paracherkaoui.ma\/","name":"Paracherkaoui.ma","description":"Achetez en ligne sur Paracherkaoui.ma","potentialAction":[{"@type":"SearchAction","target":{"@type":"EntryPoint","urlTemplate":"https:\/\/paracherkaoui.ma\/?s={search_term_string}"},"query-input":{"@type":"PropertyValueSpecification","valueRequired":true,"valueName":"search_term_string"}}],"inLanguage":"fr-FR"}]}},"_links":{"self":[{"href":"https:\/\/paracherkaoui.ma\/index.php\/wp-json\/wp\/v2\/product\/36455","targetHints":{"allow":["GET"]}}],"collection":[{"href":"https:\/\/paracherkaoui.ma\/index.php\/wp-json\/wp\/v2\/product"}],"about":[{"href":"https:\/\/paracherkaoui.ma\/index.php\/wp-json\/wp\/v2\/types\/product"}],"replies":[{"embeddable":true,"href":"https:\/\/paracherkaoui.ma\/index.php\/wp-json\/wp\/v2\/comments?post=36455"}],"version-history":[{"count":1,"href":"https:\/\/paracherkaoui.ma\/index.php\/wp-json\/wp\/v2\/product\/36455\/revisions"}],"predecessor-version":[{"id":36498,"href":"https:\/\/paracherkaoui.ma\/index.php\/wp-json\/wp\/v2\/product\/36455\/revisions\/36498"}],"wp:featuredmedia":[{"embeddable":true,"href":"https:\/\/paracherkaoui.ma\/index.php\/wp-json\/wp\/v2\/media\/36497"}],"wp:attachment":[{"href":"https:\/\/paracherkaoui.ma\/index.php\/wp-json\/wp\/v2\/media?parent=36455"}],"wp:term":[{"taxonomy":"product_brand","embeddable":true,"href":"https:\/\/paracherkaoui.ma\/index.php\/wp-json\/wp\/v2\/product_brand?post=36455"},{"taxonomy":"product_cat","embeddable":true,"href":"https:\/\/paracherkaoui.ma\/index.php\/wp-json\/wp\/v2\/product_cat?post=36455"},{"taxonomy":"product_tag","embeddable":true,"href":"https:\/\/paracherkaoui.ma\/index.php\/wp-json\/wp\/v2\/product_tag?post=36455"}],"curies":[{"name":"wp","href":"https:\/\/api.w.org\/{rel}","templated":true}]}}