{"id":36447,"date":"2025-12-12T18:56:08","date_gmt":"2025-12-12T17:56:08","guid":{"rendered":"https:\/\/test.ecbeaute.com\/?post_type=product&#038;p=36447"},"modified":"2025-12-12T18:56:11","modified_gmt":"2025-12-12T17:56:11","slug":"camomilla-blu-bio-nettoyant-intime-active-ph-3-5-300-ml","status":"publish","type":"product","link":"https:\/\/paracherkaoui.ma\/index.php\/produit\/camomilla-blu-bio-nettoyant-intime-active-ph-3-5-300-ml\/","title":{"rendered":"CAMOMILLA BLU BIO NETTOYANT INTIME ACTIVE PH 3.5 300 ML"},"content":{"rendered":"<p>Le nettoyant intime certifi\u00e9 bio \u00e0 base de camomille et d\u2019aloe vera, agit de mani\u00e8re d\u00e9licate et favorise le r\u00e9tablissement de l\u2019\u00e9quilibre physiologique des zones intimes de la femme. Id\u00e9al pour une utilisation \u00e0 l\u2019\u00e2ge fertile, pendant la p\u00e9riode menstruelle et post-partum, en compl\u00e9ment d\u2019un traitement antiseptique.<br \/>\nConseils d&rsquo;utilisation :<br \/>\nAppliquez une petite quantit\u00e9 de produit sur les zones concern\u00e9es, puis rincez. A utiliser tel quel ou dilu\u00e9 avec de l\u2019eau. Pour usage externe.<\/p>\n","protected":false},"excerpt":{"rendered":"<p>Le nettoyant intime certifi\u00e9 bio \u00e0 base de camomille et d\u2019aloe vera, agit de mani\u00e8re d\u00e9licate et favorise le r\u00e9tablissement<\/p>\n","protected":false},"featured_media":36481,"comment_status":"open","ping_status":"closed","template":"","meta":[],"product_brand":[239],"product_cat":[642],"product_tag":[],"class_list":{"0":"post-36447","1":"product","2":"type-product","3":"status-publish","4":"has-post-thumbnail","6":"product_brand-camomilla-blu","7":"product_cat-hygiene-intime","9":"first","10":"instock","11":"sale","12":"shipping-taxable","13":"purchasable","14":"product-type-simple"},"yoast_head":"<!-- This site is optimized with the Yoast SEO plugin v26.6 - https:\/\/yoast.com\/wordpress\/plugins\/seo\/ -->\r\n<title>CAMOMILLA BLU BIO NETTOYANT INTIME ACTIVE PH 3.5 300 ML - Paracherkaoui.ma<\/title>\r\n<meta name=\"robots\" content=\"index, follow, max-snippet:-1, max-image-preview:large, max-video-preview:-1\" \/>\r\n<link rel=\"canonical\" href=\"https:\/\/paracherkaoui.ma\/index.php\/produit\/camomilla-blu-bio-nettoyant-intime-active-ph-3-5-300-ml\/\" \/>\r\n<meta property=\"og:locale\" content=\"fr_FR\" \/>\r\n<meta property=\"og:type\" content=\"article\" \/>\r\n<meta property=\"og:title\" content=\"CAMOMILLA BLU BIO NETTOYANT INTIME ACTIVE PH 3.5 300 ML - Paracherkaoui.ma\" \/>\r\n<meta property=\"og:description\" content=\"Le nettoyant intime certifi\u00e9 bio \u00e0 base de camomille et d\u2019aloe vera, agit de mani\u00e8re d\u00e9licate et favorise le r\u00e9tablissement\" \/>\r\n<meta property=\"og:url\" content=\"https:\/\/paracherkaoui.ma\/index.php\/produit\/camomilla-blu-bio-nettoyant-intime-active-ph-3-5-300-ml\/\" \/>\r\n<meta property=\"og:site_name\" content=\"Paracherkaoui.ma\" \/>\r\n<meta property=\"article:modified_time\" content=\"2025-12-12T17:56:11+00:00\" \/>\r\n<meta property=\"og:image\" content=\"https:\/\/paracherkaoui.ma\/wp-content\/uploads\/2025\/12\/camomilla-blu-camomilla-blu-bio-nettoyant-intime-active-ph-35-300-ml-toilette-intime.jpg\" \/>\r\n\t<meta property=\"og:image:width\" content=\"700\" \/>\r\n\t<meta property=\"og:image:height\" content=\"700\" \/>\r\n\t<meta property=\"og:image:type\" content=\"image\/jpeg\" \/>\r\n<meta name=\"twitter:card\" content=\"summary_large_image\" \/>\r\n<script type=\"application\/ld+json\" class=\"yoast-schema-graph\">{\"@context\":\"https:\/\/schema.org\",\"@graph\":[{\"@type\":\"WebPage\",\"@id\":\"https:\/\/paracherkaoui.ma\/index.php\/produit\/camomilla-blu-bio-nettoyant-intime-active-ph-3-5-300-ml\/\",\"url\":\"https:\/\/paracherkaoui.ma\/index.php\/produit\/camomilla-blu-bio-nettoyant-intime-active-ph-3-5-300-ml\/\",\"name\":\"CAMOMILLA BLU BIO NETTOYANT INTIME ACTIVE PH 3.5 300 ML - Paracherkaoui.ma\",\"isPartOf\":{\"@id\":\"https:\/\/paracherkaoui.ma\/#website\"},\"primaryImageOfPage\":{\"@id\":\"https:\/\/paracherkaoui.ma\/index.php\/produit\/camomilla-blu-bio-nettoyant-intime-active-ph-3-5-300-ml\/#primaryimage\"},\"image\":{\"@id\":\"https:\/\/paracherkaoui.ma\/index.php\/produit\/camomilla-blu-bio-nettoyant-intime-active-ph-3-5-300-ml\/#primaryimage\"},\"thumbnailUrl\":\"https:\/\/paracherkaoui.ma\/wp-content\/uploads\/2025\/12\/camomilla-blu-camomilla-blu-bio-nettoyant-intime-active-ph-35-300-ml-toilette-intime.jpg\",\"datePublished\":\"2025-12-12T17:56:08+00:00\",\"dateModified\":\"2025-12-12T17:56:11+00:00\",\"breadcrumb\":{\"@id\":\"https:\/\/paracherkaoui.ma\/index.php\/produit\/camomilla-blu-bio-nettoyant-intime-active-ph-3-5-300-ml\/#breadcrumb\"},\"inLanguage\":\"fr-FR\",\"potentialAction\":[{\"@type\":\"ReadAction\",\"target\":[\"https:\/\/paracherkaoui.ma\/index.php\/produit\/camomilla-blu-bio-nettoyant-intime-active-ph-3-5-300-ml\/\"]}]},{\"@type\":\"ImageObject\",\"inLanguage\":\"fr-FR\",\"@id\":\"https:\/\/paracherkaoui.ma\/index.php\/produit\/camomilla-blu-bio-nettoyant-intime-active-ph-3-5-300-ml\/#primaryimage\",\"url\":\"https:\/\/paracherkaoui.ma\/wp-content\/uploads\/2025\/12\/camomilla-blu-camomilla-blu-bio-nettoyant-intime-active-ph-35-300-ml-toilette-intime.jpg\",\"contentUrl\":\"https:\/\/paracherkaoui.ma\/wp-content\/uploads\/2025\/12\/camomilla-blu-camomilla-blu-bio-nettoyant-intime-active-ph-35-300-ml-toilette-intime.jpg\",\"width\":700,\"height\":700},{\"@type\":\"BreadcrumbList\",\"@id\":\"https:\/\/paracherkaoui.ma\/index.php\/produit\/camomilla-blu-bio-nettoyant-intime-active-ph-3-5-300-ml\/#breadcrumb\",\"itemListElement\":[{\"@type\":\"ListItem\",\"position\":1,\"name\":\"Accueil\",\"item\":\"https:\/\/paracherkaoui.ma\/\"},{\"@type\":\"ListItem\",\"position\":2,\"name\":\"Boutique\",\"item\":\"https:\/\/paracherkaoui.ma\/index.php\/boutique\/\"},{\"@type\":\"ListItem\",\"position\":3,\"name\":\"CAMOMILLA BLU BIO NETTOYANT INTIME ACTIVE PH 3.5 300 ML\"}]},{\"@type\":\"WebSite\",\"@id\":\"https:\/\/paracherkaoui.ma\/#website\",\"url\":\"https:\/\/paracherkaoui.ma\/\",\"name\":\"Paracherkaoui.ma\",\"description\":\"Achetez en ligne sur Paracherkaoui.ma\",\"potentialAction\":[{\"@type\":\"SearchAction\",\"target\":{\"@type\":\"EntryPoint\",\"urlTemplate\":\"https:\/\/paracherkaoui.ma\/?s={search_term_string}\"},\"query-input\":{\"@type\":\"PropertyValueSpecification\",\"valueRequired\":true,\"valueName\":\"search_term_string\"}}],\"inLanguage\":\"fr-FR\"}]}<\/script>\r\n<!-- \/ Yoast SEO plugin. -->","yoast_head_json":{"title":"CAMOMILLA BLU BIO NETTOYANT INTIME ACTIVE PH 3.5 300 ML - Paracherkaoui.ma","robots":{"index":"index","follow":"follow","max-snippet":"max-snippet:-1","max-image-preview":"max-image-preview:large","max-video-preview":"max-video-preview:-1"},"canonical":"https:\/\/paracherkaoui.ma\/index.php\/produit\/camomilla-blu-bio-nettoyant-intime-active-ph-3-5-300-ml\/","og_locale":"fr_FR","og_type":"article","og_title":"CAMOMILLA BLU BIO NETTOYANT INTIME ACTIVE PH 3.5 300 ML - Paracherkaoui.ma","og_description":"Le nettoyant intime certifi\u00e9 bio \u00e0 base de camomille et d\u2019aloe vera, agit de mani\u00e8re d\u00e9licate et favorise le r\u00e9tablissement","og_url":"https:\/\/paracherkaoui.ma\/index.php\/produit\/camomilla-blu-bio-nettoyant-intime-active-ph-3-5-300-ml\/","og_site_name":"Paracherkaoui.ma","article_modified_time":"2025-12-12T17:56:11+00:00","og_image":[{"width":700,"height":700,"url":"https:\/\/paracherkaoui.ma\/wp-content\/uploads\/2025\/12\/camomilla-blu-camomilla-blu-bio-nettoyant-intime-active-ph-35-300-ml-toilette-intime.jpg","type":"image\/jpeg"}],"twitter_card":"summary_large_image","schema":{"@context":"https:\/\/schema.org","@graph":[{"@type":"WebPage","@id":"https:\/\/paracherkaoui.ma\/index.php\/produit\/camomilla-blu-bio-nettoyant-intime-active-ph-3-5-300-ml\/","url":"https:\/\/paracherkaoui.ma\/index.php\/produit\/camomilla-blu-bio-nettoyant-intime-active-ph-3-5-300-ml\/","name":"CAMOMILLA BLU BIO NETTOYANT INTIME ACTIVE PH 3.5 300 ML - Paracherkaoui.ma","isPartOf":{"@id":"https:\/\/paracherkaoui.ma\/#website"},"primaryImageOfPage":{"@id":"https:\/\/paracherkaoui.ma\/index.php\/produit\/camomilla-blu-bio-nettoyant-intime-active-ph-3-5-300-ml\/#primaryimage"},"image":{"@id":"https:\/\/paracherkaoui.ma\/index.php\/produit\/camomilla-blu-bio-nettoyant-intime-active-ph-3-5-300-ml\/#primaryimage"},"thumbnailUrl":"https:\/\/paracherkaoui.ma\/wp-content\/uploads\/2025\/12\/camomilla-blu-camomilla-blu-bio-nettoyant-intime-active-ph-35-300-ml-toilette-intime.jpg","datePublished":"2025-12-12T17:56:08+00:00","dateModified":"2025-12-12T17:56:11+00:00","breadcrumb":{"@id":"https:\/\/paracherkaoui.ma\/index.php\/produit\/camomilla-blu-bio-nettoyant-intime-active-ph-3-5-300-ml\/#breadcrumb"},"inLanguage":"fr-FR","potentialAction":[{"@type":"ReadAction","target":["https:\/\/paracherkaoui.ma\/index.php\/produit\/camomilla-blu-bio-nettoyant-intime-active-ph-3-5-300-ml\/"]}]},{"@type":"ImageObject","inLanguage":"fr-FR","@id":"https:\/\/paracherkaoui.ma\/index.php\/produit\/camomilla-blu-bio-nettoyant-intime-active-ph-3-5-300-ml\/#primaryimage","url":"https:\/\/paracherkaoui.ma\/wp-content\/uploads\/2025\/12\/camomilla-blu-camomilla-blu-bio-nettoyant-intime-active-ph-35-300-ml-toilette-intime.jpg","contentUrl":"https:\/\/paracherkaoui.ma\/wp-content\/uploads\/2025\/12\/camomilla-blu-camomilla-blu-bio-nettoyant-intime-active-ph-35-300-ml-toilette-intime.jpg","width":700,"height":700},{"@type":"BreadcrumbList","@id":"https:\/\/paracherkaoui.ma\/index.php\/produit\/camomilla-blu-bio-nettoyant-intime-active-ph-3-5-300-ml\/#breadcrumb","itemListElement":[{"@type":"ListItem","position":1,"name":"Accueil","item":"https:\/\/paracherkaoui.ma\/"},{"@type":"ListItem","position":2,"name":"Boutique","item":"https:\/\/paracherkaoui.ma\/index.php\/boutique\/"},{"@type":"ListItem","position":3,"name":"CAMOMILLA BLU BIO NETTOYANT INTIME ACTIVE PH 3.5 300 ML"}]},{"@type":"WebSite","@id":"https:\/\/paracherkaoui.ma\/#website","url":"https:\/\/paracherkaoui.ma\/","name":"Paracherkaoui.ma","description":"Achetez en ligne sur Paracherkaoui.ma","potentialAction":[{"@type":"SearchAction","target":{"@type":"EntryPoint","urlTemplate":"https:\/\/paracherkaoui.ma\/?s={search_term_string}"},"query-input":{"@type":"PropertyValueSpecification","valueRequired":true,"valueName":"search_term_string"}}],"inLanguage":"fr-FR"}]}},"_links":{"self":[{"href":"https:\/\/paracherkaoui.ma\/index.php\/wp-json\/wp\/v2\/product\/36447","targetHints":{"allow":["GET"]}}],"collection":[{"href":"https:\/\/paracherkaoui.ma\/index.php\/wp-json\/wp\/v2\/product"}],"about":[{"href":"https:\/\/paracherkaoui.ma\/index.php\/wp-json\/wp\/v2\/types\/product"}],"replies":[{"embeddable":true,"href":"https:\/\/paracherkaoui.ma\/index.php\/wp-json\/wp\/v2\/comments?post=36447"}],"version-history":[{"count":1,"href":"https:\/\/paracherkaoui.ma\/index.php\/wp-json\/wp\/v2\/product\/36447\/revisions"}],"predecessor-version":[{"id":36482,"href":"https:\/\/paracherkaoui.ma\/index.php\/wp-json\/wp\/v2\/product\/36447\/revisions\/36482"}],"wp:featuredmedia":[{"embeddable":true,"href":"https:\/\/paracherkaoui.ma\/index.php\/wp-json\/wp\/v2\/media\/36481"}],"wp:attachment":[{"href":"https:\/\/paracherkaoui.ma\/index.php\/wp-json\/wp\/v2\/media?parent=36447"}],"wp:term":[{"taxonomy":"product_brand","embeddable":true,"href":"https:\/\/paracherkaoui.ma\/index.php\/wp-json\/wp\/v2\/product_brand?post=36447"},{"taxonomy":"product_cat","embeddable":true,"href":"https:\/\/paracherkaoui.ma\/index.php\/wp-json\/wp\/v2\/product_cat?post=36447"},{"taxonomy":"product_tag","embeddable":true,"href":"https:\/\/paracherkaoui.ma\/index.php\/wp-json\/wp\/v2\/product_tag?post=36447"}],"curies":[{"name":"wp","href":"https:\/\/api.w.org\/{rel}","templated":true}]}}