{"id":36317,"date":"2025-12-12T18:55:55","date_gmt":"2025-12-12T17:55:55","guid":{"rendered":"https:\/\/test.ecbeaute.com\/?post_type=product&#038;p=36317"},"modified":"2025-12-12T18:55:58","modified_gmt":"2025-12-12T17:55:58","slug":"vichy-creme-depilatoire-150-ml-4","status":"publish","type":"product","link":"https:\/\/paracherkaoui.ma\/index.php\/produit\/vichy-creme-depilatoire-150-ml-4\/","title":{"rendered":"VICHY CREME DEPILATOIRE 150 ML"},"content":{"rendered":"<p>Sa texture onctueuse s\u2019applique facilement et assure une \u00e9pilation rapide, sans douleur, sur les jambes, les aisselles ou le maillot. En seulement quelques minutes, votre peau est nette, douce et souple, sans sensations d&rsquo;irritation. L\u2019eau thermale de Vichy hydrate et apaise, tandis que l\u2019huile d\u2019amande douce prot\u00e8ge des rougeurs et que le beurre de karit\u00e9 renforce la barri\u00e8re cutan\u00e9e. Formul\u00e9e sans compromis sur la tol\u00e9rance, cette cr\u00e8me a \u00e9t\u00e9 test\u00e9e sous contr\u00f4le dermatologique, garantissant une s\u00e9curit\u00e9 maximale pour les peaux les plus d\u00e9licates. Efficacit\u00e9 : Sp\u00e9cialement con\u00e7ue pour les peaux sensibles, la cr\u00e8me d\u00e9pilatoire dermo-tol\u00e9rance est enrichie en Eau Thermale apaisante et anti-irritante, ainsi qu\u2019en huile d\u2019amande adoucissante. Sa Texture : onctueuse permet une application facile et une \u00e9limination en douceur de tous les poils. Adapt\u00e9e aux jambes, aux aisselles et au maillot, elle laisse la peau hydrat\u00e9e, apais\u00e9e et incroyablement douce. \u2022 \u00c9limine en douceur tous les poils. \u2022 La peau, respect\u00e9e pendant l\u2019application, est parfaitement nette et douce. Conseils d&rsquo;utilisation Effectuez un test de tol\u00e9rance cutan\u00e9e 24h avant la premi\u00e8re application. Sur une peau propre, s\u00e8che et non irrit\u00e9e, appliquez une couche \u00e9paisse de cr\u00e8me \u00e0 l\u2019aide de la spatule. Laissez agir entre 5 et 8 minutes sans d\u00e9passer le temps recommand\u00e9. Retirez la cr\u00e8me \u00e0 l\u2019aide de la spatule, puis rincez abondamment \u00e0 l\u2019eau froide. \u00c9vitez toute exposition au soleil avant et apr\u00e8s l\u2019\u00e9pilation. Ne pas utiliser sur peau irrit\u00e9e ou l\u00e9s\u00e9e. \u00c9vitez le contact avec les yeux. Composition Ingr\u00e9dients &#038; Principes Actifs Cl\u00e9s : &#8211; Eau Thermale de Vichy : eau min\u00e9ralisante tr\u00e8s riche en nutriments, dispose de vertus hydratantes et apaisantes recommand\u00e9es pour prendre soin d&rsquo;un \u00e9piderme dess\u00e9ch\u00e9. &#8211; Huile V\u00e9g\u00e9tale d&rsquo;Amande : adoucissante et tonifiante. Gr\u00e2ce \u00e0 ses propri\u00e9t\u00e9s apaisantes et anti-inflammatoires, l\u2019huile d\u2019amande prot\u00e8ge des irritations. &#8211; Beurre de Karit\u00e9 : Riche en insaponifiables et acides gras polyinsatur\u00e9s, le beurre de karit\u00e9 am\u00e9liore l\u2019hydratation et la souplesse de l\u2019\u00e9piderme. AQUA, THIOGLYCOLIC ACID, CETEARYL ALCOHOL, SORBITOL, CALCIUM OXIDE, CETETH-2, BUTYROSPERMUM PARKII, SODIUM HYDROXIDE, STEARIC ACID, STEARYL ALCOHOL, CETEARETH-30, TRIETHANOLAMINE, CETYL ALCOHOL, PRUNUS DULCIS, SODIUM GLUCEPTATE, PARFUM<\/p>\n","protected":false},"excerpt":{"rendered":"<p>Sa texture onctueuse s\u2019applique facilement et assure une \u00e9pilation rapide, sans douleur, sur les jambes, les aisselles ou le maillot.<\/p>\n","protected":false},"featured_media":32063,"comment_status":"open","ping_status":"closed","template":"","meta":[],"product_brand":[139],"product_cat":[594],"product_tag":[],"class_list":{"0":"post-36317","1":"product","2":"type-product","3":"status-publish","4":"has-post-thumbnail","6":"product_brand-vichy","7":"product_cat-cremes-depilatoires-et-epilateurs","9":"first","10":"instock","11":"sale","12":"shipping-taxable","13":"purchasable","14":"product-type-simple"},"yoast_head":"<!-- This site is optimized with the Yoast SEO plugin v26.6 - https:\/\/yoast.com\/wordpress\/plugins\/seo\/ -->\r\n<title>VICHY CREME DEPILATOIRE 150 ML - Paracherkaoui.ma<\/title>\r\n<meta name=\"robots\" content=\"index, follow, max-snippet:-1, max-image-preview:large, max-video-preview:-1\" \/>\r\n<link rel=\"canonical\" href=\"https:\/\/paracherkaoui.ma\/index.php\/produit\/vichy-creme-depilatoire-150-ml-4\/\" \/>\r\n<meta property=\"og:locale\" content=\"fr_FR\" \/>\r\n<meta property=\"og:type\" content=\"article\" \/>\r\n<meta property=\"og:title\" content=\"VICHY CREME DEPILATOIRE 150 ML - Paracherkaoui.ma\" \/>\r\n<meta property=\"og:description\" content=\"Sa texture onctueuse s\u2019applique facilement et assure une \u00e9pilation rapide, sans douleur, sur les jambes, les aisselles ou le maillot.\" \/>\r\n<meta property=\"og:url\" content=\"https:\/\/paracherkaoui.ma\/index.php\/produit\/vichy-creme-depilatoire-150-ml-4\/\" \/>\r\n<meta property=\"og:site_name\" content=\"Paracherkaoui.ma\" \/>\r\n<meta property=\"article:modified_time\" content=\"2025-12-12T17:55:58+00:00\" \/>\r\n<meta property=\"og:image\" content=\"https:\/\/paracherkaoui.ma\/wp-content\/uploads\/2025\/12\/vichy-vichy-creme-depilatoire-150-ml-cremes-depilatoires-et-epilateurs.jpg\" \/>\r\n\t<meta property=\"og:image:width\" content=\"700\" \/>\r\n\t<meta property=\"og:image:height\" content=\"700\" \/>\r\n\t<meta property=\"og:image:type\" content=\"image\/jpeg\" \/>\r\n<meta name=\"twitter:card\" content=\"summary_large_image\" \/>\r\n<meta name=\"twitter:label1\" content=\"Dur\u00e9e de lecture estim\u00e9e\" \/>\n\t<meta name=\"twitter:data1\" content=\"2 minutes\" \/>\r\n<script type=\"application\/ld+json\" class=\"yoast-schema-graph\">{\"@context\":\"https:\/\/schema.org\",\"@graph\":[{\"@type\":\"WebPage\",\"@id\":\"https:\/\/paracherkaoui.ma\/index.php\/produit\/vichy-creme-depilatoire-150-ml-4\/\",\"url\":\"https:\/\/paracherkaoui.ma\/index.php\/produit\/vichy-creme-depilatoire-150-ml-4\/\",\"name\":\"VICHY CREME DEPILATOIRE 150 ML - Paracherkaoui.ma\",\"isPartOf\":{\"@id\":\"https:\/\/paracherkaoui.ma\/#website\"},\"primaryImageOfPage\":{\"@id\":\"https:\/\/paracherkaoui.ma\/index.php\/produit\/vichy-creme-depilatoire-150-ml-4\/#primaryimage\"},\"image\":{\"@id\":\"https:\/\/paracherkaoui.ma\/index.php\/produit\/vichy-creme-depilatoire-150-ml-4\/#primaryimage\"},\"thumbnailUrl\":\"https:\/\/paracherkaoui.ma\/wp-content\/uploads\/2025\/12\/vichy-vichy-creme-depilatoire-150-ml-cremes-depilatoires-et-epilateurs.jpg\",\"datePublished\":\"2025-12-12T17:55:55+00:00\",\"dateModified\":\"2025-12-12T17:55:58+00:00\",\"breadcrumb\":{\"@id\":\"https:\/\/paracherkaoui.ma\/index.php\/produit\/vichy-creme-depilatoire-150-ml-4\/#breadcrumb\"},\"inLanguage\":\"fr-FR\",\"potentialAction\":[{\"@type\":\"ReadAction\",\"target\":[\"https:\/\/paracherkaoui.ma\/index.php\/produit\/vichy-creme-depilatoire-150-ml-4\/\"]}]},{\"@type\":\"ImageObject\",\"inLanguage\":\"fr-FR\",\"@id\":\"https:\/\/paracherkaoui.ma\/index.php\/produit\/vichy-creme-depilatoire-150-ml-4\/#primaryimage\",\"url\":\"https:\/\/paracherkaoui.ma\/wp-content\/uploads\/2025\/12\/vichy-vichy-creme-depilatoire-150-ml-cremes-depilatoires-et-epilateurs.jpg\",\"contentUrl\":\"https:\/\/paracherkaoui.ma\/wp-content\/uploads\/2025\/12\/vichy-vichy-creme-depilatoire-150-ml-cremes-depilatoires-et-epilateurs.jpg\",\"width\":700,\"height\":700},{\"@type\":\"BreadcrumbList\",\"@id\":\"https:\/\/paracherkaoui.ma\/index.php\/produit\/vichy-creme-depilatoire-150-ml-4\/#breadcrumb\",\"itemListElement\":[{\"@type\":\"ListItem\",\"position\":1,\"name\":\"Accueil\",\"item\":\"https:\/\/paracherkaoui.ma\/\"},{\"@type\":\"ListItem\",\"position\":2,\"name\":\"Boutique\",\"item\":\"https:\/\/paracherkaoui.ma\/index.php\/boutique\/\"},{\"@type\":\"ListItem\",\"position\":3,\"name\":\"VICHY CREME DEPILATOIRE 150 ML\"}]},{\"@type\":\"WebSite\",\"@id\":\"https:\/\/paracherkaoui.ma\/#website\",\"url\":\"https:\/\/paracherkaoui.ma\/\",\"name\":\"Paracherkaoui.ma\",\"description\":\"Achetez en ligne sur Paracherkaoui.ma\",\"potentialAction\":[{\"@type\":\"SearchAction\",\"target\":{\"@type\":\"EntryPoint\",\"urlTemplate\":\"https:\/\/paracherkaoui.ma\/?s={search_term_string}\"},\"query-input\":{\"@type\":\"PropertyValueSpecification\",\"valueRequired\":true,\"valueName\":\"search_term_string\"}}],\"inLanguage\":\"fr-FR\"}]}<\/script>\r\n<!-- \/ Yoast SEO plugin. -->","yoast_head_json":{"title":"VICHY CREME DEPILATOIRE 150 ML - Paracherkaoui.ma","robots":{"index":"index","follow":"follow","max-snippet":"max-snippet:-1","max-image-preview":"max-image-preview:large","max-video-preview":"max-video-preview:-1"},"canonical":"https:\/\/paracherkaoui.ma\/index.php\/produit\/vichy-creme-depilatoire-150-ml-4\/","og_locale":"fr_FR","og_type":"article","og_title":"VICHY CREME DEPILATOIRE 150 ML - Paracherkaoui.ma","og_description":"Sa texture onctueuse s\u2019applique facilement et assure une \u00e9pilation rapide, sans douleur, sur les jambes, les aisselles ou le maillot.","og_url":"https:\/\/paracherkaoui.ma\/index.php\/produit\/vichy-creme-depilatoire-150-ml-4\/","og_site_name":"Paracherkaoui.ma","article_modified_time":"2025-12-12T17:55:58+00:00","og_image":[{"width":700,"height":700,"url":"https:\/\/paracherkaoui.ma\/wp-content\/uploads\/2025\/12\/vichy-vichy-creme-depilatoire-150-ml-cremes-depilatoires-et-epilateurs.jpg","type":"image\/jpeg"}],"twitter_card":"summary_large_image","twitter_misc":{"Dur\u00e9e de lecture estim\u00e9e":"2 minutes"},"schema":{"@context":"https:\/\/schema.org","@graph":[{"@type":"WebPage","@id":"https:\/\/paracherkaoui.ma\/index.php\/produit\/vichy-creme-depilatoire-150-ml-4\/","url":"https:\/\/paracherkaoui.ma\/index.php\/produit\/vichy-creme-depilatoire-150-ml-4\/","name":"VICHY CREME DEPILATOIRE 150 ML - Paracherkaoui.ma","isPartOf":{"@id":"https:\/\/paracherkaoui.ma\/#website"},"primaryImageOfPage":{"@id":"https:\/\/paracherkaoui.ma\/index.php\/produit\/vichy-creme-depilatoire-150-ml-4\/#primaryimage"},"image":{"@id":"https:\/\/paracherkaoui.ma\/index.php\/produit\/vichy-creme-depilatoire-150-ml-4\/#primaryimage"},"thumbnailUrl":"https:\/\/paracherkaoui.ma\/wp-content\/uploads\/2025\/12\/vichy-vichy-creme-depilatoire-150-ml-cremes-depilatoires-et-epilateurs.jpg","datePublished":"2025-12-12T17:55:55+00:00","dateModified":"2025-12-12T17:55:58+00:00","breadcrumb":{"@id":"https:\/\/paracherkaoui.ma\/index.php\/produit\/vichy-creme-depilatoire-150-ml-4\/#breadcrumb"},"inLanguage":"fr-FR","potentialAction":[{"@type":"ReadAction","target":["https:\/\/paracherkaoui.ma\/index.php\/produit\/vichy-creme-depilatoire-150-ml-4\/"]}]},{"@type":"ImageObject","inLanguage":"fr-FR","@id":"https:\/\/paracherkaoui.ma\/index.php\/produit\/vichy-creme-depilatoire-150-ml-4\/#primaryimage","url":"https:\/\/paracherkaoui.ma\/wp-content\/uploads\/2025\/12\/vichy-vichy-creme-depilatoire-150-ml-cremes-depilatoires-et-epilateurs.jpg","contentUrl":"https:\/\/paracherkaoui.ma\/wp-content\/uploads\/2025\/12\/vichy-vichy-creme-depilatoire-150-ml-cremes-depilatoires-et-epilateurs.jpg","width":700,"height":700},{"@type":"BreadcrumbList","@id":"https:\/\/paracherkaoui.ma\/index.php\/produit\/vichy-creme-depilatoire-150-ml-4\/#breadcrumb","itemListElement":[{"@type":"ListItem","position":1,"name":"Accueil","item":"https:\/\/paracherkaoui.ma\/"},{"@type":"ListItem","position":2,"name":"Boutique","item":"https:\/\/paracherkaoui.ma\/index.php\/boutique\/"},{"@type":"ListItem","position":3,"name":"VICHY CREME DEPILATOIRE 150 ML"}]},{"@type":"WebSite","@id":"https:\/\/paracherkaoui.ma\/#website","url":"https:\/\/paracherkaoui.ma\/","name":"Paracherkaoui.ma","description":"Achetez en ligne sur Paracherkaoui.ma","potentialAction":[{"@type":"SearchAction","target":{"@type":"EntryPoint","urlTemplate":"https:\/\/paracherkaoui.ma\/?s={search_term_string}"},"query-input":{"@type":"PropertyValueSpecification","valueRequired":true,"valueName":"search_term_string"}}],"inLanguage":"fr-FR"}]}},"_links":{"self":[{"href":"https:\/\/paracherkaoui.ma\/index.php\/wp-json\/wp\/v2\/product\/36317","targetHints":{"allow":["GET"]}}],"collection":[{"href":"https:\/\/paracherkaoui.ma\/index.php\/wp-json\/wp\/v2\/product"}],"about":[{"href":"https:\/\/paracherkaoui.ma\/index.php\/wp-json\/wp\/v2\/types\/product"}],"replies":[{"embeddable":true,"href":"https:\/\/paracherkaoui.ma\/index.php\/wp-json\/wp\/v2\/comments?post=36317"}],"version-history":[{"count":1,"href":"https:\/\/paracherkaoui.ma\/index.php\/wp-json\/wp\/v2\/product\/36317\/revisions"}],"predecessor-version":[{"id":36347,"href":"https:\/\/paracherkaoui.ma\/index.php\/wp-json\/wp\/v2\/product\/36317\/revisions\/36347"}],"wp:featuredmedia":[{"embeddable":true,"href":"https:\/\/paracherkaoui.ma\/index.php\/wp-json\/wp\/v2\/media\/32063"}],"wp:attachment":[{"href":"https:\/\/paracherkaoui.ma\/index.php\/wp-json\/wp\/v2\/media?parent=36317"}],"wp:term":[{"taxonomy":"product_brand","embeddable":true,"href":"https:\/\/paracherkaoui.ma\/index.php\/wp-json\/wp\/v2\/product_brand?post=36317"},{"taxonomy":"product_cat","embeddable":true,"href":"https:\/\/paracherkaoui.ma\/index.php\/wp-json\/wp\/v2\/product_cat?post=36317"},{"taxonomy":"product_tag","embeddable":true,"href":"https:\/\/paracherkaoui.ma\/index.php\/wp-json\/wp\/v2\/product_tag?post=36317"}],"curies":[{"name":"wp","href":"https:\/\/api.w.org\/{rel}","templated":true}]}}