{"id":36263,"date":"2025-12-12T18:55:43","date_gmt":"2025-12-12T17:55:43","guid":{"rendered":"https:\/\/test.ecbeaute.com\/?post_type=product&#038;p=36263"},"modified":"2025-12-12T18:55:44","modified_gmt":"2025-12-12T17:55:44","slug":"neostrata-creme-raffermissante-pour-le-cou-et-decollete-80-g-4","status":"publish","type":"product","link":"https:\/\/paracherkaoui.ma\/index.php\/produit\/neostrata-creme-raffermissante-pour-le-cou-et-decollete-80-g-4\/","title":{"rendered":"NEOSTRATA CREME RAFFERMISSANTE POUR LE COU ET DECOLLETE 80 G"},"content":{"rendered":"<p>NeoStrata Skin Active Triple Firming Neck Cream\u00a0est une cr\u00e8me sp\u00e9cialement con\u00e7ue pour\u00a0att\u00e9nuer les signes de l\u2019\u00e2ge\u00a0et\u00a0raffermir la peau\u00a0du cou et du d\u00e9collet\u00e9. Elle est formul\u00e9e \u00e0 base de 3 ingr\u00e9dients raffermissants qui stimulent la synth\u00e8se du collag\u00e8ne et la production d&rsquo;acide hyaluronique pour aider \u00e0\u00a0raffermir et repulper la peau,\u00a0att\u00e9nuer les taches\u00a0et\u00a0unifier le teint. Elle contient \u00e9galement des extraits de cellules souche de pomme qui prot\u00e8gent la\u00a0long\u00e9vit\u00e9 des cellules cutan\u00e9es. Obtenez une peau ferme, \u00e9lastique et rajeunie. MODE D&rsquo;EMPLOI Appliquer 2 fois par jour sur le cou et le d\u00e9collet\u00e9 en massant d\u00e9licatement du bout des doigts.<\/p>\n","protected":false},"excerpt":{"rendered":"<p>NeoStrata Skin Active Triple Firming Neck Cream\u00a0est une cr\u00e8me sp\u00e9cialement con\u00e7ue pour\u00a0att\u00e9nuer les signes de l\u2019\u00e2ge\u00a0et\u00a0raffermir la peau\u00a0du cou et<\/p>\n","protected":false},"featured_media":32002,"comment_status":"open","ping_status":"closed","template":"","meta":[],"product_brand":[404],"product_cat":[592],"product_tag":[],"class_list":{"0":"post-36263","1":"product","2":"type-product","3":"status-publish","4":"has-post-thumbnail","6":"product_brand-neostrata","7":"product_cat-cellulite-et-anti-vergetures","9":"first","10":"instock","11":"sale","12":"shipping-taxable","13":"purchasable","14":"product-type-simple"},"yoast_head":"<!-- This site is optimized with the Yoast SEO plugin v26.6 - https:\/\/yoast.com\/wordpress\/plugins\/seo\/ -->\r\n<title>NEOSTRATA CREME RAFFERMISSANTE POUR LE COU ET DECOLLETE 80 G - Paracherkaoui.ma<\/title>\r\n<meta name=\"robots\" content=\"index, follow, max-snippet:-1, max-image-preview:large, max-video-preview:-1\" \/>\r\n<link rel=\"canonical\" href=\"https:\/\/paracherkaoui.ma\/index.php\/produit\/neostrata-creme-raffermissante-pour-le-cou-et-decollete-80-g-4\/\" \/>\r\n<meta property=\"og:locale\" content=\"fr_FR\" \/>\r\n<meta property=\"og:type\" content=\"article\" \/>\r\n<meta property=\"og:title\" content=\"NEOSTRATA CREME RAFFERMISSANTE POUR LE COU ET DECOLLETE 80 G - Paracherkaoui.ma\" \/>\r\n<meta property=\"og:description\" content=\"NeoStrata Skin Active Triple Firming Neck Cream\u00a0est une cr\u00e8me sp\u00e9cialement con\u00e7ue pour\u00a0att\u00e9nuer les signes de l\u2019\u00e2ge\u00a0et\u00a0raffermir la peau\u00a0du cou et\" \/>\r\n<meta property=\"og:url\" content=\"https:\/\/paracherkaoui.ma\/index.php\/produit\/neostrata-creme-raffermissante-pour-le-cou-et-decollete-80-g-4\/\" \/>\r\n<meta property=\"og:site_name\" content=\"Paracherkaoui.ma\" \/>\r\n<meta property=\"article:modified_time\" content=\"2025-12-12T17:55:44+00:00\" \/>\r\n<meta property=\"og:image\" content=\"https:\/\/paracherkaoui.ma\/wp-content\/uploads\/2025\/12\/neostrata-neostrata-creme-raffermissante-pour-le-cou-et-decollete-80-g-hydratation-corps.jpg\" \/>\r\n\t<meta property=\"og:image:width\" content=\"700\" \/>\r\n\t<meta property=\"og:image:height\" content=\"700\" \/>\r\n\t<meta property=\"og:image:type\" content=\"image\/jpeg\" \/>\r\n<meta name=\"twitter:card\" content=\"summary_large_image\" \/>\r\n<meta name=\"twitter:label1\" content=\"Dur\u00e9e de lecture estim\u00e9e\" \/>\n\t<meta name=\"twitter:data1\" content=\"1 minute\" \/>\r\n<script type=\"application\/ld+json\" class=\"yoast-schema-graph\">{\"@context\":\"https:\/\/schema.org\",\"@graph\":[{\"@type\":\"WebPage\",\"@id\":\"https:\/\/paracherkaoui.ma\/index.php\/produit\/neostrata-creme-raffermissante-pour-le-cou-et-decollete-80-g-4\/\",\"url\":\"https:\/\/paracherkaoui.ma\/index.php\/produit\/neostrata-creme-raffermissante-pour-le-cou-et-decollete-80-g-4\/\",\"name\":\"NEOSTRATA CREME RAFFERMISSANTE POUR LE COU ET DECOLLETE 80 G - Paracherkaoui.ma\",\"isPartOf\":{\"@id\":\"https:\/\/paracherkaoui.ma\/#website\"},\"primaryImageOfPage\":{\"@id\":\"https:\/\/paracherkaoui.ma\/index.php\/produit\/neostrata-creme-raffermissante-pour-le-cou-et-decollete-80-g-4\/#primaryimage\"},\"image\":{\"@id\":\"https:\/\/paracherkaoui.ma\/index.php\/produit\/neostrata-creme-raffermissante-pour-le-cou-et-decollete-80-g-4\/#primaryimage\"},\"thumbnailUrl\":\"https:\/\/paracherkaoui.ma\/wp-content\/uploads\/2025\/12\/neostrata-neostrata-creme-raffermissante-pour-le-cou-et-decollete-80-g-hydratation-corps.jpg\",\"datePublished\":\"2025-12-12T17:55:43+00:00\",\"dateModified\":\"2025-12-12T17:55:44+00:00\",\"breadcrumb\":{\"@id\":\"https:\/\/paracherkaoui.ma\/index.php\/produit\/neostrata-creme-raffermissante-pour-le-cou-et-decollete-80-g-4\/#breadcrumb\"},\"inLanguage\":\"fr-FR\",\"potentialAction\":[{\"@type\":\"ReadAction\",\"target\":[\"https:\/\/paracherkaoui.ma\/index.php\/produit\/neostrata-creme-raffermissante-pour-le-cou-et-decollete-80-g-4\/\"]}]},{\"@type\":\"ImageObject\",\"inLanguage\":\"fr-FR\",\"@id\":\"https:\/\/paracherkaoui.ma\/index.php\/produit\/neostrata-creme-raffermissante-pour-le-cou-et-decollete-80-g-4\/#primaryimage\",\"url\":\"https:\/\/paracherkaoui.ma\/wp-content\/uploads\/2025\/12\/neostrata-neostrata-creme-raffermissante-pour-le-cou-et-decollete-80-g-hydratation-corps.jpg\",\"contentUrl\":\"https:\/\/paracherkaoui.ma\/wp-content\/uploads\/2025\/12\/neostrata-neostrata-creme-raffermissante-pour-le-cou-et-decollete-80-g-hydratation-corps.jpg\",\"width\":700,\"height\":700},{\"@type\":\"BreadcrumbList\",\"@id\":\"https:\/\/paracherkaoui.ma\/index.php\/produit\/neostrata-creme-raffermissante-pour-le-cou-et-decollete-80-g-4\/#breadcrumb\",\"itemListElement\":[{\"@type\":\"ListItem\",\"position\":1,\"name\":\"Accueil\",\"item\":\"https:\/\/paracherkaoui.ma\/\"},{\"@type\":\"ListItem\",\"position\":2,\"name\":\"Boutique\",\"item\":\"https:\/\/paracherkaoui.ma\/index.php\/boutique\/\"},{\"@type\":\"ListItem\",\"position\":3,\"name\":\"NEOSTRATA CREME RAFFERMISSANTE POUR LE COU ET DECOLLETE 80 G\"}]},{\"@type\":\"WebSite\",\"@id\":\"https:\/\/paracherkaoui.ma\/#website\",\"url\":\"https:\/\/paracherkaoui.ma\/\",\"name\":\"Paracherkaoui.ma\",\"description\":\"Achetez en ligne sur Paracherkaoui.ma\",\"potentialAction\":[{\"@type\":\"SearchAction\",\"target\":{\"@type\":\"EntryPoint\",\"urlTemplate\":\"https:\/\/paracherkaoui.ma\/?s={search_term_string}\"},\"query-input\":{\"@type\":\"PropertyValueSpecification\",\"valueRequired\":true,\"valueName\":\"search_term_string\"}}],\"inLanguage\":\"fr-FR\"}]}<\/script>\r\n<!-- \/ Yoast SEO plugin. -->","yoast_head_json":{"title":"NEOSTRATA CREME RAFFERMISSANTE POUR LE COU ET DECOLLETE 80 G - Paracherkaoui.ma","robots":{"index":"index","follow":"follow","max-snippet":"max-snippet:-1","max-image-preview":"max-image-preview:large","max-video-preview":"max-video-preview:-1"},"canonical":"https:\/\/paracherkaoui.ma\/index.php\/produit\/neostrata-creme-raffermissante-pour-le-cou-et-decollete-80-g-4\/","og_locale":"fr_FR","og_type":"article","og_title":"NEOSTRATA CREME RAFFERMISSANTE POUR LE COU ET DECOLLETE 80 G - Paracherkaoui.ma","og_description":"NeoStrata Skin Active Triple Firming Neck Cream\u00a0est une cr\u00e8me sp\u00e9cialement con\u00e7ue pour\u00a0att\u00e9nuer les signes de l\u2019\u00e2ge\u00a0et\u00a0raffermir la peau\u00a0du cou et","og_url":"https:\/\/paracherkaoui.ma\/index.php\/produit\/neostrata-creme-raffermissante-pour-le-cou-et-decollete-80-g-4\/","og_site_name":"Paracherkaoui.ma","article_modified_time":"2025-12-12T17:55:44+00:00","og_image":[{"width":700,"height":700,"url":"https:\/\/paracherkaoui.ma\/wp-content\/uploads\/2025\/12\/neostrata-neostrata-creme-raffermissante-pour-le-cou-et-decollete-80-g-hydratation-corps.jpg","type":"image\/jpeg"}],"twitter_card":"summary_large_image","twitter_misc":{"Dur\u00e9e de lecture estim\u00e9e":"1 minute"},"schema":{"@context":"https:\/\/schema.org","@graph":[{"@type":"WebPage","@id":"https:\/\/paracherkaoui.ma\/index.php\/produit\/neostrata-creme-raffermissante-pour-le-cou-et-decollete-80-g-4\/","url":"https:\/\/paracherkaoui.ma\/index.php\/produit\/neostrata-creme-raffermissante-pour-le-cou-et-decollete-80-g-4\/","name":"NEOSTRATA CREME RAFFERMISSANTE POUR LE COU ET DECOLLETE 80 G - Paracherkaoui.ma","isPartOf":{"@id":"https:\/\/paracherkaoui.ma\/#website"},"primaryImageOfPage":{"@id":"https:\/\/paracherkaoui.ma\/index.php\/produit\/neostrata-creme-raffermissante-pour-le-cou-et-decollete-80-g-4\/#primaryimage"},"image":{"@id":"https:\/\/paracherkaoui.ma\/index.php\/produit\/neostrata-creme-raffermissante-pour-le-cou-et-decollete-80-g-4\/#primaryimage"},"thumbnailUrl":"https:\/\/paracherkaoui.ma\/wp-content\/uploads\/2025\/12\/neostrata-neostrata-creme-raffermissante-pour-le-cou-et-decollete-80-g-hydratation-corps.jpg","datePublished":"2025-12-12T17:55:43+00:00","dateModified":"2025-12-12T17:55:44+00:00","breadcrumb":{"@id":"https:\/\/paracherkaoui.ma\/index.php\/produit\/neostrata-creme-raffermissante-pour-le-cou-et-decollete-80-g-4\/#breadcrumb"},"inLanguage":"fr-FR","potentialAction":[{"@type":"ReadAction","target":["https:\/\/paracherkaoui.ma\/index.php\/produit\/neostrata-creme-raffermissante-pour-le-cou-et-decollete-80-g-4\/"]}]},{"@type":"ImageObject","inLanguage":"fr-FR","@id":"https:\/\/paracherkaoui.ma\/index.php\/produit\/neostrata-creme-raffermissante-pour-le-cou-et-decollete-80-g-4\/#primaryimage","url":"https:\/\/paracherkaoui.ma\/wp-content\/uploads\/2025\/12\/neostrata-neostrata-creme-raffermissante-pour-le-cou-et-decollete-80-g-hydratation-corps.jpg","contentUrl":"https:\/\/paracherkaoui.ma\/wp-content\/uploads\/2025\/12\/neostrata-neostrata-creme-raffermissante-pour-le-cou-et-decollete-80-g-hydratation-corps.jpg","width":700,"height":700},{"@type":"BreadcrumbList","@id":"https:\/\/paracherkaoui.ma\/index.php\/produit\/neostrata-creme-raffermissante-pour-le-cou-et-decollete-80-g-4\/#breadcrumb","itemListElement":[{"@type":"ListItem","position":1,"name":"Accueil","item":"https:\/\/paracherkaoui.ma\/"},{"@type":"ListItem","position":2,"name":"Boutique","item":"https:\/\/paracherkaoui.ma\/index.php\/boutique\/"},{"@type":"ListItem","position":3,"name":"NEOSTRATA CREME RAFFERMISSANTE POUR LE COU ET DECOLLETE 80 G"}]},{"@type":"WebSite","@id":"https:\/\/paracherkaoui.ma\/#website","url":"https:\/\/paracherkaoui.ma\/","name":"Paracherkaoui.ma","description":"Achetez en ligne sur Paracherkaoui.ma","potentialAction":[{"@type":"SearchAction","target":{"@type":"EntryPoint","urlTemplate":"https:\/\/paracherkaoui.ma\/?s={search_term_string}"},"query-input":{"@type":"PropertyValueSpecification","valueRequired":true,"valueName":"search_term_string"}}],"inLanguage":"fr-FR"}]}},"_links":{"self":[{"href":"https:\/\/paracherkaoui.ma\/index.php\/wp-json\/wp\/v2\/product\/36263","targetHints":{"allow":["GET"]}}],"collection":[{"href":"https:\/\/paracherkaoui.ma\/index.php\/wp-json\/wp\/v2\/product"}],"about":[{"href":"https:\/\/paracherkaoui.ma\/index.php\/wp-json\/wp\/v2\/types\/product"}],"replies":[{"embeddable":true,"href":"https:\/\/paracherkaoui.ma\/index.php\/wp-json\/wp\/v2\/comments?post=36263"}],"version-history":[{"count":1,"href":"https:\/\/paracherkaoui.ma\/index.php\/wp-json\/wp\/v2\/product\/36263\/revisions"}],"predecessor-version":[{"id":36283,"href":"https:\/\/paracherkaoui.ma\/index.php\/wp-json\/wp\/v2\/product\/36263\/revisions\/36283"}],"wp:featuredmedia":[{"embeddable":true,"href":"https:\/\/paracherkaoui.ma\/index.php\/wp-json\/wp\/v2\/media\/32002"}],"wp:attachment":[{"href":"https:\/\/paracherkaoui.ma\/index.php\/wp-json\/wp\/v2\/media?parent=36263"}],"wp:term":[{"taxonomy":"product_brand","embeddable":true,"href":"https:\/\/paracherkaoui.ma\/index.php\/wp-json\/wp\/v2\/product_brand?post=36263"},{"taxonomy":"product_cat","embeddable":true,"href":"https:\/\/paracherkaoui.ma\/index.php\/wp-json\/wp\/v2\/product_cat?post=36263"},{"taxonomy":"product_tag","embeddable":true,"href":"https:\/\/paracherkaoui.ma\/index.php\/wp-json\/wp\/v2\/product_tag?post=36263"}],"curies":[{"name":"wp","href":"https:\/\/api.w.org\/{rel}","templated":true}]}}