{"id":36260,"date":"2025-12-12T18:55:43","date_gmt":"2025-12-12T17:55:43","guid":{"rendered":"https:\/\/test.ecbeaute.com\/?post_type=product&#038;p=36260"},"modified":"2025-12-12T18:55:44","modified_gmt":"2025-12-12T17:55:44","slug":"babe-creme-anti-vergetures-200-ml-3","status":"publish","type":"product","link":"https:\/\/paracherkaoui.ma\/index.php\/produit\/babe-creme-anti-vergetures-200-ml-3\/","title":{"rendered":"BABE CREME ANTI VERGETURES 200 ML"},"content":{"rendered":"<p>Les vergetures apparaissent sur votre peau quand elle est \u00e9tir\u00e9e sur une tr\u00e8s courte p\u00e9riode. Elles apparaissent souvent apr\u00e8s une grossesse, lorsque le poids varie en peu de temps, ou \u00e0 l&rsquo;adolescence dans la phase de croissance. La cr\u00e8me anti-vergetures est sp\u00e9cialement formul\u00e9e pour pr\u00e9venir et corriger les vergetures sur la peau. Enrichie en Huile d&rsquo;\u00e9glantier et Cica, aux propri\u00e9t\u00e9s r\u00e9paratrices, notre cr\u00e8me favorise le processus de r\u00e9paration de la peau et gr\u00e2ce aux autres ingr\u00e9dients actifs, elle permet de donner plus d&rsquo;\u00e9lasticit\u00e9 et de souplesse Conseils d&rsquo;utilisation: Appliquez une petite quantit\u00e9 de produit dans votre main et r\u00e9partissez la sur les zones touch\u00e9es par des vergetures ou aux endroits o\u00f9 vous voulez emp\u00eacher leurs apparitions. Massez d\u00e9licatement jusqu&rsquo;\u00e0 absorption compl\u00e8te. Vous pouvez l&rsquo;utiliser quotidiennement apr\u00e9s la douche ou le bain.<\/p>\n","protected":false},"excerpt":{"rendered":"<p>Les vergetures apparaissent sur votre peau quand elle est \u00e9tir\u00e9e sur une tr\u00e8s courte p\u00e9riode. Elles apparaissent souvent apr\u00e8s une<\/p>\n","protected":false},"featured_media":31996,"comment_status":"open","ping_status":"closed","template":"","meta":[],"product_brand":[398],"product_cat":[592],"product_tag":[],"class_list":{"0":"post-36260","1":"product","2":"type-product","3":"status-publish","4":"has-post-thumbnail","6":"product_brand-babe","7":"product_cat-cellulite-et-anti-vergetures","9":"first","10":"instock","11":"sale","12":"shipping-taxable","13":"purchasable","14":"product-type-simple"},"yoast_head":"<!-- This site is optimized with the Yoast SEO plugin v26.6 - https:\/\/yoast.com\/wordpress\/plugins\/seo\/ -->\r\n<title>BABE CREME ANTI VERGETURES 200 ML - Paracherkaoui.ma<\/title>\r\n<meta name=\"robots\" content=\"index, follow, max-snippet:-1, max-image-preview:large, max-video-preview:-1\" \/>\r\n<link rel=\"canonical\" href=\"https:\/\/paracherkaoui.ma\/index.php\/produit\/babe-creme-anti-vergetures-200-ml-3\/\" \/>\r\n<meta property=\"og:locale\" content=\"fr_FR\" \/>\r\n<meta property=\"og:type\" content=\"article\" \/>\r\n<meta property=\"og:title\" content=\"BABE CREME ANTI VERGETURES 200 ML - Paracherkaoui.ma\" \/>\r\n<meta property=\"og:description\" content=\"Les vergetures apparaissent sur votre peau quand elle est \u00e9tir\u00e9e sur une tr\u00e8s courte p\u00e9riode. Elles apparaissent souvent apr\u00e8s une\" \/>\r\n<meta property=\"og:url\" content=\"https:\/\/paracherkaoui.ma\/index.php\/produit\/babe-creme-anti-vergetures-200-ml-3\/\" \/>\r\n<meta property=\"og:site_name\" content=\"Paracherkaoui.ma\" \/>\r\n<meta property=\"article:modified_time\" content=\"2025-12-12T17:55:44+00:00\" \/>\r\n<meta property=\"og:image\" content=\"https:\/\/paracherkaoui.ma\/wp-content\/uploads\/2025\/12\/babe-babe-creme-anti-vergetures-200-ml-cellulite-et-vergetures.jpg\" \/>\r\n\t<meta property=\"og:image:width\" content=\"700\" \/>\r\n\t<meta property=\"og:image:height\" content=\"700\" \/>\r\n\t<meta property=\"og:image:type\" content=\"image\/jpeg\" \/>\r\n<meta name=\"twitter:card\" content=\"summary_large_image\" \/>\r\n<meta name=\"twitter:label1\" content=\"Dur\u00e9e de lecture estim\u00e9e\" \/>\n\t<meta name=\"twitter:data1\" content=\"1 minute\" \/>\r\n<script type=\"application\/ld+json\" class=\"yoast-schema-graph\">{\"@context\":\"https:\/\/schema.org\",\"@graph\":[{\"@type\":\"WebPage\",\"@id\":\"https:\/\/paracherkaoui.ma\/index.php\/produit\/babe-creme-anti-vergetures-200-ml-3\/\",\"url\":\"https:\/\/paracherkaoui.ma\/index.php\/produit\/babe-creme-anti-vergetures-200-ml-3\/\",\"name\":\"BABE CREME ANTI VERGETURES 200 ML - Paracherkaoui.ma\",\"isPartOf\":{\"@id\":\"https:\/\/paracherkaoui.ma\/#website\"},\"primaryImageOfPage\":{\"@id\":\"https:\/\/paracherkaoui.ma\/index.php\/produit\/babe-creme-anti-vergetures-200-ml-3\/#primaryimage\"},\"image\":{\"@id\":\"https:\/\/paracherkaoui.ma\/index.php\/produit\/babe-creme-anti-vergetures-200-ml-3\/#primaryimage\"},\"thumbnailUrl\":\"https:\/\/paracherkaoui.ma\/wp-content\/uploads\/2025\/12\/babe-babe-creme-anti-vergetures-200-ml-cellulite-et-vergetures.jpg\",\"datePublished\":\"2025-12-12T17:55:43+00:00\",\"dateModified\":\"2025-12-12T17:55:44+00:00\",\"breadcrumb\":{\"@id\":\"https:\/\/paracherkaoui.ma\/index.php\/produit\/babe-creme-anti-vergetures-200-ml-3\/#breadcrumb\"},\"inLanguage\":\"fr-FR\",\"potentialAction\":[{\"@type\":\"ReadAction\",\"target\":[\"https:\/\/paracherkaoui.ma\/index.php\/produit\/babe-creme-anti-vergetures-200-ml-3\/\"]}]},{\"@type\":\"ImageObject\",\"inLanguage\":\"fr-FR\",\"@id\":\"https:\/\/paracherkaoui.ma\/index.php\/produit\/babe-creme-anti-vergetures-200-ml-3\/#primaryimage\",\"url\":\"https:\/\/paracherkaoui.ma\/wp-content\/uploads\/2025\/12\/babe-babe-creme-anti-vergetures-200-ml-cellulite-et-vergetures.jpg\",\"contentUrl\":\"https:\/\/paracherkaoui.ma\/wp-content\/uploads\/2025\/12\/babe-babe-creme-anti-vergetures-200-ml-cellulite-et-vergetures.jpg\",\"width\":700,\"height\":700},{\"@type\":\"BreadcrumbList\",\"@id\":\"https:\/\/paracherkaoui.ma\/index.php\/produit\/babe-creme-anti-vergetures-200-ml-3\/#breadcrumb\",\"itemListElement\":[{\"@type\":\"ListItem\",\"position\":1,\"name\":\"Accueil\",\"item\":\"https:\/\/paracherkaoui.ma\/\"},{\"@type\":\"ListItem\",\"position\":2,\"name\":\"Boutique\",\"item\":\"https:\/\/paracherkaoui.ma\/index.php\/boutique\/\"},{\"@type\":\"ListItem\",\"position\":3,\"name\":\"BABE CREME ANTI VERGETURES 200 ML\"}]},{\"@type\":\"WebSite\",\"@id\":\"https:\/\/paracherkaoui.ma\/#website\",\"url\":\"https:\/\/paracherkaoui.ma\/\",\"name\":\"Paracherkaoui.ma\",\"description\":\"Achetez en ligne sur Paracherkaoui.ma\",\"potentialAction\":[{\"@type\":\"SearchAction\",\"target\":{\"@type\":\"EntryPoint\",\"urlTemplate\":\"https:\/\/paracherkaoui.ma\/?s={search_term_string}\"},\"query-input\":{\"@type\":\"PropertyValueSpecification\",\"valueRequired\":true,\"valueName\":\"search_term_string\"}}],\"inLanguage\":\"fr-FR\"}]}<\/script>\r\n<!-- \/ Yoast SEO plugin. -->","yoast_head_json":{"title":"BABE CREME ANTI VERGETURES 200 ML - Paracherkaoui.ma","robots":{"index":"index","follow":"follow","max-snippet":"max-snippet:-1","max-image-preview":"max-image-preview:large","max-video-preview":"max-video-preview:-1"},"canonical":"https:\/\/paracherkaoui.ma\/index.php\/produit\/babe-creme-anti-vergetures-200-ml-3\/","og_locale":"fr_FR","og_type":"article","og_title":"BABE CREME ANTI VERGETURES 200 ML - Paracherkaoui.ma","og_description":"Les vergetures apparaissent sur votre peau quand elle est \u00e9tir\u00e9e sur une tr\u00e8s courte p\u00e9riode. Elles apparaissent souvent apr\u00e8s une","og_url":"https:\/\/paracherkaoui.ma\/index.php\/produit\/babe-creme-anti-vergetures-200-ml-3\/","og_site_name":"Paracherkaoui.ma","article_modified_time":"2025-12-12T17:55:44+00:00","og_image":[{"width":700,"height":700,"url":"https:\/\/paracherkaoui.ma\/wp-content\/uploads\/2025\/12\/babe-babe-creme-anti-vergetures-200-ml-cellulite-et-vergetures.jpg","type":"image\/jpeg"}],"twitter_card":"summary_large_image","twitter_misc":{"Dur\u00e9e de lecture estim\u00e9e":"1 minute"},"schema":{"@context":"https:\/\/schema.org","@graph":[{"@type":"WebPage","@id":"https:\/\/paracherkaoui.ma\/index.php\/produit\/babe-creme-anti-vergetures-200-ml-3\/","url":"https:\/\/paracherkaoui.ma\/index.php\/produit\/babe-creme-anti-vergetures-200-ml-3\/","name":"BABE CREME ANTI VERGETURES 200 ML - Paracherkaoui.ma","isPartOf":{"@id":"https:\/\/paracherkaoui.ma\/#website"},"primaryImageOfPage":{"@id":"https:\/\/paracherkaoui.ma\/index.php\/produit\/babe-creme-anti-vergetures-200-ml-3\/#primaryimage"},"image":{"@id":"https:\/\/paracherkaoui.ma\/index.php\/produit\/babe-creme-anti-vergetures-200-ml-3\/#primaryimage"},"thumbnailUrl":"https:\/\/paracherkaoui.ma\/wp-content\/uploads\/2025\/12\/babe-babe-creme-anti-vergetures-200-ml-cellulite-et-vergetures.jpg","datePublished":"2025-12-12T17:55:43+00:00","dateModified":"2025-12-12T17:55:44+00:00","breadcrumb":{"@id":"https:\/\/paracherkaoui.ma\/index.php\/produit\/babe-creme-anti-vergetures-200-ml-3\/#breadcrumb"},"inLanguage":"fr-FR","potentialAction":[{"@type":"ReadAction","target":["https:\/\/paracherkaoui.ma\/index.php\/produit\/babe-creme-anti-vergetures-200-ml-3\/"]}]},{"@type":"ImageObject","inLanguage":"fr-FR","@id":"https:\/\/paracherkaoui.ma\/index.php\/produit\/babe-creme-anti-vergetures-200-ml-3\/#primaryimage","url":"https:\/\/paracherkaoui.ma\/wp-content\/uploads\/2025\/12\/babe-babe-creme-anti-vergetures-200-ml-cellulite-et-vergetures.jpg","contentUrl":"https:\/\/paracherkaoui.ma\/wp-content\/uploads\/2025\/12\/babe-babe-creme-anti-vergetures-200-ml-cellulite-et-vergetures.jpg","width":700,"height":700},{"@type":"BreadcrumbList","@id":"https:\/\/paracherkaoui.ma\/index.php\/produit\/babe-creme-anti-vergetures-200-ml-3\/#breadcrumb","itemListElement":[{"@type":"ListItem","position":1,"name":"Accueil","item":"https:\/\/paracherkaoui.ma\/"},{"@type":"ListItem","position":2,"name":"Boutique","item":"https:\/\/paracherkaoui.ma\/index.php\/boutique\/"},{"@type":"ListItem","position":3,"name":"BABE CREME ANTI VERGETURES 200 ML"}]},{"@type":"WebSite","@id":"https:\/\/paracherkaoui.ma\/#website","url":"https:\/\/paracherkaoui.ma\/","name":"Paracherkaoui.ma","description":"Achetez en ligne sur Paracherkaoui.ma","potentialAction":[{"@type":"SearchAction","target":{"@type":"EntryPoint","urlTemplate":"https:\/\/paracherkaoui.ma\/?s={search_term_string}"},"query-input":{"@type":"PropertyValueSpecification","valueRequired":true,"valueName":"search_term_string"}}],"inLanguage":"fr-FR"}]}},"_links":{"self":[{"href":"https:\/\/paracherkaoui.ma\/index.php\/wp-json\/wp\/v2\/product\/36260","targetHints":{"allow":["GET"]}}],"collection":[{"href":"https:\/\/paracherkaoui.ma\/index.php\/wp-json\/wp\/v2\/product"}],"about":[{"href":"https:\/\/paracherkaoui.ma\/index.php\/wp-json\/wp\/v2\/types\/product"}],"replies":[{"embeddable":true,"href":"https:\/\/paracherkaoui.ma\/index.php\/wp-json\/wp\/v2\/comments?post=36260"}],"version-history":[{"count":1,"href":"https:\/\/paracherkaoui.ma\/index.php\/wp-json\/wp\/v2\/product\/36260\/revisions"}],"predecessor-version":[{"id":36280,"href":"https:\/\/paracherkaoui.ma\/index.php\/wp-json\/wp\/v2\/product\/36260\/revisions\/36280"}],"wp:featuredmedia":[{"embeddable":true,"href":"https:\/\/paracherkaoui.ma\/index.php\/wp-json\/wp\/v2\/media\/31996"}],"wp:attachment":[{"href":"https:\/\/paracherkaoui.ma\/index.php\/wp-json\/wp\/v2\/media?parent=36260"}],"wp:term":[{"taxonomy":"product_brand","embeddable":true,"href":"https:\/\/paracherkaoui.ma\/index.php\/wp-json\/wp\/v2\/product_brand?post=36260"},{"taxonomy":"product_cat","embeddable":true,"href":"https:\/\/paracherkaoui.ma\/index.php\/wp-json\/wp\/v2\/product_cat?post=36260"},{"taxonomy":"product_tag","embeddable":true,"href":"https:\/\/paracherkaoui.ma\/index.php\/wp-json\/wp\/v2\/product_tag?post=36260"}],"curies":[{"name":"wp","href":"https:\/\/api.w.org\/{rel}","templated":true}]}}