{"id":36212,"date":"2025-12-12T18:55:38","date_gmt":"2025-12-12T17:55:38","guid":{"rendered":"https:\/\/test.ecbeaute.com\/?post_type=product&#038;p=36212"},"modified":"2025-12-12T18:55:41","modified_gmt":"2025-12-12T17:55:41","slug":"isdin-femme-creme-anti-vergetures-250-ml-4","status":"publish","type":"product","link":"https:\/\/paracherkaoui.ma\/index.php\/produit\/isdin-femme-creme-anti-vergetures-250-ml-4\/","title":{"rendered":"ISDIN FEMME CREME ANTI VERGETURES 250 ML"},"content":{"rendered":"<p>Votre peau subit des changements au fil de votre vie. La grossesse, l&rsquo;adolescence, la pratique de sport ou les changements de poids\u00a0peuvent provoquer l&rsquo;apparition de vergetures. Renforce l&rsquo;\u00e9lasticit\u00e9 de la peau et aide \u00e0 pr\u00e9venir l&rsquo;apparition de vergetures\u00a0avec ISDIN Woman Anti-vergetures. Efficacit\u00e9 cliniquement prouv\u00e9e. Apr\u00e8s son utilisation, 94 % des femmes enceintes n&rsquo;ont pr\u00e9sent\u00e9 aucune nouvelle vergeture.* Test\u00e9 sous contr\u00f4le dermatologique et gyn\u00e9cologique. ISDIN Woman Anti-vergetures renforce l&rsquo;\u00e9lasticit\u00e9 et la flexibilit\u00e9 de la peau en stimulant la formation de collag\u00e8ne et d&rsquo;\u00e9lastine qui aident \u00e0 pr\u00e9venir l&rsquo;apparition de nouvelles vergetures ainsi qu&rsquo;\u00e0 r\u00e9duire visiblement l&rsquo;aspect des vergetures existantes. Conseils d&rsquo;utilisation: ABDOMEN Appliquer 2 fois par jour en r\u00e9alisant des mouvements circulaires dans le sens des aiguilles d&rsquo;une montre jusqu&rsquo;\u00e0 absorption compl\u00e8te du produit. HANCHES Appliquer 2 fois par jour et masser avec le poing de la main en r\u00e9alisant des mouvements circulaires jusqu&rsquo;\u00e0 absorption. SEINS Appliquer 2 fois au jour en r\u00e9alisant un massage circulaire avec la main oppos\u00e9e \u00e0 celle de la poitrine.<\/p>\n","protected":false},"excerpt":{"rendered":"<p>Votre peau subit des changements au fil de votre vie. La grossesse, l&rsquo;adolescence, la pratique de sport ou les changements<\/p>\n","protected":false},"featured_media":14302,"comment_status":"open","ping_status":"closed","template":"","meta":[],"product_brand":[135],"product_cat":[592],"product_tag":[],"class_list":{"0":"post-36212","1":"product","2":"type-product","3":"status-publish","4":"has-post-thumbnail","6":"product_brand-isdin","7":"product_cat-cellulite-et-anti-vergetures","9":"first","10":"instock","11":"sale","12":"shipping-taxable","13":"purchasable","14":"product-type-simple"},"yoast_head":"<!-- This site is optimized with the Yoast SEO plugin v26.6 - https:\/\/yoast.com\/wordpress\/plugins\/seo\/ -->\r\n<title>ISDIN FEMME CREME ANTI VERGETURES 250 ML - Paracherkaoui.ma<\/title>\r\n<meta name=\"robots\" content=\"index, follow, max-snippet:-1, max-image-preview:large, max-video-preview:-1\" \/>\r\n<link rel=\"canonical\" href=\"https:\/\/paracherkaoui.ma\/index.php\/produit\/isdin-femme-creme-anti-vergetures-250-ml-4\/\" \/>\r\n<meta property=\"og:locale\" content=\"fr_FR\" \/>\r\n<meta property=\"og:type\" content=\"article\" \/>\r\n<meta property=\"og:title\" content=\"ISDIN FEMME CREME ANTI VERGETURES 250 ML - Paracherkaoui.ma\" \/>\r\n<meta property=\"og:description\" content=\"Votre peau subit des changements au fil de votre vie. La grossesse, l&rsquo;adolescence, la pratique de sport ou les changements\" \/>\r\n<meta property=\"og:url\" content=\"https:\/\/paracherkaoui.ma\/index.php\/produit\/isdin-femme-creme-anti-vergetures-250-ml-4\/\" \/>\r\n<meta property=\"og:site_name\" content=\"Paracherkaoui.ma\" \/>\r\n<meta property=\"article:modified_time\" content=\"2025-12-12T17:55:41+00:00\" \/>\r\n<meta property=\"og:image\" content=\"https:\/\/paracherkaoui.ma\/wp-content\/uploads\/2025\/12\/isdin-isdin-femme-creme-anti-vergetures-250-ml-cellulite-et-vergetures.jpg\" \/>\r\n\t<meta property=\"og:image:width\" content=\"700\" \/>\r\n\t<meta property=\"og:image:height\" content=\"700\" \/>\r\n\t<meta property=\"og:image:type\" content=\"image\/jpeg\" \/>\r\n<meta name=\"twitter:card\" content=\"summary_large_image\" \/>\r\n<meta name=\"twitter:label1\" content=\"Dur\u00e9e de lecture estim\u00e9e\" \/>\n\t<meta name=\"twitter:data1\" content=\"1 minute\" \/>\r\n<script type=\"application\/ld+json\" class=\"yoast-schema-graph\">{\"@context\":\"https:\/\/schema.org\",\"@graph\":[{\"@type\":\"WebPage\",\"@id\":\"https:\/\/paracherkaoui.ma\/index.php\/produit\/isdin-femme-creme-anti-vergetures-250-ml-4\/\",\"url\":\"https:\/\/paracherkaoui.ma\/index.php\/produit\/isdin-femme-creme-anti-vergetures-250-ml-4\/\",\"name\":\"ISDIN FEMME CREME ANTI VERGETURES 250 ML - Paracherkaoui.ma\",\"isPartOf\":{\"@id\":\"https:\/\/paracherkaoui.ma\/#website\"},\"primaryImageOfPage\":{\"@id\":\"https:\/\/paracherkaoui.ma\/index.php\/produit\/isdin-femme-creme-anti-vergetures-250-ml-4\/#primaryimage\"},\"image\":{\"@id\":\"https:\/\/paracherkaoui.ma\/index.php\/produit\/isdin-femme-creme-anti-vergetures-250-ml-4\/#primaryimage\"},\"thumbnailUrl\":\"https:\/\/paracherkaoui.ma\/wp-content\/uploads\/2025\/12\/isdin-isdin-femme-creme-anti-vergetures-250-ml-cellulite-et-vergetures.jpg\",\"datePublished\":\"2025-12-12T17:55:38+00:00\",\"dateModified\":\"2025-12-12T17:55:41+00:00\",\"breadcrumb\":{\"@id\":\"https:\/\/paracherkaoui.ma\/index.php\/produit\/isdin-femme-creme-anti-vergetures-250-ml-4\/#breadcrumb\"},\"inLanguage\":\"fr-FR\",\"potentialAction\":[{\"@type\":\"ReadAction\",\"target\":[\"https:\/\/paracherkaoui.ma\/index.php\/produit\/isdin-femme-creme-anti-vergetures-250-ml-4\/\"]}]},{\"@type\":\"ImageObject\",\"inLanguage\":\"fr-FR\",\"@id\":\"https:\/\/paracherkaoui.ma\/index.php\/produit\/isdin-femme-creme-anti-vergetures-250-ml-4\/#primaryimage\",\"url\":\"https:\/\/paracherkaoui.ma\/wp-content\/uploads\/2025\/12\/isdin-isdin-femme-creme-anti-vergetures-250-ml-cellulite-et-vergetures.jpg\",\"contentUrl\":\"https:\/\/paracherkaoui.ma\/wp-content\/uploads\/2025\/12\/isdin-isdin-femme-creme-anti-vergetures-250-ml-cellulite-et-vergetures.jpg\",\"width\":700,\"height\":700},{\"@type\":\"BreadcrumbList\",\"@id\":\"https:\/\/paracherkaoui.ma\/index.php\/produit\/isdin-femme-creme-anti-vergetures-250-ml-4\/#breadcrumb\",\"itemListElement\":[{\"@type\":\"ListItem\",\"position\":1,\"name\":\"Accueil\",\"item\":\"https:\/\/paracherkaoui.ma\/\"},{\"@type\":\"ListItem\",\"position\":2,\"name\":\"Boutique\",\"item\":\"https:\/\/paracherkaoui.ma\/index.php\/boutique\/\"},{\"@type\":\"ListItem\",\"position\":3,\"name\":\"ISDIN FEMME CREME ANTI VERGETURES 250 ML\"}]},{\"@type\":\"WebSite\",\"@id\":\"https:\/\/paracherkaoui.ma\/#website\",\"url\":\"https:\/\/paracherkaoui.ma\/\",\"name\":\"Paracherkaoui.ma\",\"description\":\"Achetez en ligne sur Paracherkaoui.ma\",\"potentialAction\":[{\"@type\":\"SearchAction\",\"target\":{\"@type\":\"EntryPoint\",\"urlTemplate\":\"https:\/\/paracherkaoui.ma\/?s={search_term_string}\"},\"query-input\":{\"@type\":\"PropertyValueSpecification\",\"valueRequired\":true,\"valueName\":\"search_term_string\"}}],\"inLanguage\":\"fr-FR\"}]}<\/script>\r\n<!-- \/ Yoast SEO plugin. -->","yoast_head_json":{"title":"ISDIN FEMME CREME ANTI VERGETURES 250 ML - Paracherkaoui.ma","robots":{"index":"index","follow":"follow","max-snippet":"max-snippet:-1","max-image-preview":"max-image-preview:large","max-video-preview":"max-video-preview:-1"},"canonical":"https:\/\/paracherkaoui.ma\/index.php\/produit\/isdin-femme-creme-anti-vergetures-250-ml-4\/","og_locale":"fr_FR","og_type":"article","og_title":"ISDIN FEMME CREME ANTI VERGETURES 250 ML - Paracherkaoui.ma","og_description":"Votre peau subit des changements au fil de votre vie. La grossesse, l&rsquo;adolescence, la pratique de sport ou les changements","og_url":"https:\/\/paracherkaoui.ma\/index.php\/produit\/isdin-femme-creme-anti-vergetures-250-ml-4\/","og_site_name":"Paracherkaoui.ma","article_modified_time":"2025-12-12T17:55:41+00:00","og_image":[{"width":700,"height":700,"url":"https:\/\/paracherkaoui.ma\/wp-content\/uploads\/2025\/12\/isdin-isdin-femme-creme-anti-vergetures-250-ml-cellulite-et-vergetures.jpg","type":"image\/jpeg"}],"twitter_card":"summary_large_image","twitter_misc":{"Dur\u00e9e de lecture estim\u00e9e":"1 minute"},"schema":{"@context":"https:\/\/schema.org","@graph":[{"@type":"WebPage","@id":"https:\/\/paracherkaoui.ma\/index.php\/produit\/isdin-femme-creme-anti-vergetures-250-ml-4\/","url":"https:\/\/paracherkaoui.ma\/index.php\/produit\/isdin-femme-creme-anti-vergetures-250-ml-4\/","name":"ISDIN FEMME CREME ANTI VERGETURES 250 ML - Paracherkaoui.ma","isPartOf":{"@id":"https:\/\/paracherkaoui.ma\/#website"},"primaryImageOfPage":{"@id":"https:\/\/paracherkaoui.ma\/index.php\/produit\/isdin-femme-creme-anti-vergetures-250-ml-4\/#primaryimage"},"image":{"@id":"https:\/\/paracherkaoui.ma\/index.php\/produit\/isdin-femme-creme-anti-vergetures-250-ml-4\/#primaryimage"},"thumbnailUrl":"https:\/\/paracherkaoui.ma\/wp-content\/uploads\/2025\/12\/isdin-isdin-femme-creme-anti-vergetures-250-ml-cellulite-et-vergetures.jpg","datePublished":"2025-12-12T17:55:38+00:00","dateModified":"2025-12-12T17:55:41+00:00","breadcrumb":{"@id":"https:\/\/paracherkaoui.ma\/index.php\/produit\/isdin-femme-creme-anti-vergetures-250-ml-4\/#breadcrumb"},"inLanguage":"fr-FR","potentialAction":[{"@type":"ReadAction","target":["https:\/\/paracherkaoui.ma\/index.php\/produit\/isdin-femme-creme-anti-vergetures-250-ml-4\/"]}]},{"@type":"ImageObject","inLanguage":"fr-FR","@id":"https:\/\/paracherkaoui.ma\/index.php\/produit\/isdin-femme-creme-anti-vergetures-250-ml-4\/#primaryimage","url":"https:\/\/paracherkaoui.ma\/wp-content\/uploads\/2025\/12\/isdin-isdin-femme-creme-anti-vergetures-250-ml-cellulite-et-vergetures.jpg","contentUrl":"https:\/\/paracherkaoui.ma\/wp-content\/uploads\/2025\/12\/isdin-isdin-femme-creme-anti-vergetures-250-ml-cellulite-et-vergetures.jpg","width":700,"height":700},{"@type":"BreadcrumbList","@id":"https:\/\/paracherkaoui.ma\/index.php\/produit\/isdin-femme-creme-anti-vergetures-250-ml-4\/#breadcrumb","itemListElement":[{"@type":"ListItem","position":1,"name":"Accueil","item":"https:\/\/paracherkaoui.ma\/"},{"@type":"ListItem","position":2,"name":"Boutique","item":"https:\/\/paracherkaoui.ma\/index.php\/boutique\/"},{"@type":"ListItem","position":3,"name":"ISDIN FEMME CREME ANTI VERGETURES 250 ML"}]},{"@type":"WebSite","@id":"https:\/\/paracherkaoui.ma\/#website","url":"https:\/\/paracherkaoui.ma\/","name":"Paracherkaoui.ma","description":"Achetez en ligne sur Paracherkaoui.ma","potentialAction":[{"@type":"SearchAction","target":{"@type":"EntryPoint","urlTemplate":"https:\/\/paracherkaoui.ma\/?s={search_term_string}"},"query-input":{"@type":"PropertyValueSpecification","valueRequired":true,"valueName":"search_term_string"}}],"inLanguage":"fr-FR"}]}},"_links":{"self":[{"href":"https:\/\/paracherkaoui.ma\/index.php\/wp-json\/wp\/v2\/product\/36212","targetHints":{"allow":["GET"]}}],"collection":[{"href":"https:\/\/paracherkaoui.ma\/index.php\/wp-json\/wp\/v2\/product"}],"about":[{"href":"https:\/\/paracherkaoui.ma\/index.php\/wp-json\/wp\/v2\/types\/product"}],"replies":[{"embeddable":true,"href":"https:\/\/paracherkaoui.ma\/index.php\/wp-json\/wp\/v2\/comments?post=36212"}],"version-history":[{"count":1,"href":"https:\/\/paracherkaoui.ma\/index.php\/wp-json\/wp\/v2\/product\/36212\/revisions"}],"predecessor-version":[{"id":36242,"href":"https:\/\/paracherkaoui.ma\/index.php\/wp-json\/wp\/v2\/product\/36212\/revisions\/36242"}],"wp:featuredmedia":[{"embeddable":true,"href":"https:\/\/paracherkaoui.ma\/index.php\/wp-json\/wp\/v2\/media\/14302"}],"wp:attachment":[{"href":"https:\/\/paracherkaoui.ma\/index.php\/wp-json\/wp\/v2\/media?parent=36212"}],"wp:term":[{"taxonomy":"product_brand","embeddable":true,"href":"https:\/\/paracherkaoui.ma\/index.php\/wp-json\/wp\/v2\/product_brand?post=36212"},{"taxonomy":"product_cat","embeddable":true,"href":"https:\/\/paracherkaoui.ma\/index.php\/wp-json\/wp\/v2\/product_cat?post=36212"},{"taxonomy":"product_tag","embeddable":true,"href":"https:\/\/paracherkaoui.ma\/index.php\/wp-json\/wp\/v2\/product_tag?post=36212"}],"curies":[{"name":"wp","href":"https:\/\/api.w.org\/{rel}","templated":true}]}}