{"id":36148,"date":"2025-12-12T18:55:33","date_gmt":"2025-12-12T17:55:33","guid":{"rendered":"https:\/\/test.ecbeaute.com\/?post_type=product&#038;p=36148"},"modified":"2025-12-12T18:55:35","modified_gmt":"2025-12-12T17:55:35","slug":"cicabiafine-baume-corporel-hydratant-quotidien-6","status":"publish","type":"product","link":"https:\/\/paracherkaoui.ma\/index.php\/produit\/cicabiafine-baume-corporel-hydratant-quotidien-6\/","title":{"rendered":"CICABIAFINE BAUME CORPOREL HYDRATANT QUOTIDIEN"},"content":{"rendered":"<p>Le baume r\u00e9parateur des peaux tr\u00e8s s\u00e8ches ou craquel\u00e9es: Apaise\u00a0et\u00a0hydrate\u00a0imm\u00e9diatement la peau. R\u00e9pare\u00a0intens\u00e9ment d\u00e8s la 1\u00e8re application. P\u00e9n\u00e8tre\u00a0instantan\u00e9ment, texture fondante qui ne colle pas. Formule hypoallerg\u00e9nique, d\u00e9velopp\u00e9e sous contr\u00f4le m\u00e9dical et test\u00e9e cliniquement. Indications D\u00e9velopp\u00e9 pour les\u00a0peaux tr\u00e8s s\u00e8ches,\u00a0qu\u2019elles soient d\u2019origine constitutionnelle (naturellement s\u00e8ches) ou provoqu\u00e9es par des agressions ext\u00e9rieures (vent, froid, chauffage, eau calcaire\u2026). Convient aux peaux sensibles. Appliquer 2 fois par jour, de pr\u00e9f\u00e9rence apr\u00e8s la toilette avec le Baume Douche Hydratant Surgras CicaBiafine\u00ae\u00a0sur une peau pr\u00e9alablement s\u00e9ch\u00e9e. Ingr\u00e9dients Acide hyaluronique\u00a0et\u00a0panth\u00e9nol\u00a0reconnus pour leurs propri\u00e9t\u00e9s r\u00e9paratrices. Glyc\u00e9rine\u00a0reconnue pour ses propri\u00e9t\u00e9s hydratantes. Nous vous recommandons de prendre connaissance de la liste d\u2019ingr\u00e9dients sur l\u2019emballage du produit, celle-ci faisant foi.<\/p>\n","protected":false},"excerpt":{"rendered":"<p>Le baume r\u00e9parateur des peaux tr\u00e8s s\u00e8ches ou craquel\u00e9es: Apaise\u00a0et\u00a0hydrate\u00a0imm\u00e9diatement la peau. R\u00e9pare\u00a0intens\u00e9ment d\u00e8s la 1\u00e8re application. P\u00e9n\u00e8tre\u00a0instantan\u00e9ment, texture fondante<\/p>\n","protected":false},"featured_media":11304,"comment_status":"open","ping_status":"closed","template":"","meta":[],"product_brand":[151],"product_cat":[590],"product_tag":[],"class_list":{"0":"post-36148","1":"product","2":"type-product","3":"status-publish","4":"has-post-thumbnail","6":"product_brand-cicabiafine","7":"product_cat-cremes-cicatrisantes","9":"first","10":"instock","11":"sale","12":"shipping-taxable","13":"purchasable","14":"product-type-simple"},"yoast_head":"<!-- This site is optimized with the Yoast SEO plugin v26.6 - https:\/\/yoast.com\/wordpress\/plugins\/seo\/ -->\r\n<title>CICABIAFINE BAUME CORPOREL HYDRATANT QUOTIDIEN - Paracherkaoui.ma<\/title>\r\n<meta name=\"robots\" content=\"index, follow, max-snippet:-1, max-image-preview:large, max-video-preview:-1\" \/>\r\n<link rel=\"canonical\" href=\"https:\/\/paracherkaoui.ma\/index.php\/produit\/cicabiafine-baume-corporel-hydratant-quotidien-6\/\" \/>\r\n<meta property=\"og:locale\" content=\"fr_FR\" \/>\r\n<meta property=\"og:type\" content=\"article\" \/>\r\n<meta property=\"og:title\" content=\"CICABIAFINE BAUME CORPOREL HYDRATANT QUOTIDIEN - Paracherkaoui.ma\" \/>\r\n<meta property=\"og:description\" content=\"Le baume r\u00e9parateur des peaux tr\u00e8s s\u00e8ches ou craquel\u00e9es: Apaise\u00a0et\u00a0hydrate\u00a0imm\u00e9diatement la peau. R\u00e9pare\u00a0intens\u00e9ment d\u00e8s la 1\u00e8re application. P\u00e9n\u00e8tre\u00a0instantan\u00e9ment, texture fondante\" \/>\r\n<meta property=\"og:url\" content=\"https:\/\/paracherkaoui.ma\/index.php\/produit\/cicabiafine-baume-corporel-hydratant-quotidien-6\/\" \/>\r\n<meta property=\"og:site_name\" content=\"Paracherkaoui.ma\" \/>\r\n<meta property=\"article:modified_time\" content=\"2025-12-12T17:55:35+00:00\" \/>\r\n<meta property=\"og:image\" content=\"https:\/\/paracherkaoui.ma\/wp-content\/uploads\/2025\/12\/cicabiafine-baume-corporel-hydratant-quotidien.jpg\" \/>\r\n\t<meta property=\"og:image:width\" content=\"700\" \/>\r\n\t<meta property=\"og:image:height\" content=\"700\" \/>\r\n\t<meta property=\"og:image:type\" content=\"image\/jpeg\" \/>\r\n<meta name=\"twitter:card\" content=\"summary_large_image\" \/>\r\n<meta name=\"twitter:label1\" content=\"Dur\u00e9e de lecture estim\u00e9e\" \/>\n\t<meta name=\"twitter:data1\" content=\"1 minute\" \/>\r\n<script type=\"application\/ld+json\" class=\"yoast-schema-graph\">{\"@context\":\"https:\/\/schema.org\",\"@graph\":[{\"@type\":\"WebPage\",\"@id\":\"https:\/\/paracherkaoui.ma\/index.php\/produit\/cicabiafine-baume-corporel-hydratant-quotidien-6\/\",\"url\":\"https:\/\/paracherkaoui.ma\/index.php\/produit\/cicabiafine-baume-corporel-hydratant-quotidien-6\/\",\"name\":\"CICABIAFINE BAUME CORPOREL HYDRATANT QUOTIDIEN - Paracherkaoui.ma\",\"isPartOf\":{\"@id\":\"https:\/\/paracherkaoui.ma\/#website\"},\"primaryImageOfPage\":{\"@id\":\"https:\/\/paracherkaoui.ma\/index.php\/produit\/cicabiafine-baume-corporel-hydratant-quotidien-6\/#primaryimage\"},\"image\":{\"@id\":\"https:\/\/paracherkaoui.ma\/index.php\/produit\/cicabiafine-baume-corporel-hydratant-quotidien-6\/#primaryimage\"},\"thumbnailUrl\":\"https:\/\/paracherkaoui.ma\/wp-content\/uploads\/2025\/12\/cicabiafine-baume-corporel-hydratant-quotidien.jpg\",\"datePublished\":\"2025-12-12T17:55:33+00:00\",\"dateModified\":\"2025-12-12T17:55:35+00:00\",\"breadcrumb\":{\"@id\":\"https:\/\/paracherkaoui.ma\/index.php\/produit\/cicabiafine-baume-corporel-hydratant-quotidien-6\/#breadcrumb\"},\"inLanguage\":\"fr-FR\",\"potentialAction\":[{\"@type\":\"ReadAction\",\"target\":[\"https:\/\/paracherkaoui.ma\/index.php\/produit\/cicabiafine-baume-corporel-hydratant-quotidien-6\/\"]}]},{\"@type\":\"ImageObject\",\"inLanguage\":\"fr-FR\",\"@id\":\"https:\/\/paracherkaoui.ma\/index.php\/produit\/cicabiafine-baume-corporel-hydratant-quotidien-6\/#primaryimage\",\"url\":\"https:\/\/paracherkaoui.ma\/wp-content\/uploads\/2025\/12\/cicabiafine-baume-corporel-hydratant-quotidien.jpg\",\"contentUrl\":\"https:\/\/paracherkaoui.ma\/wp-content\/uploads\/2025\/12\/cicabiafine-baume-corporel-hydratant-quotidien.jpg\",\"width\":700,\"height\":700},{\"@type\":\"BreadcrumbList\",\"@id\":\"https:\/\/paracherkaoui.ma\/index.php\/produit\/cicabiafine-baume-corporel-hydratant-quotidien-6\/#breadcrumb\",\"itemListElement\":[{\"@type\":\"ListItem\",\"position\":1,\"name\":\"Accueil\",\"item\":\"https:\/\/paracherkaoui.ma\/\"},{\"@type\":\"ListItem\",\"position\":2,\"name\":\"Boutique\",\"item\":\"https:\/\/paracherkaoui.ma\/index.php\/boutique\/\"},{\"@type\":\"ListItem\",\"position\":3,\"name\":\"CICABIAFINE BAUME CORPOREL HYDRATANT QUOTIDIEN\"}]},{\"@type\":\"WebSite\",\"@id\":\"https:\/\/paracherkaoui.ma\/#website\",\"url\":\"https:\/\/paracherkaoui.ma\/\",\"name\":\"Paracherkaoui.ma\",\"description\":\"Achetez en ligne sur Paracherkaoui.ma\",\"potentialAction\":[{\"@type\":\"SearchAction\",\"target\":{\"@type\":\"EntryPoint\",\"urlTemplate\":\"https:\/\/paracherkaoui.ma\/?s={search_term_string}\"},\"query-input\":{\"@type\":\"PropertyValueSpecification\",\"valueRequired\":true,\"valueName\":\"search_term_string\"}}],\"inLanguage\":\"fr-FR\"}]}<\/script>\r\n<!-- \/ Yoast SEO plugin. -->","yoast_head_json":{"title":"CICABIAFINE BAUME CORPOREL HYDRATANT QUOTIDIEN - Paracherkaoui.ma","robots":{"index":"index","follow":"follow","max-snippet":"max-snippet:-1","max-image-preview":"max-image-preview:large","max-video-preview":"max-video-preview:-1"},"canonical":"https:\/\/paracherkaoui.ma\/index.php\/produit\/cicabiafine-baume-corporel-hydratant-quotidien-6\/","og_locale":"fr_FR","og_type":"article","og_title":"CICABIAFINE BAUME CORPOREL HYDRATANT QUOTIDIEN - Paracherkaoui.ma","og_description":"Le baume r\u00e9parateur des peaux tr\u00e8s s\u00e8ches ou craquel\u00e9es: Apaise\u00a0et\u00a0hydrate\u00a0imm\u00e9diatement la peau. R\u00e9pare\u00a0intens\u00e9ment d\u00e8s la 1\u00e8re application. P\u00e9n\u00e8tre\u00a0instantan\u00e9ment, texture fondante","og_url":"https:\/\/paracherkaoui.ma\/index.php\/produit\/cicabiafine-baume-corporel-hydratant-quotidien-6\/","og_site_name":"Paracherkaoui.ma","article_modified_time":"2025-12-12T17:55:35+00:00","og_image":[{"width":700,"height":700,"url":"https:\/\/paracherkaoui.ma\/wp-content\/uploads\/2025\/12\/cicabiafine-baume-corporel-hydratant-quotidien.jpg","type":"image\/jpeg"}],"twitter_card":"summary_large_image","twitter_misc":{"Dur\u00e9e de lecture estim\u00e9e":"1 minute"},"schema":{"@context":"https:\/\/schema.org","@graph":[{"@type":"WebPage","@id":"https:\/\/paracherkaoui.ma\/index.php\/produit\/cicabiafine-baume-corporel-hydratant-quotidien-6\/","url":"https:\/\/paracherkaoui.ma\/index.php\/produit\/cicabiafine-baume-corporel-hydratant-quotidien-6\/","name":"CICABIAFINE BAUME CORPOREL HYDRATANT QUOTIDIEN - Paracherkaoui.ma","isPartOf":{"@id":"https:\/\/paracherkaoui.ma\/#website"},"primaryImageOfPage":{"@id":"https:\/\/paracherkaoui.ma\/index.php\/produit\/cicabiafine-baume-corporel-hydratant-quotidien-6\/#primaryimage"},"image":{"@id":"https:\/\/paracherkaoui.ma\/index.php\/produit\/cicabiafine-baume-corporel-hydratant-quotidien-6\/#primaryimage"},"thumbnailUrl":"https:\/\/paracherkaoui.ma\/wp-content\/uploads\/2025\/12\/cicabiafine-baume-corporel-hydratant-quotidien.jpg","datePublished":"2025-12-12T17:55:33+00:00","dateModified":"2025-12-12T17:55:35+00:00","breadcrumb":{"@id":"https:\/\/paracherkaoui.ma\/index.php\/produit\/cicabiafine-baume-corporel-hydratant-quotidien-6\/#breadcrumb"},"inLanguage":"fr-FR","potentialAction":[{"@type":"ReadAction","target":["https:\/\/paracherkaoui.ma\/index.php\/produit\/cicabiafine-baume-corporel-hydratant-quotidien-6\/"]}]},{"@type":"ImageObject","inLanguage":"fr-FR","@id":"https:\/\/paracherkaoui.ma\/index.php\/produit\/cicabiafine-baume-corporel-hydratant-quotidien-6\/#primaryimage","url":"https:\/\/paracherkaoui.ma\/wp-content\/uploads\/2025\/12\/cicabiafine-baume-corporel-hydratant-quotidien.jpg","contentUrl":"https:\/\/paracherkaoui.ma\/wp-content\/uploads\/2025\/12\/cicabiafine-baume-corporel-hydratant-quotidien.jpg","width":700,"height":700},{"@type":"BreadcrumbList","@id":"https:\/\/paracherkaoui.ma\/index.php\/produit\/cicabiafine-baume-corporel-hydratant-quotidien-6\/#breadcrumb","itemListElement":[{"@type":"ListItem","position":1,"name":"Accueil","item":"https:\/\/paracherkaoui.ma\/"},{"@type":"ListItem","position":2,"name":"Boutique","item":"https:\/\/paracherkaoui.ma\/index.php\/boutique\/"},{"@type":"ListItem","position":3,"name":"CICABIAFINE BAUME CORPOREL HYDRATANT QUOTIDIEN"}]},{"@type":"WebSite","@id":"https:\/\/paracherkaoui.ma\/#website","url":"https:\/\/paracherkaoui.ma\/","name":"Paracherkaoui.ma","description":"Achetez en ligne sur Paracherkaoui.ma","potentialAction":[{"@type":"SearchAction","target":{"@type":"EntryPoint","urlTemplate":"https:\/\/paracherkaoui.ma\/?s={search_term_string}"},"query-input":{"@type":"PropertyValueSpecification","valueRequired":true,"valueName":"search_term_string"}}],"inLanguage":"fr-FR"}]}},"_links":{"self":[{"href":"https:\/\/paracherkaoui.ma\/index.php\/wp-json\/wp\/v2\/product\/36148","targetHints":{"allow":["GET"]}}],"collection":[{"href":"https:\/\/paracherkaoui.ma\/index.php\/wp-json\/wp\/v2\/product"}],"about":[{"href":"https:\/\/paracherkaoui.ma\/index.php\/wp-json\/wp\/v2\/types\/product"}],"replies":[{"embeddable":true,"href":"https:\/\/paracherkaoui.ma\/index.php\/wp-json\/wp\/v2\/comments?post=36148"}],"version-history":[{"count":1,"href":"https:\/\/paracherkaoui.ma\/index.php\/wp-json\/wp\/v2\/product\/36148\/revisions"}],"predecessor-version":[{"id":36178,"href":"https:\/\/paracherkaoui.ma\/index.php\/wp-json\/wp\/v2\/product\/36148\/revisions\/36178"}],"wp:featuredmedia":[{"embeddable":true,"href":"https:\/\/paracherkaoui.ma\/index.php\/wp-json\/wp\/v2\/media\/11304"}],"wp:attachment":[{"href":"https:\/\/paracherkaoui.ma\/index.php\/wp-json\/wp\/v2\/media?parent=36148"}],"wp:term":[{"taxonomy":"product_brand","embeddable":true,"href":"https:\/\/paracherkaoui.ma\/index.php\/wp-json\/wp\/v2\/product_brand?post=36148"},{"taxonomy":"product_cat","embeddable":true,"href":"https:\/\/paracherkaoui.ma\/index.php\/wp-json\/wp\/v2\/product_cat?post=36148"},{"taxonomy":"product_tag","embeddable":true,"href":"https:\/\/paracherkaoui.ma\/index.php\/wp-json\/wp\/v2\/product_tag?post=36148"}],"curies":[{"name":"wp","href":"https:\/\/api.w.org\/{rel}","templated":true}]}}