{"id":36089,"date":"2025-12-12T18:55:28","date_gmt":"2025-12-12T17:55:28","guid":{"rendered":"https:\/\/test.ecbeaute.com\/?post_type=product&#038;p=36089"},"modified":"2025-12-12T18:55:30","modified_gmt":"2025-12-12T17:55:30","slug":"lierac-body-sculpt-le-concentre-cryoactif-150-ml-2","status":"publish","type":"product","link":"https:\/\/paracherkaoui.ma\/index.php\/produit\/lierac-body-sculpt-le-concentre-cryoactif-150-ml-2\/","title":{"rendered":"LIERAC BODY SCULPT LE CONCENTRE CRYOACTIF 150 ML"},"content":{"rendered":"<p>Ce concentr\u00e9 diminue l&rsquo;aspect de la cellulite, m\u00eame incrust\u00e9e, pour un effet anti-capiton intense. Gr\u00e2ce au nouveau complexe Cellu-Sculpt, il lisse et tonifie la peau durablement. Sa texture active procure une sensation de froid imm\u00e9diat. Elle facilite le massage sur les zones concern\u00e9es par la cellulite (cuisses, hanches, fesses, ventre). Formul\u00e9 \u00e0 90% d\u2019ingr\u00e9dients d\u2019origine naturelle, ce concentr\u00e9 est le soin id\u00e9al pour entretenir les r\u00e9sultats des s\u00e9ances de massages minceur ou de LPG. Tous types de peaux. Ne pas utiliser chez la femme enceinte ou allaitante Composition : GLYCERIN. SUCROSE. AQUA \/ WATER \/ EAU. PARFUM \/ FRAGRANCE. PRUNUS AMYGDALUS DULCIS (SWEET ALMOND) SHELL POWDER. POLYGLYCERYL-4 CAPRATE. ACRYLATES\/C10-30 ALKYL ACRYLATE CROSSPOLYMER. BUTYROSPERMUM PARKII (SHEA) BUTTER. CAPRYLYL\/CAPRYL GLUCOSIDE. COCO-GLUCOSIDE. GLYCERYL OLEATE. SODIUM BENZOATE. ETHYLHEXYLGLYCERIN. SODIUM HYDROXIDE. CITRIC ACID. POLYQUATERNIUM-7. TOCOPHEROL. HELIANTHUS ANNUUS (SUNFLOWER) SEED OIL. HYDROGENATED VEGETABLE GLYCERIDES CITRATE. 1819A. Conseils d&rsquo;utilisation : Appliquer matin et soir sur les zones concern\u00e9es par la cellulite (cuisses, hanches, fesses, ventre). Pour une efficacit\u00e9 optimale, r\u00e9aliser un massage en mouvements circulaires puis effectuer des pincements profonds et rapides.<\/p>\n","protected":false},"excerpt":{"rendered":"<p>Ce concentr\u00e9 diminue l&rsquo;aspect de la cellulite, m\u00eame incrust\u00e9e, pour un effet anti-capiton intense. Gr\u00e2ce au nouveau complexe Cellu-Sculpt, il<\/p>\n","protected":false},"featured_media":31979,"comment_status":"open","ping_status":"closed","template":"","meta":[],"product_brand":[371],"product_cat":[592],"product_tag":[],"class_list":{"0":"post-36089","1":"product","2":"type-product","3":"status-publish","4":"has-post-thumbnail","6":"product_brand-lierac","7":"product_cat-cellulite-et-anti-vergetures","9":"first","10":"instock","11":"shipping-taxable","12":"purchasable","13":"product-type-simple"},"yoast_head":"<!-- This site is optimized with the Yoast SEO plugin v26.6 - https:\/\/yoast.com\/wordpress\/plugins\/seo\/ -->\r\n<title>LIERAC BODY SCULPT LE CONCENTRE CRYOACTIF 150 ML - Paracherkaoui.ma<\/title>\r\n<meta name=\"robots\" content=\"index, follow, max-snippet:-1, max-image-preview:large, max-video-preview:-1\" \/>\r\n<link rel=\"canonical\" href=\"https:\/\/paracherkaoui.ma\/index.php\/produit\/lierac-body-sculpt-le-concentre-cryoactif-150-ml-2\/\" \/>\r\n<meta property=\"og:locale\" content=\"fr_FR\" \/>\r\n<meta property=\"og:type\" content=\"article\" \/>\r\n<meta property=\"og:title\" content=\"LIERAC BODY SCULPT LE CONCENTRE CRYOACTIF 150 ML - Paracherkaoui.ma\" \/>\r\n<meta property=\"og:description\" content=\"Ce concentr\u00e9 diminue l&rsquo;aspect de la cellulite, m\u00eame incrust\u00e9e, pour un effet anti-capiton intense. Gr\u00e2ce au nouveau complexe Cellu-Sculpt, il\" \/>\r\n<meta property=\"og:url\" content=\"https:\/\/paracherkaoui.ma\/index.php\/produit\/lierac-body-sculpt-le-concentre-cryoactif-150-ml-2\/\" \/>\r\n<meta property=\"og:site_name\" content=\"Paracherkaoui.ma\" \/>\r\n<meta property=\"article:modified_time\" content=\"2025-12-12T17:55:30+00:00\" \/>\r\n<meta property=\"og:image\" content=\"https:\/\/paracherkaoui.ma\/wp-content\/uploads\/2025\/12\/lierac-lierac-body-sculpt-le-concentre-cryoactif-150-ml-cellulite-et-vergetures.jpg\" \/>\r\n\t<meta property=\"og:image:width\" content=\"700\" \/>\r\n\t<meta property=\"og:image:height\" content=\"700\" \/>\r\n\t<meta property=\"og:image:type\" content=\"image\/jpeg\" \/>\r\n<meta name=\"twitter:card\" content=\"summary_large_image\" \/>\r\n<meta name=\"twitter:label1\" content=\"Dur\u00e9e de lecture estim\u00e9e\" \/>\n\t<meta name=\"twitter:data1\" content=\"1 minute\" \/>\r\n<script type=\"application\/ld+json\" class=\"yoast-schema-graph\">{\"@context\":\"https:\/\/schema.org\",\"@graph\":[{\"@type\":\"WebPage\",\"@id\":\"https:\/\/paracherkaoui.ma\/index.php\/produit\/lierac-body-sculpt-le-concentre-cryoactif-150-ml-2\/\",\"url\":\"https:\/\/paracherkaoui.ma\/index.php\/produit\/lierac-body-sculpt-le-concentre-cryoactif-150-ml-2\/\",\"name\":\"LIERAC BODY SCULPT LE CONCENTRE CRYOACTIF 150 ML - Paracherkaoui.ma\",\"isPartOf\":{\"@id\":\"https:\/\/paracherkaoui.ma\/#website\"},\"primaryImageOfPage\":{\"@id\":\"https:\/\/paracherkaoui.ma\/index.php\/produit\/lierac-body-sculpt-le-concentre-cryoactif-150-ml-2\/#primaryimage\"},\"image\":{\"@id\":\"https:\/\/paracherkaoui.ma\/index.php\/produit\/lierac-body-sculpt-le-concentre-cryoactif-150-ml-2\/#primaryimage\"},\"thumbnailUrl\":\"https:\/\/paracherkaoui.ma\/wp-content\/uploads\/2025\/12\/lierac-lierac-body-sculpt-le-concentre-cryoactif-150-ml-cellulite-et-vergetures.jpg\",\"datePublished\":\"2025-12-12T17:55:28+00:00\",\"dateModified\":\"2025-12-12T17:55:30+00:00\",\"breadcrumb\":{\"@id\":\"https:\/\/paracherkaoui.ma\/index.php\/produit\/lierac-body-sculpt-le-concentre-cryoactif-150-ml-2\/#breadcrumb\"},\"inLanguage\":\"fr-FR\",\"potentialAction\":[{\"@type\":\"ReadAction\",\"target\":[\"https:\/\/paracherkaoui.ma\/index.php\/produit\/lierac-body-sculpt-le-concentre-cryoactif-150-ml-2\/\"]}]},{\"@type\":\"ImageObject\",\"inLanguage\":\"fr-FR\",\"@id\":\"https:\/\/paracherkaoui.ma\/index.php\/produit\/lierac-body-sculpt-le-concentre-cryoactif-150-ml-2\/#primaryimage\",\"url\":\"https:\/\/paracherkaoui.ma\/wp-content\/uploads\/2025\/12\/lierac-lierac-body-sculpt-le-concentre-cryoactif-150-ml-cellulite-et-vergetures.jpg\",\"contentUrl\":\"https:\/\/paracherkaoui.ma\/wp-content\/uploads\/2025\/12\/lierac-lierac-body-sculpt-le-concentre-cryoactif-150-ml-cellulite-et-vergetures.jpg\",\"width\":700,\"height\":700},{\"@type\":\"BreadcrumbList\",\"@id\":\"https:\/\/paracherkaoui.ma\/index.php\/produit\/lierac-body-sculpt-le-concentre-cryoactif-150-ml-2\/#breadcrumb\",\"itemListElement\":[{\"@type\":\"ListItem\",\"position\":1,\"name\":\"Accueil\",\"item\":\"https:\/\/paracherkaoui.ma\/\"},{\"@type\":\"ListItem\",\"position\":2,\"name\":\"Boutique\",\"item\":\"https:\/\/paracherkaoui.ma\/index.php\/boutique\/\"},{\"@type\":\"ListItem\",\"position\":3,\"name\":\"LIERAC BODY SCULPT LE CONCENTRE CRYOACTIF 150 ML\"}]},{\"@type\":\"WebSite\",\"@id\":\"https:\/\/paracherkaoui.ma\/#website\",\"url\":\"https:\/\/paracherkaoui.ma\/\",\"name\":\"Paracherkaoui.ma\",\"description\":\"Achetez en ligne sur Paracherkaoui.ma\",\"potentialAction\":[{\"@type\":\"SearchAction\",\"target\":{\"@type\":\"EntryPoint\",\"urlTemplate\":\"https:\/\/paracherkaoui.ma\/?s={search_term_string}\"},\"query-input\":{\"@type\":\"PropertyValueSpecification\",\"valueRequired\":true,\"valueName\":\"search_term_string\"}}],\"inLanguage\":\"fr-FR\"}]}<\/script>\r\n<!-- \/ Yoast SEO plugin. -->","yoast_head_json":{"title":"LIERAC BODY SCULPT LE CONCENTRE CRYOACTIF 150 ML - Paracherkaoui.ma","robots":{"index":"index","follow":"follow","max-snippet":"max-snippet:-1","max-image-preview":"max-image-preview:large","max-video-preview":"max-video-preview:-1"},"canonical":"https:\/\/paracherkaoui.ma\/index.php\/produit\/lierac-body-sculpt-le-concentre-cryoactif-150-ml-2\/","og_locale":"fr_FR","og_type":"article","og_title":"LIERAC BODY SCULPT LE CONCENTRE CRYOACTIF 150 ML - Paracherkaoui.ma","og_description":"Ce concentr\u00e9 diminue l&rsquo;aspect de la cellulite, m\u00eame incrust\u00e9e, pour un effet anti-capiton intense. Gr\u00e2ce au nouveau complexe Cellu-Sculpt, il","og_url":"https:\/\/paracherkaoui.ma\/index.php\/produit\/lierac-body-sculpt-le-concentre-cryoactif-150-ml-2\/","og_site_name":"Paracherkaoui.ma","article_modified_time":"2025-12-12T17:55:30+00:00","og_image":[{"width":700,"height":700,"url":"https:\/\/paracherkaoui.ma\/wp-content\/uploads\/2025\/12\/lierac-lierac-body-sculpt-le-concentre-cryoactif-150-ml-cellulite-et-vergetures.jpg","type":"image\/jpeg"}],"twitter_card":"summary_large_image","twitter_misc":{"Dur\u00e9e de lecture estim\u00e9e":"1 minute"},"schema":{"@context":"https:\/\/schema.org","@graph":[{"@type":"WebPage","@id":"https:\/\/paracherkaoui.ma\/index.php\/produit\/lierac-body-sculpt-le-concentre-cryoactif-150-ml-2\/","url":"https:\/\/paracherkaoui.ma\/index.php\/produit\/lierac-body-sculpt-le-concentre-cryoactif-150-ml-2\/","name":"LIERAC BODY SCULPT LE CONCENTRE CRYOACTIF 150 ML - Paracherkaoui.ma","isPartOf":{"@id":"https:\/\/paracherkaoui.ma\/#website"},"primaryImageOfPage":{"@id":"https:\/\/paracherkaoui.ma\/index.php\/produit\/lierac-body-sculpt-le-concentre-cryoactif-150-ml-2\/#primaryimage"},"image":{"@id":"https:\/\/paracherkaoui.ma\/index.php\/produit\/lierac-body-sculpt-le-concentre-cryoactif-150-ml-2\/#primaryimage"},"thumbnailUrl":"https:\/\/paracherkaoui.ma\/wp-content\/uploads\/2025\/12\/lierac-lierac-body-sculpt-le-concentre-cryoactif-150-ml-cellulite-et-vergetures.jpg","datePublished":"2025-12-12T17:55:28+00:00","dateModified":"2025-12-12T17:55:30+00:00","breadcrumb":{"@id":"https:\/\/paracherkaoui.ma\/index.php\/produit\/lierac-body-sculpt-le-concentre-cryoactif-150-ml-2\/#breadcrumb"},"inLanguage":"fr-FR","potentialAction":[{"@type":"ReadAction","target":["https:\/\/paracherkaoui.ma\/index.php\/produit\/lierac-body-sculpt-le-concentre-cryoactif-150-ml-2\/"]}]},{"@type":"ImageObject","inLanguage":"fr-FR","@id":"https:\/\/paracherkaoui.ma\/index.php\/produit\/lierac-body-sculpt-le-concentre-cryoactif-150-ml-2\/#primaryimage","url":"https:\/\/paracherkaoui.ma\/wp-content\/uploads\/2025\/12\/lierac-lierac-body-sculpt-le-concentre-cryoactif-150-ml-cellulite-et-vergetures.jpg","contentUrl":"https:\/\/paracherkaoui.ma\/wp-content\/uploads\/2025\/12\/lierac-lierac-body-sculpt-le-concentre-cryoactif-150-ml-cellulite-et-vergetures.jpg","width":700,"height":700},{"@type":"BreadcrumbList","@id":"https:\/\/paracherkaoui.ma\/index.php\/produit\/lierac-body-sculpt-le-concentre-cryoactif-150-ml-2\/#breadcrumb","itemListElement":[{"@type":"ListItem","position":1,"name":"Accueil","item":"https:\/\/paracherkaoui.ma\/"},{"@type":"ListItem","position":2,"name":"Boutique","item":"https:\/\/paracherkaoui.ma\/index.php\/boutique\/"},{"@type":"ListItem","position":3,"name":"LIERAC BODY SCULPT LE CONCENTRE CRYOACTIF 150 ML"}]},{"@type":"WebSite","@id":"https:\/\/paracherkaoui.ma\/#website","url":"https:\/\/paracherkaoui.ma\/","name":"Paracherkaoui.ma","description":"Achetez en ligne sur Paracherkaoui.ma","potentialAction":[{"@type":"SearchAction","target":{"@type":"EntryPoint","urlTemplate":"https:\/\/paracherkaoui.ma\/?s={search_term_string}"},"query-input":{"@type":"PropertyValueSpecification","valueRequired":true,"valueName":"search_term_string"}}],"inLanguage":"fr-FR"}]}},"_links":{"self":[{"href":"https:\/\/paracherkaoui.ma\/index.php\/wp-json\/wp\/v2\/product\/36089","targetHints":{"allow":["GET"]}}],"collection":[{"href":"https:\/\/paracherkaoui.ma\/index.php\/wp-json\/wp\/v2\/product"}],"about":[{"href":"https:\/\/paracherkaoui.ma\/index.php\/wp-json\/wp\/v2\/types\/product"}],"replies":[{"embeddable":true,"href":"https:\/\/paracherkaoui.ma\/index.php\/wp-json\/wp\/v2\/comments?post=36089"}],"version-history":[{"count":1,"href":"https:\/\/paracherkaoui.ma\/index.php\/wp-json\/wp\/v2\/product\/36089\/revisions"}],"predecessor-version":[{"id":36119,"href":"https:\/\/paracherkaoui.ma\/index.php\/wp-json\/wp\/v2\/product\/36089\/revisions\/36119"}],"wp:featuredmedia":[{"embeddable":true,"href":"https:\/\/paracherkaoui.ma\/index.php\/wp-json\/wp\/v2\/media\/31979"}],"wp:attachment":[{"href":"https:\/\/paracherkaoui.ma\/index.php\/wp-json\/wp\/v2\/media?parent=36089"}],"wp:term":[{"taxonomy":"product_brand","embeddable":true,"href":"https:\/\/paracherkaoui.ma\/index.php\/wp-json\/wp\/v2\/product_brand?post=36089"},{"taxonomy":"product_cat","embeddable":true,"href":"https:\/\/paracherkaoui.ma\/index.php\/wp-json\/wp\/v2\/product_cat?post=36089"},{"taxonomy":"product_tag","embeddable":true,"href":"https:\/\/paracherkaoui.ma\/index.php\/wp-json\/wp\/v2\/product_tag?post=36089"}],"curies":[{"name":"wp","href":"https:\/\/api.w.org\/{rel}","templated":true}]}}