{"id":36017,"date":"2025-12-12T18:55:21","date_gmt":"2025-12-12T17:55:21","guid":{"rendered":"https:\/\/test.ecbeaute.com\/?post_type=product&#038;p=36017"},"modified":"2025-12-12T18:55:26","modified_gmt":"2025-12-12T17:55:26","slug":"roge-cavailles-savon-surgras-extras-doux-amande-verte-250-g-x-2","status":"publish","type":"product","link":"https:\/\/paracherkaoui.ma\/index.php\/produit\/roge-cavailles-savon-surgras-extras-doux-amande-verte-250-g-x-2\/","title":{"rendered":"ROGE CAVAILLES SAVON SURGRAS EXTRAS DOUX AMANDE VERTE 250 G X 2"},"content":{"rendered":"<p>Enrichi en huile d\u2019amande douce, il\u00a0nettoie votre peau en douceur\u00a0et lui\u00a0apporte confort et souplesseen l\u2019aidant \u00e0 maintenir, jour apr\u00e8s jour, son hydratation naturelle. Utilis\u00e9 quotidiennement, il\u00a0prot\u00e8gera votre peau des agressions ext\u00e9rieures\u00a0gr\u00e2ce \u00e0\u00a0ses agents surgras.<br \/>\nConseils d&rsquo;utilisation :<br \/>\nAppliquez le Savon surgras extra-doux apr\u00e8s avoir\u00a0pr\u00e9alablement mouill\u00e9\u00a0votre peau, puis\u00a0rincez\u00a0\u00e0 l\u2019eau ti\u00e8de. Gr\u00e2ce \u00e0 son extr\u00eame douceur, vous pouvez\u00a0l\u2019utiliser quotidiennement sur le visage comme sur le corps.<\/p>\n","protected":false},"excerpt":{"rendered":"<p>Enrichi en huile d\u2019amande douce, il\u00a0nettoie votre peau en douceur\u00a0et lui\u00a0apporte confort et souplesseen l\u2019aidant \u00e0 maintenir, jour apr\u00e8s jour,<\/p>\n","protected":false},"featured_media":36068,"comment_status":"open","ping_status":"closed","template":"","meta":[],"product_brand":[411],"product_cat":[639],"product_tag":[],"class_list":{"0":"post-36017","1":"product","2":"type-product","3":"status-publish","4":"has-post-thumbnail","6":"product_brand-roge-cavailles","7":"product_cat-savon-et-pain-dermatologique","9":"first","10":"instock","11":"sale","12":"shipping-taxable","13":"purchasable","14":"product-type-simple"},"yoast_head":"<!-- This site is optimized with the Yoast SEO plugin v26.6 - https:\/\/yoast.com\/wordpress\/plugins\/seo\/ -->\r\n<title>ROGE CAVAILLES SAVON SURGRAS EXTRAS DOUX AMANDE VERTE 250 G X 2 - Paracherkaoui.ma<\/title>\r\n<meta name=\"robots\" content=\"index, follow, max-snippet:-1, max-image-preview:large, max-video-preview:-1\" \/>\r\n<link rel=\"canonical\" href=\"https:\/\/paracherkaoui.ma\/index.php\/produit\/roge-cavailles-savon-surgras-extras-doux-amande-verte-250-g-x-2\/\" \/>\r\n<meta property=\"og:locale\" content=\"fr_FR\" \/>\r\n<meta property=\"og:type\" content=\"article\" \/>\r\n<meta property=\"og:title\" content=\"ROGE CAVAILLES SAVON SURGRAS EXTRAS DOUX AMANDE VERTE 250 G X 2 - Paracherkaoui.ma\" \/>\r\n<meta property=\"og:description\" content=\"Enrichi en huile d\u2019amande douce, il\u00a0nettoie votre peau en douceur\u00a0et lui\u00a0apporte confort et souplesseen l\u2019aidant \u00e0 maintenir, jour apr\u00e8s jour,\" \/>\r\n<meta property=\"og:url\" content=\"https:\/\/paracherkaoui.ma\/index.php\/produit\/roge-cavailles-savon-surgras-extras-doux-amande-verte-250-g-x-2\/\" \/>\r\n<meta property=\"og:site_name\" content=\"Paracherkaoui.ma\" \/>\r\n<meta property=\"article:modified_time\" content=\"2025-12-12T17:55:26+00:00\" \/>\r\n<meta property=\"og:image\" content=\"https:\/\/paracherkaoui.ma\/wp-content\/uploads\/2025\/12\/roge-cavailles-savon-surgras-extras-doux-amande-verte-250-g-x-2.jpg\" \/>\r\n\t<meta property=\"og:image:width\" content=\"700\" \/>\r\n\t<meta property=\"og:image:height\" content=\"700\" \/>\r\n\t<meta property=\"og:image:type\" content=\"image\/jpeg\" \/>\r\n<meta name=\"twitter:card\" content=\"summary_large_image\" \/>\r\n<script type=\"application\/ld+json\" class=\"yoast-schema-graph\">{\"@context\":\"https:\/\/schema.org\",\"@graph\":[{\"@type\":\"WebPage\",\"@id\":\"https:\/\/paracherkaoui.ma\/index.php\/produit\/roge-cavailles-savon-surgras-extras-doux-amande-verte-250-g-x-2\/\",\"url\":\"https:\/\/paracherkaoui.ma\/index.php\/produit\/roge-cavailles-savon-surgras-extras-doux-amande-verte-250-g-x-2\/\",\"name\":\"ROGE CAVAILLES SAVON SURGRAS EXTRAS DOUX AMANDE VERTE 250 G X 2 - Paracherkaoui.ma\",\"isPartOf\":{\"@id\":\"https:\/\/paracherkaoui.ma\/#website\"},\"primaryImageOfPage\":{\"@id\":\"https:\/\/paracherkaoui.ma\/index.php\/produit\/roge-cavailles-savon-surgras-extras-doux-amande-verte-250-g-x-2\/#primaryimage\"},\"image\":{\"@id\":\"https:\/\/paracherkaoui.ma\/index.php\/produit\/roge-cavailles-savon-surgras-extras-doux-amande-verte-250-g-x-2\/#primaryimage\"},\"thumbnailUrl\":\"https:\/\/paracherkaoui.ma\/wp-content\/uploads\/2025\/12\/roge-cavailles-savon-surgras-extras-doux-amande-verte-250-g-x-2.jpg\",\"datePublished\":\"2025-12-12T17:55:21+00:00\",\"dateModified\":\"2025-12-12T17:55:26+00:00\",\"breadcrumb\":{\"@id\":\"https:\/\/paracherkaoui.ma\/index.php\/produit\/roge-cavailles-savon-surgras-extras-doux-amande-verte-250-g-x-2\/#breadcrumb\"},\"inLanguage\":\"fr-FR\",\"potentialAction\":[{\"@type\":\"ReadAction\",\"target\":[\"https:\/\/paracherkaoui.ma\/index.php\/produit\/roge-cavailles-savon-surgras-extras-doux-amande-verte-250-g-x-2\/\"]}]},{\"@type\":\"ImageObject\",\"inLanguage\":\"fr-FR\",\"@id\":\"https:\/\/paracherkaoui.ma\/index.php\/produit\/roge-cavailles-savon-surgras-extras-doux-amande-verte-250-g-x-2\/#primaryimage\",\"url\":\"https:\/\/paracherkaoui.ma\/wp-content\/uploads\/2025\/12\/roge-cavailles-savon-surgras-extras-doux-amande-verte-250-g-x-2.jpg\",\"contentUrl\":\"https:\/\/paracherkaoui.ma\/wp-content\/uploads\/2025\/12\/roge-cavailles-savon-surgras-extras-doux-amande-verte-250-g-x-2.jpg\",\"width\":700,\"height\":700},{\"@type\":\"BreadcrumbList\",\"@id\":\"https:\/\/paracherkaoui.ma\/index.php\/produit\/roge-cavailles-savon-surgras-extras-doux-amande-verte-250-g-x-2\/#breadcrumb\",\"itemListElement\":[{\"@type\":\"ListItem\",\"position\":1,\"name\":\"Accueil\",\"item\":\"https:\/\/paracherkaoui.ma\/\"},{\"@type\":\"ListItem\",\"position\":2,\"name\":\"Boutique\",\"item\":\"https:\/\/paracherkaoui.ma\/index.php\/boutique\/\"},{\"@type\":\"ListItem\",\"position\":3,\"name\":\"ROGE CAVAILLES SAVON SURGRAS EXTRAS DOUX AMANDE VERTE 250 G X 2\"}]},{\"@type\":\"WebSite\",\"@id\":\"https:\/\/paracherkaoui.ma\/#website\",\"url\":\"https:\/\/paracherkaoui.ma\/\",\"name\":\"Paracherkaoui.ma\",\"description\":\"Achetez en ligne sur Paracherkaoui.ma\",\"potentialAction\":[{\"@type\":\"SearchAction\",\"target\":{\"@type\":\"EntryPoint\",\"urlTemplate\":\"https:\/\/paracherkaoui.ma\/?s={search_term_string}\"},\"query-input\":{\"@type\":\"PropertyValueSpecification\",\"valueRequired\":true,\"valueName\":\"search_term_string\"}}],\"inLanguage\":\"fr-FR\"}]}<\/script>\r\n<!-- \/ Yoast SEO plugin. -->","yoast_head_json":{"title":"ROGE CAVAILLES SAVON SURGRAS EXTRAS DOUX AMANDE VERTE 250 G X 2 - Paracherkaoui.ma","robots":{"index":"index","follow":"follow","max-snippet":"max-snippet:-1","max-image-preview":"max-image-preview:large","max-video-preview":"max-video-preview:-1"},"canonical":"https:\/\/paracherkaoui.ma\/index.php\/produit\/roge-cavailles-savon-surgras-extras-doux-amande-verte-250-g-x-2\/","og_locale":"fr_FR","og_type":"article","og_title":"ROGE CAVAILLES SAVON SURGRAS EXTRAS DOUX AMANDE VERTE 250 G X 2 - Paracherkaoui.ma","og_description":"Enrichi en huile d\u2019amande douce, il\u00a0nettoie votre peau en douceur\u00a0et lui\u00a0apporte confort et souplesseen l\u2019aidant \u00e0 maintenir, jour apr\u00e8s jour,","og_url":"https:\/\/paracherkaoui.ma\/index.php\/produit\/roge-cavailles-savon-surgras-extras-doux-amande-verte-250-g-x-2\/","og_site_name":"Paracherkaoui.ma","article_modified_time":"2025-12-12T17:55:26+00:00","og_image":[{"width":700,"height":700,"url":"https:\/\/paracherkaoui.ma\/wp-content\/uploads\/2025\/12\/roge-cavailles-savon-surgras-extras-doux-amande-verte-250-g-x-2.jpg","type":"image\/jpeg"}],"twitter_card":"summary_large_image","schema":{"@context":"https:\/\/schema.org","@graph":[{"@type":"WebPage","@id":"https:\/\/paracherkaoui.ma\/index.php\/produit\/roge-cavailles-savon-surgras-extras-doux-amande-verte-250-g-x-2\/","url":"https:\/\/paracherkaoui.ma\/index.php\/produit\/roge-cavailles-savon-surgras-extras-doux-amande-verte-250-g-x-2\/","name":"ROGE CAVAILLES SAVON SURGRAS EXTRAS DOUX AMANDE VERTE 250 G X 2 - Paracherkaoui.ma","isPartOf":{"@id":"https:\/\/paracherkaoui.ma\/#website"},"primaryImageOfPage":{"@id":"https:\/\/paracherkaoui.ma\/index.php\/produit\/roge-cavailles-savon-surgras-extras-doux-amande-verte-250-g-x-2\/#primaryimage"},"image":{"@id":"https:\/\/paracherkaoui.ma\/index.php\/produit\/roge-cavailles-savon-surgras-extras-doux-amande-verte-250-g-x-2\/#primaryimage"},"thumbnailUrl":"https:\/\/paracherkaoui.ma\/wp-content\/uploads\/2025\/12\/roge-cavailles-savon-surgras-extras-doux-amande-verte-250-g-x-2.jpg","datePublished":"2025-12-12T17:55:21+00:00","dateModified":"2025-12-12T17:55:26+00:00","breadcrumb":{"@id":"https:\/\/paracherkaoui.ma\/index.php\/produit\/roge-cavailles-savon-surgras-extras-doux-amande-verte-250-g-x-2\/#breadcrumb"},"inLanguage":"fr-FR","potentialAction":[{"@type":"ReadAction","target":["https:\/\/paracherkaoui.ma\/index.php\/produit\/roge-cavailles-savon-surgras-extras-doux-amande-verte-250-g-x-2\/"]}]},{"@type":"ImageObject","inLanguage":"fr-FR","@id":"https:\/\/paracherkaoui.ma\/index.php\/produit\/roge-cavailles-savon-surgras-extras-doux-amande-verte-250-g-x-2\/#primaryimage","url":"https:\/\/paracherkaoui.ma\/wp-content\/uploads\/2025\/12\/roge-cavailles-savon-surgras-extras-doux-amande-verte-250-g-x-2.jpg","contentUrl":"https:\/\/paracherkaoui.ma\/wp-content\/uploads\/2025\/12\/roge-cavailles-savon-surgras-extras-doux-amande-verte-250-g-x-2.jpg","width":700,"height":700},{"@type":"BreadcrumbList","@id":"https:\/\/paracherkaoui.ma\/index.php\/produit\/roge-cavailles-savon-surgras-extras-doux-amande-verte-250-g-x-2\/#breadcrumb","itemListElement":[{"@type":"ListItem","position":1,"name":"Accueil","item":"https:\/\/paracherkaoui.ma\/"},{"@type":"ListItem","position":2,"name":"Boutique","item":"https:\/\/paracherkaoui.ma\/index.php\/boutique\/"},{"@type":"ListItem","position":3,"name":"ROGE CAVAILLES SAVON SURGRAS EXTRAS DOUX AMANDE VERTE 250 G X 2"}]},{"@type":"WebSite","@id":"https:\/\/paracherkaoui.ma\/#website","url":"https:\/\/paracherkaoui.ma\/","name":"Paracherkaoui.ma","description":"Achetez en ligne sur Paracherkaoui.ma","potentialAction":[{"@type":"SearchAction","target":{"@type":"EntryPoint","urlTemplate":"https:\/\/paracherkaoui.ma\/?s={search_term_string}"},"query-input":{"@type":"PropertyValueSpecification","valueRequired":true,"valueName":"search_term_string"}}],"inLanguage":"fr-FR"}]}},"_links":{"self":[{"href":"https:\/\/paracherkaoui.ma\/index.php\/wp-json\/wp\/v2\/product\/36017","targetHints":{"allow":["GET"]}}],"collection":[{"href":"https:\/\/paracherkaoui.ma\/index.php\/wp-json\/wp\/v2\/product"}],"about":[{"href":"https:\/\/paracherkaoui.ma\/index.php\/wp-json\/wp\/v2\/types\/product"}],"replies":[{"embeddable":true,"href":"https:\/\/paracherkaoui.ma\/index.php\/wp-json\/wp\/v2\/comments?post=36017"}],"version-history":[{"count":1,"href":"https:\/\/paracherkaoui.ma\/index.php\/wp-json\/wp\/v2\/product\/36017\/revisions"}],"predecessor-version":[{"id":36069,"href":"https:\/\/paracherkaoui.ma\/index.php\/wp-json\/wp\/v2\/product\/36017\/revisions\/36069"}],"wp:featuredmedia":[{"embeddable":true,"href":"https:\/\/paracherkaoui.ma\/index.php\/wp-json\/wp\/v2\/media\/36068"}],"wp:attachment":[{"href":"https:\/\/paracherkaoui.ma\/index.php\/wp-json\/wp\/v2\/media?parent=36017"}],"wp:term":[{"taxonomy":"product_brand","embeddable":true,"href":"https:\/\/paracherkaoui.ma\/index.php\/wp-json\/wp\/v2\/product_brand?post=36017"},{"taxonomy":"product_cat","embeddable":true,"href":"https:\/\/paracherkaoui.ma\/index.php\/wp-json\/wp\/v2\/product_cat?post=36017"},{"taxonomy":"product_tag","embeddable":true,"href":"https:\/\/paracherkaoui.ma\/index.php\/wp-json\/wp\/v2\/product_tag?post=36017"}],"curies":[{"name":"wp","href":"https:\/\/api.w.org\/{rel}","templated":true}]}}