{"id":36016,"date":"2025-12-12T18:55:21","date_gmt":"2025-12-12T17:55:21","guid":{"rendered":"https:\/\/test.ecbeaute.com\/?post_type=product&#038;p=36016"},"modified":"2025-12-12T18:55:26","modified_gmt":"2025-12-12T17:55:26","slug":"weleda-savon-vegetal-au-calendula","status":"publish","type":"product","link":"https:\/\/paracherkaoui.ma\/index.php\/produit\/weleda-savon-vegetal-au-calendula\/","title":{"rendered":"WELEDA Savon v\u00e9g\u00e9tal au Calendula"},"content":{"rendered":"<p>Ce savon v\u00e9g\u00e9tal naturel aux extraits de fleur de calendula bio, de fleur de camomille bio et de pens\u00e9e sauvage a \u00e9t\u00e9 sp\u00e9cialement con\u00e7u pour la toilette des peaux sensibles. Il d\u00e9veloppe une mousse fine et onctueuse qui nettoie en douceur.<br \/>\nTol\u00e9rance cutan\u00e9e test\u00e9e sous contr\u00f4le dermatologique.<br \/>\nPlus produit<br \/>\n\u2022 Mousse fine et oncteuse qui nettoie en douceur<br \/>\n\u2022 Tr\u00e8s doux, ce savon convient aux peaux sensibles et aux jeunes enfants<br \/>\n\u2022 Huiles v\u00e9g\u00e9tales de qualit\u00e9 biologique<br \/>\n\u2022 Tol\u00e9rance cutan\u00e9e test\u00e9e sous contr\u00f4le dermatologique<\/p>\n","protected":false},"excerpt":{"rendered":"<p>Ce savon v\u00e9g\u00e9tal naturel aux extraits de fleur de calendula bio, de fleur de camomille bio et de pens\u00e9e sauvage<\/p>\n","protected":false},"featured_media":36066,"comment_status":"open","ping_status":"closed","template":"","meta":[],"product_brand":[313],"product_cat":[639],"product_tag":[],"class_list":{"0":"post-36016","1":"product","2":"type-product","3":"status-publish","4":"has-post-thumbnail","6":"product_brand-weleda","7":"product_cat-savon-et-pain-dermatologique","9":"first","10":"instock","11":"shipping-taxable","12":"purchasable","13":"product-type-simple"},"yoast_head":"<!-- This site is optimized with the Yoast SEO plugin v26.6 - https:\/\/yoast.com\/wordpress\/plugins\/seo\/ -->\r\n<title>WELEDA Savon v\u00e9g\u00e9tal au Calendula - Paracherkaoui.ma<\/title>\r\n<meta name=\"robots\" content=\"index, follow, max-snippet:-1, max-image-preview:large, max-video-preview:-1\" \/>\r\n<link rel=\"canonical\" href=\"https:\/\/paracherkaoui.ma\/index.php\/produit\/weleda-savon-vegetal-au-calendula\/\" \/>\r\n<meta property=\"og:locale\" content=\"fr_FR\" \/>\r\n<meta property=\"og:type\" content=\"article\" \/>\r\n<meta property=\"og:title\" content=\"WELEDA Savon v\u00e9g\u00e9tal au Calendula - Paracherkaoui.ma\" \/>\r\n<meta property=\"og:description\" content=\"Ce savon v\u00e9g\u00e9tal naturel aux extraits de fleur de calendula bio, de fleur de camomille bio et de pens\u00e9e sauvage\" \/>\r\n<meta property=\"og:url\" content=\"https:\/\/paracherkaoui.ma\/index.php\/produit\/weleda-savon-vegetal-au-calendula\/\" \/>\r\n<meta property=\"og:site_name\" content=\"Paracherkaoui.ma\" \/>\r\n<meta property=\"article:modified_time\" content=\"2025-12-12T17:55:26+00:00\" \/>\r\n<meta property=\"og:image\" content=\"https:\/\/paracherkaoui.ma\/wp-content\/uploads\/2025\/12\/weleda-weleda-savon-vegetal-au-calendula-savon-et-pain.jpg\" \/>\r\n\t<meta property=\"og:image:width\" content=\"700\" \/>\r\n\t<meta property=\"og:image:height\" content=\"700\" \/>\r\n\t<meta property=\"og:image:type\" content=\"image\/jpeg\" \/>\r\n<meta name=\"twitter:card\" content=\"summary_large_image\" \/>\r\n<script type=\"application\/ld+json\" class=\"yoast-schema-graph\">{\"@context\":\"https:\/\/schema.org\",\"@graph\":[{\"@type\":\"WebPage\",\"@id\":\"https:\/\/paracherkaoui.ma\/index.php\/produit\/weleda-savon-vegetal-au-calendula\/\",\"url\":\"https:\/\/paracherkaoui.ma\/index.php\/produit\/weleda-savon-vegetal-au-calendula\/\",\"name\":\"WELEDA Savon v\u00e9g\u00e9tal au Calendula - Paracherkaoui.ma\",\"isPartOf\":{\"@id\":\"https:\/\/paracherkaoui.ma\/#website\"},\"primaryImageOfPage\":{\"@id\":\"https:\/\/paracherkaoui.ma\/index.php\/produit\/weleda-savon-vegetal-au-calendula\/#primaryimage\"},\"image\":{\"@id\":\"https:\/\/paracherkaoui.ma\/index.php\/produit\/weleda-savon-vegetal-au-calendula\/#primaryimage\"},\"thumbnailUrl\":\"https:\/\/paracherkaoui.ma\/wp-content\/uploads\/2025\/12\/weleda-weleda-savon-vegetal-au-calendula-savon-et-pain.jpg\",\"datePublished\":\"2025-12-12T17:55:21+00:00\",\"dateModified\":\"2025-12-12T17:55:26+00:00\",\"breadcrumb\":{\"@id\":\"https:\/\/paracherkaoui.ma\/index.php\/produit\/weleda-savon-vegetal-au-calendula\/#breadcrumb\"},\"inLanguage\":\"fr-FR\",\"potentialAction\":[{\"@type\":\"ReadAction\",\"target\":[\"https:\/\/paracherkaoui.ma\/index.php\/produit\/weleda-savon-vegetal-au-calendula\/\"]}]},{\"@type\":\"ImageObject\",\"inLanguage\":\"fr-FR\",\"@id\":\"https:\/\/paracherkaoui.ma\/index.php\/produit\/weleda-savon-vegetal-au-calendula\/#primaryimage\",\"url\":\"https:\/\/paracherkaoui.ma\/wp-content\/uploads\/2025\/12\/weleda-weleda-savon-vegetal-au-calendula-savon-et-pain.jpg\",\"contentUrl\":\"https:\/\/paracherkaoui.ma\/wp-content\/uploads\/2025\/12\/weleda-weleda-savon-vegetal-au-calendula-savon-et-pain.jpg\",\"width\":700,\"height\":700},{\"@type\":\"BreadcrumbList\",\"@id\":\"https:\/\/paracherkaoui.ma\/index.php\/produit\/weleda-savon-vegetal-au-calendula\/#breadcrumb\",\"itemListElement\":[{\"@type\":\"ListItem\",\"position\":1,\"name\":\"Accueil\",\"item\":\"https:\/\/paracherkaoui.ma\/\"},{\"@type\":\"ListItem\",\"position\":2,\"name\":\"Boutique\",\"item\":\"https:\/\/paracherkaoui.ma\/index.php\/boutique\/\"},{\"@type\":\"ListItem\",\"position\":3,\"name\":\"WELEDA Savon v\u00e9g\u00e9tal au Calendula\"}]},{\"@type\":\"WebSite\",\"@id\":\"https:\/\/paracherkaoui.ma\/#website\",\"url\":\"https:\/\/paracherkaoui.ma\/\",\"name\":\"Paracherkaoui.ma\",\"description\":\"Achetez en ligne sur Paracherkaoui.ma\",\"potentialAction\":[{\"@type\":\"SearchAction\",\"target\":{\"@type\":\"EntryPoint\",\"urlTemplate\":\"https:\/\/paracherkaoui.ma\/?s={search_term_string}\"},\"query-input\":{\"@type\":\"PropertyValueSpecification\",\"valueRequired\":true,\"valueName\":\"search_term_string\"}}],\"inLanguage\":\"fr-FR\"}]}<\/script>\r\n<!-- \/ Yoast SEO plugin. -->","yoast_head_json":{"title":"WELEDA Savon v\u00e9g\u00e9tal au Calendula - Paracherkaoui.ma","robots":{"index":"index","follow":"follow","max-snippet":"max-snippet:-1","max-image-preview":"max-image-preview:large","max-video-preview":"max-video-preview:-1"},"canonical":"https:\/\/paracherkaoui.ma\/index.php\/produit\/weleda-savon-vegetal-au-calendula\/","og_locale":"fr_FR","og_type":"article","og_title":"WELEDA Savon v\u00e9g\u00e9tal au Calendula - Paracherkaoui.ma","og_description":"Ce savon v\u00e9g\u00e9tal naturel aux extraits de fleur de calendula bio, de fleur de camomille bio et de pens\u00e9e sauvage","og_url":"https:\/\/paracherkaoui.ma\/index.php\/produit\/weleda-savon-vegetal-au-calendula\/","og_site_name":"Paracherkaoui.ma","article_modified_time":"2025-12-12T17:55:26+00:00","og_image":[{"width":700,"height":700,"url":"https:\/\/paracherkaoui.ma\/wp-content\/uploads\/2025\/12\/weleda-weleda-savon-vegetal-au-calendula-savon-et-pain.jpg","type":"image\/jpeg"}],"twitter_card":"summary_large_image","schema":{"@context":"https:\/\/schema.org","@graph":[{"@type":"WebPage","@id":"https:\/\/paracherkaoui.ma\/index.php\/produit\/weleda-savon-vegetal-au-calendula\/","url":"https:\/\/paracherkaoui.ma\/index.php\/produit\/weleda-savon-vegetal-au-calendula\/","name":"WELEDA Savon v\u00e9g\u00e9tal au Calendula - Paracherkaoui.ma","isPartOf":{"@id":"https:\/\/paracherkaoui.ma\/#website"},"primaryImageOfPage":{"@id":"https:\/\/paracherkaoui.ma\/index.php\/produit\/weleda-savon-vegetal-au-calendula\/#primaryimage"},"image":{"@id":"https:\/\/paracherkaoui.ma\/index.php\/produit\/weleda-savon-vegetal-au-calendula\/#primaryimage"},"thumbnailUrl":"https:\/\/paracherkaoui.ma\/wp-content\/uploads\/2025\/12\/weleda-weleda-savon-vegetal-au-calendula-savon-et-pain.jpg","datePublished":"2025-12-12T17:55:21+00:00","dateModified":"2025-12-12T17:55:26+00:00","breadcrumb":{"@id":"https:\/\/paracherkaoui.ma\/index.php\/produit\/weleda-savon-vegetal-au-calendula\/#breadcrumb"},"inLanguage":"fr-FR","potentialAction":[{"@type":"ReadAction","target":["https:\/\/paracherkaoui.ma\/index.php\/produit\/weleda-savon-vegetal-au-calendula\/"]}]},{"@type":"ImageObject","inLanguage":"fr-FR","@id":"https:\/\/paracherkaoui.ma\/index.php\/produit\/weleda-savon-vegetal-au-calendula\/#primaryimage","url":"https:\/\/paracherkaoui.ma\/wp-content\/uploads\/2025\/12\/weleda-weleda-savon-vegetal-au-calendula-savon-et-pain.jpg","contentUrl":"https:\/\/paracherkaoui.ma\/wp-content\/uploads\/2025\/12\/weleda-weleda-savon-vegetal-au-calendula-savon-et-pain.jpg","width":700,"height":700},{"@type":"BreadcrumbList","@id":"https:\/\/paracherkaoui.ma\/index.php\/produit\/weleda-savon-vegetal-au-calendula\/#breadcrumb","itemListElement":[{"@type":"ListItem","position":1,"name":"Accueil","item":"https:\/\/paracherkaoui.ma\/"},{"@type":"ListItem","position":2,"name":"Boutique","item":"https:\/\/paracherkaoui.ma\/index.php\/boutique\/"},{"@type":"ListItem","position":3,"name":"WELEDA Savon v\u00e9g\u00e9tal au Calendula"}]},{"@type":"WebSite","@id":"https:\/\/paracherkaoui.ma\/#website","url":"https:\/\/paracherkaoui.ma\/","name":"Paracherkaoui.ma","description":"Achetez en ligne sur Paracherkaoui.ma","potentialAction":[{"@type":"SearchAction","target":{"@type":"EntryPoint","urlTemplate":"https:\/\/paracherkaoui.ma\/?s={search_term_string}"},"query-input":{"@type":"PropertyValueSpecification","valueRequired":true,"valueName":"search_term_string"}}],"inLanguage":"fr-FR"}]}},"_links":{"self":[{"href":"https:\/\/paracherkaoui.ma\/index.php\/wp-json\/wp\/v2\/product\/36016","targetHints":{"allow":["GET"]}}],"collection":[{"href":"https:\/\/paracherkaoui.ma\/index.php\/wp-json\/wp\/v2\/product"}],"about":[{"href":"https:\/\/paracherkaoui.ma\/index.php\/wp-json\/wp\/v2\/types\/product"}],"replies":[{"embeddable":true,"href":"https:\/\/paracherkaoui.ma\/index.php\/wp-json\/wp\/v2\/comments?post=36016"}],"version-history":[{"count":1,"href":"https:\/\/paracherkaoui.ma\/index.php\/wp-json\/wp\/v2\/product\/36016\/revisions"}],"predecessor-version":[{"id":36067,"href":"https:\/\/paracherkaoui.ma\/index.php\/wp-json\/wp\/v2\/product\/36016\/revisions\/36067"}],"wp:featuredmedia":[{"embeddable":true,"href":"https:\/\/paracherkaoui.ma\/index.php\/wp-json\/wp\/v2\/media\/36066"}],"wp:attachment":[{"href":"https:\/\/paracherkaoui.ma\/index.php\/wp-json\/wp\/v2\/media?parent=36016"}],"wp:term":[{"taxonomy":"product_brand","embeddable":true,"href":"https:\/\/paracherkaoui.ma\/index.php\/wp-json\/wp\/v2\/product_brand?post=36016"},{"taxonomy":"product_cat","embeddable":true,"href":"https:\/\/paracherkaoui.ma\/index.php\/wp-json\/wp\/v2\/product_cat?post=36016"},{"taxonomy":"product_tag","embeddable":true,"href":"https:\/\/paracherkaoui.ma\/index.php\/wp-json\/wp\/v2\/product_tag?post=36016"}],"curies":[{"name":"wp","href":"https:\/\/api.w.org\/{rel}","templated":true}]}}