{"id":36012,"date":"2025-12-12T18:55:21","date_gmt":"2025-12-12T17:55:21","guid":{"rendered":"https:\/\/test.ecbeaute.com\/?post_type=product&#038;p=36012"},"modified":"2025-12-12T18:55:25","modified_gmt":"2025-12-12T17:55:25","slug":"roge-cavailles-savon-creme-beurre-damande-et-rose-115g","status":"publish","type":"product","link":"https:\/\/paracherkaoui.ma\/index.php\/produit\/roge-cavailles-savon-creme-beurre-damande-et-rose-115g\/","title":{"rendered":"ROGE CAVAILLES SAVON CREME BEURRE D\u2019AMANDE ET ROSE 115G"},"content":{"rendered":"<p>Associant ingr\u00e9dients nourrissants et base v\u00e9g\u00e9tale, le Savon cr\u00e8me Visage &#038; Corps nettoie et prot\u00e8ge les peaux s\u00e8ches et sensibles en offrant une exp\u00e9rience sensorielle unique. Intens\u00e9ment nourrissante, sa formule cr\u00e9meuse fond sur votre peau pour la laisser douce et souple. Sa mousse g\u00e9n\u00e9reuse vous invite \u00e0 une parenth\u00e8se de douceur et d\u00e9pose sur votre peau un parfum d\u00e9licat et f\u00e9minin. Le Savon Cr\u00e8me Amande &#038; Rose est sp\u00e9cifiquement formul\u00e9 pour nettoyer au quotidien les peaux sensibles et s\u00e8ches.<br \/>\nConseils d\u2019utilisation<br \/>\nSous la douche ou dans le bain, frottez le Savon cr\u00e8me dans le creux de votre main et laissez-vous enivrer par son parfum.Faites mousser sur tout le corps puis rincez abondamment \u00e0 l\u2019eau claire.Avec son extr\u00eame douceur, vous pouvez l\u2019utiliser quotidiennement sur le visage comme sur le corps.<\/p>\n","protected":false},"excerpt":{"rendered":"<p>Associant ingr\u00e9dients nourrissants et base v\u00e9g\u00e9tale, le Savon cr\u00e8me Visage &#038; Corps nettoie et prot\u00e8ge les peaux s\u00e8ches et sensibles<\/p>\n","protected":false},"featured_media":36059,"comment_status":"open","ping_status":"closed","template":"","meta":[],"product_brand":[411],"product_cat":[639],"product_tag":[],"class_list":{"0":"post-36012","1":"product","2":"type-product","3":"status-publish","4":"has-post-thumbnail","6":"product_brand-roge-cavailles","7":"product_cat-savon-et-pain-dermatologique","9":"first","10":"instock","11":"sale","12":"shipping-taxable","13":"purchasable","14":"product-type-simple"},"yoast_head":"<!-- This site is optimized with the Yoast SEO plugin v26.6 - https:\/\/yoast.com\/wordpress\/plugins\/seo\/ -->\r\n<title>ROGE CAVAILLES SAVON CREME BEURRE D\u2019AMANDE ET ROSE 115G - Paracherkaoui.ma<\/title>\r\n<meta name=\"robots\" content=\"index, follow, max-snippet:-1, max-image-preview:large, max-video-preview:-1\" \/>\r\n<link rel=\"canonical\" href=\"https:\/\/paracherkaoui.ma\/index.php\/produit\/roge-cavailles-savon-creme-beurre-damande-et-rose-115g\/\" \/>\r\n<meta property=\"og:locale\" content=\"fr_FR\" \/>\r\n<meta property=\"og:type\" content=\"article\" \/>\r\n<meta property=\"og:title\" content=\"ROGE CAVAILLES SAVON CREME BEURRE D\u2019AMANDE ET ROSE 115G - Paracherkaoui.ma\" \/>\r\n<meta property=\"og:description\" content=\"Associant ingr\u00e9dients nourrissants et base v\u00e9g\u00e9tale, le Savon cr\u00e8me Visage &#038; Corps nettoie et prot\u00e8ge les peaux s\u00e8ches et sensibles\" \/>\r\n<meta property=\"og:url\" content=\"https:\/\/paracherkaoui.ma\/index.php\/produit\/roge-cavailles-savon-creme-beurre-damande-et-rose-115g\/\" \/>\r\n<meta property=\"og:site_name\" content=\"Paracherkaoui.ma\" \/>\r\n<meta property=\"article:modified_time\" content=\"2025-12-12T17:55:25+00:00\" \/>\r\n<meta property=\"og:image\" content=\"https:\/\/paracherkaoui.ma\/wp-content\/uploads\/2025\/12\/roge-cavailles-roge-cavailles-savon-creme-beurre-damande-et-rose-115g-savon-et-pain.jpg\" \/>\r\n\t<meta property=\"og:image:width\" content=\"700\" \/>\r\n\t<meta property=\"og:image:height\" content=\"700\" \/>\r\n\t<meta property=\"og:image:type\" content=\"image\/jpeg\" \/>\r\n<meta name=\"twitter:card\" content=\"summary_large_image\" \/>\r\n<meta name=\"twitter:label1\" content=\"Dur\u00e9e de lecture estim\u00e9e\" \/>\n\t<meta name=\"twitter:data1\" content=\"1 minute\" \/>\r\n<script type=\"application\/ld+json\" class=\"yoast-schema-graph\">{\"@context\":\"https:\/\/schema.org\",\"@graph\":[{\"@type\":\"WebPage\",\"@id\":\"https:\/\/paracherkaoui.ma\/index.php\/produit\/roge-cavailles-savon-creme-beurre-damande-et-rose-115g\/\",\"url\":\"https:\/\/paracherkaoui.ma\/index.php\/produit\/roge-cavailles-savon-creme-beurre-damande-et-rose-115g\/\",\"name\":\"ROGE CAVAILLES SAVON CREME BEURRE D\u2019AMANDE ET ROSE 115G - Paracherkaoui.ma\",\"isPartOf\":{\"@id\":\"https:\/\/paracherkaoui.ma\/#website\"},\"primaryImageOfPage\":{\"@id\":\"https:\/\/paracherkaoui.ma\/index.php\/produit\/roge-cavailles-savon-creme-beurre-damande-et-rose-115g\/#primaryimage\"},\"image\":{\"@id\":\"https:\/\/paracherkaoui.ma\/index.php\/produit\/roge-cavailles-savon-creme-beurre-damande-et-rose-115g\/#primaryimage\"},\"thumbnailUrl\":\"https:\/\/paracherkaoui.ma\/wp-content\/uploads\/2025\/12\/roge-cavailles-roge-cavailles-savon-creme-beurre-damande-et-rose-115g-savon-et-pain.jpg\",\"datePublished\":\"2025-12-12T17:55:21+00:00\",\"dateModified\":\"2025-12-12T17:55:25+00:00\",\"breadcrumb\":{\"@id\":\"https:\/\/paracherkaoui.ma\/index.php\/produit\/roge-cavailles-savon-creme-beurre-damande-et-rose-115g\/#breadcrumb\"},\"inLanguage\":\"fr-FR\",\"potentialAction\":[{\"@type\":\"ReadAction\",\"target\":[\"https:\/\/paracherkaoui.ma\/index.php\/produit\/roge-cavailles-savon-creme-beurre-damande-et-rose-115g\/\"]}]},{\"@type\":\"ImageObject\",\"inLanguage\":\"fr-FR\",\"@id\":\"https:\/\/paracherkaoui.ma\/index.php\/produit\/roge-cavailles-savon-creme-beurre-damande-et-rose-115g\/#primaryimage\",\"url\":\"https:\/\/paracherkaoui.ma\/wp-content\/uploads\/2025\/12\/roge-cavailles-roge-cavailles-savon-creme-beurre-damande-et-rose-115g-savon-et-pain.jpg\",\"contentUrl\":\"https:\/\/paracherkaoui.ma\/wp-content\/uploads\/2025\/12\/roge-cavailles-roge-cavailles-savon-creme-beurre-damande-et-rose-115g-savon-et-pain.jpg\",\"width\":700,\"height\":700},{\"@type\":\"BreadcrumbList\",\"@id\":\"https:\/\/paracherkaoui.ma\/index.php\/produit\/roge-cavailles-savon-creme-beurre-damande-et-rose-115g\/#breadcrumb\",\"itemListElement\":[{\"@type\":\"ListItem\",\"position\":1,\"name\":\"Accueil\",\"item\":\"https:\/\/paracherkaoui.ma\/\"},{\"@type\":\"ListItem\",\"position\":2,\"name\":\"Boutique\",\"item\":\"https:\/\/paracherkaoui.ma\/index.php\/boutique\/\"},{\"@type\":\"ListItem\",\"position\":3,\"name\":\"ROGE CAVAILLES SAVON CREME BEURRE D\u2019AMANDE ET ROSE 115G\"}]},{\"@type\":\"WebSite\",\"@id\":\"https:\/\/paracherkaoui.ma\/#website\",\"url\":\"https:\/\/paracherkaoui.ma\/\",\"name\":\"Paracherkaoui.ma\",\"description\":\"Achetez en ligne sur Paracherkaoui.ma\",\"potentialAction\":[{\"@type\":\"SearchAction\",\"target\":{\"@type\":\"EntryPoint\",\"urlTemplate\":\"https:\/\/paracherkaoui.ma\/?s={search_term_string}\"},\"query-input\":{\"@type\":\"PropertyValueSpecification\",\"valueRequired\":true,\"valueName\":\"search_term_string\"}}],\"inLanguage\":\"fr-FR\"}]}<\/script>\r\n<!-- \/ Yoast SEO plugin. -->","yoast_head_json":{"title":"ROGE CAVAILLES SAVON CREME BEURRE D\u2019AMANDE ET ROSE 115G - Paracherkaoui.ma","robots":{"index":"index","follow":"follow","max-snippet":"max-snippet:-1","max-image-preview":"max-image-preview:large","max-video-preview":"max-video-preview:-1"},"canonical":"https:\/\/paracherkaoui.ma\/index.php\/produit\/roge-cavailles-savon-creme-beurre-damande-et-rose-115g\/","og_locale":"fr_FR","og_type":"article","og_title":"ROGE CAVAILLES SAVON CREME BEURRE D\u2019AMANDE ET ROSE 115G - Paracherkaoui.ma","og_description":"Associant ingr\u00e9dients nourrissants et base v\u00e9g\u00e9tale, le Savon cr\u00e8me Visage &#038; Corps nettoie et prot\u00e8ge les peaux s\u00e8ches et sensibles","og_url":"https:\/\/paracherkaoui.ma\/index.php\/produit\/roge-cavailles-savon-creme-beurre-damande-et-rose-115g\/","og_site_name":"Paracherkaoui.ma","article_modified_time":"2025-12-12T17:55:25+00:00","og_image":[{"width":700,"height":700,"url":"https:\/\/paracherkaoui.ma\/wp-content\/uploads\/2025\/12\/roge-cavailles-roge-cavailles-savon-creme-beurre-damande-et-rose-115g-savon-et-pain.jpg","type":"image\/jpeg"}],"twitter_card":"summary_large_image","twitter_misc":{"Dur\u00e9e de lecture estim\u00e9e":"1 minute"},"schema":{"@context":"https:\/\/schema.org","@graph":[{"@type":"WebPage","@id":"https:\/\/paracherkaoui.ma\/index.php\/produit\/roge-cavailles-savon-creme-beurre-damande-et-rose-115g\/","url":"https:\/\/paracherkaoui.ma\/index.php\/produit\/roge-cavailles-savon-creme-beurre-damande-et-rose-115g\/","name":"ROGE CAVAILLES SAVON CREME BEURRE D\u2019AMANDE ET ROSE 115G - Paracherkaoui.ma","isPartOf":{"@id":"https:\/\/paracherkaoui.ma\/#website"},"primaryImageOfPage":{"@id":"https:\/\/paracherkaoui.ma\/index.php\/produit\/roge-cavailles-savon-creme-beurre-damande-et-rose-115g\/#primaryimage"},"image":{"@id":"https:\/\/paracherkaoui.ma\/index.php\/produit\/roge-cavailles-savon-creme-beurre-damande-et-rose-115g\/#primaryimage"},"thumbnailUrl":"https:\/\/paracherkaoui.ma\/wp-content\/uploads\/2025\/12\/roge-cavailles-roge-cavailles-savon-creme-beurre-damande-et-rose-115g-savon-et-pain.jpg","datePublished":"2025-12-12T17:55:21+00:00","dateModified":"2025-12-12T17:55:25+00:00","breadcrumb":{"@id":"https:\/\/paracherkaoui.ma\/index.php\/produit\/roge-cavailles-savon-creme-beurre-damande-et-rose-115g\/#breadcrumb"},"inLanguage":"fr-FR","potentialAction":[{"@type":"ReadAction","target":["https:\/\/paracherkaoui.ma\/index.php\/produit\/roge-cavailles-savon-creme-beurre-damande-et-rose-115g\/"]}]},{"@type":"ImageObject","inLanguage":"fr-FR","@id":"https:\/\/paracherkaoui.ma\/index.php\/produit\/roge-cavailles-savon-creme-beurre-damande-et-rose-115g\/#primaryimage","url":"https:\/\/paracherkaoui.ma\/wp-content\/uploads\/2025\/12\/roge-cavailles-roge-cavailles-savon-creme-beurre-damande-et-rose-115g-savon-et-pain.jpg","contentUrl":"https:\/\/paracherkaoui.ma\/wp-content\/uploads\/2025\/12\/roge-cavailles-roge-cavailles-savon-creme-beurre-damande-et-rose-115g-savon-et-pain.jpg","width":700,"height":700},{"@type":"BreadcrumbList","@id":"https:\/\/paracherkaoui.ma\/index.php\/produit\/roge-cavailles-savon-creme-beurre-damande-et-rose-115g\/#breadcrumb","itemListElement":[{"@type":"ListItem","position":1,"name":"Accueil","item":"https:\/\/paracherkaoui.ma\/"},{"@type":"ListItem","position":2,"name":"Boutique","item":"https:\/\/paracherkaoui.ma\/index.php\/boutique\/"},{"@type":"ListItem","position":3,"name":"ROGE CAVAILLES SAVON CREME BEURRE D\u2019AMANDE ET ROSE 115G"}]},{"@type":"WebSite","@id":"https:\/\/paracherkaoui.ma\/#website","url":"https:\/\/paracherkaoui.ma\/","name":"Paracherkaoui.ma","description":"Achetez en ligne sur Paracherkaoui.ma","potentialAction":[{"@type":"SearchAction","target":{"@type":"EntryPoint","urlTemplate":"https:\/\/paracherkaoui.ma\/?s={search_term_string}"},"query-input":{"@type":"PropertyValueSpecification","valueRequired":true,"valueName":"search_term_string"}}],"inLanguage":"fr-FR"}]}},"_links":{"self":[{"href":"https:\/\/paracherkaoui.ma\/index.php\/wp-json\/wp\/v2\/product\/36012","targetHints":{"allow":["GET"]}}],"collection":[{"href":"https:\/\/paracherkaoui.ma\/index.php\/wp-json\/wp\/v2\/product"}],"about":[{"href":"https:\/\/paracherkaoui.ma\/index.php\/wp-json\/wp\/v2\/types\/product"}],"replies":[{"embeddable":true,"href":"https:\/\/paracherkaoui.ma\/index.php\/wp-json\/wp\/v2\/comments?post=36012"}],"version-history":[{"count":1,"href":"https:\/\/paracherkaoui.ma\/index.php\/wp-json\/wp\/v2\/product\/36012\/revisions"}],"predecessor-version":[{"id":36060,"href":"https:\/\/paracherkaoui.ma\/index.php\/wp-json\/wp\/v2\/product\/36012\/revisions\/36060"}],"wp:featuredmedia":[{"embeddable":true,"href":"https:\/\/paracherkaoui.ma\/index.php\/wp-json\/wp\/v2\/media\/36059"}],"wp:attachment":[{"href":"https:\/\/paracherkaoui.ma\/index.php\/wp-json\/wp\/v2\/media?parent=36012"}],"wp:term":[{"taxonomy":"product_brand","embeddable":true,"href":"https:\/\/paracherkaoui.ma\/index.php\/wp-json\/wp\/v2\/product_brand?post=36012"},{"taxonomy":"product_cat","embeddable":true,"href":"https:\/\/paracherkaoui.ma\/index.php\/wp-json\/wp\/v2\/product_cat?post=36012"},{"taxonomy":"product_tag","embeddable":true,"href":"https:\/\/paracherkaoui.ma\/index.php\/wp-json\/wp\/v2\/product_tag?post=36012"}],"curies":[{"name":"wp","href":"https:\/\/api.w.org\/{rel}","templated":true}]}}