{"id":36009,"date":"2025-12-12T18:55:21","date_gmt":"2025-12-12T17:55:21","guid":{"rendered":"https:\/\/test.ecbeaute.com\/?post_type=product&#038;p=36009"},"modified":"2025-12-12T18:55:25","modified_gmt":"2025-12-12T17:55:25","slug":"floxia-savon-dermocosmetique-nourrissant-125g","status":"publish","type":"product","link":"https:\/\/paracherkaoui.ma\/index.php\/produit\/floxia-savon-dermocosmetique-nourrissant-125g\/","title":{"rendered":"FLOXIA SAVON DERMOCOSMETIQUE NOURRISSANT 125G"},"content":{"rendered":"<p>Floxia Savon Exfoliant\u00a0 Nourrissant peau s\u00e8che, ce savon agit comme adoucissant cutan\u00e9 et aide \u00e0 garder la peau lisse, souple et douce.<br \/>\nFloxia Savon Exfoliant\u00a0 Nourrissant peau s\u00e8che Sa combinaison unique, associant lait d&rsquo;avoine et sodium PCA, favorise la stimulation cellulaire, permettant ainsi une meilleure r\u00e9g\u00e9n\u00e9ration et hydratation de la peau.<br \/>\nCONSEILS D&rsquo;UTILISATION :<br \/>\nAppliquer sur une peau pr\u00e9alablement humidifi\u00e9e. Faire mousser puis rincer.<\/p>\n","protected":false},"excerpt":{"rendered":"<p>Floxia Savon Exfoliant\u00a0 Nourrissant peau s\u00e8che, ce savon agit comme adoucissant cutan\u00e9 et aide \u00e0 garder la peau lisse, souple<\/p>\n","protected":false},"featured_media":36053,"comment_status":"open","ping_status":"closed","template":"","meta":[],"product_brand":[300],"product_cat":[639],"product_tag":[],"class_list":{"0":"post-36009","1":"product","2":"type-product","3":"status-publish","4":"has-post-thumbnail","6":"product_brand-floxia","7":"product_cat-savon-et-pain-dermatologique","9":"first","10":"instock","11":"sale","12":"shipping-taxable","13":"purchasable","14":"product-type-simple"},"yoast_head":"<!-- This site is optimized with the Yoast SEO plugin v26.6 - https:\/\/yoast.com\/wordpress\/plugins\/seo\/ -->\r\n<title>FLOXIA SAVON DERMOCOSMETIQUE NOURRISSANT 125G - Paracherkaoui.ma<\/title>\r\n<meta name=\"robots\" content=\"index, follow, max-snippet:-1, max-image-preview:large, max-video-preview:-1\" \/>\r\n<link rel=\"canonical\" href=\"https:\/\/paracherkaoui.ma\/index.php\/produit\/floxia-savon-dermocosmetique-nourrissant-125g\/\" \/>\r\n<meta property=\"og:locale\" content=\"fr_FR\" \/>\r\n<meta property=\"og:type\" content=\"article\" \/>\r\n<meta property=\"og:title\" content=\"FLOXIA SAVON DERMOCOSMETIQUE NOURRISSANT 125G - Paracherkaoui.ma\" \/>\r\n<meta property=\"og:description\" content=\"Floxia Savon Exfoliant\u00a0 Nourrissant peau s\u00e8che, ce savon agit comme adoucissant cutan\u00e9 et aide \u00e0 garder la peau lisse, souple\" \/>\r\n<meta property=\"og:url\" content=\"https:\/\/paracherkaoui.ma\/index.php\/produit\/floxia-savon-dermocosmetique-nourrissant-125g\/\" \/>\r\n<meta property=\"og:site_name\" content=\"Paracherkaoui.ma\" \/>\r\n<meta property=\"article:modified_time\" content=\"2025-12-12T17:55:25+00:00\" \/>\r\n<meta property=\"og:image\" content=\"https:\/\/paracherkaoui.ma\/wp-content\/uploads\/2025\/12\/floxia-savon-dermocosmetique-nourrissant-125g.jpg\" \/>\r\n\t<meta property=\"og:image:width\" content=\"700\" \/>\r\n\t<meta property=\"og:image:height\" content=\"700\" \/>\r\n\t<meta property=\"og:image:type\" content=\"image\/jpeg\" \/>\r\n<meta name=\"twitter:card\" content=\"summary_large_image\" \/>\r\n<script type=\"application\/ld+json\" class=\"yoast-schema-graph\">{\"@context\":\"https:\/\/schema.org\",\"@graph\":[{\"@type\":\"WebPage\",\"@id\":\"https:\/\/paracherkaoui.ma\/index.php\/produit\/floxia-savon-dermocosmetique-nourrissant-125g\/\",\"url\":\"https:\/\/paracherkaoui.ma\/index.php\/produit\/floxia-savon-dermocosmetique-nourrissant-125g\/\",\"name\":\"FLOXIA SAVON DERMOCOSMETIQUE NOURRISSANT 125G - Paracherkaoui.ma\",\"isPartOf\":{\"@id\":\"https:\/\/paracherkaoui.ma\/#website\"},\"primaryImageOfPage\":{\"@id\":\"https:\/\/paracherkaoui.ma\/index.php\/produit\/floxia-savon-dermocosmetique-nourrissant-125g\/#primaryimage\"},\"image\":{\"@id\":\"https:\/\/paracherkaoui.ma\/index.php\/produit\/floxia-savon-dermocosmetique-nourrissant-125g\/#primaryimage\"},\"thumbnailUrl\":\"https:\/\/paracherkaoui.ma\/wp-content\/uploads\/2025\/12\/floxia-savon-dermocosmetique-nourrissant-125g.jpg\",\"datePublished\":\"2025-12-12T17:55:21+00:00\",\"dateModified\":\"2025-12-12T17:55:25+00:00\",\"breadcrumb\":{\"@id\":\"https:\/\/paracherkaoui.ma\/index.php\/produit\/floxia-savon-dermocosmetique-nourrissant-125g\/#breadcrumb\"},\"inLanguage\":\"fr-FR\",\"potentialAction\":[{\"@type\":\"ReadAction\",\"target\":[\"https:\/\/paracherkaoui.ma\/index.php\/produit\/floxia-savon-dermocosmetique-nourrissant-125g\/\"]}]},{\"@type\":\"ImageObject\",\"inLanguage\":\"fr-FR\",\"@id\":\"https:\/\/paracherkaoui.ma\/index.php\/produit\/floxia-savon-dermocosmetique-nourrissant-125g\/#primaryimage\",\"url\":\"https:\/\/paracherkaoui.ma\/wp-content\/uploads\/2025\/12\/floxia-savon-dermocosmetique-nourrissant-125g.jpg\",\"contentUrl\":\"https:\/\/paracherkaoui.ma\/wp-content\/uploads\/2025\/12\/floxia-savon-dermocosmetique-nourrissant-125g.jpg\",\"width\":700,\"height\":700},{\"@type\":\"BreadcrumbList\",\"@id\":\"https:\/\/paracherkaoui.ma\/index.php\/produit\/floxia-savon-dermocosmetique-nourrissant-125g\/#breadcrumb\",\"itemListElement\":[{\"@type\":\"ListItem\",\"position\":1,\"name\":\"Accueil\",\"item\":\"https:\/\/paracherkaoui.ma\/\"},{\"@type\":\"ListItem\",\"position\":2,\"name\":\"Boutique\",\"item\":\"https:\/\/paracherkaoui.ma\/index.php\/boutique\/\"},{\"@type\":\"ListItem\",\"position\":3,\"name\":\"FLOXIA SAVON DERMOCOSMETIQUE NOURRISSANT 125G\"}]},{\"@type\":\"WebSite\",\"@id\":\"https:\/\/paracherkaoui.ma\/#website\",\"url\":\"https:\/\/paracherkaoui.ma\/\",\"name\":\"Paracherkaoui.ma\",\"description\":\"Achetez en ligne sur Paracherkaoui.ma\",\"potentialAction\":[{\"@type\":\"SearchAction\",\"target\":{\"@type\":\"EntryPoint\",\"urlTemplate\":\"https:\/\/paracherkaoui.ma\/?s={search_term_string}\"},\"query-input\":{\"@type\":\"PropertyValueSpecification\",\"valueRequired\":true,\"valueName\":\"search_term_string\"}}],\"inLanguage\":\"fr-FR\"}]}<\/script>\r\n<!-- \/ Yoast SEO plugin. -->","yoast_head_json":{"title":"FLOXIA SAVON DERMOCOSMETIQUE NOURRISSANT 125G - Paracherkaoui.ma","robots":{"index":"index","follow":"follow","max-snippet":"max-snippet:-1","max-image-preview":"max-image-preview:large","max-video-preview":"max-video-preview:-1"},"canonical":"https:\/\/paracherkaoui.ma\/index.php\/produit\/floxia-savon-dermocosmetique-nourrissant-125g\/","og_locale":"fr_FR","og_type":"article","og_title":"FLOXIA SAVON DERMOCOSMETIQUE NOURRISSANT 125G - Paracherkaoui.ma","og_description":"Floxia Savon Exfoliant\u00a0 Nourrissant peau s\u00e8che, ce savon agit comme adoucissant cutan\u00e9 et aide \u00e0 garder la peau lisse, souple","og_url":"https:\/\/paracherkaoui.ma\/index.php\/produit\/floxia-savon-dermocosmetique-nourrissant-125g\/","og_site_name":"Paracherkaoui.ma","article_modified_time":"2025-12-12T17:55:25+00:00","og_image":[{"width":700,"height":700,"url":"https:\/\/paracherkaoui.ma\/wp-content\/uploads\/2025\/12\/floxia-savon-dermocosmetique-nourrissant-125g.jpg","type":"image\/jpeg"}],"twitter_card":"summary_large_image","schema":{"@context":"https:\/\/schema.org","@graph":[{"@type":"WebPage","@id":"https:\/\/paracherkaoui.ma\/index.php\/produit\/floxia-savon-dermocosmetique-nourrissant-125g\/","url":"https:\/\/paracherkaoui.ma\/index.php\/produit\/floxia-savon-dermocosmetique-nourrissant-125g\/","name":"FLOXIA SAVON DERMOCOSMETIQUE NOURRISSANT 125G - Paracherkaoui.ma","isPartOf":{"@id":"https:\/\/paracherkaoui.ma\/#website"},"primaryImageOfPage":{"@id":"https:\/\/paracherkaoui.ma\/index.php\/produit\/floxia-savon-dermocosmetique-nourrissant-125g\/#primaryimage"},"image":{"@id":"https:\/\/paracherkaoui.ma\/index.php\/produit\/floxia-savon-dermocosmetique-nourrissant-125g\/#primaryimage"},"thumbnailUrl":"https:\/\/paracherkaoui.ma\/wp-content\/uploads\/2025\/12\/floxia-savon-dermocosmetique-nourrissant-125g.jpg","datePublished":"2025-12-12T17:55:21+00:00","dateModified":"2025-12-12T17:55:25+00:00","breadcrumb":{"@id":"https:\/\/paracherkaoui.ma\/index.php\/produit\/floxia-savon-dermocosmetique-nourrissant-125g\/#breadcrumb"},"inLanguage":"fr-FR","potentialAction":[{"@type":"ReadAction","target":["https:\/\/paracherkaoui.ma\/index.php\/produit\/floxia-savon-dermocosmetique-nourrissant-125g\/"]}]},{"@type":"ImageObject","inLanguage":"fr-FR","@id":"https:\/\/paracherkaoui.ma\/index.php\/produit\/floxia-savon-dermocosmetique-nourrissant-125g\/#primaryimage","url":"https:\/\/paracherkaoui.ma\/wp-content\/uploads\/2025\/12\/floxia-savon-dermocosmetique-nourrissant-125g.jpg","contentUrl":"https:\/\/paracherkaoui.ma\/wp-content\/uploads\/2025\/12\/floxia-savon-dermocosmetique-nourrissant-125g.jpg","width":700,"height":700},{"@type":"BreadcrumbList","@id":"https:\/\/paracherkaoui.ma\/index.php\/produit\/floxia-savon-dermocosmetique-nourrissant-125g\/#breadcrumb","itemListElement":[{"@type":"ListItem","position":1,"name":"Accueil","item":"https:\/\/paracherkaoui.ma\/"},{"@type":"ListItem","position":2,"name":"Boutique","item":"https:\/\/paracherkaoui.ma\/index.php\/boutique\/"},{"@type":"ListItem","position":3,"name":"FLOXIA SAVON DERMOCOSMETIQUE NOURRISSANT 125G"}]},{"@type":"WebSite","@id":"https:\/\/paracherkaoui.ma\/#website","url":"https:\/\/paracherkaoui.ma\/","name":"Paracherkaoui.ma","description":"Achetez en ligne sur Paracherkaoui.ma","potentialAction":[{"@type":"SearchAction","target":{"@type":"EntryPoint","urlTemplate":"https:\/\/paracherkaoui.ma\/?s={search_term_string}"},"query-input":{"@type":"PropertyValueSpecification","valueRequired":true,"valueName":"search_term_string"}}],"inLanguage":"fr-FR"}]}},"_links":{"self":[{"href":"https:\/\/paracherkaoui.ma\/index.php\/wp-json\/wp\/v2\/product\/36009","targetHints":{"allow":["GET"]}}],"collection":[{"href":"https:\/\/paracherkaoui.ma\/index.php\/wp-json\/wp\/v2\/product"}],"about":[{"href":"https:\/\/paracherkaoui.ma\/index.php\/wp-json\/wp\/v2\/types\/product"}],"replies":[{"embeddable":true,"href":"https:\/\/paracherkaoui.ma\/index.php\/wp-json\/wp\/v2\/comments?post=36009"}],"version-history":[{"count":1,"href":"https:\/\/paracherkaoui.ma\/index.php\/wp-json\/wp\/v2\/product\/36009\/revisions"}],"predecessor-version":[{"id":36054,"href":"https:\/\/paracherkaoui.ma\/index.php\/wp-json\/wp\/v2\/product\/36009\/revisions\/36054"}],"wp:featuredmedia":[{"embeddable":true,"href":"https:\/\/paracherkaoui.ma\/index.php\/wp-json\/wp\/v2\/media\/36053"}],"wp:attachment":[{"href":"https:\/\/paracherkaoui.ma\/index.php\/wp-json\/wp\/v2\/media?parent=36009"}],"wp:term":[{"taxonomy":"product_brand","embeddable":true,"href":"https:\/\/paracherkaoui.ma\/index.php\/wp-json\/wp\/v2\/product_brand?post=36009"},{"taxonomy":"product_cat","embeddable":true,"href":"https:\/\/paracherkaoui.ma\/index.php\/wp-json\/wp\/v2\/product_cat?post=36009"},{"taxonomy":"product_tag","embeddable":true,"href":"https:\/\/paracherkaoui.ma\/index.php\/wp-json\/wp\/v2\/product_tag?post=36009"}],"curies":[{"name":"wp","href":"https:\/\/api.w.org\/{rel}","templated":true}]}}