{"id":35994,"date":"2025-12-12T18:55:20","date_gmt":"2025-12-12T17:55:20","guid":{"rendered":"https:\/\/test.ecbeaute.com\/?post_type=product&#038;p=35994"},"modified":"2025-12-12T18:55:22","modified_gmt":"2025-12-12T17:55:22","slug":"roge-cavailles-savon-parfum-amande-vert-250-g","status":"publish","type":"product","link":"https:\/\/paracherkaoui.ma\/index.php\/produit\/roge-cavailles-savon-parfum-amande-vert-250-g\/","title":{"rendered":"ROGE CAVAILLES SAVON PARFUM AMANDE VERT 250 G"},"content":{"rendered":"<p>Rog\u00e9 Cavaill\u00e8s Savon parfum\u00e9 amande verte 250g<\/p>\n<p>Gr\u00e2ce \u00e0 sa composition \u00e0 base d\u2019amande verte, le savon surgras de Cavaill\u00e8s est con\u00e7u pour hydrater et r\u00e9parer la peau sur l\u2019ensemble du corps en usage quotidien. Ses agents surgraissants agissent en apaisant l\u2019\u00e9piderme et en r\u00e9gulant les r\u00e9actions causant son irritation. Id\u00e9al pour les peaux sensible, ce savon garantit une peau satin\u00e9e et extr\u00eamement hydrat\u00e9e. Des tests effectu\u00e9s par des dermatologues prouvent sa parfaite tol\u00e9rance cutan\u00e9e.<\/p>\n<p>CONSEILS D&rsquo;UTILISATION :<\/p>\n<p>Utiliser le savon surgars pour nettoyer votre visage en \u00e9vitant le contour des yeux.Peut \u00eatre utilis\u00e9 pour nettoyer le corps des b\u00e9b\u00e9s et personnes \u00e2g\u00e9es<\/p>\n<p>COMPOSITION :<\/p>\n<p>Sodium Tallowate, Sodium Cocoate, Aqua, Lanolin, Glycerin, Prunus Dulcis, Prunus Persica, Parfum (Fragrance), Pentasodium Pentetate, Tetrasodium EDTA, Sodium Chloride.<\/p>\n","protected":false},"excerpt":{"rendered":"<p>Rog\u00e9 Cavaill\u00e8s Savon parfum\u00e9 amande verte 250g Gr\u00e2ce \u00e0 sa composition \u00e0 base d\u2019amande verte, le savon surgras de Cavaill\u00e8s<\/p>\n","protected":false},"featured_media":36025,"comment_status":"open","ping_status":"closed","template":"","meta":[],"product_brand":[411],"product_cat":[639],"product_tag":[],"class_list":{"0":"post-35994","1":"product","2":"type-product","3":"status-publish","4":"has-post-thumbnail","6":"product_brand-roge-cavailles","7":"product_cat-savon-et-pain-dermatologique","9":"first","10":"instock","11":"sale","12":"shipping-taxable","13":"purchasable","14":"product-type-simple"},"yoast_head":"<!-- This site is optimized with the Yoast SEO plugin v26.6 - https:\/\/yoast.com\/wordpress\/plugins\/seo\/ -->\r\n<title>ROGE CAVAILLES SAVON PARFUM AMANDE VERT 250 G - Paracherkaoui.ma<\/title>\r\n<meta name=\"robots\" content=\"index, follow, max-snippet:-1, max-image-preview:large, max-video-preview:-1\" \/>\r\n<link rel=\"canonical\" href=\"https:\/\/paracherkaoui.ma\/index.php\/produit\/roge-cavailles-savon-parfum-amande-vert-250-g\/\" \/>\r\n<meta property=\"og:locale\" content=\"fr_FR\" \/>\r\n<meta property=\"og:type\" content=\"article\" \/>\r\n<meta property=\"og:title\" content=\"ROGE CAVAILLES SAVON PARFUM AMANDE VERT 250 G - Paracherkaoui.ma\" \/>\r\n<meta property=\"og:description\" content=\"Rog\u00e9 Cavaill\u00e8s Savon parfum\u00e9 amande verte 250g Gr\u00e2ce \u00e0 sa composition \u00e0 base d\u2019amande verte, le savon surgras de Cavaill\u00e8s\" \/>\r\n<meta property=\"og:url\" content=\"https:\/\/paracherkaoui.ma\/index.php\/produit\/roge-cavailles-savon-parfum-amande-vert-250-g\/\" \/>\r\n<meta property=\"og:site_name\" content=\"Paracherkaoui.ma\" \/>\r\n<meta property=\"article:modified_time\" content=\"2025-12-12T17:55:22+00:00\" \/>\r\n<meta property=\"og:image\" content=\"https:\/\/paracherkaoui.ma\/wp-content\/uploads\/2025\/12\/roge-cavailles-savon-parfum-amande-vert-250-g.jpg\" \/>\r\n\t<meta property=\"og:image:width\" content=\"700\" \/>\r\n\t<meta property=\"og:image:height\" content=\"700\" \/>\r\n\t<meta property=\"og:image:type\" content=\"image\/jpeg\" \/>\r\n<meta name=\"twitter:card\" content=\"summary_large_image\" \/>\r\n<meta name=\"twitter:label1\" content=\"Dur\u00e9e de lecture estim\u00e9e\" \/>\n\t<meta name=\"twitter:data1\" content=\"1 minute\" \/>\r\n<script type=\"application\/ld+json\" class=\"yoast-schema-graph\">{\"@context\":\"https:\/\/schema.org\",\"@graph\":[{\"@type\":\"WebPage\",\"@id\":\"https:\/\/paracherkaoui.ma\/index.php\/produit\/roge-cavailles-savon-parfum-amande-vert-250-g\/\",\"url\":\"https:\/\/paracherkaoui.ma\/index.php\/produit\/roge-cavailles-savon-parfum-amande-vert-250-g\/\",\"name\":\"ROGE CAVAILLES SAVON PARFUM AMANDE VERT 250 G - Paracherkaoui.ma\",\"isPartOf\":{\"@id\":\"https:\/\/paracherkaoui.ma\/#website\"},\"primaryImageOfPage\":{\"@id\":\"https:\/\/paracherkaoui.ma\/index.php\/produit\/roge-cavailles-savon-parfum-amande-vert-250-g\/#primaryimage\"},\"image\":{\"@id\":\"https:\/\/paracherkaoui.ma\/index.php\/produit\/roge-cavailles-savon-parfum-amande-vert-250-g\/#primaryimage\"},\"thumbnailUrl\":\"https:\/\/paracherkaoui.ma\/wp-content\/uploads\/2025\/12\/roge-cavailles-savon-parfum-amande-vert-250-g.jpg\",\"datePublished\":\"2025-12-12T17:55:20+00:00\",\"dateModified\":\"2025-12-12T17:55:22+00:00\",\"breadcrumb\":{\"@id\":\"https:\/\/paracherkaoui.ma\/index.php\/produit\/roge-cavailles-savon-parfum-amande-vert-250-g\/#breadcrumb\"},\"inLanguage\":\"fr-FR\",\"potentialAction\":[{\"@type\":\"ReadAction\",\"target\":[\"https:\/\/paracherkaoui.ma\/index.php\/produit\/roge-cavailles-savon-parfum-amande-vert-250-g\/\"]}]},{\"@type\":\"ImageObject\",\"inLanguage\":\"fr-FR\",\"@id\":\"https:\/\/paracherkaoui.ma\/index.php\/produit\/roge-cavailles-savon-parfum-amande-vert-250-g\/#primaryimage\",\"url\":\"https:\/\/paracherkaoui.ma\/wp-content\/uploads\/2025\/12\/roge-cavailles-savon-parfum-amande-vert-250-g.jpg\",\"contentUrl\":\"https:\/\/paracherkaoui.ma\/wp-content\/uploads\/2025\/12\/roge-cavailles-savon-parfum-amande-vert-250-g.jpg\",\"width\":700,\"height\":700},{\"@type\":\"BreadcrumbList\",\"@id\":\"https:\/\/paracherkaoui.ma\/index.php\/produit\/roge-cavailles-savon-parfum-amande-vert-250-g\/#breadcrumb\",\"itemListElement\":[{\"@type\":\"ListItem\",\"position\":1,\"name\":\"Accueil\",\"item\":\"https:\/\/paracherkaoui.ma\/\"},{\"@type\":\"ListItem\",\"position\":2,\"name\":\"Boutique\",\"item\":\"https:\/\/paracherkaoui.ma\/index.php\/boutique\/\"},{\"@type\":\"ListItem\",\"position\":3,\"name\":\"ROGE CAVAILLES SAVON PARFUM AMANDE VERT 250 G\"}]},{\"@type\":\"WebSite\",\"@id\":\"https:\/\/paracherkaoui.ma\/#website\",\"url\":\"https:\/\/paracherkaoui.ma\/\",\"name\":\"Paracherkaoui.ma\",\"description\":\"Achetez en ligne sur Paracherkaoui.ma\",\"potentialAction\":[{\"@type\":\"SearchAction\",\"target\":{\"@type\":\"EntryPoint\",\"urlTemplate\":\"https:\/\/paracherkaoui.ma\/?s={search_term_string}\"},\"query-input\":{\"@type\":\"PropertyValueSpecification\",\"valueRequired\":true,\"valueName\":\"search_term_string\"}}],\"inLanguage\":\"fr-FR\"}]}<\/script>\r\n<!-- \/ Yoast SEO plugin. -->","yoast_head_json":{"title":"ROGE CAVAILLES SAVON PARFUM AMANDE VERT 250 G - Paracherkaoui.ma","robots":{"index":"index","follow":"follow","max-snippet":"max-snippet:-1","max-image-preview":"max-image-preview:large","max-video-preview":"max-video-preview:-1"},"canonical":"https:\/\/paracherkaoui.ma\/index.php\/produit\/roge-cavailles-savon-parfum-amande-vert-250-g\/","og_locale":"fr_FR","og_type":"article","og_title":"ROGE CAVAILLES SAVON PARFUM AMANDE VERT 250 G - Paracherkaoui.ma","og_description":"Rog\u00e9 Cavaill\u00e8s Savon parfum\u00e9 amande verte 250g Gr\u00e2ce \u00e0 sa composition \u00e0 base d\u2019amande verte, le savon surgras de Cavaill\u00e8s","og_url":"https:\/\/paracherkaoui.ma\/index.php\/produit\/roge-cavailles-savon-parfum-amande-vert-250-g\/","og_site_name":"Paracherkaoui.ma","article_modified_time":"2025-12-12T17:55:22+00:00","og_image":[{"width":700,"height":700,"url":"https:\/\/paracherkaoui.ma\/wp-content\/uploads\/2025\/12\/roge-cavailles-savon-parfum-amande-vert-250-g.jpg","type":"image\/jpeg"}],"twitter_card":"summary_large_image","twitter_misc":{"Dur\u00e9e de lecture estim\u00e9e":"1 minute"},"schema":{"@context":"https:\/\/schema.org","@graph":[{"@type":"WebPage","@id":"https:\/\/paracherkaoui.ma\/index.php\/produit\/roge-cavailles-savon-parfum-amande-vert-250-g\/","url":"https:\/\/paracherkaoui.ma\/index.php\/produit\/roge-cavailles-savon-parfum-amande-vert-250-g\/","name":"ROGE CAVAILLES SAVON PARFUM AMANDE VERT 250 G - Paracherkaoui.ma","isPartOf":{"@id":"https:\/\/paracherkaoui.ma\/#website"},"primaryImageOfPage":{"@id":"https:\/\/paracherkaoui.ma\/index.php\/produit\/roge-cavailles-savon-parfum-amande-vert-250-g\/#primaryimage"},"image":{"@id":"https:\/\/paracherkaoui.ma\/index.php\/produit\/roge-cavailles-savon-parfum-amande-vert-250-g\/#primaryimage"},"thumbnailUrl":"https:\/\/paracherkaoui.ma\/wp-content\/uploads\/2025\/12\/roge-cavailles-savon-parfum-amande-vert-250-g.jpg","datePublished":"2025-12-12T17:55:20+00:00","dateModified":"2025-12-12T17:55:22+00:00","breadcrumb":{"@id":"https:\/\/paracherkaoui.ma\/index.php\/produit\/roge-cavailles-savon-parfum-amande-vert-250-g\/#breadcrumb"},"inLanguage":"fr-FR","potentialAction":[{"@type":"ReadAction","target":["https:\/\/paracherkaoui.ma\/index.php\/produit\/roge-cavailles-savon-parfum-amande-vert-250-g\/"]}]},{"@type":"ImageObject","inLanguage":"fr-FR","@id":"https:\/\/paracherkaoui.ma\/index.php\/produit\/roge-cavailles-savon-parfum-amande-vert-250-g\/#primaryimage","url":"https:\/\/paracherkaoui.ma\/wp-content\/uploads\/2025\/12\/roge-cavailles-savon-parfum-amande-vert-250-g.jpg","contentUrl":"https:\/\/paracherkaoui.ma\/wp-content\/uploads\/2025\/12\/roge-cavailles-savon-parfum-amande-vert-250-g.jpg","width":700,"height":700},{"@type":"BreadcrumbList","@id":"https:\/\/paracherkaoui.ma\/index.php\/produit\/roge-cavailles-savon-parfum-amande-vert-250-g\/#breadcrumb","itemListElement":[{"@type":"ListItem","position":1,"name":"Accueil","item":"https:\/\/paracherkaoui.ma\/"},{"@type":"ListItem","position":2,"name":"Boutique","item":"https:\/\/paracherkaoui.ma\/index.php\/boutique\/"},{"@type":"ListItem","position":3,"name":"ROGE CAVAILLES SAVON PARFUM AMANDE VERT 250 G"}]},{"@type":"WebSite","@id":"https:\/\/paracherkaoui.ma\/#website","url":"https:\/\/paracherkaoui.ma\/","name":"Paracherkaoui.ma","description":"Achetez en ligne sur Paracherkaoui.ma","potentialAction":[{"@type":"SearchAction","target":{"@type":"EntryPoint","urlTemplate":"https:\/\/paracherkaoui.ma\/?s={search_term_string}"},"query-input":{"@type":"PropertyValueSpecification","valueRequired":true,"valueName":"search_term_string"}}],"inLanguage":"fr-FR"}]}},"_links":{"self":[{"href":"https:\/\/paracherkaoui.ma\/index.php\/wp-json\/wp\/v2\/product\/35994","targetHints":{"allow":["GET"]}}],"collection":[{"href":"https:\/\/paracherkaoui.ma\/index.php\/wp-json\/wp\/v2\/product"}],"about":[{"href":"https:\/\/paracherkaoui.ma\/index.php\/wp-json\/wp\/v2\/types\/product"}],"replies":[{"embeddable":true,"href":"https:\/\/paracherkaoui.ma\/index.php\/wp-json\/wp\/v2\/comments?post=35994"}],"version-history":[{"count":1,"href":"https:\/\/paracherkaoui.ma\/index.php\/wp-json\/wp\/v2\/product\/35994\/revisions"}],"predecessor-version":[{"id":36026,"href":"https:\/\/paracherkaoui.ma\/index.php\/wp-json\/wp\/v2\/product\/35994\/revisions\/36026"}],"wp:featuredmedia":[{"embeddable":true,"href":"https:\/\/paracherkaoui.ma\/index.php\/wp-json\/wp\/v2\/media\/36025"}],"wp:attachment":[{"href":"https:\/\/paracherkaoui.ma\/index.php\/wp-json\/wp\/v2\/media?parent=35994"}],"wp:term":[{"taxonomy":"product_brand","embeddable":true,"href":"https:\/\/paracherkaoui.ma\/index.php\/wp-json\/wp\/v2\/product_brand?post=35994"},{"taxonomy":"product_cat","embeddable":true,"href":"https:\/\/paracherkaoui.ma\/index.php\/wp-json\/wp\/v2\/product_cat?post=35994"},{"taxonomy":"product_tag","embeddable":true,"href":"https:\/\/paracherkaoui.ma\/index.php\/wp-json\/wp\/v2\/product_tag?post=35994"}],"curies":[{"name":"wp","href":"https:\/\/api.w.org\/{rel}","templated":true}]}}