{"id":35927,"date":"2025-12-12T18:55:12","date_gmt":"2025-12-12T17:55:12","guid":{"rendered":"https:\/\/test.ecbeaute.com\/?post_type=product&#038;p=35927"},"modified":"2025-12-12T18:55:18","modified_gmt":"2025-12-12T17:55:18","slug":"puressentiel-assainissant-savon-liquide-surgras-eco-recharge-500-ml","status":"publish","type":"product","link":"https:\/\/paracherkaoui.ma\/index.php\/produit\/puressentiel-assainissant-savon-liquide-surgras-eco-recharge-500-ml\/","title":{"rendered":"PURESSENTIEL ASSAINISSANT SAVON LIQUIDE SURGRAS ECO RECHARGE 500 ML"},"content":{"rendered":"<p>Le Savon Liquide Surgras Puressentiel\u00a0nettoie en douceur et prot\u00e8ge intens\u00e9ment les peaux de toute la famille des impuret\u00e9s et des germes. Il s&rsquo;utilise pour nettoyer les mains fr\u00e9quemment, et sur le visage et le corps quotidiennement. Il restaure le film hydrolipidique et apaise les sensations de tiraillements. Il convient aux peaux s\u00e8ches, sensibles et r\u00e9actives, car il nourrit et a un effet ultra-apaisant. Ce savon laisse la peau saine et d\u00e9licatement parfum\u00e9e, et respecte l&rsquo;\u00e9quilibre physiologique de la peau. Formule\u00a098,4% d&rsquo;origine naturelle\u00a0aux Huiles Essentielles BIO de Citron, Lavandin et Tea tree.<\/p>\n<p>Ce savon surgras est sans alcool, sans conservateur, sans ph\u00e9noxyethanol, sans paraben et sans parfum de synth\u00e8se. Il a \u00e9t\u00e9 test\u00e9 avec une tol\u00e9rance optimale sous contr\u00f4le dermatologique. Il est non com\u00e9dog\u00e8ne et v\u00e9gan.<\/p>\n","protected":false},"excerpt":{"rendered":"<p>Le Savon Liquide Surgras Puressentiel\u00a0nettoie en douceur et prot\u00e8ge intens\u00e9ment les peaux de toute la famille des impuret\u00e9s et des<\/p>\n","protected":false},"featured_media":35979,"comment_status":"open","ping_status":"closed","template":"","meta":[],"product_brand":[204],"product_cat":[639],"product_tag":[],"class_list":{"0":"post-35927","1":"product","2":"type-product","3":"status-publish","4":"has-post-thumbnail","6":"product_brand-puressentiel","7":"product_cat-savon-et-pain-dermatologique","9":"first","10":"instock","11":"sale","12":"shipping-taxable","13":"purchasable","14":"product-type-simple"},"yoast_head":"<!-- This site is optimized with the Yoast SEO plugin v26.6 - https:\/\/yoast.com\/wordpress\/plugins\/seo\/ -->\r\n<title>PURESSENTIEL ASSAINISSANT SAVON LIQUIDE SURGRAS ECO RECHARGE 500 ML - Paracherkaoui.ma<\/title>\r\n<meta name=\"robots\" content=\"index, follow, max-snippet:-1, max-image-preview:large, max-video-preview:-1\" \/>\r\n<link rel=\"canonical\" href=\"https:\/\/paracherkaoui.ma\/index.php\/produit\/puressentiel-assainissant-savon-liquide-surgras-eco-recharge-500-ml\/\" \/>\r\n<meta property=\"og:locale\" content=\"fr_FR\" \/>\r\n<meta property=\"og:type\" content=\"article\" \/>\r\n<meta property=\"og:title\" content=\"PURESSENTIEL ASSAINISSANT SAVON LIQUIDE SURGRAS ECO RECHARGE 500 ML - Paracherkaoui.ma\" \/>\r\n<meta property=\"og:description\" content=\"Le Savon Liquide Surgras Puressentiel\u00a0nettoie en douceur et prot\u00e8ge intens\u00e9ment les peaux de toute la famille des impuret\u00e9s et des\" \/>\r\n<meta property=\"og:url\" content=\"https:\/\/paracherkaoui.ma\/index.php\/produit\/puressentiel-assainissant-savon-liquide-surgras-eco-recharge-500-ml\/\" \/>\r\n<meta property=\"og:site_name\" content=\"Paracherkaoui.ma\" \/>\r\n<meta property=\"article:modified_time\" content=\"2025-12-12T17:55:18+00:00\" \/>\r\n<meta property=\"og:image\" content=\"https:\/\/paracherkaoui.ma\/wp-content\/uploads\/2025\/12\/puressentiel-puressentiel-assainissant-savon-liquide-surgras-eco-recharge-500-ml-savons-et-pains.jpg\" \/>\r\n\t<meta property=\"og:image:width\" content=\"700\" \/>\r\n\t<meta property=\"og:image:height\" content=\"700\" \/>\r\n\t<meta property=\"og:image:type\" content=\"image\/jpeg\" \/>\r\n<meta name=\"twitter:card\" content=\"summary_large_image\" \/>\r\n<meta name=\"twitter:label1\" content=\"Dur\u00e9e de lecture estim\u00e9e\" \/>\n\t<meta name=\"twitter:data1\" content=\"1 minute\" \/>\r\n<script type=\"application\/ld+json\" class=\"yoast-schema-graph\">{\"@context\":\"https:\/\/schema.org\",\"@graph\":[{\"@type\":\"WebPage\",\"@id\":\"https:\/\/paracherkaoui.ma\/index.php\/produit\/puressentiel-assainissant-savon-liquide-surgras-eco-recharge-500-ml\/\",\"url\":\"https:\/\/paracherkaoui.ma\/index.php\/produit\/puressentiel-assainissant-savon-liquide-surgras-eco-recharge-500-ml\/\",\"name\":\"PURESSENTIEL ASSAINISSANT SAVON LIQUIDE SURGRAS ECO RECHARGE 500 ML - Paracherkaoui.ma\",\"isPartOf\":{\"@id\":\"https:\/\/paracherkaoui.ma\/#website\"},\"primaryImageOfPage\":{\"@id\":\"https:\/\/paracherkaoui.ma\/index.php\/produit\/puressentiel-assainissant-savon-liquide-surgras-eco-recharge-500-ml\/#primaryimage\"},\"image\":{\"@id\":\"https:\/\/paracherkaoui.ma\/index.php\/produit\/puressentiel-assainissant-savon-liquide-surgras-eco-recharge-500-ml\/#primaryimage\"},\"thumbnailUrl\":\"https:\/\/paracherkaoui.ma\/wp-content\/uploads\/2025\/12\/puressentiel-puressentiel-assainissant-savon-liquide-surgras-eco-recharge-500-ml-savons-et-pains.jpg\",\"datePublished\":\"2025-12-12T17:55:12+00:00\",\"dateModified\":\"2025-12-12T17:55:18+00:00\",\"breadcrumb\":{\"@id\":\"https:\/\/paracherkaoui.ma\/index.php\/produit\/puressentiel-assainissant-savon-liquide-surgras-eco-recharge-500-ml\/#breadcrumb\"},\"inLanguage\":\"fr-FR\",\"potentialAction\":[{\"@type\":\"ReadAction\",\"target\":[\"https:\/\/paracherkaoui.ma\/index.php\/produit\/puressentiel-assainissant-savon-liquide-surgras-eco-recharge-500-ml\/\"]}]},{\"@type\":\"ImageObject\",\"inLanguage\":\"fr-FR\",\"@id\":\"https:\/\/paracherkaoui.ma\/index.php\/produit\/puressentiel-assainissant-savon-liquide-surgras-eco-recharge-500-ml\/#primaryimage\",\"url\":\"https:\/\/paracherkaoui.ma\/wp-content\/uploads\/2025\/12\/puressentiel-puressentiel-assainissant-savon-liquide-surgras-eco-recharge-500-ml-savons-et-pains.jpg\",\"contentUrl\":\"https:\/\/paracherkaoui.ma\/wp-content\/uploads\/2025\/12\/puressentiel-puressentiel-assainissant-savon-liquide-surgras-eco-recharge-500-ml-savons-et-pains.jpg\",\"width\":700,\"height\":700},{\"@type\":\"BreadcrumbList\",\"@id\":\"https:\/\/paracherkaoui.ma\/index.php\/produit\/puressentiel-assainissant-savon-liquide-surgras-eco-recharge-500-ml\/#breadcrumb\",\"itemListElement\":[{\"@type\":\"ListItem\",\"position\":1,\"name\":\"Accueil\",\"item\":\"https:\/\/paracherkaoui.ma\/\"},{\"@type\":\"ListItem\",\"position\":2,\"name\":\"Boutique\",\"item\":\"https:\/\/paracherkaoui.ma\/index.php\/boutique\/\"},{\"@type\":\"ListItem\",\"position\":3,\"name\":\"PURESSENTIEL ASSAINISSANT SAVON LIQUIDE SURGRAS ECO RECHARGE 500 ML\"}]},{\"@type\":\"WebSite\",\"@id\":\"https:\/\/paracherkaoui.ma\/#website\",\"url\":\"https:\/\/paracherkaoui.ma\/\",\"name\":\"Paracherkaoui.ma\",\"description\":\"Achetez en ligne sur Paracherkaoui.ma\",\"potentialAction\":[{\"@type\":\"SearchAction\",\"target\":{\"@type\":\"EntryPoint\",\"urlTemplate\":\"https:\/\/paracherkaoui.ma\/?s={search_term_string}\"},\"query-input\":{\"@type\":\"PropertyValueSpecification\",\"valueRequired\":true,\"valueName\":\"search_term_string\"}}],\"inLanguage\":\"fr-FR\"}]}<\/script>\r\n<!-- \/ Yoast SEO plugin. -->","yoast_head_json":{"title":"PURESSENTIEL ASSAINISSANT SAVON LIQUIDE SURGRAS ECO RECHARGE 500 ML - Paracherkaoui.ma","robots":{"index":"index","follow":"follow","max-snippet":"max-snippet:-1","max-image-preview":"max-image-preview:large","max-video-preview":"max-video-preview:-1"},"canonical":"https:\/\/paracherkaoui.ma\/index.php\/produit\/puressentiel-assainissant-savon-liquide-surgras-eco-recharge-500-ml\/","og_locale":"fr_FR","og_type":"article","og_title":"PURESSENTIEL ASSAINISSANT SAVON LIQUIDE SURGRAS ECO RECHARGE 500 ML - Paracherkaoui.ma","og_description":"Le Savon Liquide Surgras Puressentiel\u00a0nettoie en douceur et prot\u00e8ge intens\u00e9ment les peaux de toute la famille des impuret\u00e9s et des","og_url":"https:\/\/paracherkaoui.ma\/index.php\/produit\/puressentiel-assainissant-savon-liquide-surgras-eco-recharge-500-ml\/","og_site_name":"Paracherkaoui.ma","article_modified_time":"2025-12-12T17:55:18+00:00","og_image":[{"width":700,"height":700,"url":"https:\/\/paracherkaoui.ma\/wp-content\/uploads\/2025\/12\/puressentiel-puressentiel-assainissant-savon-liquide-surgras-eco-recharge-500-ml-savons-et-pains.jpg","type":"image\/jpeg"}],"twitter_card":"summary_large_image","twitter_misc":{"Dur\u00e9e de lecture estim\u00e9e":"1 minute"},"schema":{"@context":"https:\/\/schema.org","@graph":[{"@type":"WebPage","@id":"https:\/\/paracherkaoui.ma\/index.php\/produit\/puressentiel-assainissant-savon-liquide-surgras-eco-recharge-500-ml\/","url":"https:\/\/paracherkaoui.ma\/index.php\/produit\/puressentiel-assainissant-savon-liquide-surgras-eco-recharge-500-ml\/","name":"PURESSENTIEL ASSAINISSANT SAVON LIQUIDE SURGRAS ECO RECHARGE 500 ML - Paracherkaoui.ma","isPartOf":{"@id":"https:\/\/paracherkaoui.ma\/#website"},"primaryImageOfPage":{"@id":"https:\/\/paracherkaoui.ma\/index.php\/produit\/puressentiel-assainissant-savon-liquide-surgras-eco-recharge-500-ml\/#primaryimage"},"image":{"@id":"https:\/\/paracherkaoui.ma\/index.php\/produit\/puressentiel-assainissant-savon-liquide-surgras-eco-recharge-500-ml\/#primaryimage"},"thumbnailUrl":"https:\/\/paracherkaoui.ma\/wp-content\/uploads\/2025\/12\/puressentiel-puressentiel-assainissant-savon-liquide-surgras-eco-recharge-500-ml-savons-et-pains.jpg","datePublished":"2025-12-12T17:55:12+00:00","dateModified":"2025-12-12T17:55:18+00:00","breadcrumb":{"@id":"https:\/\/paracherkaoui.ma\/index.php\/produit\/puressentiel-assainissant-savon-liquide-surgras-eco-recharge-500-ml\/#breadcrumb"},"inLanguage":"fr-FR","potentialAction":[{"@type":"ReadAction","target":["https:\/\/paracherkaoui.ma\/index.php\/produit\/puressentiel-assainissant-savon-liquide-surgras-eco-recharge-500-ml\/"]}]},{"@type":"ImageObject","inLanguage":"fr-FR","@id":"https:\/\/paracherkaoui.ma\/index.php\/produit\/puressentiel-assainissant-savon-liquide-surgras-eco-recharge-500-ml\/#primaryimage","url":"https:\/\/paracherkaoui.ma\/wp-content\/uploads\/2025\/12\/puressentiel-puressentiel-assainissant-savon-liquide-surgras-eco-recharge-500-ml-savons-et-pains.jpg","contentUrl":"https:\/\/paracherkaoui.ma\/wp-content\/uploads\/2025\/12\/puressentiel-puressentiel-assainissant-savon-liquide-surgras-eco-recharge-500-ml-savons-et-pains.jpg","width":700,"height":700},{"@type":"BreadcrumbList","@id":"https:\/\/paracherkaoui.ma\/index.php\/produit\/puressentiel-assainissant-savon-liquide-surgras-eco-recharge-500-ml\/#breadcrumb","itemListElement":[{"@type":"ListItem","position":1,"name":"Accueil","item":"https:\/\/paracherkaoui.ma\/"},{"@type":"ListItem","position":2,"name":"Boutique","item":"https:\/\/paracherkaoui.ma\/index.php\/boutique\/"},{"@type":"ListItem","position":3,"name":"PURESSENTIEL ASSAINISSANT SAVON LIQUIDE SURGRAS ECO RECHARGE 500 ML"}]},{"@type":"WebSite","@id":"https:\/\/paracherkaoui.ma\/#website","url":"https:\/\/paracherkaoui.ma\/","name":"Paracherkaoui.ma","description":"Achetez en ligne sur Paracherkaoui.ma","potentialAction":[{"@type":"SearchAction","target":{"@type":"EntryPoint","urlTemplate":"https:\/\/paracherkaoui.ma\/?s={search_term_string}"},"query-input":{"@type":"PropertyValueSpecification","valueRequired":true,"valueName":"search_term_string"}}],"inLanguage":"fr-FR"}]}},"_links":{"self":[{"href":"https:\/\/paracherkaoui.ma\/index.php\/wp-json\/wp\/v2\/product\/35927","targetHints":{"allow":["GET"]}}],"collection":[{"href":"https:\/\/paracherkaoui.ma\/index.php\/wp-json\/wp\/v2\/product"}],"about":[{"href":"https:\/\/paracherkaoui.ma\/index.php\/wp-json\/wp\/v2\/types\/product"}],"replies":[{"embeddable":true,"href":"https:\/\/paracherkaoui.ma\/index.php\/wp-json\/wp\/v2\/comments?post=35927"}],"version-history":[{"count":1,"href":"https:\/\/paracherkaoui.ma\/index.php\/wp-json\/wp\/v2\/product\/35927\/revisions"}],"predecessor-version":[{"id":35980,"href":"https:\/\/paracherkaoui.ma\/index.php\/wp-json\/wp\/v2\/product\/35927\/revisions\/35980"}],"wp:featuredmedia":[{"embeddable":true,"href":"https:\/\/paracherkaoui.ma\/index.php\/wp-json\/wp\/v2\/media\/35979"}],"wp:attachment":[{"href":"https:\/\/paracherkaoui.ma\/index.php\/wp-json\/wp\/v2\/media?parent=35927"}],"wp:term":[{"taxonomy":"product_brand","embeddable":true,"href":"https:\/\/paracherkaoui.ma\/index.php\/wp-json\/wp\/v2\/product_brand?post=35927"},{"taxonomy":"product_cat","embeddable":true,"href":"https:\/\/paracherkaoui.ma\/index.php\/wp-json\/wp\/v2\/product_cat?post=35927"},{"taxonomy":"product_tag","embeddable":true,"href":"https:\/\/paracherkaoui.ma\/index.php\/wp-json\/wp\/v2\/product_tag?post=35927"}],"curies":[{"name":"wp","href":"https:\/\/api.w.org\/{rel}","templated":true}]}}