{"id":35915,"date":"2025-12-12T18:55:11","date_gmt":"2025-12-12T17:55:11","guid":{"rendered":"https:\/\/test.ecbeaute.com\/?post_type=product&#038;p=35915"},"modified":"2025-12-12T18:55:15","modified_gmt":"2025-12-12T17:55:15","slug":"puressentiel-assainissant-pain-savon-surgras-100-g","status":"publish","type":"product","link":"https:\/\/paracherkaoui.ma\/index.php\/produit\/puressentiel-assainissant-pain-savon-surgras-100-g\/","title":{"rendered":"PURESSENTIEL ASSAINISSANT PAIN SAVON SURGRAS 100 G"},"content":{"rendered":"<p>Le Pain savon surgras Puressentiel Assainissant est un savon solide id\u00e9al pour assurer l&rsquo;hygi\u00e8ne corporelle de tous les membres de la famille. Il est \u00e9galement parfaitement adapt\u00e9 pour se laver les mains et le visage. Si ce savon surgras Puressentiel est aussi polyvalent, c&rsquo;est que ses ingr\u00e9dients ont \u00e9t\u00e9 s\u00e9lectionn\u00e9s avec soin pour assurer un nettoyage efficace et prendre soin des peaux s\u00e8ches, sensibles et r\u00e9actives. Lorsque la peau est s\u00e8che, sensible ou r\u00e9active, elle requiert des soins qui r\u00e9pondent \u00e0 ses besoins sp\u00e9cifiques notamment en termes d&rsquo;hydratation et de protection.<\/p>\n","protected":false},"excerpt":{"rendered":"<p>Le Pain savon surgras Puressentiel Assainissant est un savon solide id\u00e9al pour assurer l&rsquo;hygi\u00e8ne corporelle de tous les membres de<\/p>\n","protected":false},"featured_media":35955,"comment_status":"open","ping_status":"closed","template":"","meta":[],"product_brand":[204],"product_cat":[639],"product_tag":[],"class_list":{"0":"post-35915","1":"product","2":"type-product","3":"status-publish","4":"has-post-thumbnail","6":"product_brand-puressentiel","7":"product_cat-savon-et-pain-dermatologique","9":"first","10":"instock","11":"sale","12":"shipping-taxable","13":"purchasable","14":"product-type-simple"},"yoast_head":"<!-- This site is optimized with the Yoast SEO plugin v26.6 - https:\/\/yoast.com\/wordpress\/plugins\/seo\/ -->\r\n<title>PURESSENTIEL ASSAINISSANT PAIN SAVON SURGRAS 100 G - Paracherkaoui.ma<\/title>\r\n<meta name=\"robots\" content=\"index, follow, max-snippet:-1, max-image-preview:large, max-video-preview:-1\" \/>\r\n<link rel=\"canonical\" href=\"https:\/\/paracherkaoui.ma\/index.php\/produit\/puressentiel-assainissant-pain-savon-surgras-100-g\/\" \/>\r\n<meta property=\"og:locale\" content=\"fr_FR\" \/>\r\n<meta property=\"og:type\" content=\"article\" \/>\r\n<meta property=\"og:title\" content=\"PURESSENTIEL ASSAINISSANT PAIN SAVON SURGRAS 100 G - Paracherkaoui.ma\" \/>\r\n<meta property=\"og:description\" content=\"Le Pain savon surgras Puressentiel Assainissant est un savon solide id\u00e9al pour assurer l&rsquo;hygi\u00e8ne corporelle de tous les membres de\" \/>\r\n<meta property=\"og:url\" content=\"https:\/\/paracherkaoui.ma\/index.php\/produit\/puressentiel-assainissant-pain-savon-surgras-100-g\/\" \/>\r\n<meta property=\"og:site_name\" content=\"Paracherkaoui.ma\" \/>\r\n<meta property=\"article:modified_time\" content=\"2025-12-12T17:55:15+00:00\" \/>\r\n<meta property=\"og:image\" content=\"https:\/\/paracherkaoui.ma\/wp-content\/uploads\/2025\/12\/puressentiel-puressentiel-assainissant-pain-savon-surgras-100-g-savons-et-pains.jpg\" \/>\r\n\t<meta property=\"og:image:width\" content=\"700\" \/>\r\n\t<meta property=\"og:image:height\" content=\"700\" \/>\r\n\t<meta property=\"og:image:type\" content=\"image\/jpeg\" \/>\r\n<meta name=\"twitter:card\" content=\"summary_large_image\" \/>\r\n<meta name=\"twitter:label1\" content=\"Dur\u00e9e de lecture estim\u00e9e\" \/>\n\t<meta name=\"twitter:data1\" content=\"1 minute\" \/>\r\n<script type=\"application\/ld+json\" class=\"yoast-schema-graph\">{\"@context\":\"https:\/\/schema.org\",\"@graph\":[{\"@type\":\"WebPage\",\"@id\":\"https:\/\/paracherkaoui.ma\/index.php\/produit\/puressentiel-assainissant-pain-savon-surgras-100-g\/\",\"url\":\"https:\/\/paracherkaoui.ma\/index.php\/produit\/puressentiel-assainissant-pain-savon-surgras-100-g\/\",\"name\":\"PURESSENTIEL ASSAINISSANT PAIN SAVON SURGRAS 100 G - Paracherkaoui.ma\",\"isPartOf\":{\"@id\":\"https:\/\/paracherkaoui.ma\/#website\"},\"primaryImageOfPage\":{\"@id\":\"https:\/\/paracherkaoui.ma\/index.php\/produit\/puressentiel-assainissant-pain-savon-surgras-100-g\/#primaryimage\"},\"image\":{\"@id\":\"https:\/\/paracherkaoui.ma\/index.php\/produit\/puressentiel-assainissant-pain-savon-surgras-100-g\/#primaryimage\"},\"thumbnailUrl\":\"https:\/\/paracherkaoui.ma\/wp-content\/uploads\/2025\/12\/puressentiel-puressentiel-assainissant-pain-savon-surgras-100-g-savons-et-pains.jpg\",\"datePublished\":\"2025-12-12T17:55:11+00:00\",\"dateModified\":\"2025-12-12T17:55:15+00:00\",\"breadcrumb\":{\"@id\":\"https:\/\/paracherkaoui.ma\/index.php\/produit\/puressentiel-assainissant-pain-savon-surgras-100-g\/#breadcrumb\"},\"inLanguage\":\"fr-FR\",\"potentialAction\":[{\"@type\":\"ReadAction\",\"target\":[\"https:\/\/paracherkaoui.ma\/index.php\/produit\/puressentiel-assainissant-pain-savon-surgras-100-g\/\"]}]},{\"@type\":\"ImageObject\",\"inLanguage\":\"fr-FR\",\"@id\":\"https:\/\/paracherkaoui.ma\/index.php\/produit\/puressentiel-assainissant-pain-savon-surgras-100-g\/#primaryimage\",\"url\":\"https:\/\/paracherkaoui.ma\/wp-content\/uploads\/2025\/12\/puressentiel-puressentiel-assainissant-pain-savon-surgras-100-g-savons-et-pains.jpg\",\"contentUrl\":\"https:\/\/paracherkaoui.ma\/wp-content\/uploads\/2025\/12\/puressentiel-puressentiel-assainissant-pain-savon-surgras-100-g-savons-et-pains.jpg\",\"width\":700,\"height\":700},{\"@type\":\"BreadcrumbList\",\"@id\":\"https:\/\/paracherkaoui.ma\/index.php\/produit\/puressentiel-assainissant-pain-savon-surgras-100-g\/#breadcrumb\",\"itemListElement\":[{\"@type\":\"ListItem\",\"position\":1,\"name\":\"Accueil\",\"item\":\"https:\/\/paracherkaoui.ma\/\"},{\"@type\":\"ListItem\",\"position\":2,\"name\":\"Boutique\",\"item\":\"https:\/\/paracherkaoui.ma\/index.php\/boutique\/\"},{\"@type\":\"ListItem\",\"position\":3,\"name\":\"PURESSENTIEL ASSAINISSANT PAIN SAVON SURGRAS 100 G\"}]},{\"@type\":\"WebSite\",\"@id\":\"https:\/\/paracherkaoui.ma\/#website\",\"url\":\"https:\/\/paracherkaoui.ma\/\",\"name\":\"Paracherkaoui.ma\",\"description\":\"Achetez en ligne sur Paracherkaoui.ma\",\"potentialAction\":[{\"@type\":\"SearchAction\",\"target\":{\"@type\":\"EntryPoint\",\"urlTemplate\":\"https:\/\/paracherkaoui.ma\/?s={search_term_string}\"},\"query-input\":{\"@type\":\"PropertyValueSpecification\",\"valueRequired\":true,\"valueName\":\"search_term_string\"}}],\"inLanguage\":\"fr-FR\"}]}<\/script>\r\n<!-- \/ Yoast SEO plugin. -->","yoast_head_json":{"title":"PURESSENTIEL ASSAINISSANT PAIN SAVON SURGRAS 100 G - Paracherkaoui.ma","robots":{"index":"index","follow":"follow","max-snippet":"max-snippet:-1","max-image-preview":"max-image-preview:large","max-video-preview":"max-video-preview:-1"},"canonical":"https:\/\/paracherkaoui.ma\/index.php\/produit\/puressentiel-assainissant-pain-savon-surgras-100-g\/","og_locale":"fr_FR","og_type":"article","og_title":"PURESSENTIEL ASSAINISSANT PAIN SAVON SURGRAS 100 G - Paracherkaoui.ma","og_description":"Le Pain savon surgras Puressentiel Assainissant est un savon solide id\u00e9al pour assurer l&rsquo;hygi\u00e8ne corporelle de tous les membres de","og_url":"https:\/\/paracherkaoui.ma\/index.php\/produit\/puressentiel-assainissant-pain-savon-surgras-100-g\/","og_site_name":"Paracherkaoui.ma","article_modified_time":"2025-12-12T17:55:15+00:00","og_image":[{"width":700,"height":700,"url":"https:\/\/paracherkaoui.ma\/wp-content\/uploads\/2025\/12\/puressentiel-puressentiel-assainissant-pain-savon-surgras-100-g-savons-et-pains.jpg","type":"image\/jpeg"}],"twitter_card":"summary_large_image","twitter_misc":{"Dur\u00e9e de lecture estim\u00e9e":"1 minute"},"schema":{"@context":"https:\/\/schema.org","@graph":[{"@type":"WebPage","@id":"https:\/\/paracherkaoui.ma\/index.php\/produit\/puressentiel-assainissant-pain-savon-surgras-100-g\/","url":"https:\/\/paracherkaoui.ma\/index.php\/produit\/puressentiel-assainissant-pain-savon-surgras-100-g\/","name":"PURESSENTIEL ASSAINISSANT PAIN SAVON SURGRAS 100 G - Paracherkaoui.ma","isPartOf":{"@id":"https:\/\/paracherkaoui.ma\/#website"},"primaryImageOfPage":{"@id":"https:\/\/paracherkaoui.ma\/index.php\/produit\/puressentiel-assainissant-pain-savon-surgras-100-g\/#primaryimage"},"image":{"@id":"https:\/\/paracherkaoui.ma\/index.php\/produit\/puressentiel-assainissant-pain-savon-surgras-100-g\/#primaryimage"},"thumbnailUrl":"https:\/\/paracherkaoui.ma\/wp-content\/uploads\/2025\/12\/puressentiel-puressentiel-assainissant-pain-savon-surgras-100-g-savons-et-pains.jpg","datePublished":"2025-12-12T17:55:11+00:00","dateModified":"2025-12-12T17:55:15+00:00","breadcrumb":{"@id":"https:\/\/paracherkaoui.ma\/index.php\/produit\/puressentiel-assainissant-pain-savon-surgras-100-g\/#breadcrumb"},"inLanguage":"fr-FR","potentialAction":[{"@type":"ReadAction","target":["https:\/\/paracherkaoui.ma\/index.php\/produit\/puressentiel-assainissant-pain-savon-surgras-100-g\/"]}]},{"@type":"ImageObject","inLanguage":"fr-FR","@id":"https:\/\/paracherkaoui.ma\/index.php\/produit\/puressentiel-assainissant-pain-savon-surgras-100-g\/#primaryimage","url":"https:\/\/paracherkaoui.ma\/wp-content\/uploads\/2025\/12\/puressentiel-puressentiel-assainissant-pain-savon-surgras-100-g-savons-et-pains.jpg","contentUrl":"https:\/\/paracherkaoui.ma\/wp-content\/uploads\/2025\/12\/puressentiel-puressentiel-assainissant-pain-savon-surgras-100-g-savons-et-pains.jpg","width":700,"height":700},{"@type":"BreadcrumbList","@id":"https:\/\/paracherkaoui.ma\/index.php\/produit\/puressentiel-assainissant-pain-savon-surgras-100-g\/#breadcrumb","itemListElement":[{"@type":"ListItem","position":1,"name":"Accueil","item":"https:\/\/paracherkaoui.ma\/"},{"@type":"ListItem","position":2,"name":"Boutique","item":"https:\/\/paracherkaoui.ma\/index.php\/boutique\/"},{"@type":"ListItem","position":3,"name":"PURESSENTIEL ASSAINISSANT PAIN SAVON SURGRAS 100 G"}]},{"@type":"WebSite","@id":"https:\/\/paracherkaoui.ma\/#website","url":"https:\/\/paracherkaoui.ma\/","name":"Paracherkaoui.ma","description":"Achetez en ligne sur Paracherkaoui.ma","potentialAction":[{"@type":"SearchAction","target":{"@type":"EntryPoint","urlTemplate":"https:\/\/paracherkaoui.ma\/?s={search_term_string}"},"query-input":{"@type":"PropertyValueSpecification","valueRequired":true,"valueName":"search_term_string"}}],"inLanguage":"fr-FR"}]}},"_links":{"self":[{"href":"https:\/\/paracherkaoui.ma\/index.php\/wp-json\/wp\/v2\/product\/35915","targetHints":{"allow":["GET"]}}],"collection":[{"href":"https:\/\/paracherkaoui.ma\/index.php\/wp-json\/wp\/v2\/product"}],"about":[{"href":"https:\/\/paracherkaoui.ma\/index.php\/wp-json\/wp\/v2\/types\/product"}],"replies":[{"embeddable":true,"href":"https:\/\/paracherkaoui.ma\/index.php\/wp-json\/wp\/v2\/comments?post=35915"}],"version-history":[{"count":1,"href":"https:\/\/paracherkaoui.ma\/index.php\/wp-json\/wp\/v2\/product\/35915\/revisions"}],"predecessor-version":[{"id":35956,"href":"https:\/\/paracherkaoui.ma\/index.php\/wp-json\/wp\/v2\/product\/35915\/revisions\/35956"}],"wp:featuredmedia":[{"embeddable":true,"href":"https:\/\/paracherkaoui.ma\/index.php\/wp-json\/wp\/v2\/media\/35955"}],"wp:attachment":[{"href":"https:\/\/paracherkaoui.ma\/index.php\/wp-json\/wp\/v2\/media?parent=35915"}],"wp:term":[{"taxonomy":"product_brand","embeddable":true,"href":"https:\/\/paracherkaoui.ma\/index.php\/wp-json\/wp\/v2\/product_brand?post=35915"},{"taxonomy":"product_cat","embeddable":true,"href":"https:\/\/paracherkaoui.ma\/index.php\/wp-json\/wp\/v2\/product_cat?post=35915"},{"taxonomy":"product_tag","embeddable":true,"href":"https:\/\/paracherkaoui.ma\/index.php\/wp-json\/wp\/v2\/product_tag?post=35915"}],"curies":[{"name":"wp","href":"https:\/\/api.w.org\/{rel}","templated":true}]}}