{"id":35839,"date":"2025-12-12T18:55:01","date_gmt":"2025-12-12T17:55:01","guid":{"rendered":"https:\/\/test.ecbeaute.com\/?post_type=product&#038;p=35839"},"modified":"2025-12-12T18:55:08","modified_gmt":"2025-12-12T17:55:08","slug":"lili-care-gant-de-savonnage-corde","status":"publish","type":"product","link":"https:\/\/paracherkaoui.ma\/index.php\/produit\/lili-care-gant-de-savonnage-corde\/","title":{"rendered":"LILI CARE GANT DE SAVONNAGE CORDE"},"content":{"rendered":"<p>Confectionn\u00e9 en lin biologique, ce gant respectueux de la peau transforme chaque douche ou bain en v\u00e9ritable pause d\u00e9tente. Sa texture douce mais efficace permet de nettoyer en profondeur tout en offrant un massage corporel apaisant, id\u00e9al pour rel\u00e2cher les tensions de la journ\u00e9e.<br \/>\nSon action m\u00e9canique douce stimule d\u00e9licatement la microcirculation sanguine, favorise le renouvellement cellulaire et laisse la peau visiblement plus lisse et revitalis\u00e9e. Utilis\u00e9 r\u00e9guli\u00e8rement, il contribue \u00e0 pr\u00e9venir les poils incarn\u00e9s, affine le grain de peau et pr\u00e9pare la peau \u00e0 recevoir vos soins hydratants pour une meilleure absorption.<br \/>\nLe gant de savonnage LILI CARE est parfait pour tous types de peaux, m\u00eame les plus sensibles, gr\u00e2ce \u00e0 ses fibres naturelles non agressives. C\u2019est l\u2019alli\u00e9 id\u00e9al pour instaurer un rituel de beaut\u00e9 slow et sensoriel, dans le respect de votre peau et de l\u2019environnement.<br \/>\nConseils d&rsquo;utilisation<br \/>\nHumidifiez le gant \u00e0 l\u2019eau ti\u00e8de avant utilisation.<br \/>\nAppliquez votre savon ou gel douche favori directement sur le gant.<br \/>\nMassez doucement le corps avec des mouvements circulaires.<br \/>\nRincez le gant apr\u00e8s chaque usage et laissez-le s\u00e9cher \u00e0 l\u2019air libre.<br \/>\nUtilisez 2 \u00e0 3 fois par semaine pour une peau \u00e9clatante.<\/p>\n","protected":false},"excerpt":{"rendered":"<p>Confectionn\u00e9 en lin biologique, ce gant respectueux de la peau transforme chaque douche ou bain en v\u00e9ritable pause d\u00e9tente. Sa<\/p>\n","protected":false},"featured_media":35889,"comment_status":"open","ping_status":"closed","template":"","meta":[],"product_brand":[608],"product_cat":[639],"product_tag":[],"class_list":{"0":"post-35839","1":"product","2":"type-product","3":"status-publish","4":"has-post-thumbnail","6":"product_brand-lilicare","7":"product_cat-savon-et-pain-dermatologique","9":"first","10":"instock","11":"shipping-taxable","12":"purchasable","13":"product-type-simple"},"yoast_head":"<!-- This site is optimized with the Yoast SEO plugin v26.6 - https:\/\/yoast.com\/wordpress\/plugins\/seo\/ -->\r\n<title>LILI CARE GANT DE SAVONNAGE CORDE - Paracherkaoui.ma<\/title>\r\n<meta name=\"robots\" content=\"index, follow, max-snippet:-1, max-image-preview:large, max-video-preview:-1\" \/>\r\n<link rel=\"canonical\" href=\"https:\/\/paracherkaoui.ma\/index.php\/produit\/lili-care-gant-de-savonnage-corde\/\" \/>\r\n<meta property=\"og:locale\" content=\"fr_FR\" \/>\r\n<meta property=\"og:type\" content=\"article\" \/>\r\n<meta property=\"og:title\" content=\"LILI CARE GANT DE SAVONNAGE CORDE - Paracherkaoui.ma\" \/>\r\n<meta property=\"og:description\" content=\"Confectionn\u00e9 en lin biologique, ce gant respectueux de la peau transforme chaque douche ou bain en v\u00e9ritable pause d\u00e9tente. Sa\" \/>\r\n<meta property=\"og:url\" content=\"https:\/\/paracherkaoui.ma\/index.php\/produit\/lili-care-gant-de-savonnage-corde\/\" \/>\r\n<meta property=\"og:site_name\" content=\"Paracherkaoui.ma\" \/>\r\n<meta property=\"article:modified_time\" content=\"2025-12-12T17:55:08+00:00\" \/>\r\n<meta property=\"og:image\" content=\"https:\/\/paracherkaoui.ma\/wp-content\/uploads\/2025\/12\/lilicare-lili-care-gant-de-savonnage-corde-savon-et-pain-dermatologique.jpg\" \/>\r\n\t<meta property=\"og:image:width\" content=\"700\" \/>\r\n\t<meta property=\"og:image:height\" content=\"700\" \/>\r\n\t<meta property=\"og:image:type\" content=\"image\/jpeg\" \/>\r\n<meta name=\"twitter:card\" content=\"summary_large_image\" \/>\r\n<meta name=\"twitter:label1\" content=\"Dur\u00e9e de lecture estim\u00e9e\" \/>\n\t<meta name=\"twitter:data1\" content=\"1 minute\" \/>\r\n<script type=\"application\/ld+json\" class=\"yoast-schema-graph\">{\"@context\":\"https:\/\/schema.org\",\"@graph\":[{\"@type\":\"WebPage\",\"@id\":\"https:\/\/paracherkaoui.ma\/index.php\/produit\/lili-care-gant-de-savonnage-corde\/\",\"url\":\"https:\/\/paracherkaoui.ma\/index.php\/produit\/lili-care-gant-de-savonnage-corde\/\",\"name\":\"LILI CARE GANT DE SAVONNAGE CORDE - Paracherkaoui.ma\",\"isPartOf\":{\"@id\":\"https:\/\/paracherkaoui.ma\/#website\"},\"primaryImageOfPage\":{\"@id\":\"https:\/\/paracherkaoui.ma\/index.php\/produit\/lili-care-gant-de-savonnage-corde\/#primaryimage\"},\"image\":{\"@id\":\"https:\/\/paracherkaoui.ma\/index.php\/produit\/lili-care-gant-de-savonnage-corde\/#primaryimage\"},\"thumbnailUrl\":\"https:\/\/paracherkaoui.ma\/wp-content\/uploads\/2025\/12\/lilicare-lili-care-gant-de-savonnage-corde-savon-et-pain-dermatologique.jpg\",\"datePublished\":\"2025-12-12T17:55:01+00:00\",\"dateModified\":\"2025-12-12T17:55:08+00:00\",\"breadcrumb\":{\"@id\":\"https:\/\/paracherkaoui.ma\/index.php\/produit\/lili-care-gant-de-savonnage-corde\/#breadcrumb\"},\"inLanguage\":\"fr-FR\",\"potentialAction\":[{\"@type\":\"ReadAction\",\"target\":[\"https:\/\/paracherkaoui.ma\/index.php\/produit\/lili-care-gant-de-savonnage-corde\/\"]}]},{\"@type\":\"ImageObject\",\"inLanguage\":\"fr-FR\",\"@id\":\"https:\/\/paracherkaoui.ma\/index.php\/produit\/lili-care-gant-de-savonnage-corde\/#primaryimage\",\"url\":\"https:\/\/paracherkaoui.ma\/wp-content\/uploads\/2025\/12\/lilicare-lili-care-gant-de-savonnage-corde-savon-et-pain-dermatologique.jpg\",\"contentUrl\":\"https:\/\/paracherkaoui.ma\/wp-content\/uploads\/2025\/12\/lilicare-lili-care-gant-de-savonnage-corde-savon-et-pain-dermatologique.jpg\",\"width\":700,\"height\":700},{\"@type\":\"BreadcrumbList\",\"@id\":\"https:\/\/paracherkaoui.ma\/index.php\/produit\/lili-care-gant-de-savonnage-corde\/#breadcrumb\",\"itemListElement\":[{\"@type\":\"ListItem\",\"position\":1,\"name\":\"Accueil\",\"item\":\"https:\/\/paracherkaoui.ma\/\"},{\"@type\":\"ListItem\",\"position\":2,\"name\":\"Boutique\",\"item\":\"https:\/\/paracherkaoui.ma\/index.php\/boutique\/\"},{\"@type\":\"ListItem\",\"position\":3,\"name\":\"LILI CARE GANT DE SAVONNAGE CORDE\"}]},{\"@type\":\"WebSite\",\"@id\":\"https:\/\/paracherkaoui.ma\/#website\",\"url\":\"https:\/\/paracherkaoui.ma\/\",\"name\":\"Paracherkaoui.ma\",\"description\":\"Achetez en ligne sur Paracherkaoui.ma\",\"potentialAction\":[{\"@type\":\"SearchAction\",\"target\":{\"@type\":\"EntryPoint\",\"urlTemplate\":\"https:\/\/paracherkaoui.ma\/?s={search_term_string}\"},\"query-input\":{\"@type\":\"PropertyValueSpecification\",\"valueRequired\":true,\"valueName\":\"search_term_string\"}}],\"inLanguage\":\"fr-FR\"}]}<\/script>\r\n<!-- \/ Yoast SEO plugin. -->","yoast_head_json":{"title":"LILI CARE GANT DE SAVONNAGE CORDE - Paracherkaoui.ma","robots":{"index":"index","follow":"follow","max-snippet":"max-snippet:-1","max-image-preview":"max-image-preview:large","max-video-preview":"max-video-preview:-1"},"canonical":"https:\/\/paracherkaoui.ma\/index.php\/produit\/lili-care-gant-de-savonnage-corde\/","og_locale":"fr_FR","og_type":"article","og_title":"LILI CARE GANT DE SAVONNAGE CORDE - Paracherkaoui.ma","og_description":"Confectionn\u00e9 en lin biologique, ce gant respectueux de la peau transforme chaque douche ou bain en v\u00e9ritable pause d\u00e9tente. Sa","og_url":"https:\/\/paracherkaoui.ma\/index.php\/produit\/lili-care-gant-de-savonnage-corde\/","og_site_name":"Paracherkaoui.ma","article_modified_time":"2025-12-12T17:55:08+00:00","og_image":[{"width":700,"height":700,"url":"https:\/\/paracherkaoui.ma\/wp-content\/uploads\/2025\/12\/lilicare-lili-care-gant-de-savonnage-corde-savon-et-pain-dermatologique.jpg","type":"image\/jpeg"}],"twitter_card":"summary_large_image","twitter_misc":{"Dur\u00e9e de lecture estim\u00e9e":"1 minute"},"schema":{"@context":"https:\/\/schema.org","@graph":[{"@type":"WebPage","@id":"https:\/\/paracherkaoui.ma\/index.php\/produit\/lili-care-gant-de-savonnage-corde\/","url":"https:\/\/paracherkaoui.ma\/index.php\/produit\/lili-care-gant-de-savonnage-corde\/","name":"LILI CARE GANT DE SAVONNAGE CORDE - Paracherkaoui.ma","isPartOf":{"@id":"https:\/\/paracherkaoui.ma\/#website"},"primaryImageOfPage":{"@id":"https:\/\/paracherkaoui.ma\/index.php\/produit\/lili-care-gant-de-savonnage-corde\/#primaryimage"},"image":{"@id":"https:\/\/paracherkaoui.ma\/index.php\/produit\/lili-care-gant-de-savonnage-corde\/#primaryimage"},"thumbnailUrl":"https:\/\/paracherkaoui.ma\/wp-content\/uploads\/2025\/12\/lilicare-lili-care-gant-de-savonnage-corde-savon-et-pain-dermatologique.jpg","datePublished":"2025-12-12T17:55:01+00:00","dateModified":"2025-12-12T17:55:08+00:00","breadcrumb":{"@id":"https:\/\/paracherkaoui.ma\/index.php\/produit\/lili-care-gant-de-savonnage-corde\/#breadcrumb"},"inLanguage":"fr-FR","potentialAction":[{"@type":"ReadAction","target":["https:\/\/paracherkaoui.ma\/index.php\/produit\/lili-care-gant-de-savonnage-corde\/"]}]},{"@type":"ImageObject","inLanguage":"fr-FR","@id":"https:\/\/paracherkaoui.ma\/index.php\/produit\/lili-care-gant-de-savonnage-corde\/#primaryimage","url":"https:\/\/paracherkaoui.ma\/wp-content\/uploads\/2025\/12\/lilicare-lili-care-gant-de-savonnage-corde-savon-et-pain-dermatologique.jpg","contentUrl":"https:\/\/paracherkaoui.ma\/wp-content\/uploads\/2025\/12\/lilicare-lili-care-gant-de-savonnage-corde-savon-et-pain-dermatologique.jpg","width":700,"height":700},{"@type":"BreadcrumbList","@id":"https:\/\/paracherkaoui.ma\/index.php\/produit\/lili-care-gant-de-savonnage-corde\/#breadcrumb","itemListElement":[{"@type":"ListItem","position":1,"name":"Accueil","item":"https:\/\/paracherkaoui.ma\/"},{"@type":"ListItem","position":2,"name":"Boutique","item":"https:\/\/paracherkaoui.ma\/index.php\/boutique\/"},{"@type":"ListItem","position":3,"name":"LILI CARE GANT DE SAVONNAGE CORDE"}]},{"@type":"WebSite","@id":"https:\/\/paracherkaoui.ma\/#website","url":"https:\/\/paracherkaoui.ma\/","name":"Paracherkaoui.ma","description":"Achetez en ligne sur Paracherkaoui.ma","potentialAction":[{"@type":"SearchAction","target":{"@type":"EntryPoint","urlTemplate":"https:\/\/paracherkaoui.ma\/?s={search_term_string}"},"query-input":{"@type":"PropertyValueSpecification","valueRequired":true,"valueName":"search_term_string"}}],"inLanguage":"fr-FR"}]}},"_links":{"self":[{"href":"https:\/\/paracherkaoui.ma\/index.php\/wp-json\/wp\/v2\/product\/35839","targetHints":{"allow":["GET"]}}],"collection":[{"href":"https:\/\/paracherkaoui.ma\/index.php\/wp-json\/wp\/v2\/product"}],"about":[{"href":"https:\/\/paracherkaoui.ma\/index.php\/wp-json\/wp\/v2\/types\/product"}],"replies":[{"embeddable":true,"href":"https:\/\/paracherkaoui.ma\/index.php\/wp-json\/wp\/v2\/comments?post=35839"}],"version-history":[{"count":1,"href":"https:\/\/paracherkaoui.ma\/index.php\/wp-json\/wp\/v2\/product\/35839\/revisions"}],"predecessor-version":[{"id":35890,"href":"https:\/\/paracherkaoui.ma\/index.php\/wp-json\/wp\/v2\/product\/35839\/revisions\/35890"}],"wp:featuredmedia":[{"embeddable":true,"href":"https:\/\/paracherkaoui.ma\/index.php\/wp-json\/wp\/v2\/media\/35889"}],"wp:attachment":[{"href":"https:\/\/paracherkaoui.ma\/index.php\/wp-json\/wp\/v2\/media?parent=35839"}],"wp:term":[{"taxonomy":"product_brand","embeddable":true,"href":"https:\/\/paracherkaoui.ma\/index.php\/wp-json\/wp\/v2\/product_brand?post=35839"},{"taxonomy":"product_cat","embeddable":true,"href":"https:\/\/paracherkaoui.ma\/index.php\/wp-json\/wp\/v2\/product_cat?post=35839"},{"taxonomy":"product_tag","embeddable":true,"href":"https:\/\/paracherkaoui.ma\/index.php\/wp-json\/wp\/v2\/product_tag?post=35839"}],"curies":[{"name":"wp","href":"https:\/\/api.w.org\/{rel}","templated":true}]}}