{"id":35826,"date":"2025-12-12T18:55:00","date_gmt":"2025-12-12T17:55:00","guid":{"rendered":"https:\/\/test.ecbeaute.com\/?post_type=product&#038;p=35826"},"modified":"2025-12-12T18:55:05","modified_gmt":"2025-12-12T17:55:05","slug":"roge-cavailles-savon-extra-doux-fleur-de-coton-250g","status":"publish","type":"product","link":"https:\/\/paracherkaoui.ma\/index.php\/produit\/roge-cavailles-savon-extra-doux-fleur-de-coton-250g\/","title":{"rendered":"ROGE CAVAILLES SAVON EXTRA DOUX FLEUR DE COTON 250G"},"content":{"rendered":"<p>Rog\u00e9 Cavaill\u00e8s Savon parfum\u00e9 fleur de coton 250g<\/p>\n<p>Sp\u00e9cialement formul\u00e9 pour nettoyer les peaux sensibles et d\u00e9licates de toute la famille, tout en respectant leur int\u00e9grit\u00e9 cutan\u00e9e, le Savon Surgras Fleur de Coton de Rog\u00e9 Cavaill\u00e8s nettoie et prot\u00e8ge la peau, tout en l&rsquo;enveloppant d&rsquo;un doux parfum de fleur de coton.<\/p>\n<p>Enrichi en huile d&rsquo;amande douce, il d\u00e9pose sur la peau un film protecteur, procurant confort et souplesse aux peaux sensibles et d\u00e9licates.<\/p>\n<p>Son parfum Fleur de Coton entoure la toilette d\u00a0\u00bbune senteur douce et raffin\u00e9e.<\/p>\n<p>CONSEILS D&rsquo;UTILISATION :<\/p>\n<p>Visage et corps. Faire mousser sur peau humide, puis rincer<\/p>\n<p>INDICATIONS :<\/p>\n<p>Douche, peaux sensibles.<\/p>\n<p>COMPOSITION :<\/p>\n<p>Sodium Takllowate, Sodium Cocoate, Aqua, Lanolin, Glycerin, Parfum (Fragrance), Prunus Amygdalus Dulcis Oil, Prunus Persica Kernel Oil, Tetrasodium Etidronate, Tetrasodium EDTA, Sodium Citrate, Sodium Chloride.<\/p>\n","protected":false},"excerpt":{"rendered":"<p>Rog\u00e9 Cavaill\u00e8s Savon parfum\u00e9 fleur de coton 250g Sp\u00e9cialement formul\u00e9 pour nettoyer les peaux sensibles et d\u00e9licates de toute la<\/p>\n","protected":false},"featured_media":35864,"comment_status":"open","ping_status":"closed","template":"","meta":[],"product_brand":[411],"product_cat":[639],"product_tag":[],"class_list":{"0":"post-35826","1":"product","2":"type-product","3":"status-publish","4":"has-post-thumbnail","6":"product_brand-roge-cavailles","7":"product_cat-savon-et-pain-dermatologique","9":"first","10":"instock","11":"sale","12":"shipping-taxable","13":"purchasable","14":"product-type-simple"},"yoast_head":"<!-- This site is optimized with the Yoast SEO plugin v26.6 - https:\/\/yoast.com\/wordpress\/plugins\/seo\/ -->\r\n<title>ROGE CAVAILLES SAVON EXTRA DOUX FLEUR DE COTON 250G - Paracherkaoui.ma<\/title>\r\n<meta name=\"robots\" content=\"index, follow, max-snippet:-1, max-image-preview:large, max-video-preview:-1\" \/>\r\n<link rel=\"canonical\" href=\"https:\/\/paracherkaoui.ma\/index.php\/produit\/roge-cavailles-savon-extra-doux-fleur-de-coton-250g\/\" \/>\r\n<meta property=\"og:locale\" content=\"fr_FR\" \/>\r\n<meta property=\"og:type\" content=\"article\" \/>\r\n<meta property=\"og:title\" content=\"ROGE CAVAILLES SAVON EXTRA DOUX FLEUR DE COTON 250G - Paracherkaoui.ma\" \/>\r\n<meta property=\"og:description\" content=\"Rog\u00e9 Cavaill\u00e8s Savon parfum\u00e9 fleur de coton 250g Sp\u00e9cialement formul\u00e9 pour nettoyer les peaux sensibles et d\u00e9licates de toute la\" \/>\r\n<meta property=\"og:url\" content=\"https:\/\/paracherkaoui.ma\/index.php\/produit\/roge-cavailles-savon-extra-doux-fleur-de-coton-250g\/\" \/>\r\n<meta property=\"og:site_name\" content=\"Paracherkaoui.ma\" \/>\r\n<meta property=\"article:modified_time\" content=\"2025-12-12T17:55:05+00:00\" \/>\r\n<meta property=\"og:image\" content=\"https:\/\/paracherkaoui.ma\/wp-content\/uploads\/2025\/12\/roge-cavailles-savon-extra-doux-fleur-de-coton-250g.jpg\" \/>\r\n\t<meta property=\"og:image:width\" content=\"700\" \/>\r\n\t<meta property=\"og:image:height\" content=\"700\" \/>\r\n\t<meta property=\"og:image:type\" content=\"image\/jpeg\" \/>\r\n<meta name=\"twitter:card\" content=\"summary_large_image\" \/>\r\n<meta name=\"twitter:label1\" content=\"Dur\u00e9e de lecture estim\u00e9e\" \/>\n\t<meta name=\"twitter:data1\" content=\"1 minute\" \/>\r\n<script type=\"application\/ld+json\" class=\"yoast-schema-graph\">{\"@context\":\"https:\/\/schema.org\",\"@graph\":[{\"@type\":\"WebPage\",\"@id\":\"https:\/\/paracherkaoui.ma\/index.php\/produit\/roge-cavailles-savon-extra-doux-fleur-de-coton-250g\/\",\"url\":\"https:\/\/paracherkaoui.ma\/index.php\/produit\/roge-cavailles-savon-extra-doux-fleur-de-coton-250g\/\",\"name\":\"ROGE CAVAILLES SAVON EXTRA DOUX FLEUR DE COTON 250G - Paracherkaoui.ma\",\"isPartOf\":{\"@id\":\"https:\/\/paracherkaoui.ma\/#website\"},\"primaryImageOfPage\":{\"@id\":\"https:\/\/paracherkaoui.ma\/index.php\/produit\/roge-cavailles-savon-extra-doux-fleur-de-coton-250g\/#primaryimage\"},\"image\":{\"@id\":\"https:\/\/paracherkaoui.ma\/index.php\/produit\/roge-cavailles-savon-extra-doux-fleur-de-coton-250g\/#primaryimage\"},\"thumbnailUrl\":\"https:\/\/paracherkaoui.ma\/wp-content\/uploads\/2025\/12\/roge-cavailles-savon-extra-doux-fleur-de-coton-250g.jpg\",\"datePublished\":\"2025-12-12T17:55:00+00:00\",\"dateModified\":\"2025-12-12T17:55:05+00:00\",\"breadcrumb\":{\"@id\":\"https:\/\/paracherkaoui.ma\/index.php\/produit\/roge-cavailles-savon-extra-doux-fleur-de-coton-250g\/#breadcrumb\"},\"inLanguage\":\"fr-FR\",\"potentialAction\":[{\"@type\":\"ReadAction\",\"target\":[\"https:\/\/paracherkaoui.ma\/index.php\/produit\/roge-cavailles-savon-extra-doux-fleur-de-coton-250g\/\"]}]},{\"@type\":\"ImageObject\",\"inLanguage\":\"fr-FR\",\"@id\":\"https:\/\/paracherkaoui.ma\/index.php\/produit\/roge-cavailles-savon-extra-doux-fleur-de-coton-250g\/#primaryimage\",\"url\":\"https:\/\/paracherkaoui.ma\/wp-content\/uploads\/2025\/12\/roge-cavailles-savon-extra-doux-fleur-de-coton-250g.jpg\",\"contentUrl\":\"https:\/\/paracherkaoui.ma\/wp-content\/uploads\/2025\/12\/roge-cavailles-savon-extra-doux-fleur-de-coton-250g.jpg\",\"width\":700,\"height\":700},{\"@type\":\"BreadcrumbList\",\"@id\":\"https:\/\/paracherkaoui.ma\/index.php\/produit\/roge-cavailles-savon-extra-doux-fleur-de-coton-250g\/#breadcrumb\",\"itemListElement\":[{\"@type\":\"ListItem\",\"position\":1,\"name\":\"Accueil\",\"item\":\"https:\/\/paracherkaoui.ma\/\"},{\"@type\":\"ListItem\",\"position\":2,\"name\":\"Boutique\",\"item\":\"https:\/\/paracherkaoui.ma\/index.php\/boutique\/\"},{\"@type\":\"ListItem\",\"position\":3,\"name\":\"ROGE CAVAILLES SAVON EXTRA DOUX FLEUR DE COTON 250G\"}]},{\"@type\":\"WebSite\",\"@id\":\"https:\/\/paracherkaoui.ma\/#website\",\"url\":\"https:\/\/paracherkaoui.ma\/\",\"name\":\"Paracherkaoui.ma\",\"description\":\"Achetez en ligne sur Paracherkaoui.ma\",\"potentialAction\":[{\"@type\":\"SearchAction\",\"target\":{\"@type\":\"EntryPoint\",\"urlTemplate\":\"https:\/\/paracherkaoui.ma\/?s={search_term_string}\"},\"query-input\":{\"@type\":\"PropertyValueSpecification\",\"valueRequired\":true,\"valueName\":\"search_term_string\"}}],\"inLanguage\":\"fr-FR\"}]}<\/script>\r\n<!-- \/ Yoast SEO plugin. -->","yoast_head_json":{"title":"ROGE CAVAILLES SAVON EXTRA DOUX FLEUR DE COTON 250G - Paracherkaoui.ma","robots":{"index":"index","follow":"follow","max-snippet":"max-snippet:-1","max-image-preview":"max-image-preview:large","max-video-preview":"max-video-preview:-1"},"canonical":"https:\/\/paracherkaoui.ma\/index.php\/produit\/roge-cavailles-savon-extra-doux-fleur-de-coton-250g\/","og_locale":"fr_FR","og_type":"article","og_title":"ROGE CAVAILLES SAVON EXTRA DOUX FLEUR DE COTON 250G - Paracherkaoui.ma","og_description":"Rog\u00e9 Cavaill\u00e8s Savon parfum\u00e9 fleur de coton 250g Sp\u00e9cialement formul\u00e9 pour nettoyer les peaux sensibles et d\u00e9licates de toute la","og_url":"https:\/\/paracherkaoui.ma\/index.php\/produit\/roge-cavailles-savon-extra-doux-fleur-de-coton-250g\/","og_site_name":"Paracherkaoui.ma","article_modified_time":"2025-12-12T17:55:05+00:00","og_image":[{"width":700,"height":700,"url":"https:\/\/paracherkaoui.ma\/wp-content\/uploads\/2025\/12\/roge-cavailles-savon-extra-doux-fleur-de-coton-250g.jpg","type":"image\/jpeg"}],"twitter_card":"summary_large_image","twitter_misc":{"Dur\u00e9e de lecture estim\u00e9e":"1 minute"},"schema":{"@context":"https:\/\/schema.org","@graph":[{"@type":"WebPage","@id":"https:\/\/paracherkaoui.ma\/index.php\/produit\/roge-cavailles-savon-extra-doux-fleur-de-coton-250g\/","url":"https:\/\/paracherkaoui.ma\/index.php\/produit\/roge-cavailles-savon-extra-doux-fleur-de-coton-250g\/","name":"ROGE CAVAILLES SAVON EXTRA DOUX FLEUR DE COTON 250G - Paracherkaoui.ma","isPartOf":{"@id":"https:\/\/paracherkaoui.ma\/#website"},"primaryImageOfPage":{"@id":"https:\/\/paracherkaoui.ma\/index.php\/produit\/roge-cavailles-savon-extra-doux-fleur-de-coton-250g\/#primaryimage"},"image":{"@id":"https:\/\/paracherkaoui.ma\/index.php\/produit\/roge-cavailles-savon-extra-doux-fleur-de-coton-250g\/#primaryimage"},"thumbnailUrl":"https:\/\/paracherkaoui.ma\/wp-content\/uploads\/2025\/12\/roge-cavailles-savon-extra-doux-fleur-de-coton-250g.jpg","datePublished":"2025-12-12T17:55:00+00:00","dateModified":"2025-12-12T17:55:05+00:00","breadcrumb":{"@id":"https:\/\/paracherkaoui.ma\/index.php\/produit\/roge-cavailles-savon-extra-doux-fleur-de-coton-250g\/#breadcrumb"},"inLanguage":"fr-FR","potentialAction":[{"@type":"ReadAction","target":["https:\/\/paracherkaoui.ma\/index.php\/produit\/roge-cavailles-savon-extra-doux-fleur-de-coton-250g\/"]}]},{"@type":"ImageObject","inLanguage":"fr-FR","@id":"https:\/\/paracherkaoui.ma\/index.php\/produit\/roge-cavailles-savon-extra-doux-fleur-de-coton-250g\/#primaryimage","url":"https:\/\/paracherkaoui.ma\/wp-content\/uploads\/2025\/12\/roge-cavailles-savon-extra-doux-fleur-de-coton-250g.jpg","contentUrl":"https:\/\/paracherkaoui.ma\/wp-content\/uploads\/2025\/12\/roge-cavailles-savon-extra-doux-fleur-de-coton-250g.jpg","width":700,"height":700},{"@type":"BreadcrumbList","@id":"https:\/\/paracherkaoui.ma\/index.php\/produit\/roge-cavailles-savon-extra-doux-fleur-de-coton-250g\/#breadcrumb","itemListElement":[{"@type":"ListItem","position":1,"name":"Accueil","item":"https:\/\/paracherkaoui.ma\/"},{"@type":"ListItem","position":2,"name":"Boutique","item":"https:\/\/paracherkaoui.ma\/index.php\/boutique\/"},{"@type":"ListItem","position":3,"name":"ROGE CAVAILLES SAVON EXTRA DOUX FLEUR DE COTON 250G"}]},{"@type":"WebSite","@id":"https:\/\/paracherkaoui.ma\/#website","url":"https:\/\/paracherkaoui.ma\/","name":"Paracherkaoui.ma","description":"Achetez en ligne sur Paracherkaoui.ma","potentialAction":[{"@type":"SearchAction","target":{"@type":"EntryPoint","urlTemplate":"https:\/\/paracherkaoui.ma\/?s={search_term_string}"},"query-input":{"@type":"PropertyValueSpecification","valueRequired":true,"valueName":"search_term_string"}}],"inLanguage":"fr-FR"}]}},"_links":{"self":[{"href":"https:\/\/paracherkaoui.ma\/index.php\/wp-json\/wp\/v2\/product\/35826","targetHints":{"allow":["GET"]}}],"collection":[{"href":"https:\/\/paracherkaoui.ma\/index.php\/wp-json\/wp\/v2\/product"}],"about":[{"href":"https:\/\/paracherkaoui.ma\/index.php\/wp-json\/wp\/v2\/types\/product"}],"replies":[{"embeddable":true,"href":"https:\/\/paracherkaoui.ma\/index.php\/wp-json\/wp\/v2\/comments?post=35826"}],"version-history":[{"count":1,"href":"https:\/\/paracherkaoui.ma\/index.php\/wp-json\/wp\/v2\/product\/35826\/revisions"}],"predecessor-version":[{"id":35865,"href":"https:\/\/paracherkaoui.ma\/index.php\/wp-json\/wp\/v2\/product\/35826\/revisions\/35865"}],"wp:featuredmedia":[{"embeddable":true,"href":"https:\/\/paracherkaoui.ma\/index.php\/wp-json\/wp\/v2\/media\/35864"}],"wp:attachment":[{"href":"https:\/\/paracherkaoui.ma\/index.php\/wp-json\/wp\/v2\/media?parent=35826"}],"wp:term":[{"taxonomy":"product_brand","embeddable":true,"href":"https:\/\/paracherkaoui.ma\/index.php\/wp-json\/wp\/v2\/product_brand?post=35826"},{"taxonomy":"product_cat","embeddable":true,"href":"https:\/\/paracherkaoui.ma\/index.php\/wp-json\/wp\/v2\/product_cat?post=35826"},{"taxonomy":"product_tag","embeddable":true,"href":"https:\/\/paracherkaoui.ma\/index.php\/wp-json\/wp\/v2\/product_tag?post=35826"}],"curies":[{"name":"wp","href":"https:\/\/api.w.org\/{rel}","templated":true}]}}