{"id":35824,"date":"2025-12-12T18:55:00","date_gmt":"2025-12-12T17:55:00","guid":{"rendered":"https:\/\/test.ecbeaute.com\/?post_type=product&#038;p=35824"},"modified":"2025-12-12T18:55:04","modified_gmt":"2025-12-12T17:55:04","slug":"dermo-soufre-savon-medical-au-soufre","status":"publish","type":"product","link":"https:\/\/paracherkaoui.ma\/index.php\/produit\/dermo-soufre-savon-medical-au-soufre\/","title":{"rendered":"DERMO SOUFRE SAVON MEDICAL AU SOUFRE"},"content":{"rendered":"<p>Le DERMOSOUFRE Savon au Soufre est un savon m\u00e9dical formul\u00e9 sp\u00e9cifiquement pour les soins de la peau. Ce savon contient du soufre, un ingr\u00e9dient connu pour ses propri\u00e9t\u00e9s b\u00e9n\u00e9fiques pour la peau.<br \/>\nLe DERMOSOUFRE Savon au Soufre est facile \u00e0 utiliser. Il suffit de faire mousser le savon avec de l\u2019eau ti\u00e8de et de masser d\u00e9licatement la peau, puis de rincer abondamment. Il peut \u00eatre utilis\u00e9 sur le visage et le corps, selon les besoins.<\/p>\n","protected":false},"excerpt":{"rendered":"<p>Le DERMOSOUFRE Savon au Soufre est un savon m\u00e9dical formul\u00e9 sp\u00e9cifiquement pour les soins de la peau. Ce savon contient<\/p>\n","protected":false},"featured_media":35860,"comment_status":"open","ping_status":"closed","template":"","meta":[],"product_brand":[640],"product_cat":[639],"product_tag":[],"class_list":{"0":"post-35824","1":"product","2":"type-product","3":"status-publish","4":"has-post-thumbnail","6":"product_brand-dermo-soufre","7":"product_cat-savon-et-pain-dermatologique","9":"first","10":"instock","11":"sale","12":"shipping-taxable","13":"purchasable","14":"product-type-simple"},"yoast_head":"<!-- This site is optimized with the Yoast SEO plugin v26.6 - https:\/\/yoast.com\/wordpress\/plugins\/seo\/ -->\r\n<title>DERMO SOUFRE SAVON MEDICAL AU SOUFRE - Paracherkaoui.ma<\/title>\r\n<meta name=\"robots\" content=\"index, follow, max-snippet:-1, max-image-preview:large, max-video-preview:-1\" \/>\r\n<link rel=\"canonical\" href=\"https:\/\/paracherkaoui.ma\/index.php\/produit\/dermo-soufre-savon-medical-au-soufre\/\" \/>\r\n<meta property=\"og:locale\" content=\"fr_FR\" \/>\r\n<meta property=\"og:type\" content=\"article\" \/>\r\n<meta property=\"og:title\" content=\"DERMO SOUFRE SAVON MEDICAL AU SOUFRE - Paracherkaoui.ma\" \/>\r\n<meta property=\"og:description\" content=\"Le DERMOSOUFRE Savon au Soufre est un savon m\u00e9dical formul\u00e9 sp\u00e9cifiquement pour les soins de la peau. Ce savon contient\" \/>\r\n<meta property=\"og:url\" content=\"https:\/\/paracherkaoui.ma\/index.php\/produit\/dermo-soufre-savon-medical-au-soufre\/\" \/>\r\n<meta property=\"og:site_name\" content=\"Paracherkaoui.ma\" \/>\r\n<meta property=\"article:modified_time\" content=\"2025-12-12T17:55:04+00:00\" \/>\r\n<meta property=\"og:image\" content=\"https:\/\/paracherkaoui.ma\/wp-content\/uploads\/2025\/12\/dermo-soufre-dermo-soufre-savon-medical-au-soufre-savon-et-pain-dermatologique.jpg\" \/>\r\n\t<meta property=\"og:image:width\" content=\"700\" \/>\r\n\t<meta property=\"og:image:height\" content=\"700\" \/>\r\n\t<meta property=\"og:image:type\" content=\"image\/jpeg\" \/>\r\n<meta name=\"twitter:card\" content=\"summary_large_image\" \/>\r\n<script type=\"application\/ld+json\" class=\"yoast-schema-graph\">{\"@context\":\"https:\/\/schema.org\",\"@graph\":[{\"@type\":\"WebPage\",\"@id\":\"https:\/\/paracherkaoui.ma\/index.php\/produit\/dermo-soufre-savon-medical-au-soufre\/\",\"url\":\"https:\/\/paracherkaoui.ma\/index.php\/produit\/dermo-soufre-savon-medical-au-soufre\/\",\"name\":\"DERMO SOUFRE SAVON MEDICAL AU SOUFRE - Paracherkaoui.ma\",\"isPartOf\":{\"@id\":\"https:\/\/paracherkaoui.ma\/#website\"},\"primaryImageOfPage\":{\"@id\":\"https:\/\/paracherkaoui.ma\/index.php\/produit\/dermo-soufre-savon-medical-au-soufre\/#primaryimage\"},\"image\":{\"@id\":\"https:\/\/paracherkaoui.ma\/index.php\/produit\/dermo-soufre-savon-medical-au-soufre\/#primaryimage\"},\"thumbnailUrl\":\"https:\/\/paracherkaoui.ma\/wp-content\/uploads\/2025\/12\/dermo-soufre-dermo-soufre-savon-medical-au-soufre-savon-et-pain-dermatologique.jpg\",\"datePublished\":\"2025-12-12T17:55:00+00:00\",\"dateModified\":\"2025-12-12T17:55:04+00:00\",\"breadcrumb\":{\"@id\":\"https:\/\/paracherkaoui.ma\/index.php\/produit\/dermo-soufre-savon-medical-au-soufre\/#breadcrumb\"},\"inLanguage\":\"fr-FR\",\"potentialAction\":[{\"@type\":\"ReadAction\",\"target\":[\"https:\/\/paracherkaoui.ma\/index.php\/produit\/dermo-soufre-savon-medical-au-soufre\/\"]}]},{\"@type\":\"ImageObject\",\"inLanguage\":\"fr-FR\",\"@id\":\"https:\/\/paracherkaoui.ma\/index.php\/produit\/dermo-soufre-savon-medical-au-soufre\/#primaryimage\",\"url\":\"https:\/\/paracherkaoui.ma\/wp-content\/uploads\/2025\/12\/dermo-soufre-dermo-soufre-savon-medical-au-soufre-savon-et-pain-dermatologique.jpg\",\"contentUrl\":\"https:\/\/paracherkaoui.ma\/wp-content\/uploads\/2025\/12\/dermo-soufre-dermo-soufre-savon-medical-au-soufre-savon-et-pain-dermatologique.jpg\",\"width\":700,\"height\":700},{\"@type\":\"BreadcrumbList\",\"@id\":\"https:\/\/paracherkaoui.ma\/index.php\/produit\/dermo-soufre-savon-medical-au-soufre\/#breadcrumb\",\"itemListElement\":[{\"@type\":\"ListItem\",\"position\":1,\"name\":\"Accueil\",\"item\":\"https:\/\/paracherkaoui.ma\/\"},{\"@type\":\"ListItem\",\"position\":2,\"name\":\"Boutique\",\"item\":\"https:\/\/paracherkaoui.ma\/index.php\/boutique\/\"},{\"@type\":\"ListItem\",\"position\":3,\"name\":\"DERMO SOUFRE SAVON MEDICAL AU SOUFRE\"}]},{\"@type\":\"WebSite\",\"@id\":\"https:\/\/paracherkaoui.ma\/#website\",\"url\":\"https:\/\/paracherkaoui.ma\/\",\"name\":\"Paracherkaoui.ma\",\"description\":\"Achetez en ligne sur Paracherkaoui.ma\",\"potentialAction\":[{\"@type\":\"SearchAction\",\"target\":{\"@type\":\"EntryPoint\",\"urlTemplate\":\"https:\/\/paracherkaoui.ma\/?s={search_term_string}\"},\"query-input\":{\"@type\":\"PropertyValueSpecification\",\"valueRequired\":true,\"valueName\":\"search_term_string\"}}],\"inLanguage\":\"fr-FR\"}]}<\/script>\r\n<!-- \/ Yoast SEO plugin. -->","yoast_head_json":{"title":"DERMO SOUFRE SAVON MEDICAL AU SOUFRE - Paracherkaoui.ma","robots":{"index":"index","follow":"follow","max-snippet":"max-snippet:-1","max-image-preview":"max-image-preview:large","max-video-preview":"max-video-preview:-1"},"canonical":"https:\/\/paracherkaoui.ma\/index.php\/produit\/dermo-soufre-savon-medical-au-soufre\/","og_locale":"fr_FR","og_type":"article","og_title":"DERMO SOUFRE SAVON MEDICAL AU SOUFRE - Paracherkaoui.ma","og_description":"Le DERMOSOUFRE Savon au Soufre est un savon m\u00e9dical formul\u00e9 sp\u00e9cifiquement pour les soins de la peau. Ce savon contient","og_url":"https:\/\/paracherkaoui.ma\/index.php\/produit\/dermo-soufre-savon-medical-au-soufre\/","og_site_name":"Paracherkaoui.ma","article_modified_time":"2025-12-12T17:55:04+00:00","og_image":[{"width":700,"height":700,"url":"https:\/\/paracherkaoui.ma\/wp-content\/uploads\/2025\/12\/dermo-soufre-dermo-soufre-savon-medical-au-soufre-savon-et-pain-dermatologique.jpg","type":"image\/jpeg"}],"twitter_card":"summary_large_image","schema":{"@context":"https:\/\/schema.org","@graph":[{"@type":"WebPage","@id":"https:\/\/paracherkaoui.ma\/index.php\/produit\/dermo-soufre-savon-medical-au-soufre\/","url":"https:\/\/paracherkaoui.ma\/index.php\/produit\/dermo-soufre-savon-medical-au-soufre\/","name":"DERMO SOUFRE SAVON MEDICAL AU SOUFRE - Paracherkaoui.ma","isPartOf":{"@id":"https:\/\/paracherkaoui.ma\/#website"},"primaryImageOfPage":{"@id":"https:\/\/paracherkaoui.ma\/index.php\/produit\/dermo-soufre-savon-medical-au-soufre\/#primaryimage"},"image":{"@id":"https:\/\/paracherkaoui.ma\/index.php\/produit\/dermo-soufre-savon-medical-au-soufre\/#primaryimage"},"thumbnailUrl":"https:\/\/paracherkaoui.ma\/wp-content\/uploads\/2025\/12\/dermo-soufre-dermo-soufre-savon-medical-au-soufre-savon-et-pain-dermatologique.jpg","datePublished":"2025-12-12T17:55:00+00:00","dateModified":"2025-12-12T17:55:04+00:00","breadcrumb":{"@id":"https:\/\/paracherkaoui.ma\/index.php\/produit\/dermo-soufre-savon-medical-au-soufre\/#breadcrumb"},"inLanguage":"fr-FR","potentialAction":[{"@type":"ReadAction","target":["https:\/\/paracherkaoui.ma\/index.php\/produit\/dermo-soufre-savon-medical-au-soufre\/"]}]},{"@type":"ImageObject","inLanguage":"fr-FR","@id":"https:\/\/paracherkaoui.ma\/index.php\/produit\/dermo-soufre-savon-medical-au-soufre\/#primaryimage","url":"https:\/\/paracherkaoui.ma\/wp-content\/uploads\/2025\/12\/dermo-soufre-dermo-soufre-savon-medical-au-soufre-savon-et-pain-dermatologique.jpg","contentUrl":"https:\/\/paracherkaoui.ma\/wp-content\/uploads\/2025\/12\/dermo-soufre-dermo-soufre-savon-medical-au-soufre-savon-et-pain-dermatologique.jpg","width":700,"height":700},{"@type":"BreadcrumbList","@id":"https:\/\/paracherkaoui.ma\/index.php\/produit\/dermo-soufre-savon-medical-au-soufre\/#breadcrumb","itemListElement":[{"@type":"ListItem","position":1,"name":"Accueil","item":"https:\/\/paracherkaoui.ma\/"},{"@type":"ListItem","position":2,"name":"Boutique","item":"https:\/\/paracherkaoui.ma\/index.php\/boutique\/"},{"@type":"ListItem","position":3,"name":"DERMO SOUFRE SAVON MEDICAL AU SOUFRE"}]},{"@type":"WebSite","@id":"https:\/\/paracherkaoui.ma\/#website","url":"https:\/\/paracherkaoui.ma\/","name":"Paracherkaoui.ma","description":"Achetez en ligne sur Paracherkaoui.ma","potentialAction":[{"@type":"SearchAction","target":{"@type":"EntryPoint","urlTemplate":"https:\/\/paracherkaoui.ma\/?s={search_term_string}"},"query-input":{"@type":"PropertyValueSpecification","valueRequired":true,"valueName":"search_term_string"}}],"inLanguage":"fr-FR"}]}},"_links":{"self":[{"href":"https:\/\/paracherkaoui.ma\/index.php\/wp-json\/wp\/v2\/product\/35824","targetHints":{"allow":["GET"]}}],"collection":[{"href":"https:\/\/paracherkaoui.ma\/index.php\/wp-json\/wp\/v2\/product"}],"about":[{"href":"https:\/\/paracherkaoui.ma\/index.php\/wp-json\/wp\/v2\/types\/product"}],"replies":[{"embeddable":true,"href":"https:\/\/paracherkaoui.ma\/index.php\/wp-json\/wp\/v2\/comments?post=35824"}],"version-history":[{"count":1,"href":"https:\/\/paracherkaoui.ma\/index.php\/wp-json\/wp\/v2\/product\/35824\/revisions"}],"predecessor-version":[{"id":35861,"href":"https:\/\/paracherkaoui.ma\/index.php\/wp-json\/wp\/v2\/product\/35824\/revisions\/35861"}],"wp:featuredmedia":[{"embeddable":true,"href":"https:\/\/paracherkaoui.ma\/index.php\/wp-json\/wp\/v2\/media\/35860"}],"wp:attachment":[{"href":"https:\/\/paracherkaoui.ma\/index.php\/wp-json\/wp\/v2\/media?parent=35824"}],"wp:term":[{"taxonomy":"product_brand","embeddable":true,"href":"https:\/\/paracherkaoui.ma\/index.php\/wp-json\/wp\/v2\/product_brand?post=35824"},{"taxonomy":"product_cat","embeddable":true,"href":"https:\/\/paracherkaoui.ma\/index.php\/wp-json\/wp\/v2\/product_cat?post=35824"},{"taxonomy":"product_tag","embeddable":true,"href":"https:\/\/paracherkaoui.ma\/index.php\/wp-json\/wp\/v2\/product_tag?post=35824"}],"curies":[{"name":"wp","href":"https:\/\/api.w.org\/{rel}","templated":true}]}}